{"id":230202,"date":"2026-05-13T20:02:45","date_gmt":"2026-05-13T18:02:45","guid":{"rendered":"https:\/\/www.voustensports.com\/herno-blazerjacke-mit-windfang-dunkelvblau-42199\/"},"modified":"2026-05-13T23:03:08","modified_gmt":"2026-05-13T21:03:08","slug":"herno-blazerjacke-mit-windfang-dunkelvblau-42199","status":"publish","type":"product","link":"https:\/\/www.voustensports.com\/de\/herno-blazerjacke-mit-windfang-dunkelvblau-42199\/","title":{"rendered":"HERNO &#8211; Blazerjacke mit Windfang dunkelvblau (42199)"},"content":{"rendered":"<div class=\"ltr-f1suvu e1yiqd0\">\n<p>Wundersch\u00f6ne dunkelblaue Herno-Blazerjacke mit Doppelknopfverschluss und Windfang mit Rei\u00dfverschluss.<\/p>\n<p>Thomas ist 178 cm gro\u00df, wiegt 79 kg und tr\u00e4gt Gr\u00f6\u00dfe 50.<\/p>\n<ul>\n<li>dunkelblau<\/li>\n<li>Zweiknopfleiste<\/li>\n<li>abnehmbarer, gepolsterter Latz<\/li>\n<li>hoher Kragen<\/li>\n<li>lange \u00c4rmel<\/li>\n<li>Material: Polyamid 100 %<\/li>\n<li>Artikelnummer GA000168U12456Z<\/li>\n<\/ul>\n<\/div>\n","protected":false},"excerpt":{"rendered":"<p>Wundersch\u00f6ne dunkelblaue Herno-Blazerjacke mit Doppelknopfverschluss und Windfang mit Rei\u00dfverschluss. Thomas ist 178 cm gro\u00df, wiegt 79 kg und tr\u00e4gt Gr\u00f6\u00dfe 50. dunkelblau Zweiknopfleiste abnehmbarer, gepolsterter Latz hoher Kragen lange \u00c4rmel Material: Polyamid 100 % Artikelnummer GA000168U12456Z<\/p>\n","protected":false},"featured_media":230182,"comment_status":"open","ping_status":"closed","template":"","meta":{"rank_math_lock_modified_date":false},"product_cat":[447,451,463,543,702,706,728,1203],"product_tag":[],"class_list":{"0":"post-230202","1":"product","2":"type-product","3":"status-publish","4":"has-post-thumbnail","6":"product_cat-kleding-de","7":"product_cat-heren-de","8":"product_cat-vousten-sports-de-2","9":"product_cat-jassen-de","10":"product_cat-jackets-de","11":"product_cat-jassen-jacks-de","12":"product_cat-herno-de","13":"product_cat-jassen-2-de","15":"first","16":"instock","17":"taxable","18":"shipping-taxable","19":"purchasable","20":"product-type-variable"},"acf":[],"yoast_head":"<!-- This site is optimized with the Yoast SEO plugin v23.9 - https:\/\/yoast.com\/wordpress\/plugins\/seo\/ -->\n<title>HERNO - Blazerjacke mit Windfang dunkelvblau (42199) - Vousten Sports<\/title>\n<meta name=\"robots\" content=\"index, follow, max-snippet:-1, max-image-preview:large, max-video-preview:-1\" \/>\n<link rel=\"canonical\" href=\"https:\/\/www.voustensports.com\/de\/herno-blazerjacke-mit-windfang-dunkelvblau-42199\/\" \/>\n<meta property=\"og:locale\" content=\"de_DE\" \/>\n<meta property=\"og:type\" content=\"article\" \/>\n<meta property=\"og:title\" content=\"HERNO - Blazerjacke mit Windfang dunkelvblau (42199) - Vousten Sports\" \/>\n<meta property=\"og:description\" content=\"Wundersch\u00f6ne dunkelblaue Herno-Blazerjacke mit Doppelknopfverschluss und Windfang mit Rei\u00dfverschluss. Thomas ist 178 cm gro\u00df, wiegt 79 kg und tr\u00e4gt Gr\u00f6\u00dfe 50. dunkelblau Zweiknopfleiste abnehmbarer, gepolsterter Latz hoher Kragen lange \u00c4rmel Material: Polyamid 100 % Artikelnummer GA000168U12456Z\" \/>\n<meta property=\"og:url\" content=\"https:\/\/www.voustensports.com\/de\/herno-blazerjacke-mit-windfang-dunkelvblau-42199\/\" \/>\n<meta property=\"og:site_name\" content=\"Vousten Sports\" \/>\n<meta property=\"article:modified_time\" content=\"2026-05-13T21:03:08+00:00\" \/>\n<meta property=\"og:image\" content=\"https:\/\/www.voustensports.com\/wp-content\/uploads\/2023\/06\/HERNO-Blazer-jas-met-windvanger-42199.png\" \/>\n\t<meta property=\"og:image:width\" content=\"1571\" \/>\n\t<meta property=\"og:image:height\" content=\"2000\" \/>\n\t<meta property=\"og:image:type\" content=\"image\/png\" \/>\n<meta name=\"twitter:card\" content=\"summary_large_image\" \/>\n<script type=\"application\/ld+json\" class=\"yoast-schema-graph\">{\"@context\":\"https:\/\/schema.org\",\"@graph\":[{\"@type\":\"WebPage\",\"@id\":\"https:\/\/www.voustensports.com\/de\/herno-blazerjacke-mit-windfang-dunkelvblau-42199\/\",\"url\":\"https:\/\/www.voustensports.com\/de\/herno-blazerjacke-mit-windfang-dunkelvblau-42199\/\",\"name\":\"HERNO - Blazerjacke mit Windfang dunkelvblau (42199) - Vousten Sports\",\"isPartOf\":{\"@id\":\"https:\/\/www.voustensports.com\/nl\/#website\"},\"primaryImageOfPage\":{\"@id\":\"https:\/\/www.voustensports.com\/de\/herno-blazerjacke-mit-windfang-dunkelvblau-42199\/#primaryimage\"},\"image\":{\"@id\":\"https:\/\/www.voustensports.com\/de\/herno-blazerjacke-mit-windfang-dunkelvblau-42199\/#primaryimage\"},\"thumbnailUrl\":\"https:\/\/www.voustensports.com\/wp-content\/uploads\/2023\/06\/HERNO-Blazer-jas-met-windvanger-42199.png\",\"datePublished\":\"2026-05-13T18:02:45+00:00\",\"dateModified\":\"2026-05-13T21:03:08+00:00\",\"breadcrumb\":{\"@id\":\"https:\/\/www.voustensports.com\/de\/herno-blazerjacke-mit-windfang-dunkelvblau-42199\/#breadcrumb\"},\"inLanguage\":\"de-DE\",\"potentialAction\":[{\"@type\":\"ReadAction\",\"target\":[\"https:\/\/www.voustensports.com\/de\/herno-blazerjacke-mit-windfang-dunkelvblau-42199\/\"]}]},{\"@type\":\"ImageObject\",\"inLanguage\":\"de-DE\",\"@id\":\"https:\/\/www.voustensports.com\/de\/herno-blazerjacke-mit-windfang-dunkelvblau-42199\/#primaryimage\",\"url\":\"https:\/\/www.voustensports.com\/wp-content\/uploads\/2023\/06\/HERNO-Blazer-jas-met-windvanger-42199.png\",\"contentUrl\":\"https:\/\/www.voustensports.com\/wp-content\/uploads\/2023\/06\/HERNO-Blazer-jas-met-windvanger-42199.png\",\"width\":1571,\"height\":2000},{\"@type\":\"BreadcrumbList\",\"@id\":\"https:\/\/www.voustensports.com\/de\/herno-blazerjacke-mit-windfang-dunkelvblau-42199\/#breadcrumb\",\"itemListElement\":[{\"@type\":\"ListItem\",\"position\":1,\"name\":\"Home\",\"item\":\"https:\/\/www.voustensports.com\/de\/\"},{\"@type\":\"ListItem\",\"position\":2,\"name\":\"Shop\",\"item\":\"https:\/\/www.voustensports.com\/de\/shop\/\"},{\"@type\":\"ListItem\",\"position\":3,\"name\":\"HERNO &#8211; Blazerjacke mit Windfang dunkelvblau (42199)\"}]},{\"@type\":\"WebSite\",\"@id\":\"https:\/\/www.voustensports.com\/nl\/#website\",\"url\":\"https:\/\/www.voustensports.com\/nl\/\",\"name\":\"Vousten Sports\",\"description\":\"\",\"potentialAction\":[{\"@type\":\"SearchAction\",\"target\":{\"@type\":\"EntryPoint\",\"urlTemplate\":\"https:\/\/www.voustensports.com\/nl\/?s={search_term_string}\"},\"query-input\":{\"@type\":\"PropertyValueSpecification\",\"valueRequired\":true,\"valueName\":\"search_term_string\"}}],\"inLanguage\":\"de-DE\"}]}<\/script>\n<!-- \/ Yoast SEO plugin. -->","yoast_head_json":{"title":"HERNO - Blazerjacke mit Windfang dunkelvblau (42199) - Vousten Sports","robots":{"index":"index","follow":"follow","max-snippet":"max-snippet:-1","max-image-preview":"max-image-preview:large","max-video-preview":"max-video-preview:-1"},"canonical":"https:\/\/www.voustensports.com\/de\/herno-blazerjacke-mit-windfang-dunkelvblau-42199\/","og_locale":"de_DE","og_type":"article","og_title":"HERNO - Blazerjacke mit Windfang dunkelvblau (42199) - Vousten Sports","og_description":"Wundersch\u00f6ne dunkelblaue Herno-Blazerjacke mit Doppelknopfverschluss und Windfang mit Rei\u00dfverschluss. Thomas ist 178 cm gro\u00df, wiegt 79 kg und tr\u00e4gt Gr\u00f6\u00dfe 50. dunkelblau Zweiknopfleiste abnehmbarer, gepolsterter Latz hoher Kragen lange \u00c4rmel Material: Polyamid 100 % Artikelnummer GA000168U12456Z","og_url":"https:\/\/www.voustensports.com\/de\/herno-blazerjacke-mit-windfang-dunkelvblau-42199\/","og_site_name":"Vousten Sports","article_modified_time":"2026-05-13T21:03:08+00:00","og_image":[{"width":1571,"height":2000,"url":"https:\/\/www.voustensports.com\/wp-content\/uploads\/2023\/06\/HERNO-Blazer-jas-met-windvanger-42199.png","type":"image\/png"}],"twitter_card":"summary_large_image","schema":{"@context":"https:\/\/schema.org","@graph":[{"@type":"WebPage","@id":"https:\/\/www.voustensports.com\/de\/herno-blazerjacke-mit-windfang-dunkelvblau-42199\/","url":"https:\/\/www.voustensports.com\/de\/herno-blazerjacke-mit-windfang-dunkelvblau-42199\/","name":"HERNO - Blazerjacke mit Windfang dunkelvblau (42199) - Vousten Sports","isPartOf":{"@id":"https:\/\/www.voustensports.com\/nl\/#website"},"primaryImageOfPage":{"@id":"https:\/\/www.voustensports.com\/de\/herno-blazerjacke-mit-windfang-dunkelvblau-42199\/#primaryimage"},"image":{"@id":"https:\/\/www.voustensports.com\/de\/herno-blazerjacke-mit-windfang-dunkelvblau-42199\/#primaryimage"},"thumbnailUrl":"https:\/\/www.voustensports.com\/wp-content\/uploads\/2023\/06\/HERNO-Blazer-jas-met-windvanger-42199.png","datePublished":"2026-05-13T18:02:45+00:00","dateModified":"2026-05-13T21:03:08+00:00","breadcrumb":{"@id":"https:\/\/www.voustensports.com\/de\/herno-blazerjacke-mit-windfang-dunkelvblau-42199\/#breadcrumb"},"inLanguage":"de-DE","potentialAction":[{"@type":"ReadAction","target":["https:\/\/www.voustensports.com\/de\/herno-blazerjacke-mit-windfang-dunkelvblau-42199\/"]}]},{"@type":"ImageObject","inLanguage":"de-DE","@id":"https:\/\/www.voustensports.com\/de\/herno-blazerjacke-mit-windfang-dunkelvblau-42199\/#primaryimage","url":"https:\/\/www.voustensports.com\/wp-content\/uploads\/2023\/06\/HERNO-Blazer-jas-met-windvanger-42199.png","contentUrl":"https:\/\/www.voustensports.com\/wp-content\/uploads\/2023\/06\/HERNO-Blazer-jas-met-windvanger-42199.png","width":1571,"height":2000},{"@type":"BreadcrumbList","@id":"https:\/\/www.voustensports.com\/de\/herno-blazerjacke-mit-windfang-dunkelvblau-42199\/#breadcrumb","itemListElement":[{"@type":"ListItem","position":1,"name":"Home","item":"https:\/\/www.voustensports.com\/de\/"},{"@type":"ListItem","position":2,"name":"Shop","item":"https:\/\/www.voustensports.com\/de\/shop\/"},{"@type":"ListItem","position":3,"name":"HERNO &#8211; Blazerjacke mit Windfang dunkelvblau (42199)"}]},{"@type":"WebSite","@id":"https:\/\/www.voustensports.com\/nl\/#website","url":"https:\/\/www.voustensports.com\/nl\/","name":"Vousten Sports","description":"","potentialAction":[{"@type":"SearchAction","target":{"@type":"EntryPoint","urlTemplate":"https:\/\/www.voustensports.com\/nl\/?s={search_term_string}"},"query-input":{"@type":"PropertyValueSpecification","valueRequired":true,"valueName":"search_term_string"}}],"inLanguage":"de-DE"}]}},"_links":{"self":[{"href":"https:\/\/www.voustensports.com\/de\/wp-json\/wp\/v2\/product\/230202","targetHints":{"allow":["GET"]}}],"collection":[{"href":"https:\/\/www.voustensports.com\/de\/wp-json\/wp\/v2\/product"}],"about":[{"href":"https:\/\/www.voustensports.com\/de\/wp-json\/wp\/v2\/types\/product"}],"replies":[{"embeddable":true,"href":"https:\/\/www.voustensports.com\/de\/wp-json\/wp\/v2\/comments?post=230202"}],"wp:featuredmedia":[{"embeddable":true,"href":"https:\/\/www.voustensports.com\/de\/wp-json\/wp\/v2\/media\/230182"}],"wp:attachment":[{"href":"https:\/\/www.voustensports.com\/de\/wp-json\/wp\/v2\/media?parent=230202"}],"wp:term":[{"taxonomy":"product_cat","embeddable":true,"href":"https:\/\/www.voustensports.com\/de\/wp-json\/wp\/v2\/product_cat?post=230202"},{"taxonomy":"product_tag","embeddable":true,"href":"https:\/\/www.voustensports.com\/de\/wp-json\/wp\/v2\/product_tag?post=230202"}],"curies":[{"name":"wp","href":"https:\/\/api.w.org\/{rel}","templated":true}]}}