{"id":229790,"date":"2026-04-25T22:48:10","date_gmt":"2026-04-25T20:48:10","guid":{"rendered":"https:\/\/www.voustensports.com\/herno-hose-aus-lechtem-stretch-wollstoff-dunkelblau-42731\/"},"modified":"2026-04-26T00:30:10","modified_gmt":"2026-04-25T22:30:10","slug":"herno-hose-aus-lechtem-stretch-wollstoff-dunkelblau-42731","status":"publish","type":"product","link":"https:\/\/www.voustensports.com\/de\/herno-hose-aus-lechtem-stretch-wollstoff-dunkelblau-42731\/","title":{"rendered":"HERNO &#8211; HOSE AUS LECHTEM STRETCH WOLLSTOFF DUNKELBLAU (42731)"},"content":{"rendered":"<div>PRODUKTDETAILS<\/div>\n<div>Diese Hose aus angenehm k\u00fchlem Stretch-Wollstoff ist ein vielseitiges Material, das sich leicht anf\u00fchlt und gleichzeitig funktional, komfortabel und flexibel ist. Das Modell von Herno wurde entworfen, um urbane Outfits aufzuwerten und vereint moderne \u00c4sthetik mit raffiniertem Schnitt.<\/div>\n<div><\/div>\n<div>STIL<\/div>\n<ul>\n<li>Normale Passform<\/li>\n<li>Abn\u00e4her<\/li>\n<li>Elastischer Bund<\/li>\n<li>Taschen mit verdecktem Rei\u00dfverschluss<\/li>\n<li>Ges\u00e4\u00dftaschen<\/li>\n<li>Herno-Logo aus Metall auf der R\u00fcckseite<\/li>\n<li>Verdeckter Rei\u00dfverschluss und Druckknopfverschluss<\/li>\n<li>Ungef\u00fcttert<\/li>\n<li>Hergestellt in Italien<\/li>\n<\/ul>\n<p>&nbsp;<\/p>\n<div>MATERIALZUSAMMENSETZUNG<\/div>\n<ul>\n<li>64 % Polyester, 30 % Wolle, 6 % Elastan<\/li>\n<li>Futter: 100 % Polyamid\/Nylon<\/li>\n<li>Besatz: 100 % Baumwolle<\/li>\n<\/ul>\n","protected":false},"excerpt":{"rendered":"<p>PRODUKTDETAILS Diese Hose aus angenehm k\u00fchlem Stretch-Wollstoff ist ein vielseitiges Material, das sich leicht anf\u00fchlt und gleichzeitig funktional, komfortabel und flexibel ist. Das Modell von Herno wurde entworfen, um urbane Outfits aufzuwerten und vereint moderne \u00c4sthetik mit raffiniertem Schnitt. STIL Normale Passform Abn\u00e4her Elastischer Bund Taschen mit verdecktem Rei\u00dfverschluss Ges\u00e4\u00dftaschen Herno-Logo aus Metall auf der [&#8230;]\n","protected":false},"featured_media":229778,"comment_status":"open","ping_status":"closed","template":"","meta":{"rank_math_lock_modified_date":false},"product_cat":[447,451,463,467,728,787,1005],"product_tag":[],"class_list":{"0":"post-229790","1":"product","2":"type-product","3":"status-publish","4":"has-post-thumbnail","6":"product_cat-kleding-de","7":"product_cat-heren-de","8":"product_cat-vousten-sports-de-2","9":"product_cat-hosen-de","10":"product_cat-herno-de","11":"product_cat-broek-de","12":"product_cat-chino-de","14":"first","15":"instock","16":"taxable","17":"shipping-taxable","18":"purchasable","19":"product-type-variable"},"acf":[],"yoast_head":"<!-- This site is optimized with the Yoast SEO plugin v23.9 - https:\/\/yoast.com\/wordpress\/plugins\/seo\/ -->\n<title>HERNO - HOSE AUS LECHTEM STRETCH WOLLSTOFF DUNKELBLAU (42731) - Vousten Sports<\/title>\n<meta name=\"robots\" content=\"index, follow, max-snippet:-1, max-image-preview:large, max-video-preview:-1\" \/>\n<link rel=\"canonical\" href=\"https:\/\/www.voustensports.com\/de\/herno-hose-aus-lechtem-stretch-wollstoff-dunkelblau-42731\/\" \/>\n<meta property=\"og:locale\" content=\"de_DE\" \/>\n<meta property=\"og:type\" content=\"article\" \/>\n<meta property=\"og:title\" content=\"HERNO - HOSE AUS LECHTEM STRETCH WOLLSTOFF DUNKELBLAU (42731) - Vousten Sports\" \/>\n<meta property=\"og:description\" content=\"PRODUKTDETAILS Diese Hose aus angenehm k\u00fchlem Stretch-Wollstoff ist ein vielseitiges Material, das sich leicht anf\u00fchlt und gleichzeitig funktional, komfortabel und flexibel ist. Das Modell von Herno wurde entworfen, um urbane Outfits aufzuwerten und vereint moderne \u00c4sthetik mit raffiniertem Schnitt. STIL Normale Passform Abn\u00e4her Elastischer Bund Taschen mit verdecktem Rei\u00dfverschluss Ges\u00e4\u00dftaschen Herno-Logo aus Metall auf der [...]\" \/>\n<meta property=\"og:url\" content=\"https:\/\/www.voustensports.com\/de\/herno-hose-aus-lechtem-stretch-wollstoff-dunkelblau-42731\/\" \/>\n<meta property=\"og:site_name\" content=\"Vousten Sports\" \/>\n<meta property=\"article:modified_time\" content=\"2026-04-25T22:30:10+00:00\" \/>\n<meta property=\"og:image\" content=\"https:\/\/www.voustensports.com\/wp-content\/uploads\/2023\/06\/TROUSERS-IN-LIGHT-STRETCH-WOOLY-DONKERBLAUW-427311.jpg\" \/>\n\t<meta property=\"og:image:width\" content=\"1609\" \/>\n\t<meta property=\"og:image:height\" content=\"2048\" \/>\n\t<meta property=\"og:image:type\" content=\"image\/jpeg\" \/>\n<meta name=\"twitter:card\" content=\"summary_large_image\" \/>\n<script type=\"application\/ld+json\" class=\"yoast-schema-graph\">{\"@context\":\"https:\/\/schema.org\",\"@graph\":[{\"@type\":\"WebPage\",\"@id\":\"https:\/\/www.voustensports.com\/de\/herno-hose-aus-lechtem-stretch-wollstoff-dunkelblau-42731\/\",\"url\":\"https:\/\/www.voustensports.com\/de\/herno-hose-aus-lechtem-stretch-wollstoff-dunkelblau-42731\/\",\"name\":\"HERNO - HOSE AUS LECHTEM STRETCH WOLLSTOFF DUNKELBLAU (42731) - Vousten Sports\",\"isPartOf\":{\"@id\":\"https:\/\/www.voustensports.com\/nl\/#website\"},\"primaryImageOfPage\":{\"@id\":\"https:\/\/www.voustensports.com\/de\/herno-hose-aus-lechtem-stretch-wollstoff-dunkelblau-42731\/#primaryimage\"},\"image\":{\"@id\":\"https:\/\/www.voustensports.com\/de\/herno-hose-aus-lechtem-stretch-wollstoff-dunkelblau-42731\/#primaryimage\"},\"thumbnailUrl\":\"https:\/\/www.voustensports.com\/wp-content\/uploads\/2023\/06\/TROUSERS-IN-LIGHT-STRETCH-WOOLY-DONKERBLAUW-427311.jpg\",\"datePublished\":\"2026-04-25T20:48:10+00:00\",\"dateModified\":\"2026-04-25T22:30:10+00:00\",\"breadcrumb\":{\"@id\":\"https:\/\/www.voustensports.com\/de\/herno-hose-aus-lechtem-stretch-wollstoff-dunkelblau-42731\/#breadcrumb\"},\"inLanguage\":\"de-DE\",\"potentialAction\":[{\"@type\":\"ReadAction\",\"target\":[\"https:\/\/www.voustensports.com\/de\/herno-hose-aus-lechtem-stretch-wollstoff-dunkelblau-42731\/\"]}]},{\"@type\":\"ImageObject\",\"inLanguage\":\"de-DE\",\"@id\":\"https:\/\/www.voustensports.com\/de\/herno-hose-aus-lechtem-stretch-wollstoff-dunkelblau-42731\/#primaryimage\",\"url\":\"https:\/\/www.voustensports.com\/wp-content\/uploads\/2023\/06\/TROUSERS-IN-LIGHT-STRETCH-WOOLY-DONKERBLAUW-427311.jpg\",\"contentUrl\":\"https:\/\/www.voustensports.com\/wp-content\/uploads\/2023\/06\/TROUSERS-IN-LIGHT-STRETCH-WOOLY-DONKERBLAUW-427311.jpg\",\"width\":1609,\"height\":2048},{\"@type\":\"BreadcrumbList\",\"@id\":\"https:\/\/www.voustensports.com\/de\/herno-hose-aus-lechtem-stretch-wollstoff-dunkelblau-42731\/#breadcrumb\",\"itemListElement\":[{\"@type\":\"ListItem\",\"position\":1,\"name\":\"Home\",\"item\":\"https:\/\/www.voustensports.com\/de\/\"},{\"@type\":\"ListItem\",\"position\":2,\"name\":\"Shop\",\"item\":\"https:\/\/www.voustensports.com\/de\/shop\/\"},{\"@type\":\"ListItem\",\"position\":3,\"name\":\"HERNO &#8211; HOSE AUS LECHTEM STRETCH WOLLSTOFF DUNKELBLAU (42731)\"}]},{\"@type\":\"WebSite\",\"@id\":\"https:\/\/www.voustensports.com\/nl\/#website\",\"url\":\"https:\/\/www.voustensports.com\/nl\/\",\"name\":\"Vousten Sports\",\"description\":\"\",\"potentialAction\":[{\"@type\":\"SearchAction\",\"target\":{\"@type\":\"EntryPoint\",\"urlTemplate\":\"https:\/\/www.voustensports.com\/nl\/?s={search_term_string}\"},\"query-input\":{\"@type\":\"PropertyValueSpecification\",\"valueRequired\":true,\"valueName\":\"search_term_string\"}}],\"inLanguage\":\"de-DE\"}]}<\/script>\n<!-- \/ Yoast SEO plugin. -->","yoast_head_json":{"title":"HERNO - HOSE AUS LECHTEM STRETCH WOLLSTOFF DUNKELBLAU (42731) - Vousten Sports","robots":{"index":"index","follow":"follow","max-snippet":"max-snippet:-1","max-image-preview":"max-image-preview:large","max-video-preview":"max-video-preview:-1"},"canonical":"https:\/\/www.voustensports.com\/de\/herno-hose-aus-lechtem-stretch-wollstoff-dunkelblau-42731\/","og_locale":"de_DE","og_type":"article","og_title":"HERNO - HOSE AUS LECHTEM STRETCH WOLLSTOFF DUNKELBLAU (42731) - Vousten Sports","og_description":"PRODUKTDETAILS Diese Hose aus angenehm k\u00fchlem Stretch-Wollstoff ist ein vielseitiges Material, das sich leicht anf\u00fchlt und gleichzeitig funktional, komfortabel und flexibel ist. Das Modell von Herno wurde entworfen, um urbane Outfits aufzuwerten und vereint moderne \u00c4sthetik mit raffiniertem Schnitt. STIL Normale Passform Abn\u00e4her Elastischer Bund Taschen mit verdecktem Rei\u00dfverschluss Ges\u00e4\u00dftaschen Herno-Logo aus Metall auf der [...]","og_url":"https:\/\/www.voustensports.com\/de\/herno-hose-aus-lechtem-stretch-wollstoff-dunkelblau-42731\/","og_site_name":"Vousten Sports","article_modified_time":"2026-04-25T22:30:10+00:00","og_image":[{"width":1609,"height":2048,"url":"https:\/\/www.voustensports.com\/wp-content\/uploads\/2023\/06\/TROUSERS-IN-LIGHT-STRETCH-WOOLY-DONKERBLAUW-427311.jpg","type":"image\/jpeg"}],"twitter_card":"summary_large_image","schema":{"@context":"https:\/\/schema.org","@graph":[{"@type":"WebPage","@id":"https:\/\/www.voustensports.com\/de\/herno-hose-aus-lechtem-stretch-wollstoff-dunkelblau-42731\/","url":"https:\/\/www.voustensports.com\/de\/herno-hose-aus-lechtem-stretch-wollstoff-dunkelblau-42731\/","name":"HERNO - HOSE AUS LECHTEM STRETCH WOLLSTOFF DUNKELBLAU (42731) - Vousten Sports","isPartOf":{"@id":"https:\/\/www.voustensports.com\/nl\/#website"},"primaryImageOfPage":{"@id":"https:\/\/www.voustensports.com\/de\/herno-hose-aus-lechtem-stretch-wollstoff-dunkelblau-42731\/#primaryimage"},"image":{"@id":"https:\/\/www.voustensports.com\/de\/herno-hose-aus-lechtem-stretch-wollstoff-dunkelblau-42731\/#primaryimage"},"thumbnailUrl":"https:\/\/www.voustensports.com\/wp-content\/uploads\/2023\/06\/TROUSERS-IN-LIGHT-STRETCH-WOOLY-DONKERBLAUW-427311.jpg","datePublished":"2026-04-25T20:48:10+00:00","dateModified":"2026-04-25T22:30:10+00:00","breadcrumb":{"@id":"https:\/\/www.voustensports.com\/de\/herno-hose-aus-lechtem-stretch-wollstoff-dunkelblau-42731\/#breadcrumb"},"inLanguage":"de-DE","potentialAction":[{"@type":"ReadAction","target":["https:\/\/www.voustensports.com\/de\/herno-hose-aus-lechtem-stretch-wollstoff-dunkelblau-42731\/"]}]},{"@type":"ImageObject","inLanguage":"de-DE","@id":"https:\/\/www.voustensports.com\/de\/herno-hose-aus-lechtem-stretch-wollstoff-dunkelblau-42731\/#primaryimage","url":"https:\/\/www.voustensports.com\/wp-content\/uploads\/2023\/06\/TROUSERS-IN-LIGHT-STRETCH-WOOLY-DONKERBLAUW-427311.jpg","contentUrl":"https:\/\/www.voustensports.com\/wp-content\/uploads\/2023\/06\/TROUSERS-IN-LIGHT-STRETCH-WOOLY-DONKERBLAUW-427311.jpg","width":1609,"height":2048},{"@type":"BreadcrumbList","@id":"https:\/\/www.voustensports.com\/de\/herno-hose-aus-lechtem-stretch-wollstoff-dunkelblau-42731\/#breadcrumb","itemListElement":[{"@type":"ListItem","position":1,"name":"Home","item":"https:\/\/www.voustensports.com\/de\/"},{"@type":"ListItem","position":2,"name":"Shop","item":"https:\/\/www.voustensports.com\/de\/shop\/"},{"@type":"ListItem","position":3,"name":"HERNO &#8211; HOSE AUS LECHTEM STRETCH WOLLSTOFF DUNKELBLAU (42731)"}]},{"@type":"WebSite","@id":"https:\/\/www.voustensports.com\/nl\/#website","url":"https:\/\/www.voustensports.com\/nl\/","name":"Vousten Sports","description":"","potentialAction":[{"@type":"SearchAction","target":{"@type":"EntryPoint","urlTemplate":"https:\/\/www.voustensports.com\/nl\/?s={search_term_string}"},"query-input":{"@type":"PropertyValueSpecification","valueRequired":true,"valueName":"search_term_string"}}],"inLanguage":"de-DE"}]}},"_links":{"self":[{"href":"https:\/\/www.voustensports.com\/de\/wp-json\/wp\/v2\/product\/229790","targetHints":{"allow":["GET"]}}],"collection":[{"href":"https:\/\/www.voustensports.com\/de\/wp-json\/wp\/v2\/product"}],"about":[{"href":"https:\/\/www.voustensports.com\/de\/wp-json\/wp\/v2\/types\/product"}],"replies":[{"embeddable":true,"href":"https:\/\/www.voustensports.com\/de\/wp-json\/wp\/v2\/comments?post=229790"}],"wp:featuredmedia":[{"embeddable":true,"href":"https:\/\/www.voustensports.com\/de\/wp-json\/wp\/v2\/media\/229778"}],"wp:attachment":[{"href":"https:\/\/www.voustensports.com\/de\/wp-json\/wp\/v2\/media?parent=229790"}],"wp:term":[{"taxonomy":"product_cat","embeddable":true,"href":"https:\/\/www.voustensports.com\/de\/wp-json\/wp\/v2\/product_cat?post=229790"},{"taxonomy":"product_tag","embeddable":true,"href":"https:\/\/www.voustensports.com\/de\/wp-json\/wp\/v2\/product_tag?post=229790"}],"curies":[{"name":"wp","href":"https:\/\/api.w.org\/{rel}","templated":true}]}}