{"id":229620,"date":"2026-04-25T12:00:11","date_gmt":"2026-04-25T10:00:11","guid":{"rendered":"https:\/\/www.voustensports.com\/c-p-company-badeshorts-militargrun-42741\/"},"modified":"2026-04-25T13:27:08","modified_gmt":"2026-04-25T11:27:08","slug":"c-p-company-badeshorts-militargrun-42741","status":"publish","type":"product","link":"https:\/\/www.voustensports.com\/de\/c-p-company-badeshorts-militargrun-42741\/","title":{"rendered":"C.P. Company &#8211; Badeshorts milit\u00e4rgr\u00fcn (42741)"},"content":{"rendered":"<div>PRODUKTDETAILS<\/div>\n<div>Diese Badeshorts sind aus Eco-Chrome R gefertigt, einer neuen Version von Chrome-R aus ECONYL\u00ae, einer zu 100 % regenerierten Nylonfaser. Das Modell verf\u00fcgt \u00fcber einen verstellbaren Kordelzugbund, eine aufgesetzte Tasche mit Druckknopfverschluss, Seitentaschen und ein gesticktes Logo auf der Vorderseite. Das Innenfutter besteht aus Mesh. Die St\u00fcckf\u00e4rbung sorgt f\u00fcr eine satte, unverwechselbare Farbtiefe, die sich mit der Zeit und durch das Tragen ver\u00e4ndert.<\/div>\n<div><\/div>\n<div>STIL<\/div>\n<ul>\n<li>Verstellbarer Kordelzugbund<\/li>\n<li>Aufgesetzte Tasche mit Druckknopfverschluss<\/li>\n<li>Seitentaschen<\/li>\n<li>Gesticktes Logo auf der Vorderseite<\/li>\n<li>Innenfutter aus Mesh<\/li>\n<li>St\u00fcckgef\u00e4rbt<\/li>\n<li>Normale Passform<\/li>\n<\/ul>\n<div><\/div>\n<div>MATERIAL<\/div>\n<ul>\n<li>Obermaterial: 100 % Polyamid\/Nylon<\/li>\n<li>Futter: 100 % Polyamid\/Nylon<\/li>\n<\/ul>\n","protected":false},"excerpt":{"rendered":"<p>PRODUKTDETAILS Diese Badeshorts sind aus Eco-Chrome R gefertigt, einer neuen Version von Chrome-R aus ECONYL\u00ae, einer zu 100 % regenerierten Nylonfaser. Das Modell verf\u00fcgt \u00fcber einen verstellbaren Kordelzugbund, eine aufgesetzte Tasche mit Druckknopfverschluss, Seitentaschen und ein gesticktes Logo auf der Vorderseite. Das Innenfutter besteht aus Mesh. Die St\u00fcckf\u00e4rbung sorgt f\u00fcr eine satte, unverwechselbare Farbtiefe, die [&#8230;]\n","protected":false},"featured_media":229608,"comment_status":"open","ping_status":"closed","template":"","meta":{"rank_math_lock_modified_date":false},"product_cat":[459,463,467,756,787,439,447,451],"product_tag":[],"class_list":{"0":"post-229620","1":"product","2":"type-product","3":"status-publish","4":"has-post-thumbnail","6":"product_cat-shorts-de-2","7":"product_cat-vousten-sports-de-2","8":"product_cat-hosen-de","9":"product_cat-zwembroeken-de-2","10":"product_cat-broek-de","11":"product_cat-cp-company-de","12":"product_cat-kleding-de","13":"product_cat-heren-de","15":"first","16":"instock","17":"taxable","18":"shipping-taxable","19":"purchasable","20":"product-type-variable"},"acf":[],"yoast_head":"<!-- This site is optimized with the Yoast SEO plugin v23.9 - https:\/\/yoast.com\/wordpress\/plugins\/seo\/ -->\n<title>C.P. Company - Badeshorts milit\u00e4rgr\u00fcn (42741) - Vousten Sports<\/title>\n<meta name=\"robots\" content=\"index, follow, max-snippet:-1, max-image-preview:large, max-video-preview:-1\" \/>\n<link rel=\"canonical\" href=\"https:\/\/www.voustensports.com\/de\/c-p-company-badeshorts-militargrun-42741\/\" \/>\n<meta property=\"og:locale\" content=\"de_DE\" \/>\n<meta property=\"og:type\" content=\"article\" \/>\n<meta property=\"og:title\" content=\"C.P. Company - Badeshorts milit\u00e4rgr\u00fcn (42741) - Vousten Sports\" \/>\n<meta property=\"og:description\" content=\"PRODUKTDETAILS Diese Badeshorts sind aus Eco-Chrome R gefertigt, einer neuen Version von Chrome-R aus ECONYL\u00ae, einer zu 100 % regenerierten Nylonfaser. Das Modell verf\u00fcgt \u00fcber einen verstellbaren Kordelzugbund, eine aufgesetzte Tasche mit Druckknopfverschluss, Seitentaschen und ein gesticktes Logo auf der Vorderseite. Das Innenfutter besteht aus Mesh. Die St\u00fcckf\u00e4rbung sorgt f\u00fcr eine satte, unverwechselbare Farbtiefe, die [...]\" \/>\n<meta property=\"og:url\" content=\"https:\/\/www.voustensports.com\/de\/c-p-company-badeshorts-militargrun-42741\/\" \/>\n<meta property=\"og:site_name\" content=\"Vousten Sports\" \/>\n<meta property=\"article:modified_time\" content=\"2026-04-25T11:27:08+00:00\" \/>\n<meta property=\"og:image\" content=\"https:\/\/www.voustensports.com\/wp-content\/uploads\/2023\/06\/Swim-Shorts-military-green-427411.jpg\" \/>\n\t<meta property=\"og:image:width\" content=\"1638\" \/>\n\t<meta property=\"og:image:height\" content=\"2048\" \/>\n\t<meta property=\"og:image:type\" content=\"image\/jpeg\" \/>\n<meta name=\"twitter:card\" content=\"summary_large_image\" \/>\n<script type=\"application\/ld+json\" class=\"yoast-schema-graph\">{\"@context\":\"https:\/\/schema.org\",\"@graph\":[{\"@type\":\"WebPage\",\"@id\":\"https:\/\/www.voustensports.com\/de\/c-p-company-badeshorts-militargrun-42741\/\",\"url\":\"https:\/\/www.voustensports.com\/de\/c-p-company-badeshorts-militargrun-42741\/\",\"name\":\"C.P. Company - Badeshorts milit\u00e4rgr\u00fcn (42741) - Vousten Sports\",\"isPartOf\":{\"@id\":\"https:\/\/www.voustensports.com\/nl\/#website\"},\"primaryImageOfPage\":{\"@id\":\"https:\/\/www.voustensports.com\/de\/c-p-company-badeshorts-militargrun-42741\/#primaryimage\"},\"image\":{\"@id\":\"https:\/\/www.voustensports.com\/de\/c-p-company-badeshorts-militargrun-42741\/#primaryimage\"},\"thumbnailUrl\":\"https:\/\/www.voustensports.com\/wp-content\/uploads\/2023\/06\/Swim-Shorts-military-green-427411.jpg\",\"datePublished\":\"2026-04-25T10:00:11+00:00\",\"dateModified\":\"2026-04-25T11:27:08+00:00\",\"breadcrumb\":{\"@id\":\"https:\/\/www.voustensports.com\/de\/c-p-company-badeshorts-militargrun-42741\/#breadcrumb\"},\"inLanguage\":\"de-DE\",\"potentialAction\":[{\"@type\":\"ReadAction\",\"target\":[\"https:\/\/www.voustensports.com\/de\/c-p-company-badeshorts-militargrun-42741\/\"]}]},{\"@type\":\"ImageObject\",\"inLanguage\":\"de-DE\",\"@id\":\"https:\/\/www.voustensports.com\/de\/c-p-company-badeshorts-militargrun-42741\/#primaryimage\",\"url\":\"https:\/\/www.voustensports.com\/wp-content\/uploads\/2023\/06\/Swim-Shorts-military-green-427411.jpg\",\"contentUrl\":\"https:\/\/www.voustensports.com\/wp-content\/uploads\/2023\/06\/Swim-Shorts-military-green-427411.jpg\",\"width\":1638,\"height\":2048},{\"@type\":\"BreadcrumbList\",\"@id\":\"https:\/\/www.voustensports.com\/de\/c-p-company-badeshorts-militargrun-42741\/#breadcrumb\",\"itemListElement\":[{\"@type\":\"ListItem\",\"position\":1,\"name\":\"Home\",\"item\":\"https:\/\/www.voustensports.com\/de\/\"},{\"@type\":\"ListItem\",\"position\":2,\"name\":\"Shop\",\"item\":\"https:\/\/www.voustensports.com\/de\/shop\/\"},{\"@type\":\"ListItem\",\"position\":3,\"name\":\"C.P. Company &#8211; Badeshorts milit\u00e4rgr\u00fcn (42741)\"}]},{\"@type\":\"WebSite\",\"@id\":\"https:\/\/www.voustensports.com\/nl\/#website\",\"url\":\"https:\/\/www.voustensports.com\/nl\/\",\"name\":\"Vousten Sports\",\"description\":\"\",\"potentialAction\":[{\"@type\":\"SearchAction\",\"target\":{\"@type\":\"EntryPoint\",\"urlTemplate\":\"https:\/\/www.voustensports.com\/nl\/?s={search_term_string}\"},\"query-input\":{\"@type\":\"PropertyValueSpecification\",\"valueRequired\":true,\"valueName\":\"search_term_string\"}}],\"inLanguage\":\"de-DE\"}]}<\/script>\n<!-- \/ Yoast SEO plugin. -->","yoast_head_json":{"title":"C.P. Company - Badeshorts milit\u00e4rgr\u00fcn (42741) - Vousten Sports","robots":{"index":"index","follow":"follow","max-snippet":"max-snippet:-1","max-image-preview":"max-image-preview:large","max-video-preview":"max-video-preview:-1"},"canonical":"https:\/\/www.voustensports.com\/de\/c-p-company-badeshorts-militargrun-42741\/","og_locale":"de_DE","og_type":"article","og_title":"C.P. Company - Badeshorts milit\u00e4rgr\u00fcn (42741) - Vousten Sports","og_description":"PRODUKTDETAILS Diese Badeshorts sind aus Eco-Chrome R gefertigt, einer neuen Version von Chrome-R aus ECONYL\u00ae, einer zu 100 % regenerierten Nylonfaser. Das Modell verf\u00fcgt \u00fcber einen verstellbaren Kordelzugbund, eine aufgesetzte Tasche mit Druckknopfverschluss, Seitentaschen und ein gesticktes Logo auf der Vorderseite. Das Innenfutter besteht aus Mesh. Die St\u00fcckf\u00e4rbung sorgt f\u00fcr eine satte, unverwechselbare Farbtiefe, die [...]","og_url":"https:\/\/www.voustensports.com\/de\/c-p-company-badeshorts-militargrun-42741\/","og_site_name":"Vousten Sports","article_modified_time":"2026-04-25T11:27:08+00:00","og_image":[{"width":1638,"height":2048,"url":"https:\/\/www.voustensports.com\/wp-content\/uploads\/2023\/06\/Swim-Shorts-military-green-427411.jpg","type":"image\/jpeg"}],"twitter_card":"summary_large_image","schema":{"@context":"https:\/\/schema.org","@graph":[{"@type":"WebPage","@id":"https:\/\/www.voustensports.com\/de\/c-p-company-badeshorts-militargrun-42741\/","url":"https:\/\/www.voustensports.com\/de\/c-p-company-badeshorts-militargrun-42741\/","name":"C.P. Company - Badeshorts milit\u00e4rgr\u00fcn (42741) - Vousten Sports","isPartOf":{"@id":"https:\/\/www.voustensports.com\/nl\/#website"},"primaryImageOfPage":{"@id":"https:\/\/www.voustensports.com\/de\/c-p-company-badeshorts-militargrun-42741\/#primaryimage"},"image":{"@id":"https:\/\/www.voustensports.com\/de\/c-p-company-badeshorts-militargrun-42741\/#primaryimage"},"thumbnailUrl":"https:\/\/www.voustensports.com\/wp-content\/uploads\/2023\/06\/Swim-Shorts-military-green-427411.jpg","datePublished":"2026-04-25T10:00:11+00:00","dateModified":"2026-04-25T11:27:08+00:00","breadcrumb":{"@id":"https:\/\/www.voustensports.com\/de\/c-p-company-badeshorts-militargrun-42741\/#breadcrumb"},"inLanguage":"de-DE","potentialAction":[{"@type":"ReadAction","target":["https:\/\/www.voustensports.com\/de\/c-p-company-badeshorts-militargrun-42741\/"]}]},{"@type":"ImageObject","inLanguage":"de-DE","@id":"https:\/\/www.voustensports.com\/de\/c-p-company-badeshorts-militargrun-42741\/#primaryimage","url":"https:\/\/www.voustensports.com\/wp-content\/uploads\/2023\/06\/Swim-Shorts-military-green-427411.jpg","contentUrl":"https:\/\/www.voustensports.com\/wp-content\/uploads\/2023\/06\/Swim-Shorts-military-green-427411.jpg","width":1638,"height":2048},{"@type":"BreadcrumbList","@id":"https:\/\/www.voustensports.com\/de\/c-p-company-badeshorts-militargrun-42741\/#breadcrumb","itemListElement":[{"@type":"ListItem","position":1,"name":"Home","item":"https:\/\/www.voustensports.com\/de\/"},{"@type":"ListItem","position":2,"name":"Shop","item":"https:\/\/www.voustensports.com\/de\/shop\/"},{"@type":"ListItem","position":3,"name":"C.P. Company &#8211; Badeshorts milit\u00e4rgr\u00fcn (42741)"}]},{"@type":"WebSite","@id":"https:\/\/www.voustensports.com\/nl\/#website","url":"https:\/\/www.voustensports.com\/nl\/","name":"Vousten Sports","description":"","potentialAction":[{"@type":"SearchAction","target":{"@type":"EntryPoint","urlTemplate":"https:\/\/www.voustensports.com\/nl\/?s={search_term_string}"},"query-input":{"@type":"PropertyValueSpecification","valueRequired":true,"valueName":"search_term_string"}}],"inLanguage":"de-DE"}]}},"_links":{"self":[{"href":"https:\/\/www.voustensports.com\/de\/wp-json\/wp\/v2\/product\/229620","targetHints":{"allow":["GET"]}}],"collection":[{"href":"https:\/\/www.voustensports.com\/de\/wp-json\/wp\/v2\/product"}],"about":[{"href":"https:\/\/www.voustensports.com\/de\/wp-json\/wp\/v2\/types\/product"}],"replies":[{"embeddable":true,"href":"https:\/\/www.voustensports.com\/de\/wp-json\/wp\/v2\/comments?post=229620"}],"wp:featuredmedia":[{"embeddable":true,"href":"https:\/\/www.voustensports.com\/de\/wp-json\/wp\/v2\/media\/229608"}],"wp:attachment":[{"href":"https:\/\/www.voustensports.com\/de\/wp-json\/wp\/v2\/media?parent=229620"}],"wp:term":[{"taxonomy":"product_cat","embeddable":true,"href":"https:\/\/www.voustensports.com\/de\/wp-json\/wp\/v2\/product_cat?post=229620"},{"taxonomy":"product_tag","embeddable":true,"href":"https:\/\/www.voustensports.com\/de\/wp-json\/wp\/v2\/product_tag?post=229620"}],"curies":[{"name":"wp","href":"https:\/\/api.w.org\/{rel}","templated":true}]}}