{"id":229524,"date":"2026-04-25T06:45:10","date_gmt":"2026-04-25T04:45:10","guid":{"rendered":"https:\/\/www.voustensports.com\/c-p-company-lens-zip-overshirt-hellgrau-42745\/"},"modified":"2026-04-25T08:06:10","modified_gmt":"2026-04-25T06:06:10","slug":"c-p-company-lens-zip-overshirt-hellgrau-42745","status":"publish","type":"product","link":"https:\/\/www.voustensports.com\/de\/c-p-company-lens-zip-overshirt-hellgrau-42745\/","title":{"rendered":"C.P. Company &#8211;  Lens Zip Overshirt hellgrau (42745)"},"content":{"rendered":"<div>PRODUKTDETAILS<\/div>\n<div>Dieses Overshirt aus Baumwoll-Leinen-Mischgewebe besticht durch einen klassischen Kragen, einen durchgehenden Rei\u00dfverschluss und eine Brusttasche mit Rei\u00dfverschluss, die mit dem ikonischen Lens-Logo von C.P. Company verziert ist. Verstellbare Druckknopfmanschetten runden das Design ab. Das Kleidungsst\u00fcck ist st\u00fcckgef\u00e4rbt, wodurch eine einzigartige Farbintensit\u00e4t entsteht, die mit der Zeit und dem Tragen noch intensiver wird.<\/div>\n<div><\/div>\n<div>STIL<\/div>\n<ul>\n<li>Klassischer Kragen<\/li>\n<li>Durchgehender Rei\u00dfverschluss<\/li>\n<li>Brusttasche mit Rei\u00dfverschluss<\/li>\n<li>Lens-Logo<\/li>\n<li>Verstellbare Druckknopfmanschetten<\/li>\n<li>St\u00fcckgef\u00e4rbt<\/li>\n<li>Normale Passform<\/li>\n<\/ul>\n<div><\/div>\n<div>MATERIAL<\/div>\n<ul>\n<li>Hergestellt in Italien<\/li>\n<li>Obermaterial: 56 % Baumwolle, 44 % Leinen<\/li>\n<\/ul>\n","protected":false},"excerpt":{"rendered":"<p>PRODUKTDETAILS Dieses Overshirt aus Baumwoll-Leinen-Mischgewebe besticht durch einen klassischen Kragen, einen durchgehenden Rei\u00dfverschluss und eine Brusttasche mit Rei\u00dfverschluss, die mit dem ikonischen Lens-Logo von C.P. Company verziert ist. Verstellbare Druckknopfmanschetten runden das Design ab. Das Kleidungsst\u00fcck ist st\u00fcckgef\u00e4rbt, wodurch eine einzigartige Farbintensit\u00e4t entsteht, die mit der Zeit und dem Tragen noch intensiver wird. STIL Klassischer [&#8230;]\n","protected":false},"featured_media":229512,"comment_status":"open","ping_status":"closed","template":"","meta":{"rank_math_lock_modified_date":false},"product_cat":[439,447,451,463,487,740],"product_tag":[],"class_list":{"0":"post-229524","1":"product","2":"type-product","3":"status-publish","4":"has-post-thumbnail","6":"product_cat-cp-company-de","7":"product_cat-kleding-de","8":"product_cat-heren-de","9":"product_cat-vousten-sports-de-2","10":"product_cat-shirt-de-2","11":"product_cat-overshirt-de-2","13":"first","14":"instock","15":"taxable","16":"shipping-taxable","17":"purchasable","18":"product-type-variable"},"acf":[],"yoast_head":"<!-- This site is optimized with the Yoast SEO plugin v23.9 - https:\/\/yoast.com\/wordpress\/plugins\/seo\/ -->\n<title>C.P. Company - Lens Zip Overshirt hellgrau (42745) - Vousten Sports<\/title>\n<meta name=\"robots\" content=\"index, follow, max-snippet:-1, max-image-preview:large, max-video-preview:-1\" \/>\n<link rel=\"canonical\" href=\"https:\/\/www.voustensports.com\/de\/c-p-company-lens-zip-overshirt-hellgrau-42745\/\" \/>\n<meta property=\"og:locale\" content=\"de_DE\" \/>\n<meta property=\"og:type\" content=\"article\" \/>\n<meta property=\"og:title\" content=\"C.P. Company - Lens Zip Overshirt hellgrau (42745) - Vousten Sports\" \/>\n<meta property=\"og:description\" content=\"PRODUKTDETAILS Dieses Overshirt aus Baumwoll-Leinen-Mischgewebe besticht durch einen klassischen Kragen, einen durchgehenden Rei\u00dfverschluss und eine Brusttasche mit Rei\u00dfverschluss, die mit dem ikonischen Lens-Logo von C.P. Company verziert ist. Verstellbare Druckknopfmanschetten runden das Design ab. Das Kleidungsst\u00fcck ist st\u00fcckgef\u00e4rbt, wodurch eine einzigartige Farbintensit\u00e4t entsteht, die mit der Zeit und dem Tragen noch intensiver wird. STIL Klassischer [...]\" \/>\n<meta property=\"og:url\" content=\"https:\/\/www.voustensports.com\/de\/c-p-company-lens-zip-overshirt-hellgrau-42745\/\" \/>\n<meta property=\"og:site_name\" content=\"Vousten Sports\" \/>\n<meta property=\"article:modified_time\" content=\"2026-04-25T06:06:10+00:00\" \/>\n<meta property=\"og:image\" content=\"https:\/\/www.voustensports.com\/wp-content\/uploads\/2023\/06\/Lens-Zip-Overshirt-lichtgrijs-427451.jpg\" \/>\n\t<meta property=\"og:image:width\" content=\"1638\" \/>\n\t<meta property=\"og:image:height\" content=\"2048\" \/>\n\t<meta property=\"og:image:type\" content=\"image\/jpeg\" \/>\n<meta name=\"twitter:card\" content=\"summary_large_image\" \/>\n<script type=\"application\/ld+json\" class=\"yoast-schema-graph\">{\"@context\":\"https:\/\/schema.org\",\"@graph\":[{\"@type\":\"WebPage\",\"@id\":\"https:\/\/www.voustensports.com\/de\/c-p-company-lens-zip-overshirt-hellgrau-42745\/\",\"url\":\"https:\/\/www.voustensports.com\/de\/c-p-company-lens-zip-overshirt-hellgrau-42745\/\",\"name\":\"C.P. Company - Lens Zip Overshirt hellgrau (42745) - Vousten Sports\",\"isPartOf\":{\"@id\":\"https:\/\/www.voustensports.com\/nl\/#website\"},\"primaryImageOfPage\":{\"@id\":\"https:\/\/www.voustensports.com\/de\/c-p-company-lens-zip-overshirt-hellgrau-42745\/#primaryimage\"},\"image\":{\"@id\":\"https:\/\/www.voustensports.com\/de\/c-p-company-lens-zip-overshirt-hellgrau-42745\/#primaryimage\"},\"thumbnailUrl\":\"https:\/\/www.voustensports.com\/wp-content\/uploads\/2023\/06\/Lens-Zip-Overshirt-lichtgrijs-427451.jpg\",\"datePublished\":\"2026-04-25T04:45:10+00:00\",\"dateModified\":\"2026-04-25T06:06:10+00:00\",\"breadcrumb\":{\"@id\":\"https:\/\/www.voustensports.com\/de\/c-p-company-lens-zip-overshirt-hellgrau-42745\/#breadcrumb\"},\"inLanguage\":\"de-DE\",\"potentialAction\":[{\"@type\":\"ReadAction\",\"target\":[\"https:\/\/www.voustensports.com\/de\/c-p-company-lens-zip-overshirt-hellgrau-42745\/\"]}]},{\"@type\":\"ImageObject\",\"inLanguage\":\"de-DE\",\"@id\":\"https:\/\/www.voustensports.com\/de\/c-p-company-lens-zip-overshirt-hellgrau-42745\/#primaryimage\",\"url\":\"https:\/\/www.voustensports.com\/wp-content\/uploads\/2023\/06\/Lens-Zip-Overshirt-lichtgrijs-427451.jpg\",\"contentUrl\":\"https:\/\/www.voustensports.com\/wp-content\/uploads\/2023\/06\/Lens-Zip-Overshirt-lichtgrijs-427451.jpg\",\"width\":1638,\"height\":2048},{\"@type\":\"BreadcrumbList\",\"@id\":\"https:\/\/www.voustensports.com\/de\/c-p-company-lens-zip-overshirt-hellgrau-42745\/#breadcrumb\",\"itemListElement\":[{\"@type\":\"ListItem\",\"position\":1,\"name\":\"Home\",\"item\":\"https:\/\/www.voustensports.com\/de\/\"},{\"@type\":\"ListItem\",\"position\":2,\"name\":\"Shop\",\"item\":\"https:\/\/www.voustensports.com\/de\/shop\/\"},{\"@type\":\"ListItem\",\"position\":3,\"name\":\"C.P. Company &#8211; Lens Zip Overshirt hellgrau (42745)\"}]},{\"@type\":\"WebSite\",\"@id\":\"https:\/\/www.voustensports.com\/nl\/#website\",\"url\":\"https:\/\/www.voustensports.com\/nl\/\",\"name\":\"Vousten Sports\",\"description\":\"\",\"potentialAction\":[{\"@type\":\"SearchAction\",\"target\":{\"@type\":\"EntryPoint\",\"urlTemplate\":\"https:\/\/www.voustensports.com\/nl\/?s={search_term_string}\"},\"query-input\":{\"@type\":\"PropertyValueSpecification\",\"valueRequired\":true,\"valueName\":\"search_term_string\"}}],\"inLanguage\":\"de-DE\"}]}<\/script>\n<!-- \/ Yoast SEO plugin. -->","yoast_head_json":{"title":"C.P. Company - Lens Zip Overshirt hellgrau (42745) - Vousten Sports","robots":{"index":"index","follow":"follow","max-snippet":"max-snippet:-1","max-image-preview":"max-image-preview:large","max-video-preview":"max-video-preview:-1"},"canonical":"https:\/\/www.voustensports.com\/de\/c-p-company-lens-zip-overshirt-hellgrau-42745\/","og_locale":"de_DE","og_type":"article","og_title":"C.P. Company - Lens Zip Overshirt hellgrau (42745) - Vousten Sports","og_description":"PRODUKTDETAILS Dieses Overshirt aus Baumwoll-Leinen-Mischgewebe besticht durch einen klassischen Kragen, einen durchgehenden Rei\u00dfverschluss und eine Brusttasche mit Rei\u00dfverschluss, die mit dem ikonischen Lens-Logo von C.P. Company verziert ist. Verstellbare Druckknopfmanschetten runden das Design ab. Das Kleidungsst\u00fcck ist st\u00fcckgef\u00e4rbt, wodurch eine einzigartige Farbintensit\u00e4t entsteht, die mit der Zeit und dem Tragen noch intensiver wird. STIL Klassischer [...]","og_url":"https:\/\/www.voustensports.com\/de\/c-p-company-lens-zip-overshirt-hellgrau-42745\/","og_site_name":"Vousten Sports","article_modified_time":"2026-04-25T06:06:10+00:00","og_image":[{"width":1638,"height":2048,"url":"https:\/\/www.voustensports.com\/wp-content\/uploads\/2023\/06\/Lens-Zip-Overshirt-lichtgrijs-427451.jpg","type":"image\/jpeg"}],"twitter_card":"summary_large_image","schema":{"@context":"https:\/\/schema.org","@graph":[{"@type":"WebPage","@id":"https:\/\/www.voustensports.com\/de\/c-p-company-lens-zip-overshirt-hellgrau-42745\/","url":"https:\/\/www.voustensports.com\/de\/c-p-company-lens-zip-overshirt-hellgrau-42745\/","name":"C.P. Company - Lens Zip Overshirt hellgrau (42745) - Vousten Sports","isPartOf":{"@id":"https:\/\/www.voustensports.com\/nl\/#website"},"primaryImageOfPage":{"@id":"https:\/\/www.voustensports.com\/de\/c-p-company-lens-zip-overshirt-hellgrau-42745\/#primaryimage"},"image":{"@id":"https:\/\/www.voustensports.com\/de\/c-p-company-lens-zip-overshirt-hellgrau-42745\/#primaryimage"},"thumbnailUrl":"https:\/\/www.voustensports.com\/wp-content\/uploads\/2023\/06\/Lens-Zip-Overshirt-lichtgrijs-427451.jpg","datePublished":"2026-04-25T04:45:10+00:00","dateModified":"2026-04-25T06:06:10+00:00","breadcrumb":{"@id":"https:\/\/www.voustensports.com\/de\/c-p-company-lens-zip-overshirt-hellgrau-42745\/#breadcrumb"},"inLanguage":"de-DE","potentialAction":[{"@type":"ReadAction","target":["https:\/\/www.voustensports.com\/de\/c-p-company-lens-zip-overshirt-hellgrau-42745\/"]}]},{"@type":"ImageObject","inLanguage":"de-DE","@id":"https:\/\/www.voustensports.com\/de\/c-p-company-lens-zip-overshirt-hellgrau-42745\/#primaryimage","url":"https:\/\/www.voustensports.com\/wp-content\/uploads\/2023\/06\/Lens-Zip-Overshirt-lichtgrijs-427451.jpg","contentUrl":"https:\/\/www.voustensports.com\/wp-content\/uploads\/2023\/06\/Lens-Zip-Overshirt-lichtgrijs-427451.jpg","width":1638,"height":2048},{"@type":"BreadcrumbList","@id":"https:\/\/www.voustensports.com\/de\/c-p-company-lens-zip-overshirt-hellgrau-42745\/#breadcrumb","itemListElement":[{"@type":"ListItem","position":1,"name":"Home","item":"https:\/\/www.voustensports.com\/de\/"},{"@type":"ListItem","position":2,"name":"Shop","item":"https:\/\/www.voustensports.com\/de\/shop\/"},{"@type":"ListItem","position":3,"name":"C.P. Company &#8211; Lens Zip Overshirt hellgrau (42745)"}]},{"@type":"WebSite","@id":"https:\/\/www.voustensports.com\/nl\/#website","url":"https:\/\/www.voustensports.com\/nl\/","name":"Vousten Sports","description":"","potentialAction":[{"@type":"SearchAction","target":{"@type":"EntryPoint","urlTemplate":"https:\/\/www.voustensports.com\/nl\/?s={search_term_string}"},"query-input":{"@type":"PropertyValueSpecification","valueRequired":true,"valueName":"search_term_string"}}],"inLanguage":"de-DE"}]}},"_links":{"self":[{"href":"https:\/\/www.voustensports.com\/de\/wp-json\/wp\/v2\/product\/229524","targetHints":{"allow":["GET"]}}],"collection":[{"href":"https:\/\/www.voustensports.com\/de\/wp-json\/wp\/v2\/product"}],"about":[{"href":"https:\/\/www.voustensports.com\/de\/wp-json\/wp\/v2\/types\/product"}],"replies":[{"embeddable":true,"href":"https:\/\/www.voustensports.com\/de\/wp-json\/wp\/v2\/comments?post=229524"}],"wp:featuredmedia":[{"embeddable":true,"href":"https:\/\/www.voustensports.com\/de\/wp-json\/wp\/v2\/media\/229512"}],"wp:attachment":[{"href":"https:\/\/www.voustensports.com\/de\/wp-json\/wp\/v2\/media?parent=229524"}],"wp:term":[{"taxonomy":"product_cat","embeddable":true,"href":"https:\/\/www.voustensports.com\/de\/wp-json\/wp\/v2\/product_cat?post=229524"},{"taxonomy":"product_tag","embeddable":true,"href":"https:\/\/www.voustensports.com\/de\/wp-json\/wp\/v2\/product_tag?post=229524"}],"curies":[{"name":"wp","href":"https:\/\/api.w.org\/{rel}","templated":true}]}}