{"id":229243,"date":"2026-04-20T07:18:52","date_gmt":"2026-04-20T05:18:52","guid":{"rendered":"https:\/\/www.voustensports.com\/jacob-cohen-resort-badeshorts-dunkelblauer-print-t906a-0700s-42268\/"},"modified":"2026-04-25T01:27:14","modified_gmt":"2026-04-24T23:27:14","slug":"jacob-cohen-resort-badeshorts-dunkelblauer-print-t906a-0700s-42268","status":"publish","type":"product","link":"https:\/\/www.voustensports.com\/de\/jacob-cohen-resort-badeshorts-dunkelblauer-print-t906a-0700s-42268\/","title":{"rendered":"Jacob Cohen &#8211; Resort Badeshorts Dunkelblauer Print T906A 0700S (42268)"},"content":{"rendered":"<p><strong>Jeden Sommer bringt Jacob Coh\u00ebn eine Resort-Kollektion heraus, die von einem raffinierten Lebensstil erz\u00e4hlt und darauf ausgelegt ist, die Sommersaison auf elegante Weise zu genie\u00dfen \u2013 in einer Welt, in der sich Glamour und Luxus von Sonnenaufgang bis Sonnenuntergang vermischen.<\/strong><\/p>\n<ul>\n<li>Technischer Stoff<\/li>\n<li>Halbhohe Taille<\/li>\n<li>Elastischer Bund mit Kordelzug<\/li>\n<li>Paspeltaschen an den Seiten<\/li>\n<li>Tasche auf der R\u00fcckseite<\/li>\n<li>Dunkelblauer Logo-Aufn\u00e4her auf der R\u00fcckseite<\/li>\n<li>Material: 92 % Polyester, 8 % Elasthan<\/li>\n<li>Hergestellt in Italien<br \/>\nWird mit einer kostenlosen passenden Resort-Tasche geliefert, ideal zum Beispiel f\u00fcr Sonnencreme.<\/li>\n<\/ul>\n","protected":false},"excerpt":{"rendered":"<p>Jeden Sommer bringt Jacob Coh\u00ebn eine Resort-Kollektion heraus, die von einem raffinierten Lebensstil erz\u00e4hlt und darauf ausgelegt ist, die Sommersaison auf elegante Weise zu genie\u00dfen \u2013 in einer Welt, in der sich Glamour und Luxus von Sonnenaufgang bis Sonnenuntergang vermischen. Technischer Stoff Halbhohe Taille Elastischer Bund mit Kordelzug Paspeltaschen an den Seiten Tasche auf der [&#8230;]\n","protected":false},"featured_media":229233,"comment_status":"open","ping_status":"closed","template":"","meta":{"rank_math_lock_modified_date":false},"product_cat":[447,451,463,756,1017],"product_tag":[],"class_list":{"0":"post-229243","1":"product","2":"type-product","3":"status-publish","4":"has-post-thumbnail","6":"product_cat-kleding-de","7":"product_cat-heren-de","8":"product_cat-vousten-sports-de-2","9":"product_cat-zwembroeken-de-2","10":"product_cat-jacob-cohen-de","12":"first","13":"instock","14":"taxable","15":"shipping-taxable","16":"purchasable","17":"product-type-variable"},"acf":[],"yoast_head":"<!-- This site is optimized with the Yoast SEO plugin v23.9 - https:\/\/yoast.com\/wordpress\/plugins\/seo\/ -->\n<title>Jacob Cohen - Resort Badeshorts Dunkelblauer Print T906A 0700S (42268) - Vousten Sports<\/title>\n<meta name=\"robots\" content=\"index, follow, max-snippet:-1, max-image-preview:large, max-video-preview:-1\" \/>\n<link rel=\"canonical\" href=\"https:\/\/www.voustensports.com\/de\/jacob-cohen-resort-badeshorts-dunkelblauer-print-t906a-0700s-42268\/\" \/>\n<meta property=\"og:locale\" content=\"de_DE\" \/>\n<meta property=\"og:type\" content=\"article\" \/>\n<meta property=\"og:title\" content=\"Jacob Cohen - Resort Badeshorts Dunkelblauer Print T906A 0700S (42268) - Vousten Sports\" \/>\n<meta property=\"og:description\" content=\"Jeden Sommer bringt Jacob Coh\u00ebn eine Resort-Kollektion heraus, die von einem raffinierten Lebensstil erz\u00e4hlt und darauf ausgelegt ist, die Sommersaison auf elegante Weise zu genie\u00dfen \u2013 in einer Welt, in der sich Glamour und Luxus von Sonnenaufgang bis Sonnenuntergang vermischen. Technischer Stoff Halbhohe Taille Elastischer Bund mit Kordelzug Paspeltaschen an den Seiten Tasche auf der [...]\" \/>\n<meta property=\"og:url\" content=\"https:\/\/www.voustensports.com\/de\/jacob-cohen-resort-badeshorts-dunkelblauer-print-t906a-0700s-42268\/\" \/>\n<meta property=\"og:site_name\" content=\"Vousten Sports\" \/>\n<meta property=\"article:modified_time\" content=\"2026-04-24T23:27:14+00:00\" \/>\n<meta property=\"og:image\" content=\"https:\/\/www.voustensports.com\/wp-content\/uploads\/2023\/06\/Zwemshort-4_Front.jpg\" \/>\n\t<meta property=\"og:image:width\" content=\"800\" \/>\n\t<meta property=\"og:image:height\" content=\"1244\" \/>\n\t<meta property=\"og:image:type\" content=\"image\/jpeg\" \/>\n<meta name=\"twitter:card\" content=\"summary_large_image\" \/>\n<script type=\"application\/ld+json\" class=\"yoast-schema-graph\">{\"@context\":\"https:\/\/schema.org\",\"@graph\":[{\"@type\":\"WebPage\",\"@id\":\"https:\/\/www.voustensports.com\/de\/jacob-cohen-resort-badeshorts-dunkelblauer-print-t906a-0700s-42268\/\",\"url\":\"https:\/\/www.voustensports.com\/de\/jacob-cohen-resort-badeshorts-dunkelblauer-print-t906a-0700s-42268\/\",\"name\":\"Jacob Cohen - Resort Badeshorts Dunkelblauer Print T906A 0700S (42268) - Vousten Sports\",\"isPartOf\":{\"@id\":\"https:\/\/www.voustensports.com\/nl\/#website\"},\"primaryImageOfPage\":{\"@id\":\"https:\/\/www.voustensports.com\/de\/jacob-cohen-resort-badeshorts-dunkelblauer-print-t906a-0700s-42268\/#primaryimage\"},\"image\":{\"@id\":\"https:\/\/www.voustensports.com\/de\/jacob-cohen-resort-badeshorts-dunkelblauer-print-t906a-0700s-42268\/#primaryimage\"},\"thumbnailUrl\":\"https:\/\/www.voustensports.com\/wp-content\/uploads\/2023\/06\/Zwemshort-4_Front.jpg\",\"datePublished\":\"2026-04-20T05:18:52+00:00\",\"dateModified\":\"2026-04-24T23:27:14+00:00\",\"breadcrumb\":{\"@id\":\"https:\/\/www.voustensports.com\/de\/jacob-cohen-resort-badeshorts-dunkelblauer-print-t906a-0700s-42268\/#breadcrumb\"},\"inLanguage\":\"de-DE\",\"potentialAction\":[{\"@type\":\"ReadAction\",\"target\":[\"https:\/\/www.voustensports.com\/de\/jacob-cohen-resort-badeshorts-dunkelblauer-print-t906a-0700s-42268\/\"]}]},{\"@type\":\"ImageObject\",\"inLanguage\":\"de-DE\",\"@id\":\"https:\/\/www.voustensports.com\/de\/jacob-cohen-resort-badeshorts-dunkelblauer-print-t906a-0700s-42268\/#primaryimage\",\"url\":\"https:\/\/www.voustensports.com\/wp-content\/uploads\/2023\/06\/Zwemshort-4_Front.jpg\",\"contentUrl\":\"https:\/\/www.voustensports.com\/wp-content\/uploads\/2023\/06\/Zwemshort-4_Front.jpg\",\"width\":800,\"height\":1244},{\"@type\":\"BreadcrumbList\",\"@id\":\"https:\/\/www.voustensports.com\/de\/jacob-cohen-resort-badeshorts-dunkelblauer-print-t906a-0700s-42268\/#breadcrumb\",\"itemListElement\":[{\"@type\":\"ListItem\",\"position\":1,\"name\":\"Home\",\"item\":\"https:\/\/www.voustensports.com\/de\/\"},{\"@type\":\"ListItem\",\"position\":2,\"name\":\"Shop\",\"item\":\"https:\/\/www.voustensports.com\/de\/shop\/\"},{\"@type\":\"ListItem\",\"position\":3,\"name\":\"Jacob Cohen &#8211; Resort Badeshorts Dunkelblauer Print T906A 0700S (42268)\"}]},{\"@type\":\"WebSite\",\"@id\":\"https:\/\/www.voustensports.com\/nl\/#website\",\"url\":\"https:\/\/www.voustensports.com\/nl\/\",\"name\":\"Vousten Sports\",\"description\":\"\",\"potentialAction\":[{\"@type\":\"SearchAction\",\"target\":{\"@type\":\"EntryPoint\",\"urlTemplate\":\"https:\/\/www.voustensports.com\/nl\/?s={search_term_string}\"},\"query-input\":{\"@type\":\"PropertyValueSpecification\",\"valueRequired\":true,\"valueName\":\"search_term_string\"}}],\"inLanguage\":\"de-DE\"}]}<\/script>\n<!-- \/ Yoast SEO plugin. -->","yoast_head_json":{"title":"Jacob Cohen - Resort Badeshorts Dunkelblauer Print T906A 0700S (42268) - Vousten Sports","robots":{"index":"index","follow":"follow","max-snippet":"max-snippet:-1","max-image-preview":"max-image-preview:large","max-video-preview":"max-video-preview:-1"},"canonical":"https:\/\/www.voustensports.com\/de\/jacob-cohen-resort-badeshorts-dunkelblauer-print-t906a-0700s-42268\/","og_locale":"de_DE","og_type":"article","og_title":"Jacob Cohen - Resort Badeshorts Dunkelblauer Print T906A 0700S (42268) - Vousten Sports","og_description":"Jeden Sommer bringt Jacob Coh\u00ebn eine Resort-Kollektion heraus, die von einem raffinierten Lebensstil erz\u00e4hlt und darauf ausgelegt ist, die Sommersaison auf elegante Weise zu genie\u00dfen \u2013 in einer Welt, in der sich Glamour und Luxus von Sonnenaufgang bis Sonnenuntergang vermischen. Technischer Stoff Halbhohe Taille Elastischer Bund mit Kordelzug Paspeltaschen an den Seiten Tasche auf der [...]","og_url":"https:\/\/www.voustensports.com\/de\/jacob-cohen-resort-badeshorts-dunkelblauer-print-t906a-0700s-42268\/","og_site_name":"Vousten Sports","article_modified_time":"2026-04-24T23:27:14+00:00","og_image":[{"width":800,"height":1244,"url":"https:\/\/www.voustensports.com\/wp-content\/uploads\/2023\/06\/Zwemshort-4_Front.jpg","type":"image\/jpeg"}],"twitter_card":"summary_large_image","schema":{"@context":"https:\/\/schema.org","@graph":[{"@type":"WebPage","@id":"https:\/\/www.voustensports.com\/de\/jacob-cohen-resort-badeshorts-dunkelblauer-print-t906a-0700s-42268\/","url":"https:\/\/www.voustensports.com\/de\/jacob-cohen-resort-badeshorts-dunkelblauer-print-t906a-0700s-42268\/","name":"Jacob Cohen - Resort Badeshorts Dunkelblauer Print T906A 0700S (42268) - Vousten Sports","isPartOf":{"@id":"https:\/\/www.voustensports.com\/nl\/#website"},"primaryImageOfPage":{"@id":"https:\/\/www.voustensports.com\/de\/jacob-cohen-resort-badeshorts-dunkelblauer-print-t906a-0700s-42268\/#primaryimage"},"image":{"@id":"https:\/\/www.voustensports.com\/de\/jacob-cohen-resort-badeshorts-dunkelblauer-print-t906a-0700s-42268\/#primaryimage"},"thumbnailUrl":"https:\/\/www.voustensports.com\/wp-content\/uploads\/2023\/06\/Zwemshort-4_Front.jpg","datePublished":"2026-04-20T05:18:52+00:00","dateModified":"2026-04-24T23:27:14+00:00","breadcrumb":{"@id":"https:\/\/www.voustensports.com\/de\/jacob-cohen-resort-badeshorts-dunkelblauer-print-t906a-0700s-42268\/#breadcrumb"},"inLanguage":"de-DE","potentialAction":[{"@type":"ReadAction","target":["https:\/\/www.voustensports.com\/de\/jacob-cohen-resort-badeshorts-dunkelblauer-print-t906a-0700s-42268\/"]}]},{"@type":"ImageObject","inLanguage":"de-DE","@id":"https:\/\/www.voustensports.com\/de\/jacob-cohen-resort-badeshorts-dunkelblauer-print-t906a-0700s-42268\/#primaryimage","url":"https:\/\/www.voustensports.com\/wp-content\/uploads\/2023\/06\/Zwemshort-4_Front.jpg","contentUrl":"https:\/\/www.voustensports.com\/wp-content\/uploads\/2023\/06\/Zwemshort-4_Front.jpg","width":800,"height":1244},{"@type":"BreadcrumbList","@id":"https:\/\/www.voustensports.com\/de\/jacob-cohen-resort-badeshorts-dunkelblauer-print-t906a-0700s-42268\/#breadcrumb","itemListElement":[{"@type":"ListItem","position":1,"name":"Home","item":"https:\/\/www.voustensports.com\/de\/"},{"@type":"ListItem","position":2,"name":"Shop","item":"https:\/\/www.voustensports.com\/de\/shop\/"},{"@type":"ListItem","position":3,"name":"Jacob Cohen &#8211; Resort Badeshorts Dunkelblauer Print T906A 0700S (42268)"}]},{"@type":"WebSite","@id":"https:\/\/www.voustensports.com\/nl\/#website","url":"https:\/\/www.voustensports.com\/nl\/","name":"Vousten Sports","description":"","potentialAction":[{"@type":"SearchAction","target":{"@type":"EntryPoint","urlTemplate":"https:\/\/www.voustensports.com\/nl\/?s={search_term_string}"},"query-input":{"@type":"PropertyValueSpecification","valueRequired":true,"valueName":"search_term_string"}}],"inLanguage":"de-DE"}]}},"_links":{"self":[{"href":"https:\/\/www.voustensports.com\/de\/wp-json\/wp\/v2\/product\/229243","targetHints":{"allow":["GET"]}}],"collection":[{"href":"https:\/\/www.voustensports.com\/de\/wp-json\/wp\/v2\/product"}],"about":[{"href":"https:\/\/www.voustensports.com\/de\/wp-json\/wp\/v2\/types\/product"}],"replies":[{"embeddable":true,"href":"https:\/\/www.voustensports.com\/de\/wp-json\/wp\/v2\/comments?post=229243"}],"wp:featuredmedia":[{"embeddable":true,"href":"https:\/\/www.voustensports.com\/de\/wp-json\/wp\/v2\/media\/229233"}],"wp:attachment":[{"href":"https:\/\/www.voustensports.com\/de\/wp-json\/wp\/v2\/media?parent=229243"}],"wp:term":[{"taxonomy":"product_cat","embeddable":true,"href":"https:\/\/www.voustensports.com\/de\/wp-json\/wp\/v2\/product_cat?post=229243"},{"taxonomy":"product_tag","embeddable":true,"href":"https:\/\/www.voustensports.com\/de\/wp-json\/wp\/v2\/product_tag?post=229243"}],"curies":[{"name":"wp","href":"https:\/\/api.w.org\/{rel}","templated":true}]}}