{"id":229187,"date":"2026-04-20T07:17:53","date_gmt":"2026-04-20T05:17:53","guid":{"rendered":"https:\/\/www.voustensports.com\/jacob-cohen-badehose-dunkelblau-t769a-y73-42269\/"},"modified":"2026-04-25T16:24:20","modified_gmt":"2026-04-25T14:24:20","slug":"jacob-cohen-badehose-dunkelblau-t769a-y73-42269","status":"publish","type":"product","link":"https:\/\/www.voustensports.com\/de\/jacob-cohen-badehose-dunkelblau-t769a-y73-42269\/","title":{"rendered":"Jacob Coh\u00ebn &#8211; Badehose Dunkelblau T769A Y73 (42269)"},"content":{"rendered":"<ul>\n<li>Badehose<\/li>\n<li>Technisches Material<\/li>\n<li>Halbhoher Bund<\/li>\n<li>Elastischer Bund mit Kordelzug<\/li>\n<li>Paspeltaschen an den Seiten<\/li>\n<li>Tasche auf der R\u00fcckseite<\/li>\n<li>Dunkelblauer Logo-Aufn\u00e4her auf der R\u00fcckseite<\/li>\n<li>Material: 92 % Polyester, 8 % Elasthan<\/li>\n<\/ul>\n<p>Hergestellt in Italien<br \/>\nWird mit einer kostenlosen passenden Resort-Tasche geliefert, ideal zum Beispiel f\u00fcr Sonnencreme.<\/p>\n","protected":false},"excerpt":{"rendered":"<p>Badehose Technisches Material Halbhoher Bund Elastischer Bund mit Kordelzug Paspeltaschen an den Seiten Tasche auf der R\u00fcckseite Dunkelblauer Logo-Aufn\u00e4her auf der R\u00fcckseite Material: 92 % Polyester, 8 % Elasthan Hergestellt in Italien Wird mit einer kostenlosen passenden Resort-Tasche geliefert, ideal zum Beispiel f\u00fcr Sonnencreme.<\/p>\n","protected":false},"featured_media":229177,"comment_status":"open","ping_status":"closed","template":"","meta":{"rank_math_lock_modified_date":false},"product_cat":[447,451,463,756,1017],"product_tag":[],"class_list":{"0":"post-229187","1":"product","2":"type-product","3":"status-publish","4":"has-post-thumbnail","6":"product_cat-kleding-de","7":"product_cat-heren-de","8":"product_cat-vousten-sports-de-2","9":"product_cat-zwembroeken-de-2","10":"product_cat-jacob-cohen-de","12":"first","13":"instock","14":"taxable","15":"shipping-taxable","16":"purchasable","17":"product-type-variable"},"acf":[],"yoast_head":"<!-- This site is optimized with the Yoast SEO plugin v23.9 - https:\/\/yoast.com\/wordpress\/plugins\/seo\/ -->\n<title>Jacob Coh\u00ebn - Badehose Dunkelblau T769A Y73 (42269) - Vousten Sports<\/title>\n<meta name=\"robots\" content=\"index, follow, max-snippet:-1, max-image-preview:large, max-video-preview:-1\" \/>\n<link rel=\"canonical\" href=\"https:\/\/www.voustensports.com\/de\/jacob-cohen-badehose-dunkelblau-t769a-y73-42269\/\" \/>\n<meta property=\"og:locale\" content=\"de_DE\" \/>\n<meta property=\"og:type\" content=\"article\" \/>\n<meta property=\"og:title\" content=\"Jacob Coh\u00ebn - Badehose Dunkelblau T769A Y73 (42269) - Vousten Sports\" \/>\n<meta property=\"og:description\" content=\"Badehose Technisches Material Halbhoher Bund Elastischer Bund mit Kordelzug Paspeltaschen an den Seiten Tasche auf der R\u00fcckseite Dunkelblauer Logo-Aufn\u00e4her auf der R\u00fcckseite Material: 92 % Polyester, 8 % Elasthan Hergestellt in Italien Wird mit einer kostenlosen passenden Resort-Tasche geliefert, ideal zum Beispiel f\u00fcr Sonnencreme.\" \/>\n<meta property=\"og:url\" content=\"https:\/\/www.voustensports.com\/de\/jacob-cohen-badehose-dunkelblau-t769a-y73-42269\/\" \/>\n<meta property=\"og:site_name\" content=\"Vousten Sports\" \/>\n<meta property=\"article:modified_time\" content=\"2026-04-25T14:24:20+00:00\" \/>\n<meta property=\"og:image\" content=\"https:\/\/www.voustensports.com\/wp-content\/uploads\/2023\/06\/Zwemshort-3_Front.jpg\" \/>\n\t<meta property=\"og:image:width\" content=\"800\" \/>\n\t<meta property=\"og:image:height\" content=\"1228\" \/>\n\t<meta property=\"og:image:type\" content=\"image\/jpeg\" \/>\n<meta name=\"twitter:card\" content=\"summary_large_image\" \/>\n<script type=\"application\/ld+json\" class=\"yoast-schema-graph\">{\"@context\":\"https:\/\/schema.org\",\"@graph\":[{\"@type\":\"WebPage\",\"@id\":\"https:\/\/www.voustensports.com\/de\/jacob-cohen-badehose-dunkelblau-t769a-y73-42269\/\",\"url\":\"https:\/\/www.voustensports.com\/de\/jacob-cohen-badehose-dunkelblau-t769a-y73-42269\/\",\"name\":\"Jacob Coh\u00ebn - Badehose Dunkelblau T769A Y73 (42269) - Vousten Sports\",\"isPartOf\":{\"@id\":\"https:\/\/www.voustensports.com\/nl\/#website\"},\"primaryImageOfPage\":{\"@id\":\"https:\/\/www.voustensports.com\/de\/jacob-cohen-badehose-dunkelblau-t769a-y73-42269\/#primaryimage\"},\"image\":{\"@id\":\"https:\/\/www.voustensports.com\/de\/jacob-cohen-badehose-dunkelblau-t769a-y73-42269\/#primaryimage\"},\"thumbnailUrl\":\"https:\/\/www.voustensports.com\/wp-content\/uploads\/2023\/06\/Zwemshort-3_Front.jpg\",\"datePublished\":\"2026-04-20T05:17:53+00:00\",\"dateModified\":\"2026-04-25T14:24:20+00:00\",\"breadcrumb\":{\"@id\":\"https:\/\/www.voustensports.com\/de\/jacob-cohen-badehose-dunkelblau-t769a-y73-42269\/#breadcrumb\"},\"inLanguage\":\"de-DE\",\"potentialAction\":[{\"@type\":\"ReadAction\",\"target\":[\"https:\/\/www.voustensports.com\/de\/jacob-cohen-badehose-dunkelblau-t769a-y73-42269\/\"]}]},{\"@type\":\"ImageObject\",\"inLanguage\":\"de-DE\",\"@id\":\"https:\/\/www.voustensports.com\/de\/jacob-cohen-badehose-dunkelblau-t769a-y73-42269\/#primaryimage\",\"url\":\"https:\/\/www.voustensports.com\/wp-content\/uploads\/2023\/06\/Zwemshort-3_Front.jpg\",\"contentUrl\":\"https:\/\/www.voustensports.com\/wp-content\/uploads\/2023\/06\/Zwemshort-3_Front.jpg\",\"width\":800,\"height\":1228},{\"@type\":\"BreadcrumbList\",\"@id\":\"https:\/\/www.voustensports.com\/de\/jacob-cohen-badehose-dunkelblau-t769a-y73-42269\/#breadcrumb\",\"itemListElement\":[{\"@type\":\"ListItem\",\"position\":1,\"name\":\"Home\",\"item\":\"https:\/\/www.voustensports.com\/de\/\"},{\"@type\":\"ListItem\",\"position\":2,\"name\":\"Shop\",\"item\":\"https:\/\/www.voustensports.com\/de\/shop\/\"},{\"@type\":\"ListItem\",\"position\":3,\"name\":\"Jacob Coh\u00ebn &#8211; Badehose Dunkelblau T769A Y73 (42269)\"}]},{\"@type\":\"WebSite\",\"@id\":\"https:\/\/www.voustensports.com\/nl\/#website\",\"url\":\"https:\/\/www.voustensports.com\/nl\/\",\"name\":\"Vousten Sports\",\"description\":\"\",\"potentialAction\":[{\"@type\":\"SearchAction\",\"target\":{\"@type\":\"EntryPoint\",\"urlTemplate\":\"https:\/\/www.voustensports.com\/nl\/?s={search_term_string}\"},\"query-input\":{\"@type\":\"PropertyValueSpecification\",\"valueRequired\":true,\"valueName\":\"search_term_string\"}}],\"inLanguage\":\"de-DE\"}]}<\/script>\n<!-- \/ Yoast SEO plugin. -->","yoast_head_json":{"title":"Jacob Coh\u00ebn - Badehose Dunkelblau T769A Y73 (42269) - Vousten Sports","robots":{"index":"index","follow":"follow","max-snippet":"max-snippet:-1","max-image-preview":"max-image-preview:large","max-video-preview":"max-video-preview:-1"},"canonical":"https:\/\/www.voustensports.com\/de\/jacob-cohen-badehose-dunkelblau-t769a-y73-42269\/","og_locale":"de_DE","og_type":"article","og_title":"Jacob Coh\u00ebn - Badehose Dunkelblau T769A Y73 (42269) - Vousten Sports","og_description":"Badehose Technisches Material Halbhoher Bund Elastischer Bund mit Kordelzug Paspeltaschen an den Seiten Tasche auf der R\u00fcckseite Dunkelblauer Logo-Aufn\u00e4her auf der R\u00fcckseite Material: 92 % Polyester, 8 % Elasthan Hergestellt in Italien Wird mit einer kostenlosen passenden Resort-Tasche geliefert, ideal zum Beispiel f\u00fcr Sonnencreme.","og_url":"https:\/\/www.voustensports.com\/de\/jacob-cohen-badehose-dunkelblau-t769a-y73-42269\/","og_site_name":"Vousten Sports","article_modified_time":"2026-04-25T14:24:20+00:00","og_image":[{"width":800,"height":1228,"url":"https:\/\/www.voustensports.com\/wp-content\/uploads\/2023\/06\/Zwemshort-3_Front.jpg","type":"image\/jpeg"}],"twitter_card":"summary_large_image","schema":{"@context":"https:\/\/schema.org","@graph":[{"@type":"WebPage","@id":"https:\/\/www.voustensports.com\/de\/jacob-cohen-badehose-dunkelblau-t769a-y73-42269\/","url":"https:\/\/www.voustensports.com\/de\/jacob-cohen-badehose-dunkelblau-t769a-y73-42269\/","name":"Jacob Coh\u00ebn - Badehose Dunkelblau T769A Y73 (42269) - Vousten Sports","isPartOf":{"@id":"https:\/\/www.voustensports.com\/nl\/#website"},"primaryImageOfPage":{"@id":"https:\/\/www.voustensports.com\/de\/jacob-cohen-badehose-dunkelblau-t769a-y73-42269\/#primaryimage"},"image":{"@id":"https:\/\/www.voustensports.com\/de\/jacob-cohen-badehose-dunkelblau-t769a-y73-42269\/#primaryimage"},"thumbnailUrl":"https:\/\/www.voustensports.com\/wp-content\/uploads\/2023\/06\/Zwemshort-3_Front.jpg","datePublished":"2026-04-20T05:17:53+00:00","dateModified":"2026-04-25T14:24:20+00:00","breadcrumb":{"@id":"https:\/\/www.voustensports.com\/de\/jacob-cohen-badehose-dunkelblau-t769a-y73-42269\/#breadcrumb"},"inLanguage":"de-DE","potentialAction":[{"@type":"ReadAction","target":["https:\/\/www.voustensports.com\/de\/jacob-cohen-badehose-dunkelblau-t769a-y73-42269\/"]}]},{"@type":"ImageObject","inLanguage":"de-DE","@id":"https:\/\/www.voustensports.com\/de\/jacob-cohen-badehose-dunkelblau-t769a-y73-42269\/#primaryimage","url":"https:\/\/www.voustensports.com\/wp-content\/uploads\/2023\/06\/Zwemshort-3_Front.jpg","contentUrl":"https:\/\/www.voustensports.com\/wp-content\/uploads\/2023\/06\/Zwemshort-3_Front.jpg","width":800,"height":1228},{"@type":"BreadcrumbList","@id":"https:\/\/www.voustensports.com\/de\/jacob-cohen-badehose-dunkelblau-t769a-y73-42269\/#breadcrumb","itemListElement":[{"@type":"ListItem","position":1,"name":"Home","item":"https:\/\/www.voustensports.com\/de\/"},{"@type":"ListItem","position":2,"name":"Shop","item":"https:\/\/www.voustensports.com\/de\/shop\/"},{"@type":"ListItem","position":3,"name":"Jacob Coh\u00ebn &#8211; Badehose Dunkelblau T769A Y73 (42269)"}]},{"@type":"WebSite","@id":"https:\/\/www.voustensports.com\/nl\/#website","url":"https:\/\/www.voustensports.com\/nl\/","name":"Vousten Sports","description":"","potentialAction":[{"@type":"SearchAction","target":{"@type":"EntryPoint","urlTemplate":"https:\/\/www.voustensports.com\/nl\/?s={search_term_string}"},"query-input":{"@type":"PropertyValueSpecification","valueRequired":true,"valueName":"search_term_string"}}],"inLanguage":"de-DE"}]}},"_links":{"self":[{"href":"https:\/\/www.voustensports.com\/de\/wp-json\/wp\/v2\/product\/229187","targetHints":{"allow":["GET"]}}],"collection":[{"href":"https:\/\/www.voustensports.com\/de\/wp-json\/wp\/v2\/product"}],"about":[{"href":"https:\/\/www.voustensports.com\/de\/wp-json\/wp\/v2\/types\/product"}],"replies":[{"embeddable":true,"href":"https:\/\/www.voustensports.com\/de\/wp-json\/wp\/v2\/comments?post=229187"}],"wp:featuredmedia":[{"embeddable":true,"href":"https:\/\/www.voustensports.com\/de\/wp-json\/wp\/v2\/media\/229177"}],"wp:attachment":[{"href":"https:\/\/www.voustensports.com\/de\/wp-json\/wp\/v2\/media?parent=229187"}],"wp:term":[{"taxonomy":"product_cat","embeddable":true,"href":"https:\/\/www.voustensports.com\/de\/wp-json\/wp\/v2\/product_cat?post=229187"},{"taxonomy":"product_tag","embeddable":true,"href":"https:\/\/www.voustensports.com\/de\/wp-json\/wp\/v2\/product_tag?post=229187"}],"curies":[{"name":"wp","href":"https:\/\/api.w.org\/{rel}","templated":true}]}}