{"id":228742,"date":"2026-04-11T18:45:08","date_gmt":"2026-04-11T16:45:08","guid":{"rendered":"https:\/\/www.voustensports.com\/stone-island-zip-up-track-sweatshirt-ecru-42614-2\/"},"modified":"2026-04-11T20:21:10","modified_gmt":"2026-04-11T18:21:10","slug":"stone-island-zip-up-track-sweatshirt-ecru-42614-2","status":"publish","type":"product","link":"https:\/\/www.voustensports.com\/de\/stone-island-zip-up-track-sweatshirt-ecru-42614-2\/","title":{"rendered":"STONE ISLAND &#8211; ZIP-UP TRACK SWEATSHIRT ECRU (42614)"},"content":{"rendered":"<div>PRODUKTDETAILS<\/div>\n<div>Track Sweatshirt aus Baumwollfleece mit saisonaler Tasche aus rei\u00dffestem Baumwollgewebe. Mittelschweres Material. St\u00fcckgef\u00e4rbt.<\/div>\n<div><\/div>\n<div>STIL<\/div>\n<ul>\n<li>Doppellagiger Stehkragen.<\/li>\n<li>Vertikale Eingrifftaschen mit innenliegender Baumwollbandverst\u00e4rkung.<\/li>\n<li>Innentaschen mit Eingriff von oben.<\/li>\n<li>Aufgesetzte Tasche aus rei\u00dffestem Baumwollgewebe am linken \u00c4rmel mit Klettverschluss oben und an der Seite, Druckknopf und Schlaufe an der Ecke, Falten-Detail und Stone Island-Logo.<\/li>\n<li>Gerippte B\u00fcndchen.<\/li>\n<li>Elastischer Saum.<\/li>\n<li>Rei\u00dfverschluss.<\/li>\n<li>Normale Passform.<\/li>\n<\/ul>\n<div><\/div>\n<div>MATERIAL<\/div>\n<ul>\n<li>Obermaterial: 100 % Baumwolle<\/li>\n<li>Tasche: 100 % Baumwolle<\/li>\n<li>Rippb\u00fcndchen: 99 % Baumwolle, 1 % Elastan\/Spandex<\/li>\n<li>Stone Island Nr.: L1S156100018S0410V0093<\/li>\n<li>ID-Nr.: 42614<\/li>\n<\/ul>\n","protected":false},"excerpt":{"rendered":"<p>PRODUKTDETAILS Track Sweatshirt aus Baumwollfleece mit saisonaler Tasche aus rei\u00dffestem Baumwollgewebe. Mittelschweres Material. St\u00fcckgef\u00e4rbt. STIL Doppellagiger Stehkragen. Vertikale Eingrifftaschen mit innenliegender Baumwollbandverst\u00e4rkung. Innentaschen mit Eingriff von oben. Aufgesetzte Tasche aus rei\u00dffestem Baumwollgewebe am linken \u00c4rmel mit Klettverschluss oben und an der Seite, Druckknopf und Schlaufe an der Ecke, Falten-Detail und Stone Island-Logo. Gerippte B\u00fcndchen. Elastischer [&#8230;]\n","protected":false},"featured_media":228730,"comment_status":"open","ping_status":"closed","template":"","meta":{"rank_math_lock_modified_date":false},"product_cat":[483,535,695,698,447,451,463],"product_tag":[],"class_list":{"0":"post-228742","1":"product","2":"type-product","3":"status-publish","4":"has-post-thumbnail","6":"product_cat-stone-island-de-2","7":"product_cat-truien-de-2","8":"product_cat-truien-vesten-de-2","9":"product_cat-sweaters-de-2","10":"product_cat-kleding-de","11":"product_cat-heren-de","12":"product_cat-vousten-sports-de-2","14":"first","15":"instock","16":"taxable","17":"shipping-taxable","18":"purchasable","19":"product-type-variable"},"acf":[],"yoast_head":"<!-- This site is optimized with the Yoast SEO plugin v23.9 - https:\/\/yoast.com\/wordpress\/plugins\/seo\/ -->\n<title>STONE ISLAND - ZIP-UP TRACK SWEATSHIRT ECRU (42614) - Vousten Sports<\/title>\n<meta name=\"robots\" content=\"index, follow, max-snippet:-1, max-image-preview:large, max-video-preview:-1\" \/>\n<link rel=\"canonical\" href=\"https:\/\/www.voustensports.com\/de\/stone-island-zip-up-track-sweatshirt-ecru-42614-2\/\" \/>\n<meta property=\"og:locale\" content=\"de_DE\" \/>\n<meta property=\"og:type\" content=\"article\" \/>\n<meta property=\"og:title\" content=\"STONE ISLAND - ZIP-UP TRACK SWEATSHIRT ECRU (42614) - Vousten Sports\" \/>\n<meta property=\"og:description\" content=\"PRODUKTDETAILS Track Sweatshirt aus Baumwollfleece mit saisonaler Tasche aus rei\u00dffestem Baumwollgewebe. Mittelschweres Material. St\u00fcckgef\u00e4rbt. STIL Doppellagiger Stehkragen. Vertikale Eingrifftaschen mit innenliegender Baumwollbandverst\u00e4rkung. Innentaschen mit Eingriff von oben. Aufgesetzte Tasche aus rei\u00dffestem Baumwollgewebe am linken \u00c4rmel mit Klettverschluss oben und an der Seite, Druckknopf und Schlaufe an der Ecke, Falten-Detail und Stone Island-Logo. Gerippte B\u00fcndchen. Elastischer [...]\" \/>\n<meta property=\"og:url\" content=\"https:\/\/www.voustensports.com\/de\/stone-island-zip-up-track-sweatshirt-ecru-42614-2\/\" \/>\n<meta property=\"og:site_name\" content=\"Vousten Sports\" \/>\n<meta property=\"article:modified_time\" content=\"2026-04-11T18:21:10+00:00\" \/>\n<meta property=\"og:image\" content=\"https:\/\/www.voustensports.com\/wp-content\/uploads\/2023\/06\/ZIP-UP-TRACK-SWEATSHIRT-ECRU-426141.jpg\" \/>\n\t<meta property=\"og:image:width\" content=\"1365\" \/>\n\t<meta property=\"og:image:height\" content=\"2048\" \/>\n\t<meta property=\"og:image:type\" content=\"image\/jpeg\" \/>\n<meta name=\"twitter:card\" content=\"summary_large_image\" \/>\n<script type=\"application\/ld+json\" class=\"yoast-schema-graph\">{\"@context\":\"https:\/\/schema.org\",\"@graph\":[{\"@type\":\"WebPage\",\"@id\":\"https:\/\/www.voustensports.com\/de\/stone-island-zip-up-track-sweatshirt-ecru-42614-2\/\",\"url\":\"https:\/\/www.voustensports.com\/de\/stone-island-zip-up-track-sweatshirt-ecru-42614-2\/\",\"name\":\"STONE ISLAND - ZIP-UP TRACK SWEATSHIRT ECRU (42614) - Vousten Sports\",\"isPartOf\":{\"@id\":\"https:\/\/www.voustensports.com\/nl\/#website\"},\"primaryImageOfPage\":{\"@id\":\"https:\/\/www.voustensports.com\/de\/stone-island-zip-up-track-sweatshirt-ecru-42614-2\/#primaryimage\"},\"image\":{\"@id\":\"https:\/\/www.voustensports.com\/de\/stone-island-zip-up-track-sweatshirt-ecru-42614-2\/#primaryimage\"},\"thumbnailUrl\":\"https:\/\/www.voustensports.com\/wp-content\/uploads\/2023\/06\/ZIP-UP-TRACK-SWEATSHIRT-ECRU-426141.jpg\",\"datePublished\":\"2026-04-11T16:45:08+00:00\",\"dateModified\":\"2026-04-11T18:21:10+00:00\",\"breadcrumb\":{\"@id\":\"https:\/\/www.voustensports.com\/de\/stone-island-zip-up-track-sweatshirt-ecru-42614-2\/#breadcrumb\"},\"inLanguage\":\"de-DE\",\"potentialAction\":[{\"@type\":\"ReadAction\",\"target\":[\"https:\/\/www.voustensports.com\/de\/stone-island-zip-up-track-sweatshirt-ecru-42614-2\/\"]}]},{\"@type\":\"ImageObject\",\"inLanguage\":\"de-DE\",\"@id\":\"https:\/\/www.voustensports.com\/de\/stone-island-zip-up-track-sweatshirt-ecru-42614-2\/#primaryimage\",\"url\":\"https:\/\/www.voustensports.com\/wp-content\/uploads\/2023\/06\/ZIP-UP-TRACK-SWEATSHIRT-ECRU-426141.jpg\",\"contentUrl\":\"https:\/\/www.voustensports.com\/wp-content\/uploads\/2023\/06\/ZIP-UP-TRACK-SWEATSHIRT-ECRU-426141.jpg\",\"width\":1365,\"height\":2048},{\"@type\":\"BreadcrumbList\",\"@id\":\"https:\/\/www.voustensports.com\/de\/stone-island-zip-up-track-sweatshirt-ecru-42614-2\/#breadcrumb\",\"itemListElement\":[{\"@type\":\"ListItem\",\"position\":1,\"name\":\"Home\",\"item\":\"https:\/\/www.voustensports.com\/de\/\"},{\"@type\":\"ListItem\",\"position\":2,\"name\":\"Shop\",\"item\":\"https:\/\/www.voustensports.com\/de\/shop\/\"},{\"@type\":\"ListItem\",\"position\":3,\"name\":\"STONE ISLAND &#8211; ZIP-UP TRACK SWEATSHIRT ECRU (42614)\"}]},{\"@type\":\"WebSite\",\"@id\":\"https:\/\/www.voustensports.com\/nl\/#website\",\"url\":\"https:\/\/www.voustensports.com\/nl\/\",\"name\":\"Vousten Sports\",\"description\":\"\",\"potentialAction\":[{\"@type\":\"SearchAction\",\"target\":{\"@type\":\"EntryPoint\",\"urlTemplate\":\"https:\/\/www.voustensports.com\/nl\/?s={search_term_string}\"},\"query-input\":{\"@type\":\"PropertyValueSpecification\",\"valueRequired\":true,\"valueName\":\"search_term_string\"}}],\"inLanguage\":\"de-DE\"}]}<\/script>\n<!-- \/ Yoast SEO plugin. -->","yoast_head_json":{"title":"STONE ISLAND - ZIP-UP TRACK SWEATSHIRT ECRU (42614) - Vousten Sports","robots":{"index":"index","follow":"follow","max-snippet":"max-snippet:-1","max-image-preview":"max-image-preview:large","max-video-preview":"max-video-preview:-1"},"canonical":"https:\/\/www.voustensports.com\/de\/stone-island-zip-up-track-sweatshirt-ecru-42614-2\/","og_locale":"de_DE","og_type":"article","og_title":"STONE ISLAND - ZIP-UP TRACK SWEATSHIRT ECRU (42614) - Vousten Sports","og_description":"PRODUKTDETAILS Track Sweatshirt aus Baumwollfleece mit saisonaler Tasche aus rei\u00dffestem Baumwollgewebe. Mittelschweres Material. St\u00fcckgef\u00e4rbt. STIL Doppellagiger Stehkragen. Vertikale Eingrifftaschen mit innenliegender Baumwollbandverst\u00e4rkung. Innentaschen mit Eingriff von oben. Aufgesetzte Tasche aus rei\u00dffestem Baumwollgewebe am linken \u00c4rmel mit Klettverschluss oben und an der Seite, Druckknopf und Schlaufe an der Ecke, Falten-Detail und Stone Island-Logo. Gerippte B\u00fcndchen. Elastischer [...]","og_url":"https:\/\/www.voustensports.com\/de\/stone-island-zip-up-track-sweatshirt-ecru-42614-2\/","og_site_name":"Vousten Sports","article_modified_time":"2026-04-11T18:21:10+00:00","og_image":[{"width":1365,"height":2048,"url":"https:\/\/www.voustensports.com\/wp-content\/uploads\/2023\/06\/ZIP-UP-TRACK-SWEATSHIRT-ECRU-426141.jpg","type":"image\/jpeg"}],"twitter_card":"summary_large_image","schema":{"@context":"https:\/\/schema.org","@graph":[{"@type":"WebPage","@id":"https:\/\/www.voustensports.com\/de\/stone-island-zip-up-track-sweatshirt-ecru-42614-2\/","url":"https:\/\/www.voustensports.com\/de\/stone-island-zip-up-track-sweatshirt-ecru-42614-2\/","name":"STONE ISLAND - ZIP-UP TRACK SWEATSHIRT ECRU (42614) - Vousten Sports","isPartOf":{"@id":"https:\/\/www.voustensports.com\/nl\/#website"},"primaryImageOfPage":{"@id":"https:\/\/www.voustensports.com\/de\/stone-island-zip-up-track-sweatshirt-ecru-42614-2\/#primaryimage"},"image":{"@id":"https:\/\/www.voustensports.com\/de\/stone-island-zip-up-track-sweatshirt-ecru-42614-2\/#primaryimage"},"thumbnailUrl":"https:\/\/www.voustensports.com\/wp-content\/uploads\/2023\/06\/ZIP-UP-TRACK-SWEATSHIRT-ECRU-426141.jpg","datePublished":"2026-04-11T16:45:08+00:00","dateModified":"2026-04-11T18:21:10+00:00","breadcrumb":{"@id":"https:\/\/www.voustensports.com\/de\/stone-island-zip-up-track-sweatshirt-ecru-42614-2\/#breadcrumb"},"inLanguage":"de-DE","potentialAction":[{"@type":"ReadAction","target":["https:\/\/www.voustensports.com\/de\/stone-island-zip-up-track-sweatshirt-ecru-42614-2\/"]}]},{"@type":"ImageObject","inLanguage":"de-DE","@id":"https:\/\/www.voustensports.com\/de\/stone-island-zip-up-track-sweatshirt-ecru-42614-2\/#primaryimage","url":"https:\/\/www.voustensports.com\/wp-content\/uploads\/2023\/06\/ZIP-UP-TRACK-SWEATSHIRT-ECRU-426141.jpg","contentUrl":"https:\/\/www.voustensports.com\/wp-content\/uploads\/2023\/06\/ZIP-UP-TRACK-SWEATSHIRT-ECRU-426141.jpg","width":1365,"height":2048},{"@type":"BreadcrumbList","@id":"https:\/\/www.voustensports.com\/de\/stone-island-zip-up-track-sweatshirt-ecru-42614-2\/#breadcrumb","itemListElement":[{"@type":"ListItem","position":1,"name":"Home","item":"https:\/\/www.voustensports.com\/de\/"},{"@type":"ListItem","position":2,"name":"Shop","item":"https:\/\/www.voustensports.com\/de\/shop\/"},{"@type":"ListItem","position":3,"name":"STONE ISLAND &#8211; ZIP-UP TRACK SWEATSHIRT ECRU (42614)"}]},{"@type":"WebSite","@id":"https:\/\/www.voustensports.com\/nl\/#website","url":"https:\/\/www.voustensports.com\/nl\/","name":"Vousten Sports","description":"","potentialAction":[{"@type":"SearchAction","target":{"@type":"EntryPoint","urlTemplate":"https:\/\/www.voustensports.com\/nl\/?s={search_term_string}"},"query-input":{"@type":"PropertyValueSpecification","valueRequired":true,"valueName":"search_term_string"}}],"inLanguage":"de-DE"}]}},"_links":{"self":[{"href":"https:\/\/www.voustensports.com\/de\/wp-json\/wp\/v2\/product\/228742","targetHints":{"allow":["GET"]}}],"collection":[{"href":"https:\/\/www.voustensports.com\/de\/wp-json\/wp\/v2\/product"}],"about":[{"href":"https:\/\/www.voustensports.com\/de\/wp-json\/wp\/v2\/types\/product"}],"replies":[{"embeddable":true,"href":"https:\/\/www.voustensports.com\/de\/wp-json\/wp\/v2\/comments?post=228742"}],"wp:featuredmedia":[{"embeddable":true,"href":"https:\/\/www.voustensports.com\/de\/wp-json\/wp\/v2\/media\/228730"}],"wp:attachment":[{"href":"https:\/\/www.voustensports.com\/de\/wp-json\/wp\/v2\/media?parent=228742"}],"wp:term":[{"taxonomy":"product_cat","embeddable":true,"href":"https:\/\/www.voustensports.com\/de\/wp-json\/wp\/v2\/product_cat?post=228742"},{"taxonomy":"product_tag","embeddable":true,"href":"https:\/\/www.voustensports.com\/de\/wp-json\/wp\/v2\/product_tag?post=228742"}],"curies":[{"name":"wp","href":"https:\/\/api.w.org\/{rel}","templated":true}]}}