{"id":228706,"date":"2026-04-11T17:09:09","date_gmt":"2026-04-11T15:09:09","guid":{"rendered":"https:\/\/www.voustensports.com\/stone-island-zip-up-overshirt-marineblau-42597\/"},"modified":"2026-04-11T18:30:11","modified_gmt":"2026-04-11T16:30:11","slug":"stone-island-zip-up-overshirt-marineblau-42597","status":"publish","type":"product","link":"https:\/\/www.voustensports.com\/de\/stone-island-zip-up-overshirt-marineblau-42597\/","title":{"rendered":"STONE ISLAND &#8211; ZIP-UP OVERSHIRT MARINEBLAU (42597)"},"content":{"rendered":"<div>PRODUKTDETAILS<\/div>\n<div>Overshirt aus Bio-Baumwolle in Broken-Twill-Qualit\u00e4t mit Stretchanteil. Das Kleidungsst\u00fcck wurde mit der exklusiven \u201eOLD\u201c-F\u00e4rbetechnik und anschlie\u00dfendem Ausbleichen gef\u00e4rbt, wodurch ein leicht verwaschener, dreidimensionaler Look entsteht.<\/div>\n<div><\/div>\n<div>STIL<\/div>\n<ul>\n<li>Aufgesetzte Brusttasche mit dreieckiger Patte und Druckknopf.<\/li>\n<li>Innentasche auf Brusth\u00f6he.<\/li>\n<li>R\u00fcckenpasse.<\/li>\n<li>Stone Island Logo am linken \u00c4rmel.<\/li>\n<li>Verstellbare \u00c4rmelb\u00fcndchen mit Druckknopf.<\/li>\n<li>Verdeckter Zwei-Wege-Rei\u00dfverschluss mit Druckknopfleiste oben und unten.<\/li>\n<li>Normale Passform.<\/li>\n<\/ul>\n<div><\/div>\n<div>MATERIAL<\/div>\n<ul>\n<li>98 % Baumwolle, 2 % Elastan\/Spandex<\/li>\n<li>Stone Island Nr.: L1S151200001S0004V0129<\/li>\n<li>ID-Nr.: 42597<\/li>\n<\/ul>\n","protected":false},"excerpt":{"rendered":"<p>PRODUKTDETAILS Overshirt aus Bio-Baumwolle in Broken-Twill-Qualit\u00e4t mit Stretchanteil. Das Kleidungsst\u00fcck wurde mit der exklusiven \u201eOLD\u201c-F\u00e4rbetechnik und anschlie\u00dfendem Ausbleichen gef\u00e4rbt, wodurch ein leicht verwaschener, dreidimensionaler Look entsteht. STIL Aufgesetzte Brusttasche mit dreieckiger Patte und Druckknopf. Innentasche auf Brusth\u00f6he. R\u00fcckenpasse. Stone Island Logo am linken \u00c4rmel. Verstellbare \u00c4rmelb\u00fcndchen mit Druckknopf. Verdeckter Zwei-Wege-Rei\u00dfverschluss mit Druckknopfleiste oben und unten. [&#8230;]\n","protected":false},"featured_media":228694,"comment_status":"open","ping_status":"closed","template":"","meta":{"rank_math_lock_modified_date":false},"product_cat":[447,451,463,483,487,740],"product_tag":[],"class_list":{"0":"post-228706","1":"product","2":"type-product","3":"status-publish","4":"has-post-thumbnail","6":"product_cat-kleding-de","7":"product_cat-heren-de","8":"product_cat-vousten-sports-de-2","9":"product_cat-stone-island-de-2","10":"product_cat-shirt-de-2","11":"product_cat-overshirt-de-2","13":"first","14":"instock","15":"taxable","16":"shipping-taxable","17":"purchasable","18":"product-type-variable"},"acf":[],"yoast_head":"<!-- This site is optimized with the Yoast SEO plugin v23.9 - https:\/\/yoast.com\/wordpress\/plugins\/seo\/ -->\n<title>STONE ISLAND - ZIP-UP OVERSHIRT MARINEBLAU (42597) - Vousten Sports<\/title>\n<meta name=\"robots\" content=\"index, follow, max-snippet:-1, max-image-preview:large, max-video-preview:-1\" \/>\n<link rel=\"canonical\" href=\"https:\/\/www.voustensports.com\/de\/stone-island-zip-up-overshirt-marineblau-42597\/\" \/>\n<meta property=\"og:locale\" content=\"de_DE\" \/>\n<meta property=\"og:type\" content=\"article\" \/>\n<meta property=\"og:title\" content=\"STONE ISLAND - ZIP-UP OVERSHIRT MARINEBLAU (42597) - Vousten Sports\" \/>\n<meta property=\"og:description\" content=\"PRODUKTDETAILS Overshirt aus Bio-Baumwolle in Broken-Twill-Qualit\u00e4t mit Stretchanteil. Das Kleidungsst\u00fcck wurde mit der exklusiven \u201eOLD\u201c-F\u00e4rbetechnik und anschlie\u00dfendem Ausbleichen gef\u00e4rbt, wodurch ein leicht verwaschener, dreidimensionaler Look entsteht. STIL Aufgesetzte Brusttasche mit dreieckiger Patte und Druckknopf. Innentasche auf Brusth\u00f6he. R\u00fcckenpasse. Stone Island Logo am linken \u00c4rmel. Verstellbare \u00c4rmelb\u00fcndchen mit Druckknopf. Verdeckter Zwei-Wege-Rei\u00dfverschluss mit Druckknopfleiste oben und unten. [...]\" \/>\n<meta property=\"og:url\" content=\"https:\/\/www.voustensports.com\/de\/stone-island-zip-up-overshirt-marineblau-42597\/\" \/>\n<meta property=\"og:site_name\" content=\"Vousten Sports\" \/>\n<meta property=\"article:modified_time\" content=\"2026-04-11T16:30:11+00:00\" \/>\n<meta property=\"og:image\" content=\"https:\/\/www.voustensports.com\/wp-content\/uploads\/2023\/06\/ZIP-UP-OVERSHIRT-NAVY-425971.jpg\" \/>\n\t<meta property=\"og:image:width\" content=\"1365\" \/>\n\t<meta property=\"og:image:height\" content=\"2048\" \/>\n\t<meta property=\"og:image:type\" content=\"image\/jpeg\" \/>\n<meta name=\"twitter:card\" content=\"summary_large_image\" \/>\n<script type=\"application\/ld+json\" class=\"yoast-schema-graph\">{\"@context\":\"https:\/\/schema.org\",\"@graph\":[{\"@type\":\"WebPage\",\"@id\":\"https:\/\/www.voustensports.com\/de\/stone-island-zip-up-overshirt-marineblau-42597\/\",\"url\":\"https:\/\/www.voustensports.com\/de\/stone-island-zip-up-overshirt-marineblau-42597\/\",\"name\":\"STONE ISLAND - ZIP-UP OVERSHIRT MARINEBLAU (42597) - Vousten Sports\",\"isPartOf\":{\"@id\":\"https:\/\/www.voustensports.com\/nl\/#website\"},\"primaryImageOfPage\":{\"@id\":\"https:\/\/www.voustensports.com\/de\/stone-island-zip-up-overshirt-marineblau-42597\/#primaryimage\"},\"image\":{\"@id\":\"https:\/\/www.voustensports.com\/de\/stone-island-zip-up-overshirt-marineblau-42597\/#primaryimage\"},\"thumbnailUrl\":\"https:\/\/www.voustensports.com\/wp-content\/uploads\/2023\/06\/ZIP-UP-OVERSHIRT-NAVY-425971.jpg\",\"datePublished\":\"2026-04-11T15:09:09+00:00\",\"dateModified\":\"2026-04-11T16:30:11+00:00\",\"breadcrumb\":{\"@id\":\"https:\/\/www.voustensports.com\/de\/stone-island-zip-up-overshirt-marineblau-42597\/#breadcrumb\"},\"inLanguage\":\"de-DE\",\"potentialAction\":[{\"@type\":\"ReadAction\",\"target\":[\"https:\/\/www.voustensports.com\/de\/stone-island-zip-up-overshirt-marineblau-42597\/\"]}]},{\"@type\":\"ImageObject\",\"inLanguage\":\"de-DE\",\"@id\":\"https:\/\/www.voustensports.com\/de\/stone-island-zip-up-overshirt-marineblau-42597\/#primaryimage\",\"url\":\"https:\/\/www.voustensports.com\/wp-content\/uploads\/2023\/06\/ZIP-UP-OVERSHIRT-NAVY-425971.jpg\",\"contentUrl\":\"https:\/\/www.voustensports.com\/wp-content\/uploads\/2023\/06\/ZIP-UP-OVERSHIRT-NAVY-425971.jpg\",\"width\":1365,\"height\":2048},{\"@type\":\"BreadcrumbList\",\"@id\":\"https:\/\/www.voustensports.com\/de\/stone-island-zip-up-overshirt-marineblau-42597\/#breadcrumb\",\"itemListElement\":[{\"@type\":\"ListItem\",\"position\":1,\"name\":\"Home\",\"item\":\"https:\/\/www.voustensports.com\/de\/\"},{\"@type\":\"ListItem\",\"position\":2,\"name\":\"Shop\",\"item\":\"https:\/\/www.voustensports.com\/de\/shop\/\"},{\"@type\":\"ListItem\",\"position\":3,\"name\":\"STONE ISLAND &#8211; ZIP-UP OVERSHIRT MARINEBLAU (42597)\"}]},{\"@type\":\"WebSite\",\"@id\":\"https:\/\/www.voustensports.com\/nl\/#website\",\"url\":\"https:\/\/www.voustensports.com\/nl\/\",\"name\":\"Vousten Sports\",\"description\":\"\",\"potentialAction\":[{\"@type\":\"SearchAction\",\"target\":{\"@type\":\"EntryPoint\",\"urlTemplate\":\"https:\/\/www.voustensports.com\/nl\/?s={search_term_string}\"},\"query-input\":{\"@type\":\"PropertyValueSpecification\",\"valueRequired\":true,\"valueName\":\"search_term_string\"}}],\"inLanguage\":\"de-DE\"}]}<\/script>\n<!-- \/ Yoast SEO plugin. -->","yoast_head_json":{"title":"STONE ISLAND - ZIP-UP OVERSHIRT MARINEBLAU (42597) - Vousten Sports","robots":{"index":"index","follow":"follow","max-snippet":"max-snippet:-1","max-image-preview":"max-image-preview:large","max-video-preview":"max-video-preview:-1"},"canonical":"https:\/\/www.voustensports.com\/de\/stone-island-zip-up-overshirt-marineblau-42597\/","og_locale":"de_DE","og_type":"article","og_title":"STONE ISLAND - ZIP-UP OVERSHIRT MARINEBLAU (42597) - Vousten Sports","og_description":"PRODUKTDETAILS Overshirt aus Bio-Baumwolle in Broken-Twill-Qualit\u00e4t mit Stretchanteil. Das Kleidungsst\u00fcck wurde mit der exklusiven \u201eOLD\u201c-F\u00e4rbetechnik und anschlie\u00dfendem Ausbleichen gef\u00e4rbt, wodurch ein leicht verwaschener, dreidimensionaler Look entsteht. STIL Aufgesetzte Brusttasche mit dreieckiger Patte und Druckknopf. Innentasche auf Brusth\u00f6he. R\u00fcckenpasse. Stone Island Logo am linken \u00c4rmel. Verstellbare \u00c4rmelb\u00fcndchen mit Druckknopf. Verdeckter Zwei-Wege-Rei\u00dfverschluss mit Druckknopfleiste oben und unten. [...]","og_url":"https:\/\/www.voustensports.com\/de\/stone-island-zip-up-overshirt-marineblau-42597\/","og_site_name":"Vousten Sports","article_modified_time":"2026-04-11T16:30:11+00:00","og_image":[{"width":1365,"height":2048,"url":"https:\/\/www.voustensports.com\/wp-content\/uploads\/2023\/06\/ZIP-UP-OVERSHIRT-NAVY-425971.jpg","type":"image\/jpeg"}],"twitter_card":"summary_large_image","schema":{"@context":"https:\/\/schema.org","@graph":[{"@type":"WebPage","@id":"https:\/\/www.voustensports.com\/de\/stone-island-zip-up-overshirt-marineblau-42597\/","url":"https:\/\/www.voustensports.com\/de\/stone-island-zip-up-overshirt-marineblau-42597\/","name":"STONE ISLAND - ZIP-UP OVERSHIRT MARINEBLAU (42597) - Vousten Sports","isPartOf":{"@id":"https:\/\/www.voustensports.com\/nl\/#website"},"primaryImageOfPage":{"@id":"https:\/\/www.voustensports.com\/de\/stone-island-zip-up-overshirt-marineblau-42597\/#primaryimage"},"image":{"@id":"https:\/\/www.voustensports.com\/de\/stone-island-zip-up-overshirt-marineblau-42597\/#primaryimage"},"thumbnailUrl":"https:\/\/www.voustensports.com\/wp-content\/uploads\/2023\/06\/ZIP-UP-OVERSHIRT-NAVY-425971.jpg","datePublished":"2026-04-11T15:09:09+00:00","dateModified":"2026-04-11T16:30:11+00:00","breadcrumb":{"@id":"https:\/\/www.voustensports.com\/de\/stone-island-zip-up-overshirt-marineblau-42597\/#breadcrumb"},"inLanguage":"de-DE","potentialAction":[{"@type":"ReadAction","target":["https:\/\/www.voustensports.com\/de\/stone-island-zip-up-overshirt-marineblau-42597\/"]}]},{"@type":"ImageObject","inLanguage":"de-DE","@id":"https:\/\/www.voustensports.com\/de\/stone-island-zip-up-overshirt-marineblau-42597\/#primaryimage","url":"https:\/\/www.voustensports.com\/wp-content\/uploads\/2023\/06\/ZIP-UP-OVERSHIRT-NAVY-425971.jpg","contentUrl":"https:\/\/www.voustensports.com\/wp-content\/uploads\/2023\/06\/ZIP-UP-OVERSHIRT-NAVY-425971.jpg","width":1365,"height":2048},{"@type":"BreadcrumbList","@id":"https:\/\/www.voustensports.com\/de\/stone-island-zip-up-overshirt-marineblau-42597\/#breadcrumb","itemListElement":[{"@type":"ListItem","position":1,"name":"Home","item":"https:\/\/www.voustensports.com\/de\/"},{"@type":"ListItem","position":2,"name":"Shop","item":"https:\/\/www.voustensports.com\/de\/shop\/"},{"@type":"ListItem","position":3,"name":"STONE ISLAND &#8211; ZIP-UP OVERSHIRT MARINEBLAU (42597)"}]},{"@type":"WebSite","@id":"https:\/\/www.voustensports.com\/nl\/#website","url":"https:\/\/www.voustensports.com\/nl\/","name":"Vousten Sports","description":"","potentialAction":[{"@type":"SearchAction","target":{"@type":"EntryPoint","urlTemplate":"https:\/\/www.voustensports.com\/nl\/?s={search_term_string}"},"query-input":{"@type":"PropertyValueSpecification","valueRequired":true,"valueName":"search_term_string"}}],"inLanguage":"de-DE"}]}},"_links":{"self":[{"href":"https:\/\/www.voustensports.com\/de\/wp-json\/wp\/v2\/product\/228706","targetHints":{"allow":["GET"]}}],"collection":[{"href":"https:\/\/www.voustensports.com\/de\/wp-json\/wp\/v2\/product"}],"about":[{"href":"https:\/\/www.voustensports.com\/de\/wp-json\/wp\/v2\/types\/product"}],"replies":[{"embeddable":true,"href":"https:\/\/www.voustensports.com\/de\/wp-json\/wp\/v2\/comments?post=228706"}],"wp:featuredmedia":[{"embeddable":true,"href":"https:\/\/www.voustensports.com\/de\/wp-json\/wp\/v2\/media\/228694"}],"wp:attachment":[{"href":"https:\/\/www.voustensports.com\/de\/wp-json\/wp\/v2\/media?parent=228706"}],"wp:term":[{"taxonomy":"product_cat","embeddable":true,"href":"https:\/\/www.voustensports.com\/de\/wp-json\/wp\/v2\/product_cat?post=228706"},{"taxonomy":"product_tag","embeddable":true,"href":"https:\/\/www.voustensports.com\/de\/wp-json\/wp\/v2\/product_tag?post=228706"}],"curies":[{"name":"wp","href":"https:\/\/api.w.org\/{rel}","templated":true}]}}