{"id":228530,"date":"2026-04-11T05:57:08","date_gmt":"2026-04-11T03:57:08","guid":{"rendered":"https:\/\/www.voustensports.com\/stone-island-ghost-gewattete-coach-jacke-hellgrau-42547\/"},"modified":"2026-04-11T07:39:08","modified_gmt":"2026-04-11T05:39:08","slug":"stone-island-ghost-gewattete-coach-jacke-hellgrau-42547","status":"publish","type":"product","link":"https:\/\/www.voustensports.com\/de\/stone-island-ghost-gewattete-coach-jacke-hellgrau-42547\/","title":{"rendered":"STONE ISLAND &#8211; GHOST GEWATTETE COACH-JACKE HELLGRAU (42547)"},"content":{"rendered":"<div>PRODUKTDETAILS<\/div>\n<div>Die Ghost-Kollektion, inspiriert vom Camouflage-Konzept, ist komplett monochrom. Selbst das Stone Island-Logo ist in einer speziellen einfarbigen Version gehalten, die sich harmonisch in das Kleidungsst\u00fcck einf\u00fcgt. Die gesteppte Coach-Jacke ist aus einem Baumwoll-Leinen-Gemisch mit robustem Canvas-Gewebe gefertigt. Der Leinenanteil verleiht dem Stoff eine besondere Struktur. Die Wattierung besteht aus PrimaLoft\u00ae-TC, einer exklusiven Mischung aus hochleistungsf\u00e4higen Isolierfasern (75 % recycelt), die in Zusammenarbeit mit Stone Island f\u00fcr die St\u00fcckf\u00e4rbung entwickelt wurde. Die St\u00fcckf\u00e4rbung erfolgte nach speziellen Rezepturen unter Zugabe eines speziellen Anti-Tropf-Mittels.<\/div>\n<div><\/div>\n<p>STIL<\/p>\n<ul>\n<li>Vertikale Brusttaschen mit Druckknopf.<\/li>\n<li>Vertikale Eingrifftaschen.<\/li>\n<li>Innentaschen mit Eingriff von oben.<\/li>\n<li>Schlichte R\u00fcckenpasse.<\/li>\n<li>Stone Island Ghost-Logo am linken \u00c4rmel.<\/li>\n<li>\u00c4rmelb\u00fcndchen mit Druckknopfverschluss.<\/li>\n<li>Verdeckter Zwei-Wege-Rei\u00dfverschluss mit Druckknopf.<\/li>\n<\/ul>\n<div>MATERIALZUSAMMENSETZUNG<\/div>\n<ul>\n<li>Obermaterial: 74 % Baumwolle, 26 % Leinen;<\/li>\n<li>Futter: 100 % Baumwolle;<\/li>\n<li>Wattierung: 100 % Polyester<\/li>\n<li>Stone Island Nr.: L1S154100038S0F34V0064<\/li>\n<li>ID-Nr.: 42547<\/li>\n<\/ul>\n","protected":false},"excerpt":{"rendered":"<p>PRODUKTDETAILS Die Ghost-Kollektion, inspiriert vom Camouflage-Konzept, ist komplett monochrom. Selbst das Stone Island-Logo ist in einer speziellen einfarbigen Version gehalten, die sich harmonisch in das Kleidungsst\u00fcck einf\u00fcgt. Die gesteppte Coach-Jacke ist aus einem Baumwoll-Leinen-Gemisch mit robustem Canvas-Gewebe gefertigt. Der Leinenanteil verleiht dem Stoff eine besondere Struktur. Die Wattierung besteht aus PrimaLoft\u00ae-TC, einer exklusiven Mischung aus [&#8230;]\n","protected":false},"featured_media":228518,"comment_status":"open","ping_status":"closed","template":"","meta":{"rank_math_lock_modified_date":false},"product_cat":[447,451,463,483,543,702,706],"product_tag":[],"class_list":{"0":"post-228530","1":"product","2":"type-product","3":"status-publish","4":"has-post-thumbnail","6":"product_cat-kleding-de","7":"product_cat-heren-de","8":"product_cat-vousten-sports-de-2","9":"product_cat-stone-island-de-2","10":"product_cat-jassen-de","11":"product_cat-jackets-de","12":"product_cat-jassen-jacks-de","14":"first","15":"instock","16":"taxable","17":"shipping-taxable","18":"purchasable","19":"product-type-variable"},"acf":[],"yoast_head":"<!-- This site is optimized with the Yoast SEO plugin v23.9 - https:\/\/yoast.com\/wordpress\/plugins\/seo\/ -->\n<title>STONE ISLAND - GHOST GEWATTETE COACH-JACKE HELLGRAU (42547) - Vousten Sports<\/title>\n<meta name=\"robots\" content=\"index, follow, max-snippet:-1, max-image-preview:large, max-video-preview:-1\" \/>\n<link rel=\"canonical\" href=\"https:\/\/www.voustensports.com\/de\/stone-island-ghost-gewattete-coach-jacke-hellgrau-42547\/\" \/>\n<meta property=\"og:locale\" content=\"de_DE\" \/>\n<meta property=\"og:type\" content=\"article\" \/>\n<meta property=\"og:title\" content=\"STONE ISLAND - GHOST GEWATTETE COACH-JACKE HELLGRAU (42547) - Vousten Sports\" \/>\n<meta property=\"og:description\" content=\"PRODUKTDETAILS Die Ghost-Kollektion, inspiriert vom Camouflage-Konzept, ist komplett monochrom. Selbst das Stone Island-Logo ist in einer speziellen einfarbigen Version gehalten, die sich harmonisch in das Kleidungsst\u00fcck einf\u00fcgt. Die gesteppte Coach-Jacke ist aus einem Baumwoll-Leinen-Gemisch mit robustem Canvas-Gewebe gefertigt. Der Leinenanteil verleiht dem Stoff eine besondere Struktur. Die Wattierung besteht aus PrimaLoft\u00ae-TC, einer exklusiven Mischung aus [...]\" \/>\n<meta property=\"og:url\" content=\"https:\/\/www.voustensports.com\/de\/stone-island-ghost-gewattete-coach-jacke-hellgrau-42547\/\" \/>\n<meta property=\"og:site_name\" content=\"Vousten Sports\" \/>\n<meta property=\"article:modified_time\" content=\"2026-04-11T05:39:08+00:00\" \/>\n<meta property=\"og:image\" content=\"https:\/\/www.voustensports.com\/wp-content\/uploads\/2023\/06\/GHOST-PADDED-COACH-JACKET-LICHTGRIJS-425471.jpg\" \/>\n\t<meta property=\"og:image:width\" content=\"1365\" \/>\n\t<meta property=\"og:image:height\" content=\"2048\" \/>\n\t<meta property=\"og:image:type\" content=\"image\/jpeg\" \/>\n<meta name=\"twitter:card\" content=\"summary_large_image\" \/>\n<meta name=\"twitter:label1\" content=\"Est. reading time\" \/>\n\t<meta name=\"twitter:data1\" content=\"1 Minute\" \/>\n<script type=\"application\/ld+json\" class=\"yoast-schema-graph\">{\"@context\":\"https:\/\/schema.org\",\"@graph\":[{\"@type\":\"WebPage\",\"@id\":\"https:\/\/www.voustensports.com\/de\/stone-island-ghost-gewattete-coach-jacke-hellgrau-42547\/\",\"url\":\"https:\/\/www.voustensports.com\/de\/stone-island-ghost-gewattete-coach-jacke-hellgrau-42547\/\",\"name\":\"STONE ISLAND - GHOST GEWATTETE COACH-JACKE HELLGRAU (42547) - Vousten Sports\",\"isPartOf\":{\"@id\":\"https:\/\/www.voustensports.com\/nl\/#website\"},\"primaryImageOfPage\":{\"@id\":\"https:\/\/www.voustensports.com\/de\/stone-island-ghost-gewattete-coach-jacke-hellgrau-42547\/#primaryimage\"},\"image\":{\"@id\":\"https:\/\/www.voustensports.com\/de\/stone-island-ghost-gewattete-coach-jacke-hellgrau-42547\/#primaryimage\"},\"thumbnailUrl\":\"https:\/\/www.voustensports.com\/wp-content\/uploads\/2023\/06\/GHOST-PADDED-COACH-JACKET-LICHTGRIJS-425471.jpg\",\"datePublished\":\"2026-04-11T03:57:08+00:00\",\"dateModified\":\"2026-04-11T05:39:08+00:00\",\"breadcrumb\":{\"@id\":\"https:\/\/www.voustensports.com\/de\/stone-island-ghost-gewattete-coach-jacke-hellgrau-42547\/#breadcrumb\"},\"inLanguage\":\"de-DE\",\"potentialAction\":[{\"@type\":\"ReadAction\",\"target\":[\"https:\/\/www.voustensports.com\/de\/stone-island-ghost-gewattete-coach-jacke-hellgrau-42547\/\"]}]},{\"@type\":\"ImageObject\",\"inLanguage\":\"de-DE\",\"@id\":\"https:\/\/www.voustensports.com\/de\/stone-island-ghost-gewattete-coach-jacke-hellgrau-42547\/#primaryimage\",\"url\":\"https:\/\/www.voustensports.com\/wp-content\/uploads\/2023\/06\/GHOST-PADDED-COACH-JACKET-LICHTGRIJS-425471.jpg\",\"contentUrl\":\"https:\/\/www.voustensports.com\/wp-content\/uploads\/2023\/06\/GHOST-PADDED-COACH-JACKET-LICHTGRIJS-425471.jpg\",\"width\":1365,\"height\":2048},{\"@type\":\"BreadcrumbList\",\"@id\":\"https:\/\/www.voustensports.com\/de\/stone-island-ghost-gewattete-coach-jacke-hellgrau-42547\/#breadcrumb\",\"itemListElement\":[{\"@type\":\"ListItem\",\"position\":1,\"name\":\"Home\",\"item\":\"https:\/\/www.voustensports.com\/de\/\"},{\"@type\":\"ListItem\",\"position\":2,\"name\":\"Shop\",\"item\":\"https:\/\/www.voustensports.com\/de\/shop\/\"},{\"@type\":\"ListItem\",\"position\":3,\"name\":\"STONE ISLAND &#8211; GHOST GEWATTETE COACH-JACKE HELLGRAU (42547)\"}]},{\"@type\":\"WebSite\",\"@id\":\"https:\/\/www.voustensports.com\/nl\/#website\",\"url\":\"https:\/\/www.voustensports.com\/nl\/\",\"name\":\"Vousten Sports\",\"description\":\"\",\"potentialAction\":[{\"@type\":\"SearchAction\",\"target\":{\"@type\":\"EntryPoint\",\"urlTemplate\":\"https:\/\/www.voustensports.com\/nl\/?s={search_term_string}\"},\"query-input\":{\"@type\":\"PropertyValueSpecification\",\"valueRequired\":true,\"valueName\":\"search_term_string\"}}],\"inLanguage\":\"de-DE\"}]}<\/script>\n<!-- \/ Yoast SEO plugin. -->","yoast_head_json":{"title":"STONE ISLAND - GHOST GEWATTETE COACH-JACKE HELLGRAU (42547) - Vousten Sports","robots":{"index":"index","follow":"follow","max-snippet":"max-snippet:-1","max-image-preview":"max-image-preview:large","max-video-preview":"max-video-preview:-1"},"canonical":"https:\/\/www.voustensports.com\/de\/stone-island-ghost-gewattete-coach-jacke-hellgrau-42547\/","og_locale":"de_DE","og_type":"article","og_title":"STONE ISLAND - GHOST GEWATTETE COACH-JACKE HELLGRAU (42547) - Vousten Sports","og_description":"PRODUKTDETAILS Die Ghost-Kollektion, inspiriert vom Camouflage-Konzept, ist komplett monochrom. Selbst das Stone Island-Logo ist in einer speziellen einfarbigen Version gehalten, die sich harmonisch in das Kleidungsst\u00fcck einf\u00fcgt. Die gesteppte Coach-Jacke ist aus einem Baumwoll-Leinen-Gemisch mit robustem Canvas-Gewebe gefertigt. Der Leinenanteil verleiht dem Stoff eine besondere Struktur. Die Wattierung besteht aus PrimaLoft\u00ae-TC, einer exklusiven Mischung aus [...]","og_url":"https:\/\/www.voustensports.com\/de\/stone-island-ghost-gewattete-coach-jacke-hellgrau-42547\/","og_site_name":"Vousten Sports","article_modified_time":"2026-04-11T05:39:08+00:00","og_image":[{"width":1365,"height":2048,"url":"https:\/\/www.voustensports.com\/wp-content\/uploads\/2023\/06\/GHOST-PADDED-COACH-JACKET-LICHTGRIJS-425471.jpg","type":"image\/jpeg"}],"twitter_card":"summary_large_image","twitter_misc":{"Est. reading time":"1 Minute"},"schema":{"@context":"https:\/\/schema.org","@graph":[{"@type":"WebPage","@id":"https:\/\/www.voustensports.com\/de\/stone-island-ghost-gewattete-coach-jacke-hellgrau-42547\/","url":"https:\/\/www.voustensports.com\/de\/stone-island-ghost-gewattete-coach-jacke-hellgrau-42547\/","name":"STONE ISLAND - GHOST GEWATTETE COACH-JACKE HELLGRAU (42547) - Vousten Sports","isPartOf":{"@id":"https:\/\/www.voustensports.com\/nl\/#website"},"primaryImageOfPage":{"@id":"https:\/\/www.voustensports.com\/de\/stone-island-ghost-gewattete-coach-jacke-hellgrau-42547\/#primaryimage"},"image":{"@id":"https:\/\/www.voustensports.com\/de\/stone-island-ghost-gewattete-coach-jacke-hellgrau-42547\/#primaryimage"},"thumbnailUrl":"https:\/\/www.voustensports.com\/wp-content\/uploads\/2023\/06\/GHOST-PADDED-COACH-JACKET-LICHTGRIJS-425471.jpg","datePublished":"2026-04-11T03:57:08+00:00","dateModified":"2026-04-11T05:39:08+00:00","breadcrumb":{"@id":"https:\/\/www.voustensports.com\/de\/stone-island-ghost-gewattete-coach-jacke-hellgrau-42547\/#breadcrumb"},"inLanguage":"de-DE","potentialAction":[{"@type":"ReadAction","target":["https:\/\/www.voustensports.com\/de\/stone-island-ghost-gewattete-coach-jacke-hellgrau-42547\/"]}]},{"@type":"ImageObject","inLanguage":"de-DE","@id":"https:\/\/www.voustensports.com\/de\/stone-island-ghost-gewattete-coach-jacke-hellgrau-42547\/#primaryimage","url":"https:\/\/www.voustensports.com\/wp-content\/uploads\/2023\/06\/GHOST-PADDED-COACH-JACKET-LICHTGRIJS-425471.jpg","contentUrl":"https:\/\/www.voustensports.com\/wp-content\/uploads\/2023\/06\/GHOST-PADDED-COACH-JACKET-LICHTGRIJS-425471.jpg","width":1365,"height":2048},{"@type":"BreadcrumbList","@id":"https:\/\/www.voustensports.com\/de\/stone-island-ghost-gewattete-coach-jacke-hellgrau-42547\/#breadcrumb","itemListElement":[{"@type":"ListItem","position":1,"name":"Home","item":"https:\/\/www.voustensports.com\/de\/"},{"@type":"ListItem","position":2,"name":"Shop","item":"https:\/\/www.voustensports.com\/de\/shop\/"},{"@type":"ListItem","position":3,"name":"STONE ISLAND &#8211; GHOST GEWATTETE COACH-JACKE HELLGRAU (42547)"}]},{"@type":"WebSite","@id":"https:\/\/www.voustensports.com\/nl\/#website","url":"https:\/\/www.voustensports.com\/nl\/","name":"Vousten Sports","description":"","potentialAction":[{"@type":"SearchAction","target":{"@type":"EntryPoint","urlTemplate":"https:\/\/www.voustensports.com\/nl\/?s={search_term_string}"},"query-input":{"@type":"PropertyValueSpecification","valueRequired":true,"valueName":"search_term_string"}}],"inLanguage":"de-DE"}]}},"_links":{"self":[{"href":"https:\/\/www.voustensports.com\/de\/wp-json\/wp\/v2\/product\/228530","targetHints":{"allow":["GET"]}}],"collection":[{"href":"https:\/\/www.voustensports.com\/de\/wp-json\/wp\/v2\/product"}],"about":[{"href":"https:\/\/www.voustensports.com\/de\/wp-json\/wp\/v2\/types\/product"}],"replies":[{"embeddable":true,"href":"https:\/\/www.voustensports.com\/de\/wp-json\/wp\/v2\/comments?post=228530"}],"wp:featuredmedia":[{"embeddable":true,"href":"https:\/\/www.voustensports.com\/de\/wp-json\/wp\/v2\/media\/228518"}],"wp:attachment":[{"href":"https:\/\/www.voustensports.com\/de\/wp-json\/wp\/v2\/media?parent=228530"}],"wp:term":[{"taxonomy":"product_cat","embeddable":true,"href":"https:\/\/www.voustensports.com\/de\/wp-json\/wp\/v2\/product_cat?post=228530"},{"taxonomy":"product_tag","embeddable":true,"href":"https:\/\/www.voustensports.com\/de\/wp-json\/wp\/v2\/product_tag?post=228530"}],"curies":[{"name":"wp","href":"https:\/\/api.w.org\/{rel}","templated":true}]}}