{"id":228176,"date":"2026-03-29T07:42:09","date_gmt":"2026-03-29T05:42:09","guid":{"rendered":"https:\/\/www.voustensports.com\/herno-hose-beige-42729\/"},"modified":"2026-03-29T09:21:08","modified_gmt":"2026-03-29T07:21:08","slug":"herno-hose-beige-42729","status":"publish","type":"product","link":"https:\/\/www.voustensports.com\/de\/herno-hose-beige-42729\/","title":{"rendered":"HERNO &#8211; HOSE BEIGE (42729)"},"content":{"rendered":"<div>PRODUKTDETAILS<\/div>\n<div>Diese Hose aus mechanischem Stretch-Twill mit charakteristischer Waschung verleiht einen welligen Vintage-Effekt und f\u00fchlt sich angenehm weich an. Herno interpretiert den smarten Casual-Look der Chino neu \u2013 mit technischen Materialien, die f\u00fcr eine perfekte Passform sorgen, und einem Kordelzug im Bund f\u00fcr maximalen Tragekomfort.<\/div>\n<div><\/div>\n<div>STIL<\/div>\n<ul>\n<li>Normale Passform<\/li>\n<li>Elastischer Einsatz im Bund mit Kordelzug<\/li>\n<li>Abn\u00e4her und B\u00fcgelfalten<\/li>\n<li>Seitentaschen<\/li>\n<li>Ges\u00e4\u00dftaschen<\/li>\n<li>Herno-Logo aus Metall hinten<\/li>\n<li>Verdeckter Rei\u00dfverschluss und Knopfverschluss<\/li>\n<li>Hergestellt in Italien<\/li>\n<\/ul>\n<div><\/div>\n<div>MATERIAL<\/div>\n<ul>\n<li>100 % POLYESTER<\/li>\n<li>FUTTER: 100 % BAUMWOLLE<\/li>\n<\/ul>\n","protected":false},"excerpt":{"rendered":"<p>PRODUKTDETAILS Diese Hose aus mechanischem Stretch-Twill mit charakteristischer Waschung verleiht einen welligen Vintage-Effekt und f\u00fchlt sich angenehm weich an. Herno interpretiert den smarten Casual-Look der Chino neu \u2013 mit technischen Materialien, die f\u00fcr eine perfekte Passform sorgen, und einem Kordelzug im Bund f\u00fcr maximalen Tragekomfort. STIL Normale Passform Elastischer Einsatz im Bund mit Kordelzug Abn\u00e4her [&#8230;]\n","protected":false},"featured_media":228160,"comment_status":"open","ping_status":"closed","template":"","meta":{"rank_math_lock_modified_date":false},"product_cat":[447,451,463,467,728,787,1005],"product_tag":[],"class_list":{"0":"post-228176","1":"product","2":"type-product","3":"status-publish","4":"has-post-thumbnail","6":"product_cat-kleding-de","7":"product_cat-heren-de","8":"product_cat-vousten-sports-de-2","9":"product_cat-hosen-de","10":"product_cat-herno-de","11":"product_cat-broek-de","12":"product_cat-chino-de","14":"first","15":"instock","16":"taxable","17":"shipping-taxable","18":"purchasable","19":"product-type-variable"},"acf":[],"yoast_head":"<!-- This site is optimized with the Yoast SEO plugin v23.9 - https:\/\/yoast.com\/wordpress\/plugins\/seo\/ -->\n<title>HERNO - HOSE BEIGE (42729) - Vousten Sports<\/title>\n<meta name=\"robots\" content=\"index, follow, max-snippet:-1, max-image-preview:large, max-video-preview:-1\" \/>\n<link rel=\"canonical\" href=\"https:\/\/www.voustensports.com\/de\/herno-hose-beige-42729\/\" \/>\n<meta property=\"og:locale\" content=\"de_DE\" \/>\n<meta property=\"og:type\" content=\"article\" \/>\n<meta property=\"og:title\" content=\"HERNO - HOSE BEIGE (42729) - Vousten Sports\" \/>\n<meta property=\"og:description\" content=\"PRODUKTDETAILS Diese Hose aus mechanischem Stretch-Twill mit charakteristischer Waschung verleiht einen welligen Vintage-Effekt und f\u00fchlt sich angenehm weich an. Herno interpretiert den smarten Casual-Look der Chino neu \u2013 mit technischen Materialien, die f\u00fcr eine perfekte Passform sorgen, und einem Kordelzug im Bund f\u00fcr maximalen Tragekomfort. STIL Normale Passform Elastischer Einsatz im Bund mit Kordelzug Abn\u00e4her [...]\" \/>\n<meta property=\"og:url\" content=\"https:\/\/www.voustensports.com\/de\/herno-hose-beige-42729\/\" \/>\n<meta property=\"og:site_name\" content=\"Vousten Sports\" \/>\n<meta property=\"article:modified_time\" content=\"2026-03-29T07:21:08+00:00\" \/>\n<meta property=\"og:image\" content=\"https:\/\/www.voustensports.com\/wp-content\/uploads\/2023\/06\/TROUSERS-BEIGE-427291.jpg\" \/>\n\t<meta property=\"og:image:width\" content=\"1609\" \/>\n\t<meta property=\"og:image:height\" content=\"2048\" \/>\n\t<meta property=\"og:image:type\" content=\"image\/jpeg\" \/>\n<meta name=\"twitter:card\" content=\"summary_large_image\" \/>\n<script type=\"application\/ld+json\" class=\"yoast-schema-graph\">{\"@context\":\"https:\/\/schema.org\",\"@graph\":[{\"@type\":\"WebPage\",\"@id\":\"https:\/\/www.voustensports.com\/de\/herno-hose-beige-42729\/\",\"url\":\"https:\/\/www.voustensports.com\/de\/herno-hose-beige-42729\/\",\"name\":\"HERNO - HOSE BEIGE (42729) - Vousten Sports\",\"isPartOf\":{\"@id\":\"https:\/\/www.voustensports.com\/nl\/#website\"},\"primaryImageOfPage\":{\"@id\":\"https:\/\/www.voustensports.com\/de\/herno-hose-beige-42729\/#primaryimage\"},\"image\":{\"@id\":\"https:\/\/www.voustensports.com\/de\/herno-hose-beige-42729\/#primaryimage\"},\"thumbnailUrl\":\"https:\/\/www.voustensports.com\/wp-content\/uploads\/2023\/06\/TROUSERS-BEIGE-427291.jpg\",\"datePublished\":\"2026-03-29T05:42:09+00:00\",\"dateModified\":\"2026-03-29T07:21:08+00:00\",\"breadcrumb\":{\"@id\":\"https:\/\/www.voustensports.com\/de\/herno-hose-beige-42729\/#breadcrumb\"},\"inLanguage\":\"de-DE\",\"potentialAction\":[{\"@type\":\"ReadAction\",\"target\":[\"https:\/\/www.voustensports.com\/de\/herno-hose-beige-42729\/\"]}]},{\"@type\":\"ImageObject\",\"inLanguage\":\"de-DE\",\"@id\":\"https:\/\/www.voustensports.com\/de\/herno-hose-beige-42729\/#primaryimage\",\"url\":\"https:\/\/www.voustensports.com\/wp-content\/uploads\/2023\/06\/TROUSERS-BEIGE-427291.jpg\",\"contentUrl\":\"https:\/\/www.voustensports.com\/wp-content\/uploads\/2023\/06\/TROUSERS-BEIGE-427291.jpg\",\"width\":1609,\"height\":2048},{\"@type\":\"BreadcrumbList\",\"@id\":\"https:\/\/www.voustensports.com\/de\/herno-hose-beige-42729\/#breadcrumb\",\"itemListElement\":[{\"@type\":\"ListItem\",\"position\":1,\"name\":\"Home\",\"item\":\"https:\/\/www.voustensports.com\/de\/\"},{\"@type\":\"ListItem\",\"position\":2,\"name\":\"Shop\",\"item\":\"https:\/\/www.voustensports.com\/de\/shop\/\"},{\"@type\":\"ListItem\",\"position\":3,\"name\":\"HERNO &#8211; HOSE BEIGE (42729)\"}]},{\"@type\":\"WebSite\",\"@id\":\"https:\/\/www.voustensports.com\/nl\/#website\",\"url\":\"https:\/\/www.voustensports.com\/nl\/\",\"name\":\"Vousten Sports\",\"description\":\"\",\"potentialAction\":[{\"@type\":\"SearchAction\",\"target\":{\"@type\":\"EntryPoint\",\"urlTemplate\":\"https:\/\/www.voustensports.com\/nl\/?s={search_term_string}\"},\"query-input\":{\"@type\":\"PropertyValueSpecification\",\"valueRequired\":true,\"valueName\":\"search_term_string\"}}],\"inLanguage\":\"de-DE\"}]}<\/script>\n<!-- \/ Yoast SEO plugin. -->","yoast_head_json":{"title":"HERNO - HOSE BEIGE (42729) - Vousten Sports","robots":{"index":"index","follow":"follow","max-snippet":"max-snippet:-1","max-image-preview":"max-image-preview:large","max-video-preview":"max-video-preview:-1"},"canonical":"https:\/\/www.voustensports.com\/de\/herno-hose-beige-42729\/","og_locale":"de_DE","og_type":"article","og_title":"HERNO - HOSE BEIGE (42729) - Vousten Sports","og_description":"PRODUKTDETAILS Diese Hose aus mechanischem Stretch-Twill mit charakteristischer Waschung verleiht einen welligen Vintage-Effekt und f\u00fchlt sich angenehm weich an. Herno interpretiert den smarten Casual-Look der Chino neu \u2013 mit technischen Materialien, die f\u00fcr eine perfekte Passform sorgen, und einem Kordelzug im Bund f\u00fcr maximalen Tragekomfort. STIL Normale Passform Elastischer Einsatz im Bund mit Kordelzug Abn\u00e4her [...]","og_url":"https:\/\/www.voustensports.com\/de\/herno-hose-beige-42729\/","og_site_name":"Vousten Sports","article_modified_time":"2026-03-29T07:21:08+00:00","og_image":[{"width":1609,"height":2048,"url":"https:\/\/www.voustensports.com\/wp-content\/uploads\/2023\/06\/TROUSERS-BEIGE-427291.jpg","type":"image\/jpeg"}],"twitter_card":"summary_large_image","schema":{"@context":"https:\/\/schema.org","@graph":[{"@type":"WebPage","@id":"https:\/\/www.voustensports.com\/de\/herno-hose-beige-42729\/","url":"https:\/\/www.voustensports.com\/de\/herno-hose-beige-42729\/","name":"HERNO - HOSE BEIGE (42729) - Vousten Sports","isPartOf":{"@id":"https:\/\/www.voustensports.com\/nl\/#website"},"primaryImageOfPage":{"@id":"https:\/\/www.voustensports.com\/de\/herno-hose-beige-42729\/#primaryimage"},"image":{"@id":"https:\/\/www.voustensports.com\/de\/herno-hose-beige-42729\/#primaryimage"},"thumbnailUrl":"https:\/\/www.voustensports.com\/wp-content\/uploads\/2023\/06\/TROUSERS-BEIGE-427291.jpg","datePublished":"2026-03-29T05:42:09+00:00","dateModified":"2026-03-29T07:21:08+00:00","breadcrumb":{"@id":"https:\/\/www.voustensports.com\/de\/herno-hose-beige-42729\/#breadcrumb"},"inLanguage":"de-DE","potentialAction":[{"@type":"ReadAction","target":["https:\/\/www.voustensports.com\/de\/herno-hose-beige-42729\/"]}]},{"@type":"ImageObject","inLanguage":"de-DE","@id":"https:\/\/www.voustensports.com\/de\/herno-hose-beige-42729\/#primaryimage","url":"https:\/\/www.voustensports.com\/wp-content\/uploads\/2023\/06\/TROUSERS-BEIGE-427291.jpg","contentUrl":"https:\/\/www.voustensports.com\/wp-content\/uploads\/2023\/06\/TROUSERS-BEIGE-427291.jpg","width":1609,"height":2048},{"@type":"BreadcrumbList","@id":"https:\/\/www.voustensports.com\/de\/herno-hose-beige-42729\/#breadcrumb","itemListElement":[{"@type":"ListItem","position":1,"name":"Home","item":"https:\/\/www.voustensports.com\/de\/"},{"@type":"ListItem","position":2,"name":"Shop","item":"https:\/\/www.voustensports.com\/de\/shop\/"},{"@type":"ListItem","position":3,"name":"HERNO &#8211; HOSE BEIGE (42729)"}]},{"@type":"WebSite","@id":"https:\/\/www.voustensports.com\/nl\/#website","url":"https:\/\/www.voustensports.com\/nl\/","name":"Vousten Sports","description":"","potentialAction":[{"@type":"SearchAction","target":{"@type":"EntryPoint","urlTemplate":"https:\/\/www.voustensports.com\/nl\/?s={search_term_string}"},"query-input":{"@type":"PropertyValueSpecification","valueRequired":true,"valueName":"search_term_string"}}],"inLanguage":"de-DE"}]}},"_links":{"self":[{"href":"https:\/\/www.voustensports.com\/de\/wp-json\/wp\/v2\/product\/228176","targetHints":{"allow":["GET"]}}],"collection":[{"href":"https:\/\/www.voustensports.com\/de\/wp-json\/wp\/v2\/product"}],"about":[{"href":"https:\/\/www.voustensports.com\/de\/wp-json\/wp\/v2\/types\/product"}],"replies":[{"embeddable":true,"href":"https:\/\/www.voustensports.com\/de\/wp-json\/wp\/v2\/comments?post=228176"}],"wp:featuredmedia":[{"embeddable":true,"href":"https:\/\/www.voustensports.com\/de\/wp-json\/wp\/v2\/media\/228160"}],"wp:attachment":[{"href":"https:\/\/www.voustensports.com\/de\/wp-json\/wp\/v2\/media?parent=228176"}],"wp:term":[{"taxonomy":"product_cat","embeddable":true,"href":"https:\/\/www.voustensports.com\/de\/wp-json\/wp\/v2\/product_cat?post=228176"},{"taxonomy":"product_tag","embeddable":true,"href":"https:\/\/www.voustensports.com\/de\/wp-json\/wp\/v2\/product_tag?post=228176"}],"curies":[{"name":"wp","href":"https:\/\/api.w.org\/{rel}","templated":true}]}}