{"id":227694,"date":"2026-03-22T04:48:08","date_gmt":"2026-03-22T03:48:08","guid":{"rendered":"https:\/\/www.voustensports.com\/jacob-cohen-overshirt-jacket-navy-s4343-y99-42290-2\/"},"modified":"2026-04-14T05:33:11","modified_gmt":"2026-04-14T03:33:11","slug":"jacob-cohen-overshirt-jacket-navy-s4343-y99-42290-2","status":"publish","type":"product","link":"https:\/\/www.voustensports.com\/de\/jacob-cohen-overshirt-jacket-navy-s4343-y99-42290-2\/","title":{"rendered":"Jacob Coh\u00ebn &#8211; Overshirt Jacket navy S4343 Y99 (42290)"},"content":{"rendered":"<p>Diese sch\u00f6ne Jacke hat die Passform einer Trucker-Jacke\/Jeansjacke. F\u00e4llt sch\u00f6n kurz aus und ist durch den Stretchstoff angenehm zu tragen. Erkennbar am Wildleder-Patch von Jacob Coh\u00ebn auf der R\u00fcckseite.<\/p>\n<p><strong>Das Model ist 176 cm gro\u00df, wiegt 80 kg und tr\u00e4gt Gr\u00f6\u00dfe 50.<\/strong><\/p>\n<ul>\n<li>Leichtes \u00dcberhemd<\/li>\n<li>Normale Passform<\/li>\n<li>Marineblauer Stretchstoff aus reiner Schurwolle und Nylon mit diagonaler Twillbindung<\/li>\n<li>Dunkelgraue Kn\u00f6pfe<\/li>\n<li>Dunkelbrauner Logo-Patch auf der R\u00fcckseite<\/li>\n<li>Aufgesetzte Taschen und Seitentaschen<\/li>\n<li>Material: 53 % Schurwolle, 38 % Viskose, 7 % Polyamid, 2 % Elasthan<\/li>\n<li>Hergestellt in Italien<\/li>\n<\/ul>\n","protected":false},"excerpt":{"rendered":"<p>Diese sch\u00f6ne Jacke hat die Passform einer Trucker-Jacke\/Jeansjacke. F\u00e4llt sch\u00f6n kurz aus und ist durch den Stretchstoff angenehm zu tragen. Erkennbar am Wildleder-Patch von Jacob Coh\u00ebn auf der R\u00fcckseite. Das Model ist 176 cm gro\u00df, wiegt 80 kg und tr\u00e4gt Gr\u00f6\u00dfe 50. Leichtes \u00dcberhemd Normale Passform Marineblauer Stretchstoff aus reiner Schurwolle und Nylon mit diagonaler [&#8230;]\n","protected":false},"featured_media":227684,"comment_status":"open","ping_status":"closed","template":"","meta":{"rank_math_lock_modified_date":false},"product_cat":[447,451,463,487,702,706,740,1017],"product_tag":[],"class_list":{"0":"post-227694","1":"product","2":"type-product","3":"status-publish","4":"has-post-thumbnail","6":"product_cat-kleding-de","7":"product_cat-heren-de","8":"product_cat-vousten-sports-de-2","9":"product_cat-shirt-de-2","10":"product_cat-jackets-de","11":"product_cat-jassen-jacks-de","12":"product_cat-overshirt-de-2","13":"product_cat-jacob-cohen-de","15":"first","16":"instock","17":"taxable","18":"shipping-taxable","19":"purchasable","20":"product-type-variable"},"acf":[],"yoast_head":"<!-- This site is optimized with the Yoast SEO plugin v23.9 - https:\/\/yoast.com\/wordpress\/plugins\/seo\/ -->\n<title>Jacob Coh\u00ebn - Overshirt Jacket navy S4343 Y99 (42290) - Vousten Sports<\/title>\n<meta name=\"robots\" content=\"index, follow, max-snippet:-1, max-image-preview:large, max-video-preview:-1\" \/>\n<link rel=\"canonical\" href=\"https:\/\/www.voustensports.com\/de\/jacob-cohen-overshirt-jacket-navy-s4343-y99-42290-2\/\" \/>\n<meta property=\"og:locale\" content=\"de_DE\" \/>\n<meta property=\"og:type\" content=\"article\" \/>\n<meta property=\"og:title\" content=\"Jacob Coh\u00ebn - Overshirt Jacket navy S4343 Y99 (42290) - Vousten Sports\" \/>\n<meta property=\"og:description\" content=\"Diese sch\u00f6ne Jacke hat die Passform einer Trucker-Jacke\/Jeansjacke. F\u00e4llt sch\u00f6n kurz aus und ist durch den Stretchstoff angenehm zu tragen. Erkennbar am Wildleder-Patch von Jacob Coh\u00ebn auf der R\u00fcckseite. Das Model ist 176 cm gro\u00df, wiegt 80 kg und tr\u00e4gt Gr\u00f6\u00dfe 50. Leichtes \u00dcberhemd Normale Passform Marineblauer Stretchstoff aus reiner Schurwolle und Nylon mit diagonaler [...]\" \/>\n<meta property=\"og:url\" content=\"https:\/\/www.voustensports.com\/de\/jacob-cohen-overshirt-jacket-navy-s4343-y99-42290-2\/\" \/>\n<meta property=\"og:site_name\" content=\"Vousten Sports\" \/>\n<meta property=\"article:modified_time\" content=\"2026-04-14T03:33:11+00:00\" \/>\n<meta property=\"og:image\" content=\"https:\/\/www.voustensports.com\/wp-content\/uploads\/2023\/06\/Overshirt-Jacket-navy-S4343-Y99-422901.jpg\" \/>\n\t<meta property=\"og:image:width\" content=\"1638\" \/>\n\t<meta property=\"og:image:height\" content=\"2048\" \/>\n\t<meta property=\"og:image:type\" content=\"image\/jpeg\" \/>\n<meta name=\"twitter:card\" content=\"summary_large_image\" \/>\n<script type=\"application\/ld+json\" class=\"yoast-schema-graph\">{\"@context\":\"https:\/\/schema.org\",\"@graph\":[{\"@type\":\"WebPage\",\"@id\":\"https:\/\/www.voustensports.com\/de\/jacob-cohen-overshirt-jacket-navy-s4343-y99-42290-2\/\",\"url\":\"https:\/\/www.voustensports.com\/de\/jacob-cohen-overshirt-jacket-navy-s4343-y99-42290-2\/\",\"name\":\"Jacob Coh\u00ebn - Overshirt Jacket navy S4343 Y99 (42290) - Vousten Sports\",\"isPartOf\":{\"@id\":\"https:\/\/www.voustensports.com\/nl\/#website\"},\"primaryImageOfPage\":{\"@id\":\"https:\/\/www.voustensports.com\/de\/jacob-cohen-overshirt-jacket-navy-s4343-y99-42290-2\/#primaryimage\"},\"image\":{\"@id\":\"https:\/\/www.voustensports.com\/de\/jacob-cohen-overshirt-jacket-navy-s4343-y99-42290-2\/#primaryimage\"},\"thumbnailUrl\":\"https:\/\/www.voustensports.com\/wp-content\/uploads\/2023\/06\/Overshirt-Jacket-navy-S4343-Y99-422901.jpg\",\"datePublished\":\"2026-03-22T03:48:08+00:00\",\"dateModified\":\"2026-04-14T03:33:11+00:00\",\"breadcrumb\":{\"@id\":\"https:\/\/www.voustensports.com\/de\/jacob-cohen-overshirt-jacket-navy-s4343-y99-42290-2\/#breadcrumb\"},\"inLanguage\":\"de-DE\",\"potentialAction\":[{\"@type\":\"ReadAction\",\"target\":[\"https:\/\/www.voustensports.com\/de\/jacob-cohen-overshirt-jacket-navy-s4343-y99-42290-2\/\"]}]},{\"@type\":\"ImageObject\",\"inLanguage\":\"de-DE\",\"@id\":\"https:\/\/www.voustensports.com\/de\/jacob-cohen-overshirt-jacket-navy-s4343-y99-42290-2\/#primaryimage\",\"url\":\"https:\/\/www.voustensports.com\/wp-content\/uploads\/2023\/06\/Overshirt-Jacket-navy-S4343-Y99-422901.jpg\",\"contentUrl\":\"https:\/\/www.voustensports.com\/wp-content\/uploads\/2023\/06\/Overshirt-Jacket-navy-S4343-Y99-422901.jpg\",\"width\":1638,\"height\":2048},{\"@type\":\"BreadcrumbList\",\"@id\":\"https:\/\/www.voustensports.com\/de\/jacob-cohen-overshirt-jacket-navy-s4343-y99-42290-2\/#breadcrumb\",\"itemListElement\":[{\"@type\":\"ListItem\",\"position\":1,\"name\":\"Home\",\"item\":\"https:\/\/www.voustensports.com\/de\/\"},{\"@type\":\"ListItem\",\"position\":2,\"name\":\"Shop\",\"item\":\"https:\/\/www.voustensports.com\/de\/shop\/\"},{\"@type\":\"ListItem\",\"position\":3,\"name\":\"Jacob Coh\u00ebn &#8211; Overshirt Jacket navy S4343 Y99 (42290)\"}]},{\"@type\":\"WebSite\",\"@id\":\"https:\/\/www.voustensports.com\/nl\/#website\",\"url\":\"https:\/\/www.voustensports.com\/nl\/\",\"name\":\"Vousten Sports\",\"description\":\"\",\"potentialAction\":[{\"@type\":\"SearchAction\",\"target\":{\"@type\":\"EntryPoint\",\"urlTemplate\":\"https:\/\/www.voustensports.com\/nl\/?s={search_term_string}\"},\"query-input\":{\"@type\":\"PropertyValueSpecification\",\"valueRequired\":true,\"valueName\":\"search_term_string\"}}],\"inLanguage\":\"de-DE\"}]}<\/script>\n<!-- \/ Yoast SEO plugin. -->","yoast_head_json":{"title":"Jacob Coh\u00ebn - Overshirt Jacket navy S4343 Y99 (42290) - Vousten Sports","robots":{"index":"index","follow":"follow","max-snippet":"max-snippet:-1","max-image-preview":"max-image-preview:large","max-video-preview":"max-video-preview:-1"},"canonical":"https:\/\/www.voustensports.com\/de\/jacob-cohen-overshirt-jacket-navy-s4343-y99-42290-2\/","og_locale":"de_DE","og_type":"article","og_title":"Jacob Coh\u00ebn - Overshirt Jacket navy S4343 Y99 (42290) - Vousten Sports","og_description":"Diese sch\u00f6ne Jacke hat die Passform einer Trucker-Jacke\/Jeansjacke. F\u00e4llt sch\u00f6n kurz aus und ist durch den Stretchstoff angenehm zu tragen. Erkennbar am Wildleder-Patch von Jacob Coh\u00ebn auf der R\u00fcckseite. Das Model ist 176 cm gro\u00df, wiegt 80 kg und tr\u00e4gt Gr\u00f6\u00dfe 50. Leichtes \u00dcberhemd Normale Passform Marineblauer Stretchstoff aus reiner Schurwolle und Nylon mit diagonaler [...]","og_url":"https:\/\/www.voustensports.com\/de\/jacob-cohen-overshirt-jacket-navy-s4343-y99-42290-2\/","og_site_name":"Vousten Sports","article_modified_time":"2026-04-14T03:33:11+00:00","og_image":[{"width":1638,"height":2048,"url":"https:\/\/www.voustensports.com\/wp-content\/uploads\/2023\/06\/Overshirt-Jacket-navy-S4343-Y99-422901.jpg","type":"image\/jpeg"}],"twitter_card":"summary_large_image","schema":{"@context":"https:\/\/schema.org","@graph":[{"@type":"WebPage","@id":"https:\/\/www.voustensports.com\/de\/jacob-cohen-overshirt-jacket-navy-s4343-y99-42290-2\/","url":"https:\/\/www.voustensports.com\/de\/jacob-cohen-overshirt-jacket-navy-s4343-y99-42290-2\/","name":"Jacob Coh\u00ebn - Overshirt Jacket navy S4343 Y99 (42290) - Vousten Sports","isPartOf":{"@id":"https:\/\/www.voustensports.com\/nl\/#website"},"primaryImageOfPage":{"@id":"https:\/\/www.voustensports.com\/de\/jacob-cohen-overshirt-jacket-navy-s4343-y99-42290-2\/#primaryimage"},"image":{"@id":"https:\/\/www.voustensports.com\/de\/jacob-cohen-overshirt-jacket-navy-s4343-y99-42290-2\/#primaryimage"},"thumbnailUrl":"https:\/\/www.voustensports.com\/wp-content\/uploads\/2023\/06\/Overshirt-Jacket-navy-S4343-Y99-422901.jpg","datePublished":"2026-03-22T03:48:08+00:00","dateModified":"2026-04-14T03:33:11+00:00","breadcrumb":{"@id":"https:\/\/www.voustensports.com\/de\/jacob-cohen-overshirt-jacket-navy-s4343-y99-42290-2\/#breadcrumb"},"inLanguage":"de-DE","potentialAction":[{"@type":"ReadAction","target":["https:\/\/www.voustensports.com\/de\/jacob-cohen-overshirt-jacket-navy-s4343-y99-42290-2\/"]}]},{"@type":"ImageObject","inLanguage":"de-DE","@id":"https:\/\/www.voustensports.com\/de\/jacob-cohen-overshirt-jacket-navy-s4343-y99-42290-2\/#primaryimage","url":"https:\/\/www.voustensports.com\/wp-content\/uploads\/2023\/06\/Overshirt-Jacket-navy-S4343-Y99-422901.jpg","contentUrl":"https:\/\/www.voustensports.com\/wp-content\/uploads\/2023\/06\/Overshirt-Jacket-navy-S4343-Y99-422901.jpg","width":1638,"height":2048},{"@type":"BreadcrumbList","@id":"https:\/\/www.voustensports.com\/de\/jacob-cohen-overshirt-jacket-navy-s4343-y99-42290-2\/#breadcrumb","itemListElement":[{"@type":"ListItem","position":1,"name":"Home","item":"https:\/\/www.voustensports.com\/de\/"},{"@type":"ListItem","position":2,"name":"Shop","item":"https:\/\/www.voustensports.com\/de\/shop\/"},{"@type":"ListItem","position":3,"name":"Jacob Coh\u00ebn &#8211; Overshirt Jacket navy S4343 Y99 (42290)"}]},{"@type":"WebSite","@id":"https:\/\/www.voustensports.com\/nl\/#website","url":"https:\/\/www.voustensports.com\/nl\/","name":"Vousten Sports","description":"","potentialAction":[{"@type":"SearchAction","target":{"@type":"EntryPoint","urlTemplate":"https:\/\/www.voustensports.com\/nl\/?s={search_term_string}"},"query-input":{"@type":"PropertyValueSpecification","valueRequired":true,"valueName":"search_term_string"}}],"inLanguage":"de-DE"}]}},"_links":{"self":[{"href":"https:\/\/www.voustensports.com\/de\/wp-json\/wp\/v2\/product\/227694","targetHints":{"allow":["GET"]}}],"collection":[{"href":"https:\/\/www.voustensports.com\/de\/wp-json\/wp\/v2\/product"}],"about":[{"href":"https:\/\/www.voustensports.com\/de\/wp-json\/wp\/v2\/types\/product"}],"replies":[{"embeddable":true,"href":"https:\/\/www.voustensports.com\/de\/wp-json\/wp\/v2\/comments?post=227694"}],"wp:featuredmedia":[{"embeddable":true,"href":"https:\/\/www.voustensports.com\/de\/wp-json\/wp\/v2\/media\/227684"}],"wp:attachment":[{"href":"https:\/\/www.voustensports.com\/de\/wp-json\/wp\/v2\/media?parent=227694"}],"wp:term":[{"taxonomy":"product_cat","embeddable":true,"href":"https:\/\/www.voustensports.com\/de\/wp-json\/wp\/v2\/product_cat?post=227694"},{"taxonomy":"product_tag","embeddable":true,"href":"https:\/\/www.voustensports.com\/de\/wp-json\/wp\/v2\/product_tag?post=227694"}],"curies":[{"name":"wp","href":"https:\/\/api.w.org\/{rel}","templated":true}]}}