{"id":227562,"date":"2026-03-20T21:24:08","date_gmt":"2026-03-20T20:24:08","guid":{"rendered":"https:\/\/www.voustensports.com\/jacob-cohen-sandfarbenes-poloshirt-m4565-d34-42259\/"},"modified":"2026-04-07T17:33:06","modified_gmt":"2026-04-07T15:33:06","slug":"jacob-cohen-sandfarbenes-poloshirt-m4565-d34-42259","status":"publish","type":"product","link":"https:\/\/www.voustensports.com\/de\/jacob-cohen-sandfarbenes-poloshirt-m4565-d34-42259\/","title":{"rendered":"Jacob Coh\u00ebn &#8211; Sandfarbenes Poloshirt M4565 D34 (42259)"},"content":{"rendered":"<div>Mit den Poloshirts von Jacob Coh\u00ebn sind Sie im Sommer stilvoll und elegant gekleidet. Dieses sandfarbene Poloshirt hat einen Kragen, kurze \u00c4rmel und eine Vier-Knopf-Leiste. Die Schlitze am Saum verleihen dem Shirt einen verspielten Touch und sorgen f\u00fcr eine bequeme Passform. Die kleine Stickerei auf der linken Brust rundet das Design ab und unterstreicht den minimalistischen Stil.<\/div>\n<ul>\n<li>100 % Baumwolle<\/li>\n<li>Kurze \u00c4rmel<\/li>\n<li>Polokragen<\/li>\n<li>Gesticktes Logo auf der Brust<\/li>\n<li>Schmale Passform<\/li>\n<li>F\u00e4llt gr\u00f6\u00dfengerecht aus<\/li>\n<\/ul>\n<div><\/div>\n<div><\/div>\n","protected":false},"excerpt":{"rendered":"<p>Mit den Poloshirts von Jacob Coh\u00ebn sind Sie im Sommer stilvoll und elegant gekleidet. Dieses sandfarbene Poloshirt hat einen Kragen, kurze \u00c4rmel und eine Vier-Knopf-Leiste. Die Schlitze am Saum verleihen dem Shirt einen verspielten Touch und sorgen f\u00fcr eine bequeme Passform. Die kleine Stickerei auf der linken Brust rundet das Design ab und unterstreicht den [&#8230;]\n","protected":false},"featured_media":227552,"comment_status":"open","ping_status":"closed","template":"","meta":{"rank_math_lock_modified_date":false},"product_cat":[447,451,463,479,487,1017],"product_tag":[],"class_list":{"0":"post-227562","1":"product","2":"type-product","3":"status-publish","4":"has-post-thumbnail","6":"product_cat-kleding-de","7":"product_cat-heren-de","8":"product_cat-vousten-sports-de-2","9":"product_cat-polos-de-2","10":"product_cat-shirt-de-2","11":"product_cat-jacob-cohen-de","13":"first","14":"instock","15":"taxable","16":"shipping-taxable","17":"purchasable","18":"product-type-variable"},"acf":[],"yoast_head":"<!-- This site is optimized with the Yoast SEO plugin v23.9 - https:\/\/yoast.com\/wordpress\/plugins\/seo\/ -->\n<title>Jacob Coh\u00ebn - Sandfarbenes Poloshirt M4565 D34 (42259) - Vousten Sports<\/title>\n<meta name=\"robots\" content=\"index, follow, max-snippet:-1, max-image-preview:large, max-video-preview:-1\" \/>\n<link rel=\"canonical\" href=\"https:\/\/www.voustensports.com\/de\/jacob-cohen-sandfarbenes-poloshirt-m4565-d34-42259\/\" \/>\n<meta property=\"og:locale\" content=\"de_DE\" \/>\n<meta property=\"og:type\" content=\"article\" \/>\n<meta property=\"og:title\" content=\"Jacob Coh\u00ebn - Sandfarbenes Poloshirt M4565 D34 (42259) - Vousten Sports\" \/>\n<meta property=\"og:description\" content=\"Mit den Poloshirts von Jacob Coh\u00ebn sind Sie im Sommer stilvoll und elegant gekleidet. Dieses sandfarbene Poloshirt hat einen Kragen, kurze \u00c4rmel und eine Vier-Knopf-Leiste. Die Schlitze am Saum verleihen dem Shirt einen verspielten Touch und sorgen f\u00fcr eine bequeme Passform. Die kleine Stickerei auf der linken Brust rundet das Design ab und unterstreicht den [...]\" \/>\n<meta property=\"og:url\" content=\"https:\/\/www.voustensports.com\/de\/jacob-cohen-sandfarbenes-poloshirt-m4565-d34-42259\/\" \/>\n<meta property=\"og:site_name\" content=\"Vousten Sports\" \/>\n<meta property=\"article:modified_time\" content=\"2026-04-07T15:33:06+00:00\" \/>\n<meta property=\"og:image\" content=\"https:\/\/www.voustensports.com\/wp-content\/uploads\/2023\/06\/Poloshirt-zand-M4565-D34-422591.jpg\" \/>\n\t<meta property=\"og:image:width\" content=\"1365\" \/>\n\t<meta property=\"og:image:height\" content=\"2048\" \/>\n\t<meta property=\"og:image:type\" content=\"image\/jpeg\" \/>\n<meta name=\"twitter:card\" content=\"summary_large_image\" \/>\n<script type=\"application\/ld+json\" class=\"yoast-schema-graph\">{\"@context\":\"https:\/\/schema.org\",\"@graph\":[{\"@type\":\"WebPage\",\"@id\":\"https:\/\/www.voustensports.com\/de\/jacob-cohen-sandfarbenes-poloshirt-m4565-d34-42259\/\",\"url\":\"https:\/\/www.voustensports.com\/de\/jacob-cohen-sandfarbenes-poloshirt-m4565-d34-42259\/\",\"name\":\"Jacob Coh\u00ebn - Sandfarbenes Poloshirt M4565 D34 (42259) - Vousten Sports\",\"isPartOf\":{\"@id\":\"https:\/\/www.voustensports.com\/nl\/#website\"},\"primaryImageOfPage\":{\"@id\":\"https:\/\/www.voustensports.com\/de\/jacob-cohen-sandfarbenes-poloshirt-m4565-d34-42259\/#primaryimage\"},\"image\":{\"@id\":\"https:\/\/www.voustensports.com\/de\/jacob-cohen-sandfarbenes-poloshirt-m4565-d34-42259\/#primaryimage\"},\"thumbnailUrl\":\"https:\/\/www.voustensports.com\/wp-content\/uploads\/2023\/06\/Poloshirt-zand-M4565-D34-422591.jpg\",\"datePublished\":\"2026-03-20T20:24:08+00:00\",\"dateModified\":\"2026-04-07T15:33:06+00:00\",\"breadcrumb\":{\"@id\":\"https:\/\/www.voustensports.com\/de\/jacob-cohen-sandfarbenes-poloshirt-m4565-d34-42259\/#breadcrumb\"},\"inLanguage\":\"de-DE\",\"potentialAction\":[{\"@type\":\"ReadAction\",\"target\":[\"https:\/\/www.voustensports.com\/de\/jacob-cohen-sandfarbenes-poloshirt-m4565-d34-42259\/\"]}]},{\"@type\":\"ImageObject\",\"inLanguage\":\"de-DE\",\"@id\":\"https:\/\/www.voustensports.com\/de\/jacob-cohen-sandfarbenes-poloshirt-m4565-d34-42259\/#primaryimage\",\"url\":\"https:\/\/www.voustensports.com\/wp-content\/uploads\/2023\/06\/Poloshirt-zand-M4565-D34-422591.jpg\",\"contentUrl\":\"https:\/\/www.voustensports.com\/wp-content\/uploads\/2023\/06\/Poloshirt-zand-M4565-D34-422591.jpg\",\"width\":1365,\"height\":2048},{\"@type\":\"BreadcrumbList\",\"@id\":\"https:\/\/www.voustensports.com\/de\/jacob-cohen-sandfarbenes-poloshirt-m4565-d34-42259\/#breadcrumb\",\"itemListElement\":[{\"@type\":\"ListItem\",\"position\":1,\"name\":\"Home\",\"item\":\"https:\/\/www.voustensports.com\/de\/\"},{\"@type\":\"ListItem\",\"position\":2,\"name\":\"Shop\",\"item\":\"https:\/\/www.voustensports.com\/de\/shop\/\"},{\"@type\":\"ListItem\",\"position\":3,\"name\":\"Jacob Coh\u00ebn &#8211; Sandfarbenes Poloshirt M4565 D34 (42259)\"}]},{\"@type\":\"WebSite\",\"@id\":\"https:\/\/www.voustensports.com\/nl\/#website\",\"url\":\"https:\/\/www.voustensports.com\/nl\/\",\"name\":\"Vousten Sports\",\"description\":\"\",\"potentialAction\":[{\"@type\":\"SearchAction\",\"target\":{\"@type\":\"EntryPoint\",\"urlTemplate\":\"https:\/\/www.voustensports.com\/nl\/?s={search_term_string}\"},\"query-input\":{\"@type\":\"PropertyValueSpecification\",\"valueRequired\":true,\"valueName\":\"search_term_string\"}}],\"inLanguage\":\"de-DE\"}]}<\/script>\n<!-- \/ Yoast SEO plugin. -->","yoast_head_json":{"title":"Jacob Coh\u00ebn - Sandfarbenes Poloshirt M4565 D34 (42259) - Vousten Sports","robots":{"index":"index","follow":"follow","max-snippet":"max-snippet:-1","max-image-preview":"max-image-preview:large","max-video-preview":"max-video-preview:-1"},"canonical":"https:\/\/www.voustensports.com\/de\/jacob-cohen-sandfarbenes-poloshirt-m4565-d34-42259\/","og_locale":"de_DE","og_type":"article","og_title":"Jacob Coh\u00ebn - Sandfarbenes Poloshirt M4565 D34 (42259) - Vousten Sports","og_description":"Mit den Poloshirts von Jacob Coh\u00ebn sind Sie im Sommer stilvoll und elegant gekleidet. Dieses sandfarbene Poloshirt hat einen Kragen, kurze \u00c4rmel und eine Vier-Knopf-Leiste. Die Schlitze am Saum verleihen dem Shirt einen verspielten Touch und sorgen f\u00fcr eine bequeme Passform. Die kleine Stickerei auf der linken Brust rundet das Design ab und unterstreicht den [...]","og_url":"https:\/\/www.voustensports.com\/de\/jacob-cohen-sandfarbenes-poloshirt-m4565-d34-42259\/","og_site_name":"Vousten Sports","article_modified_time":"2026-04-07T15:33:06+00:00","og_image":[{"width":1365,"height":2048,"url":"https:\/\/www.voustensports.com\/wp-content\/uploads\/2023\/06\/Poloshirt-zand-M4565-D34-422591.jpg","type":"image\/jpeg"}],"twitter_card":"summary_large_image","schema":{"@context":"https:\/\/schema.org","@graph":[{"@type":"WebPage","@id":"https:\/\/www.voustensports.com\/de\/jacob-cohen-sandfarbenes-poloshirt-m4565-d34-42259\/","url":"https:\/\/www.voustensports.com\/de\/jacob-cohen-sandfarbenes-poloshirt-m4565-d34-42259\/","name":"Jacob Coh\u00ebn - Sandfarbenes Poloshirt M4565 D34 (42259) - Vousten Sports","isPartOf":{"@id":"https:\/\/www.voustensports.com\/nl\/#website"},"primaryImageOfPage":{"@id":"https:\/\/www.voustensports.com\/de\/jacob-cohen-sandfarbenes-poloshirt-m4565-d34-42259\/#primaryimage"},"image":{"@id":"https:\/\/www.voustensports.com\/de\/jacob-cohen-sandfarbenes-poloshirt-m4565-d34-42259\/#primaryimage"},"thumbnailUrl":"https:\/\/www.voustensports.com\/wp-content\/uploads\/2023\/06\/Poloshirt-zand-M4565-D34-422591.jpg","datePublished":"2026-03-20T20:24:08+00:00","dateModified":"2026-04-07T15:33:06+00:00","breadcrumb":{"@id":"https:\/\/www.voustensports.com\/de\/jacob-cohen-sandfarbenes-poloshirt-m4565-d34-42259\/#breadcrumb"},"inLanguage":"de-DE","potentialAction":[{"@type":"ReadAction","target":["https:\/\/www.voustensports.com\/de\/jacob-cohen-sandfarbenes-poloshirt-m4565-d34-42259\/"]}]},{"@type":"ImageObject","inLanguage":"de-DE","@id":"https:\/\/www.voustensports.com\/de\/jacob-cohen-sandfarbenes-poloshirt-m4565-d34-42259\/#primaryimage","url":"https:\/\/www.voustensports.com\/wp-content\/uploads\/2023\/06\/Poloshirt-zand-M4565-D34-422591.jpg","contentUrl":"https:\/\/www.voustensports.com\/wp-content\/uploads\/2023\/06\/Poloshirt-zand-M4565-D34-422591.jpg","width":1365,"height":2048},{"@type":"BreadcrumbList","@id":"https:\/\/www.voustensports.com\/de\/jacob-cohen-sandfarbenes-poloshirt-m4565-d34-42259\/#breadcrumb","itemListElement":[{"@type":"ListItem","position":1,"name":"Home","item":"https:\/\/www.voustensports.com\/de\/"},{"@type":"ListItem","position":2,"name":"Shop","item":"https:\/\/www.voustensports.com\/de\/shop\/"},{"@type":"ListItem","position":3,"name":"Jacob Coh\u00ebn &#8211; Sandfarbenes Poloshirt M4565 D34 (42259)"}]},{"@type":"WebSite","@id":"https:\/\/www.voustensports.com\/nl\/#website","url":"https:\/\/www.voustensports.com\/nl\/","name":"Vousten Sports","description":"","potentialAction":[{"@type":"SearchAction","target":{"@type":"EntryPoint","urlTemplate":"https:\/\/www.voustensports.com\/nl\/?s={search_term_string}"},"query-input":{"@type":"PropertyValueSpecification","valueRequired":true,"valueName":"search_term_string"}}],"inLanguage":"de-DE"}]}},"_links":{"self":[{"href":"https:\/\/www.voustensports.com\/de\/wp-json\/wp\/v2\/product\/227562","targetHints":{"allow":["GET"]}}],"collection":[{"href":"https:\/\/www.voustensports.com\/de\/wp-json\/wp\/v2\/product"}],"about":[{"href":"https:\/\/www.voustensports.com\/de\/wp-json\/wp\/v2\/types\/product"}],"replies":[{"embeddable":true,"href":"https:\/\/www.voustensports.com\/de\/wp-json\/wp\/v2\/comments?post=227562"}],"wp:featuredmedia":[{"embeddable":true,"href":"https:\/\/www.voustensports.com\/de\/wp-json\/wp\/v2\/media\/227552"}],"wp:attachment":[{"href":"https:\/\/www.voustensports.com\/de\/wp-json\/wp\/v2\/media?parent=227562"}],"wp:term":[{"taxonomy":"product_cat","embeddable":true,"href":"https:\/\/www.voustensports.com\/de\/wp-json\/wp\/v2\/product_cat?post=227562"},{"taxonomy":"product_tag","embeddable":true,"href":"https:\/\/www.voustensports.com\/de\/wp-json\/wp\/v2\/product_tag?post=227562"}],"curies":[{"name":"wp","href":"https:\/\/api.w.org\/{rel}","templated":true}]}}