{"id":227528,"date":"2026-03-19T13:25:37","date_gmt":"2026-03-19T12:25:37","guid":{"rendered":"https:\/\/www.voustensports.com\/herno-bodywarmer-grau-taupe-42727\/"},"modified":"2026-03-24T22:41:26","modified_gmt":"2026-03-24T21:41:26","slug":"herno-bodywarmer-grau-taupe-42727","status":"publish","type":"product","link":"https:\/\/www.voustensports.com\/de\/herno-bodywarmer-grau-taupe-42727\/","title":{"rendered":"HERNO &#8211; Bodywarmer grau \/ taupe (42727)"},"content":{"rendered":"<p>D\u00fcnne Weste aus recyceltem Nylon-Mikrofasergewebe, kombiniert mit einem leichten, zweilagigen, wasserdichten Scuba-Stoff.<\/p>\n<p>Ein vielseitiges Kleidungsst\u00fcck, das sich in der \u00dcbergangszeit \u00fcber einem T-Shirt oder Hemd tragen l\u00e4sst, um Ihren Look mit einem unverkennbaren Herno-Touch zu vervollst\u00e4ndigen.<\/p>\n<p>Auch als Weste unter einem Anzug tragbar. Dieses Kleidungsst\u00fcck ist Teil des neuen Herno Globe Lab-Labels, dessen Kleidung teilweise aus nachhaltigen Materialien hergestellt wird.<\/p>\n<p><strong>Das Model ist 178 cm gro\u00df, wiegt 78 kg und tr\u00e4gt Gr\u00f6\u00dfe 48.<\/strong><\/p>\n<ul>\n<li>Normale Passform<\/li>\n<li>Hoher Kragen<\/li>\n<li>Taschen mit Druckknopf<\/li>\n<li>Metall-Herno-Logo auf der R\u00fcckseite<\/li>\n<li>Zwei-Wege-Rei\u00dfverschluss<\/li>\n<li>GI000456U 12456Z 2600<\/li>\n<\/ul>\n<p>Eigenschaften: Wasserabweisende Behandlung<\/p>\n<p>&nbsp;<\/p>\n","protected":false},"excerpt":{"rendered":"<p>D\u00fcnne Weste aus recyceltem Nylon-Mikrofasergewebe, kombiniert mit einem leichten, zweilagigen, wasserdichten Scuba-Stoff. Ein vielseitiges Kleidungsst\u00fcck, das sich in der \u00dcbergangszeit \u00fcber einem T-Shirt oder Hemd tragen l\u00e4sst, um Ihren Look mit einem unverkennbaren Herno-Touch zu vervollst\u00e4ndigen. Auch als Weste unter einem Anzug tragbar. Dieses Kleidungsst\u00fcck ist Teil des neuen Herno Globe Lab-Labels, dessen Kleidung teilweise [&#8230;]\n","protected":false},"featured_media":227512,"comment_status":"open","ping_status":"closed","template":"","meta":{"rank_math_lock_modified_date":false},"product_cat":[447,451,463,728,744],"product_tag":[],"class_list":{"0":"post-227528","1":"product","2":"type-product","3":"status-publish","4":"has-post-thumbnail","6":"product_cat-kleding-de","7":"product_cat-heren-de","8":"product_cat-vousten-sports-de-2","9":"product_cat-herno-de","10":"product_cat-bodywarmers-de","12":"first","13":"instock","14":"taxable","15":"shipping-taxable","16":"purchasable","17":"product-type-variable"},"acf":[],"yoast_head":"<!-- This site is optimized with the Yoast SEO plugin v23.9 - https:\/\/yoast.com\/wordpress\/plugins\/seo\/ -->\n<title>HERNO - Bodywarmer grau \/ taupe (42727) - Vousten Sports<\/title>\n<meta name=\"robots\" content=\"index, follow, max-snippet:-1, max-image-preview:large, max-video-preview:-1\" \/>\n<link rel=\"canonical\" href=\"https:\/\/www.voustensports.com\/de\/herno-bodywarmer-grau-taupe-42727\/\" \/>\n<meta property=\"og:locale\" content=\"de_DE\" \/>\n<meta property=\"og:type\" content=\"article\" \/>\n<meta property=\"og:title\" content=\"HERNO - Bodywarmer grau \/ taupe (42727) - Vousten Sports\" \/>\n<meta property=\"og:description\" content=\"D\u00fcnne Weste aus recyceltem Nylon-Mikrofasergewebe, kombiniert mit einem leichten, zweilagigen, wasserdichten Scuba-Stoff. Ein vielseitiges Kleidungsst\u00fcck, das sich in der \u00dcbergangszeit \u00fcber einem T-Shirt oder Hemd tragen l\u00e4sst, um Ihren Look mit einem unverkennbaren Herno-Touch zu vervollst\u00e4ndigen. Auch als Weste unter einem Anzug tragbar. Dieses Kleidungsst\u00fcck ist Teil des neuen Herno Globe Lab-Labels, dessen Kleidung teilweise [...]\" \/>\n<meta property=\"og:url\" content=\"https:\/\/www.voustensports.com\/de\/herno-bodywarmer-grau-taupe-42727\/\" \/>\n<meta property=\"og:site_name\" content=\"Vousten Sports\" \/>\n<meta property=\"article:modified_time\" content=\"2026-03-24T21:41:26+00:00\" \/>\n<meta property=\"og:image\" content=\"https:\/\/www.voustensports.com\/wp-content\/uploads\/2023\/06\/HERNO-Bodywarmer-grijs-42727.jpeg\" \/>\n\t<meta property=\"og:image:width\" content=\"1454\" \/>\n\t<meta property=\"og:image:height\" content=\"1500\" \/>\n\t<meta property=\"og:image:type\" content=\"image\/jpeg\" \/>\n<meta name=\"twitter:card\" content=\"summary_large_image\" \/>\n<script type=\"application\/ld+json\" class=\"yoast-schema-graph\">{\"@context\":\"https:\/\/schema.org\",\"@graph\":[{\"@type\":\"WebPage\",\"@id\":\"https:\/\/www.voustensports.com\/de\/herno-bodywarmer-grau-taupe-42727\/\",\"url\":\"https:\/\/www.voustensports.com\/de\/herno-bodywarmer-grau-taupe-42727\/\",\"name\":\"HERNO - Bodywarmer grau \/ taupe (42727) - Vousten Sports\",\"isPartOf\":{\"@id\":\"https:\/\/www.voustensports.com\/nl\/#website\"},\"primaryImageOfPage\":{\"@id\":\"https:\/\/www.voustensports.com\/de\/herno-bodywarmer-grau-taupe-42727\/#primaryimage\"},\"image\":{\"@id\":\"https:\/\/www.voustensports.com\/de\/herno-bodywarmer-grau-taupe-42727\/#primaryimage\"},\"thumbnailUrl\":\"https:\/\/www.voustensports.com\/wp-content\/uploads\/2023\/06\/HERNO-Bodywarmer-grijs-42727.jpeg\",\"datePublished\":\"2026-03-19T12:25:37+00:00\",\"dateModified\":\"2026-03-24T21:41:26+00:00\",\"breadcrumb\":{\"@id\":\"https:\/\/www.voustensports.com\/de\/herno-bodywarmer-grau-taupe-42727\/#breadcrumb\"},\"inLanguage\":\"de-DE\",\"potentialAction\":[{\"@type\":\"ReadAction\",\"target\":[\"https:\/\/www.voustensports.com\/de\/herno-bodywarmer-grau-taupe-42727\/\"]}]},{\"@type\":\"ImageObject\",\"inLanguage\":\"de-DE\",\"@id\":\"https:\/\/www.voustensports.com\/de\/herno-bodywarmer-grau-taupe-42727\/#primaryimage\",\"url\":\"https:\/\/www.voustensports.com\/wp-content\/uploads\/2023\/06\/HERNO-Bodywarmer-grijs-42727.jpeg\",\"contentUrl\":\"https:\/\/www.voustensports.com\/wp-content\/uploads\/2023\/06\/HERNO-Bodywarmer-grijs-42727.jpeg\",\"width\":1454,\"height\":1500},{\"@type\":\"BreadcrumbList\",\"@id\":\"https:\/\/www.voustensports.com\/de\/herno-bodywarmer-grau-taupe-42727\/#breadcrumb\",\"itemListElement\":[{\"@type\":\"ListItem\",\"position\":1,\"name\":\"Home\",\"item\":\"https:\/\/www.voustensports.com\/de\/\"},{\"@type\":\"ListItem\",\"position\":2,\"name\":\"Shop\",\"item\":\"https:\/\/www.voustensports.com\/de\/shop\/\"},{\"@type\":\"ListItem\",\"position\":3,\"name\":\"HERNO &#8211; Bodywarmer grau \/ taupe (42727)\"}]},{\"@type\":\"WebSite\",\"@id\":\"https:\/\/www.voustensports.com\/nl\/#website\",\"url\":\"https:\/\/www.voustensports.com\/nl\/\",\"name\":\"Vousten Sports\",\"description\":\"\",\"potentialAction\":[{\"@type\":\"SearchAction\",\"target\":{\"@type\":\"EntryPoint\",\"urlTemplate\":\"https:\/\/www.voustensports.com\/nl\/?s={search_term_string}\"},\"query-input\":{\"@type\":\"PropertyValueSpecification\",\"valueRequired\":true,\"valueName\":\"search_term_string\"}}],\"inLanguage\":\"de-DE\"}]}<\/script>\n<!-- \/ Yoast SEO plugin. -->","yoast_head_json":{"title":"HERNO - Bodywarmer grau \/ taupe (42727) - Vousten Sports","robots":{"index":"index","follow":"follow","max-snippet":"max-snippet:-1","max-image-preview":"max-image-preview:large","max-video-preview":"max-video-preview:-1"},"canonical":"https:\/\/www.voustensports.com\/de\/herno-bodywarmer-grau-taupe-42727\/","og_locale":"de_DE","og_type":"article","og_title":"HERNO - Bodywarmer grau \/ taupe (42727) - Vousten Sports","og_description":"D\u00fcnne Weste aus recyceltem Nylon-Mikrofasergewebe, kombiniert mit einem leichten, zweilagigen, wasserdichten Scuba-Stoff. Ein vielseitiges Kleidungsst\u00fcck, das sich in der \u00dcbergangszeit \u00fcber einem T-Shirt oder Hemd tragen l\u00e4sst, um Ihren Look mit einem unverkennbaren Herno-Touch zu vervollst\u00e4ndigen. Auch als Weste unter einem Anzug tragbar. Dieses Kleidungsst\u00fcck ist Teil des neuen Herno Globe Lab-Labels, dessen Kleidung teilweise [...]","og_url":"https:\/\/www.voustensports.com\/de\/herno-bodywarmer-grau-taupe-42727\/","og_site_name":"Vousten Sports","article_modified_time":"2026-03-24T21:41:26+00:00","og_image":[{"width":1454,"height":1500,"url":"https:\/\/www.voustensports.com\/wp-content\/uploads\/2023\/06\/HERNO-Bodywarmer-grijs-42727.jpeg","type":"image\/jpeg"}],"twitter_card":"summary_large_image","schema":{"@context":"https:\/\/schema.org","@graph":[{"@type":"WebPage","@id":"https:\/\/www.voustensports.com\/de\/herno-bodywarmer-grau-taupe-42727\/","url":"https:\/\/www.voustensports.com\/de\/herno-bodywarmer-grau-taupe-42727\/","name":"HERNO - Bodywarmer grau \/ taupe (42727) - Vousten Sports","isPartOf":{"@id":"https:\/\/www.voustensports.com\/nl\/#website"},"primaryImageOfPage":{"@id":"https:\/\/www.voustensports.com\/de\/herno-bodywarmer-grau-taupe-42727\/#primaryimage"},"image":{"@id":"https:\/\/www.voustensports.com\/de\/herno-bodywarmer-grau-taupe-42727\/#primaryimage"},"thumbnailUrl":"https:\/\/www.voustensports.com\/wp-content\/uploads\/2023\/06\/HERNO-Bodywarmer-grijs-42727.jpeg","datePublished":"2026-03-19T12:25:37+00:00","dateModified":"2026-03-24T21:41:26+00:00","breadcrumb":{"@id":"https:\/\/www.voustensports.com\/de\/herno-bodywarmer-grau-taupe-42727\/#breadcrumb"},"inLanguage":"de-DE","potentialAction":[{"@type":"ReadAction","target":["https:\/\/www.voustensports.com\/de\/herno-bodywarmer-grau-taupe-42727\/"]}]},{"@type":"ImageObject","inLanguage":"de-DE","@id":"https:\/\/www.voustensports.com\/de\/herno-bodywarmer-grau-taupe-42727\/#primaryimage","url":"https:\/\/www.voustensports.com\/wp-content\/uploads\/2023\/06\/HERNO-Bodywarmer-grijs-42727.jpeg","contentUrl":"https:\/\/www.voustensports.com\/wp-content\/uploads\/2023\/06\/HERNO-Bodywarmer-grijs-42727.jpeg","width":1454,"height":1500},{"@type":"BreadcrumbList","@id":"https:\/\/www.voustensports.com\/de\/herno-bodywarmer-grau-taupe-42727\/#breadcrumb","itemListElement":[{"@type":"ListItem","position":1,"name":"Home","item":"https:\/\/www.voustensports.com\/de\/"},{"@type":"ListItem","position":2,"name":"Shop","item":"https:\/\/www.voustensports.com\/de\/shop\/"},{"@type":"ListItem","position":3,"name":"HERNO &#8211; Bodywarmer grau \/ taupe (42727)"}]},{"@type":"WebSite","@id":"https:\/\/www.voustensports.com\/nl\/#website","url":"https:\/\/www.voustensports.com\/nl\/","name":"Vousten Sports","description":"","potentialAction":[{"@type":"SearchAction","target":{"@type":"EntryPoint","urlTemplate":"https:\/\/www.voustensports.com\/nl\/?s={search_term_string}"},"query-input":{"@type":"PropertyValueSpecification","valueRequired":true,"valueName":"search_term_string"}}],"inLanguage":"de-DE"}]}},"_links":{"self":[{"href":"https:\/\/www.voustensports.com\/de\/wp-json\/wp\/v2\/product\/227528","targetHints":{"allow":["GET"]}}],"collection":[{"href":"https:\/\/www.voustensports.com\/de\/wp-json\/wp\/v2\/product"}],"about":[{"href":"https:\/\/www.voustensports.com\/de\/wp-json\/wp\/v2\/types\/product"}],"replies":[{"embeddable":true,"href":"https:\/\/www.voustensports.com\/de\/wp-json\/wp\/v2\/comments?post=227528"}],"wp:featuredmedia":[{"embeddable":true,"href":"https:\/\/www.voustensports.com\/de\/wp-json\/wp\/v2\/media\/227512"}],"wp:attachment":[{"href":"https:\/\/www.voustensports.com\/de\/wp-json\/wp\/v2\/media?parent=227528"}],"wp:term":[{"taxonomy":"product_cat","embeddable":true,"href":"https:\/\/www.voustensports.com\/de\/wp-json\/wp\/v2\/product_cat?post=227528"},{"taxonomy":"product_tag","embeddable":true,"href":"https:\/\/www.voustensports.com\/de\/wp-json\/wp\/v2\/product_tag?post=227528"}],"curies":[{"name":"wp","href":"https:\/\/api.w.org\/{rel}","templated":true}]}}