{"id":227314,"date":"2026-03-14T03:24:10","date_gmt":"2026-03-14T02:24:10","guid":{"rendered":"https:\/\/www.voustensports.com\/c-p-company-logo-label-t-shirt-beige-42738-2\/"},"modified":"2026-03-14T05:42:09","modified_gmt":"2026-03-14T04:42:09","slug":"c-p-company-logo-label-t-shirt-beige-42738-2","status":"publish","type":"product","link":"https:\/\/www.voustensports.com\/de\/c-p-company-logo-label-t-shirt-beige-42738-2\/","title":{"rendered":"C.P. Company &#8211; Logo Label T-Shirt beige (42738)"},"content":{"rendered":"<div>PRODUKTDETAILS<\/div>\n<div>Kurzarm-T-Shirt aus weichem und atmungsaktivem 24\/1-Baumwolljersey. Das Modell hat einen gerippten Rundhalsausschnitt und einen farbigen Unterstoff, der eine \u201eReserve\u201c f\u00fcr die Stickerei bildet. Die Stickerei wird anschlie\u00dfend von Hand geb\u00fcrstet, wodurch die darunterliegende Farbe des reservierten Unterstoffs hervorgehoben und die gestickten Buchstaben betont werden. Das T-Shirt ist st\u00fcckgef\u00e4rbt, um eine einzigartige Farbintensit\u00e4t zu erzielen, die mit der Zeit und dem Tragen noch intensiver wird.<\/div>\n<div><\/div>\n<div>STIL<\/div>\n<ul>\n<li>Gerippter Rundhalsausschnitt<\/li>\n<li>Gesticktes Logo auf der Brust mit handgemalten Details<\/li>\n<li>St\u00fcckgef\u00e4rbt<\/li>\n<li>Hergestellt in Italien<\/li>\n<li>Normale Passform<\/li>\n<\/ul>\n<div>MATERIAL<\/div>\n<ul>\n<li>Obermaterial: 100 % Baumwolle<\/li>\n<\/ul>\n","protected":false},"excerpt":{"rendered":"<p>PRODUKTDETAILS Kurzarm-T-Shirt aus weichem und atmungsaktivem 24\/1-Baumwolljersey. Das Modell hat einen gerippten Rundhalsausschnitt und einen farbigen Unterstoff, der eine \u201eReserve\u201c f\u00fcr die Stickerei bildet. Die Stickerei wird anschlie\u00dfend von Hand geb\u00fcrstet, wodurch die darunterliegende Farbe des reservierten Unterstoffs hervorgehoben und die gestickten Buchstaben betont werden. Das T-Shirt ist st\u00fcckgef\u00e4rbt, um eine einzigartige Farbintensit\u00e4t zu erzielen, [&#8230;]\n","protected":false},"featured_media":227302,"comment_status":"open","ping_status":"closed","template":"","meta":{"rank_math_lock_modified_date":false},"product_cat":[463,487,491,439,447,451],"product_tag":[],"class_list":{"0":"post-227314","1":"product","2":"type-product","3":"status-publish","4":"has-post-thumbnail","6":"product_cat-vousten-sports-de-2","7":"product_cat-shirt-de-2","8":"product_cat-t-shirts-de-2","9":"product_cat-cp-company-de","10":"product_cat-kleding-de","11":"product_cat-heren-de","13":"first","14":"instock","15":"taxable","16":"shipping-taxable","17":"purchasable","18":"product-type-variable"},"acf":[],"yoast_head":"<!-- This site is optimized with the Yoast SEO plugin v23.9 - https:\/\/yoast.com\/wordpress\/plugins\/seo\/ -->\n<title>C.P. Company - Logo Label T-Shirt beige (42738) - Vousten Sports<\/title>\n<meta name=\"robots\" content=\"index, follow, max-snippet:-1, max-image-preview:large, max-video-preview:-1\" \/>\n<link rel=\"canonical\" href=\"https:\/\/www.voustensports.com\/de\/c-p-company-logo-label-t-shirt-beige-42738-2\/\" \/>\n<meta property=\"og:locale\" content=\"de_DE\" \/>\n<meta property=\"og:type\" content=\"article\" \/>\n<meta property=\"og:title\" content=\"C.P. Company - Logo Label T-Shirt beige (42738) - Vousten Sports\" \/>\n<meta property=\"og:description\" content=\"PRODUKTDETAILS Kurzarm-T-Shirt aus weichem und atmungsaktivem 24\/1-Baumwolljersey. Das Modell hat einen gerippten Rundhalsausschnitt und einen farbigen Unterstoff, der eine \u201eReserve\u201c f\u00fcr die Stickerei bildet. Die Stickerei wird anschlie\u00dfend von Hand geb\u00fcrstet, wodurch die darunterliegende Farbe des reservierten Unterstoffs hervorgehoben und die gestickten Buchstaben betont werden. Das T-Shirt ist st\u00fcckgef\u00e4rbt, um eine einzigartige Farbintensit\u00e4t zu erzielen, [...]\" \/>\n<meta property=\"og:url\" content=\"https:\/\/www.voustensports.com\/de\/c-p-company-logo-label-t-shirt-beige-42738-2\/\" \/>\n<meta property=\"og:site_name\" content=\"Vousten Sports\" \/>\n<meta property=\"article:modified_time\" content=\"2026-03-14T04:42:09+00:00\" \/>\n<meta property=\"og:image\" content=\"https:\/\/www.voustensports.com\/wp-content\/uploads\/2023\/06\/Logo-Label-T-shirt-beige-427381.jpg\" \/>\n\t<meta property=\"og:image:width\" content=\"1638\" \/>\n\t<meta property=\"og:image:height\" content=\"2048\" \/>\n\t<meta property=\"og:image:type\" content=\"image\/jpeg\" \/>\n<meta name=\"twitter:card\" content=\"summary_large_image\" \/>\n<script type=\"application\/ld+json\" class=\"yoast-schema-graph\">{\"@context\":\"https:\/\/schema.org\",\"@graph\":[{\"@type\":\"WebPage\",\"@id\":\"https:\/\/www.voustensports.com\/de\/c-p-company-logo-label-t-shirt-beige-42738-2\/\",\"url\":\"https:\/\/www.voustensports.com\/de\/c-p-company-logo-label-t-shirt-beige-42738-2\/\",\"name\":\"C.P. Company - Logo Label T-Shirt beige (42738) - Vousten Sports\",\"isPartOf\":{\"@id\":\"https:\/\/www.voustensports.com\/nl\/#website\"},\"primaryImageOfPage\":{\"@id\":\"https:\/\/www.voustensports.com\/de\/c-p-company-logo-label-t-shirt-beige-42738-2\/#primaryimage\"},\"image\":{\"@id\":\"https:\/\/www.voustensports.com\/de\/c-p-company-logo-label-t-shirt-beige-42738-2\/#primaryimage\"},\"thumbnailUrl\":\"https:\/\/www.voustensports.com\/wp-content\/uploads\/2023\/06\/Logo-Label-T-shirt-beige-427381.jpg\",\"datePublished\":\"2026-03-14T02:24:10+00:00\",\"dateModified\":\"2026-03-14T04:42:09+00:00\",\"breadcrumb\":{\"@id\":\"https:\/\/www.voustensports.com\/de\/c-p-company-logo-label-t-shirt-beige-42738-2\/#breadcrumb\"},\"inLanguage\":\"de-DE\",\"potentialAction\":[{\"@type\":\"ReadAction\",\"target\":[\"https:\/\/www.voustensports.com\/de\/c-p-company-logo-label-t-shirt-beige-42738-2\/\"]}]},{\"@type\":\"ImageObject\",\"inLanguage\":\"de-DE\",\"@id\":\"https:\/\/www.voustensports.com\/de\/c-p-company-logo-label-t-shirt-beige-42738-2\/#primaryimage\",\"url\":\"https:\/\/www.voustensports.com\/wp-content\/uploads\/2023\/06\/Logo-Label-T-shirt-beige-427381.jpg\",\"contentUrl\":\"https:\/\/www.voustensports.com\/wp-content\/uploads\/2023\/06\/Logo-Label-T-shirt-beige-427381.jpg\",\"width\":1638,\"height\":2048},{\"@type\":\"BreadcrumbList\",\"@id\":\"https:\/\/www.voustensports.com\/de\/c-p-company-logo-label-t-shirt-beige-42738-2\/#breadcrumb\",\"itemListElement\":[{\"@type\":\"ListItem\",\"position\":1,\"name\":\"Home\",\"item\":\"https:\/\/www.voustensports.com\/de\/\"},{\"@type\":\"ListItem\",\"position\":2,\"name\":\"Shop\",\"item\":\"https:\/\/www.voustensports.com\/de\/shop\/\"},{\"@type\":\"ListItem\",\"position\":3,\"name\":\"C.P. Company &#8211; Logo Label T-Shirt beige (42738)\"}]},{\"@type\":\"WebSite\",\"@id\":\"https:\/\/www.voustensports.com\/nl\/#website\",\"url\":\"https:\/\/www.voustensports.com\/nl\/\",\"name\":\"Vousten Sports\",\"description\":\"\",\"potentialAction\":[{\"@type\":\"SearchAction\",\"target\":{\"@type\":\"EntryPoint\",\"urlTemplate\":\"https:\/\/www.voustensports.com\/nl\/?s={search_term_string}\"},\"query-input\":{\"@type\":\"PropertyValueSpecification\",\"valueRequired\":true,\"valueName\":\"search_term_string\"}}],\"inLanguage\":\"de-DE\"}]}<\/script>\n<!-- \/ Yoast SEO plugin. -->","yoast_head_json":{"title":"C.P. Company - Logo Label T-Shirt beige (42738) - Vousten Sports","robots":{"index":"index","follow":"follow","max-snippet":"max-snippet:-1","max-image-preview":"max-image-preview:large","max-video-preview":"max-video-preview:-1"},"canonical":"https:\/\/www.voustensports.com\/de\/c-p-company-logo-label-t-shirt-beige-42738-2\/","og_locale":"de_DE","og_type":"article","og_title":"C.P. Company - Logo Label T-Shirt beige (42738) - Vousten Sports","og_description":"PRODUKTDETAILS Kurzarm-T-Shirt aus weichem und atmungsaktivem 24\/1-Baumwolljersey. Das Modell hat einen gerippten Rundhalsausschnitt und einen farbigen Unterstoff, der eine \u201eReserve\u201c f\u00fcr die Stickerei bildet. Die Stickerei wird anschlie\u00dfend von Hand geb\u00fcrstet, wodurch die darunterliegende Farbe des reservierten Unterstoffs hervorgehoben und die gestickten Buchstaben betont werden. Das T-Shirt ist st\u00fcckgef\u00e4rbt, um eine einzigartige Farbintensit\u00e4t zu erzielen, [...]","og_url":"https:\/\/www.voustensports.com\/de\/c-p-company-logo-label-t-shirt-beige-42738-2\/","og_site_name":"Vousten Sports","article_modified_time":"2026-03-14T04:42:09+00:00","og_image":[{"width":1638,"height":2048,"url":"https:\/\/www.voustensports.com\/wp-content\/uploads\/2023\/06\/Logo-Label-T-shirt-beige-427381.jpg","type":"image\/jpeg"}],"twitter_card":"summary_large_image","schema":{"@context":"https:\/\/schema.org","@graph":[{"@type":"WebPage","@id":"https:\/\/www.voustensports.com\/de\/c-p-company-logo-label-t-shirt-beige-42738-2\/","url":"https:\/\/www.voustensports.com\/de\/c-p-company-logo-label-t-shirt-beige-42738-2\/","name":"C.P. Company - Logo Label T-Shirt beige (42738) - Vousten Sports","isPartOf":{"@id":"https:\/\/www.voustensports.com\/nl\/#website"},"primaryImageOfPage":{"@id":"https:\/\/www.voustensports.com\/de\/c-p-company-logo-label-t-shirt-beige-42738-2\/#primaryimage"},"image":{"@id":"https:\/\/www.voustensports.com\/de\/c-p-company-logo-label-t-shirt-beige-42738-2\/#primaryimage"},"thumbnailUrl":"https:\/\/www.voustensports.com\/wp-content\/uploads\/2023\/06\/Logo-Label-T-shirt-beige-427381.jpg","datePublished":"2026-03-14T02:24:10+00:00","dateModified":"2026-03-14T04:42:09+00:00","breadcrumb":{"@id":"https:\/\/www.voustensports.com\/de\/c-p-company-logo-label-t-shirt-beige-42738-2\/#breadcrumb"},"inLanguage":"de-DE","potentialAction":[{"@type":"ReadAction","target":["https:\/\/www.voustensports.com\/de\/c-p-company-logo-label-t-shirt-beige-42738-2\/"]}]},{"@type":"ImageObject","inLanguage":"de-DE","@id":"https:\/\/www.voustensports.com\/de\/c-p-company-logo-label-t-shirt-beige-42738-2\/#primaryimage","url":"https:\/\/www.voustensports.com\/wp-content\/uploads\/2023\/06\/Logo-Label-T-shirt-beige-427381.jpg","contentUrl":"https:\/\/www.voustensports.com\/wp-content\/uploads\/2023\/06\/Logo-Label-T-shirt-beige-427381.jpg","width":1638,"height":2048},{"@type":"BreadcrumbList","@id":"https:\/\/www.voustensports.com\/de\/c-p-company-logo-label-t-shirt-beige-42738-2\/#breadcrumb","itemListElement":[{"@type":"ListItem","position":1,"name":"Home","item":"https:\/\/www.voustensports.com\/de\/"},{"@type":"ListItem","position":2,"name":"Shop","item":"https:\/\/www.voustensports.com\/de\/shop\/"},{"@type":"ListItem","position":3,"name":"C.P. Company &#8211; Logo Label T-Shirt beige (42738)"}]},{"@type":"WebSite","@id":"https:\/\/www.voustensports.com\/nl\/#website","url":"https:\/\/www.voustensports.com\/nl\/","name":"Vousten Sports","description":"","potentialAction":[{"@type":"SearchAction","target":{"@type":"EntryPoint","urlTemplate":"https:\/\/www.voustensports.com\/nl\/?s={search_term_string}"},"query-input":{"@type":"PropertyValueSpecification","valueRequired":true,"valueName":"search_term_string"}}],"inLanguage":"de-DE"}]}},"_links":{"self":[{"href":"https:\/\/www.voustensports.com\/de\/wp-json\/wp\/v2\/product\/227314","targetHints":{"allow":["GET"]}}],"collection":[{"href":"https:\/\/www.voustensports.com\/de\/wp-json\/wp\/v2\/product"}],"about":[{"href":"https:\/\/www.voustensports.com\/de\/wp-json\/wp\/v2\/types\/product"}],"replies":[{"embeddable":true,"href":"https:\/\/www.voustensports.com\/de\/wp-json\/wp\/v2\/comments?post=227314"}],"wp:featuredmedia":[{"embeddable":true,"href":"https:\/\/www.voustensports.com\/de\/wp-json\/wp\/v2\/media\/227302"}],"wp:attachment":[{"href":"https:\/\/www.voustensports.com\/de\/wp-json\/wp\/v2\/media?parent=227314"}],"wp:term":[{"taxonomy":"product_cat","embeddable":true,"href":"https:\/\/www.voustensports.com\/de\/wp-json\/wp\/v2\/product_cat?post=227314"},{"taxonomy":"product_tag","embeddable":true,"href":"https:\/\/www.voustensports.com\/de\/wp-json\/wp\/v2\/product_tag?post=227314"}],"curies":[{"name":"wp","href":"https:\/\/api.w.org\/{rel}","templated":true}]}}