{"id":227250,"date":"2026-03-13T23:39:09","date_gmt":"2026-03-13T22:39:09","guid":{"rendered":"https:\/\/www.voustensports.com\/c-p-company-logo-t-shirt-mit-ruckendruck-marineblau-42737\/"},"modified":"2026-03-14T01:12:10","modified_gmt":"2026-03-14T00:12:10","slug":"c-p-company-logo-t-shirt-mit-ruckendruck-marineblau-42737","status":"publish","type":"product","link":"https:\/\/www.voustensports.com\/de\/c-p-company-logo-t-shirt-mit-ruckendruck-marineblau-42737\/","title":{"rendered":"C.P. Company &#8211; Logo-T-Shirt mit R\u00fcckendruck marineblau (42737)"},"content":{"rendered":"<div>PRODUKTDETAILS<\/div>\n<div>Kurzarm-T-Shirt aus 30\/1 Baumwolljersey f\u00fcr ein weiches und atmungsaktives Tragegef\u00fchl und optimalen Tragekomfort. Das Modell verf\u00fcgt \u00fcber einen gerippten Rundhalsausschnitt und einen Logodruck mit dem British Sailor-Motiv auf Brust und R\u00fccken.<\/div>\n<div><\/div>\n<div>STIL<\/div>\n<ul>\n<li>Gerippter Rundhalsausschnitt<\/li>\n<li>Logodruck und British Sailor-Motiv auf Brust und R\u00fccken<\/li>\n<li>Hergestellt in Italien<\/li>\n<li>Bequeme Passform<\/li>\n<\/ul>\n<div>MATERIAL<\/div>\n<ul>\n<li>Obermaterial: 100 % Baumwolle<\/li>\n<\/ul>\n","protected":false},"excerpt":{"rendered":"<p>PRODUKTDETAILS Kurzarm-T-Shirt aus 30\/1 Baumwolljersey f\u00fcr ein weiches und atmungsaktives Tragegef\u00fchl und optimalen Tragekomfort. Das Modell verf\u00fcgt \u00fcber einen gerippten Rundhalsausschnitt und einen Logodruck mit dem British Sailor-Motiv auf Brust und R\u00fccken. STIL Gerippter Rundhalsausschnitt Logodruck und British Sailor-Motiv auf Brust und R\u00fccken Hergestellt in Italien Bequeme Passform MATERIAL Obermaterial: 100 % Baumwolle<\/p>\n","protected":false},"featured_media":227238,"comment_status":"open","ping_status":"closed","template":"","meta":{"rank_math_lock_modified_date":false},"product_cat":[439,447,451,463,487,491],"product_tag":[],"class_list":{"0":"post-227250","1":"product","2":"type-product","3":"status-publish","4":"has-post-thumbnail","6":"product_cat-cp-company-de","7":"product_cat-kleding-de","8":"product_cat-heren-de","9":"product_cat-vousten-sports-de-2","10":"product_cat-shirt-de-2","11":"product_cat-t-shirts-de-2","13":"first","14":"instock","15":"taxable","16":"shipping-taxable","17":"purchasable","18":"product-type-variable"},"acf":[],"yoast_head":"<!-- This site is optimized with the Yoast SEO plugin v23.9 - https:\/\/yoast.com\/wordpress\/plugins\/seo\/ -->\n<title>C.P. Company - Logo-T-Shirt mit R\u00fcckendruck marineblau (42737) - Vousten Sports<\/title>\n<meta name=\"robots\" content=\"index, follow, max-snippet:-1, max-image-preview:large, max-video-preview:-1\" \/>\n<link rel=\"canonical\" href=\"https:\/\/www.voustensports.com\/de\/c-p-company-logo-t-shirt-mit-ruckendruck-marineblau-42737\/\" \/>\n<meta property=\"og:locale\" content=\"de_DE\" \/>\n<meta property=\"og:type\" content=\"article\" \/>\n<meta property=\"og:title\" content=\"C.P. Company - Logo-T-Shirt mit R\u00fcckendruck marineblau (42737) - Vousten Sports\" \/>\n<meta property=\"og:description\" content=\"PRODUKTDETAILS Kurzarm-T-Shirt aus 30\/1 Baumwolljersey f\u00fcr ein weiches und atmungsaktives Tragegef\u00fchl und optimalen Tragekomfort. Das Modell verf\u00fcgt \u00fcber einen gerippten Rundhalsausschnitt und einen Logodruck mit dem British Sailor-Motiv auf Brust und R\u00fccken. STIL Gerippter Rundhalsausschnitt Logodruck und British Sailor-Motiv auf Brust und R\u00fccken Hergestellt in Italien Bequeme Passform MATERIAL Obermaterial: 100 % Baumwolle\" \/>\n<meta property=\"og:url\" content=\"https:\/\/www.voustensports.com\/de\/c-p-company-logo-t-shirt-mit-ruckendruck-marineblau-42737\/\" \/>\n<meta property=\"og:site_name\" content=\"Vousten Sports\" \/>\n<meta property=\"article:modified_time\" content=\"2026-03-14T00:12:10+00:00\" \/>\n<meta property=\"og:image\" content=\"https:\/\/www.voustensports.com\/wp-content\/uploads\/2023\/06\/Logo-T-shirt-met-Backprint-navy-427371.jpg\" \/>\n\t<meta property=\"og:image:width\" content=\"1638\" \/>\n\t<meta property=\"og:image:height\" content=\"2048\" \/>\n\t<meta property=\"og:image:type\" content=\"image\/jpeg\" \/>\n<meta name=\"twitter:card\" content=\"summary_large_image\" \/>\n<script type=\"application\/ld+json\" class=\"yoast-schema-graph\">{\"@context\":\"https:\/\/schema.org\",\"@graph\":[{\"@type\":\"WebPage\",\"@id\":\"https:\/\/www.voustensports.com\/de\/c-p-company-logo-t-shirt-mit-ruckendruck-marineblau-42737\/\",\"url\":\"https:\/\/www.voustensports.com\/de\/c-p-company-logo-t-shirt-mit-ruckendruck-marineblau-42737\/\",\"name\":\"C.P. Company - Logo-T-Shirt mit R\u00fcckendruck marineblau (42737) - Vousten Sports\",\"isPartOf\":{\"@id\":\"https:\/\/www.voustensports.com\/nl\/#website\"},\"primaryImageOfPage\":{\"@id\":\"https:\/\/www.voustensports.com\/de\/c-p-company-logo-t-shirt-mit-ruckendruck-marineblau-42737\/#primaryimage\"},\"image\":{\"@id\":\"https:\/\/www.voustensports.com\/de\/c-p-company-logo-t-shirt-mit-ruckendruck-marineblau-42737\/#primaryimage\"},\"thumbnailUrl\":\"https:\/\/www.voustensports.com\/wp-content\/uploads\/2023\/06\/Logo-T-shirt-met-Backprint-navy-427371.jpg\",\"datePublished\":\"2026-03-13T22:39:09+00:00\",\"dateModified\":\"2026-03-14T00:12:10+00:00\",\"breadcrumb\":{\"@id\":\"https:\/\/www.voustensports.com\/de\/c-p-company-logo-t-shirt-mit-ruckendruck-marineblau-42737\/#breadcrumb\"},\"inLanguage\":\"de-DE\",\"potentialAction\":[{\"@type\":\"ReadAction\",\"target\":[\"https:\/\/www.voustensports.com\/de\/c-p-company-logo-t-shirt-mit-ruckendruck-marineblau-42737\/\"]}]},{\"@type\":\"ImageObject\",\"inLanguage\":\"de-DE\",\"@id\":\"https:\/\/www.voustensports.com\/de\/c-p-company-logo-t-shirt-mit-ruckendruck-marineblau-42737\/#primaryimage\",\"url\":\"https:\/\/www.voustensports.com\/wp-content\/uploads\/2023\/06\/Logo-T-shirt-met-Backprint-navy-427371.jpg\",\"contentUrl\":\"https:\/\/www.voustensports.com\/wp-content\/uploads\/2023\/06\/Logo-T-shirt-met-Backprint-navy-427371.jpg\",\"width\":1638,\"height\":2048},{\"@type\":\"BreadcrumbList\",\"@id\":\"https:\/\/www.voustensports.com\/de\/c-p-company-logo-t-shirt-mit-ruckendruck-marineblau-42737\/#breadcrumb\",\"itemListElement\":[{\"@type\":\"ListItem\",\"position\":1,\"name\":\"Home\",\"item\":\"https:\/\/www.voustensports.com\/de\/\"},{\"@type\":\"ListItem\",\"position\":2,\"name\":\"Shop\",\"item\":\"https:\/\/www.voustensports.com\/de\/shop\/\"},{\"@type\":\"ListItem\",\"position\":3,\"name\":\"C.P. Company &#8211; Logo-T-Shirt mit R\u00fcckendruck marineblau (42737)\"}]},{\"@type\":\"WebSite\",\"@id\":\"https:\/\/www.voustensports.com\/nl\/#website\",\"url\":\"https:\/\/www.voustensports.com\/nl\/\",\"name\":\"Vousten Sports\",\"description\":\"\",\"potentialAction\":[{\"@type\":\"SearchAction\",\"target\":{\"@type\":\"EntryPoint\",\"urlTemplate\":\"https:\/\/www.voustensports.com\/nl\/?s={search_term_string}\"},\"query-input\":{\"@type\":\"PropertyValueSpecification\",\"valueRequired\":true,\"valueName\":\"search_term_string\"}}],\"inLanguage\":\"de-DE\"}]}<\/script>\n<!-- \/ Yoast SEO plugin. -->","yoast_head_json":{"title":"C.P. Company - Logo-T-Shirt mit R\u00fcckendruck marineblau (42737) - Vousten Sports","robots":{"index":"index","follow":"follow","max-snippet":"max-snippet:-1","max-image-preview":"max-image-preview:large","max-video-preview":"max-video-preview:-1"},"canonical":"https:\/\/www.voustensports.com\/de\/c-p-company-logo-t-shirt-mit-ruckendruck-marineblau-42737\/","og_locale":"de_DE","og_type":"article","og_title":"C.P. Company - Logo-T-Shirt mit R\u00fcckendruck marineblau (42737) - Vousten Sports","og_description":"PRODUKTDETAILS Kurzarm-T-Shirt aus 30\/1 Baumwolljersey f\u00fcr ein weiches und atmungsaktives Tragegef\u00fchl und optimalen Tragekomfort. Das Modell verf\u00fcgt \u00fcber einen gerippten Rundhalsausschnitt und einen Logodruck mit dem British Sailor-Motiv auf Brust und R\u00fccken. STIL Gerippter Rundhalsausschnitt Logodruck und British Sailor-Motiv auf Brust und R\u00fccken Hergestellt in Italien Bequeme Passform MATERIAL Obermaterial: 100 % Baumwolle","og_url":"https:\/\/www.voustensports.com\/de\/c-p-company-logo-t-shirt-mit-ruckendruck-marineblau-42737\/","og_site_name":"Vousten Sports","article_modified_time":"2026-03-14T00:12:10+00:00","og_image":[{"width":1638,"height":2048,"url":"https:\/\/www.voustensports.com\/wp-content\/uploads\/2023\/06\/Logo-T-shirt-met-Backprint-navy-427371.jpg","type":"image\/jpeg"}],"twitter_card":"summary_large_image","schema":{"@context":"https:\/\/schema.org","@graph":[{"@type":"WebPage","@id":"https:\/\/www.voustensports.com\/de\/c-p-company-logo-t-shirt-mit-ruckendruck-marineblau-42737\/","url":"https:\/\/www.voustensports.com\/de\/c-p-company-logo-t-shirt-mit-ruckendruck-marineblau-42737\/","name":"C.P. Company - Logo-T-Shirt mit R\u00fcckendruck marineblau (42737) - Vousten Sports","isPartOf":{"@id":"https:\/\/www.voustensports.com\/nl\/#website"},"primaryImageOfPage":{"@id":"https:\/\/www.voustensports.com\/de\/c-p-company-logo-t-shirt-mit-ruckendruck-marineblau-42737\/#primaryimage"},"image":{"@id":"https:\/\/www.voustensports.com\/de\/c-p-company-logo-t-shirt-mit-ruckendruck-marineblau-42737\/#primaryimage"},"thumbnailUrl":"https:\/\/www.voustensports.com\/wp-content\/uploads\/2023\/06\/Logo-T-shirt-met-Backprint-navy-427371.jpg","datePublished":"2026-03-13T22:39:09+00:00","dateModified":"2026-03-14T00:12:10+00:00","breadcrumb":{"@id":"https:\/\/www.voustensports.com\/de\/c-p-company-logo-t-shirt-mit-ruckendruck-marineblau-42737\/#breadcrumb"},"inLanguage":"de-DE","potentialAction":[{"@type":"ReadAction","target":["https:\/\/www.voustensports.com\/de\/c-p-company-logo-t-shirt-mit-ruckendruck-marineblau-42737\/"]}]},{"@type":"ImageObject","inLanguage":"de-DE","@id":"https:\/\/www.voustensports.com\/de\/c-p-company-logo-t-shirt-mit-ruckendruck-marineblau-42737\/#primaryimage","url":"https:\/\/www.voustensports.com\/wp-content\/uploads\/2023\/06\/Logo-T-shirt-met-Backprint-navy-427371.jpg","contentUrl":"https:\/\/www.voustensports.com\/wp-content\/uploads\/2023\/06\/Logo-T-shirt-met-Backprint-navy-427371.jpg","width":1638,"height":2048},{"@type":"BreadcrumbList","@id":"https:\/\/www.voustensports.com\/de\/c-p-company-logo-t-shirt-mit-ruckendruck-marineblau-42737\/#breadcrumb","itemListElement":[{"@type":"ListItem","position":1,"name":"Home","item":"https:\/\/www.voustensports.com\/de\/"},{"@type":"ListItem","position":2,"name":"Shop","item":"https:\/\/www.voustensports.com\/de\/shop\/"},{"@type":"ListItem","position":3,"name":"C.P. Company &#8211; Logo-T-Shirt mit R\u00fcckendruck marineblau (42737)"}]},{"@type":"WebSite","@id":"https:\/\/www.voustensports.com\/nl\/#website","url":"https:\/\/www.voustensports.com\/nl\/","name":"Vousten Sports","description":"","potentialAction":[{"@type":"SearchAction","target":{"@type":"EntryPoint","urlTemplate":"https:\/\/www.voustensports.com\/nl\/?s={search_term_string}"},"query-input":{"@type":"PropertyValueSpecification","valueRequired":true,"valueName":"search_term_string"}}],"inLanguage":"de-DE"}]}},"_links":{"self":[{"href":"https:\/\/www.voustensports.com\/de\/wp-json\/wp\/v2\/product\/227250","targetHints":{"allow":["GET"]}}],"collection":[{"href":"https:\/\/www.voustensports.com\/de\/wp-json\/wp\/v2\/product"}],"about":[{"href":"https:\/\/www.voustensports.com\/de\/wp-json\/wp\/v2\/types\/product"}],"replies":[{"embeddable":true,"href":"https:\/\/www.voustensports.com\/de\/wp-json\/wp\/v2\/comments?post=227250"}],"wp:featuredmedia":[{"embeddable":true,"href":"https:\/\/www.voustensports.com\/de\/wp-json\/wp\/v2\/media\/227238"}],"wp:attachment":[{"href":"https:\/\/www.voustensports.com\/de\/wp-json\/wp\/v2\/media?parent=227250"}],"wp:term":[{"taxonomy":"product_cat","embeddable":true,"href":"https:\/\/www.voustensports.com\/de\/wp-json\/wp\/v2\/product_cat?post=227250"},{"taxonomy":"product_tag","embeddable":true,"href":"https:\/\/www.voustensports.com\/de\/wp-json\/wp\/v2\/product_tag?post=227250"}],"curies":[{"name":"wp","href":"https:\/\/api.w.org\/{rel}","templated":true}]}}