{"id":227051,"date":"2026-03-08T10:42:15","date_gmt":"2026-03-08T09:42:15","guid":{"rendered":"https:\/\/www.voustensports.com\/c-p-company-chrome-r-wattierte-overshirt-jacke-mit-lens-logo-marineblau-42743\/"},"modified":"2026-04-01T15:27:08","modified_gmt":"2026-04-01T13:27:08","slug":"c-p-company-chrome-r-wattierte-overshirt-jacke-mit-lens-logo-marineblau-42743","status":"publish","type":"product","link":"https:\/\/www.voustensports.com\/de\/c-p-company-chrome-r-wattierte-overshirt-jacke-mit-lens-logo-marineblau-42743\/","title":{"rendered":"C.P. Company &#8211; Chrome-R Wattierte Overshirt-Jacke mit Lens-Logo marineblau (42743)"},"content":{"rendered":"<div>PRODUKTDETAILS<\/div>\n<div>Diese Overshirt-Jacke ist aus Chrome-R gefertigt, einem gl\u00e4nzenden, zu 100 % recycelten Multifilament-Nylon. Es wird aus Produktionsabf\u00e4llen hergestellt und zu einer nach dem Global Recycled Standard (GRS) zertifizierten Faser verarbeitet. Das Modell verf\u00fcgt \u00fcber einen klassischen Kragen, Druckkn\u00f6pfe, eine Brusttasche mit Druckknopf, seitliche Druckknopftaschen und das ikonische C.P. Company Lens-Logo auf der \u00c4rmeltasche. Verstellbare Druckknopfb\u00fcndchen und eine leichte Wattierung sorgen f\u00fcr Funktionalit\u00e4t und Tragekomfort. Die Jacke ist st\u00fcckgef\u00e4rbt, wodurch eine einzigartige Farbtiefe und Farbnuancen entstehen, die sich mit der Zeit und durch das Tragen ver\u00e4ndern.<\/div>\n<div><\/div>\n<div><strong>Das Model ist 176 cm gro\u00df, wiegt 80 kg und tr\u00e4gt Gr\u00f6\u00dfe M.<\/strong><\/div>\n<div><\/div>\n<div>STIL<\/div>\n<ul>\n<li>Klassischer Kragen<\/li>\n<li>Druckkn\u00f6pfe<\/li>\n<li>Brusttasche mit Druckknopf<\/li>\n<li>Lens-Logo<\/li>\n<li>Seitliche Druckknopftaschen<\/li>\n<li>Verstellbare Druckknopfb\u00fcndchen<\/li>\n<li>Wattierung<\/li>\n<li>St\u00fcckgef\u00e4rbt<\/li>\n<li>Normale Passform<\/li>\n<\/ul>\n<div>MATERIAL<\/div>\n<ul>\n<li>Obermaterial: 100 % Polyamid\/Nylon<\/li>\n<li>Futter: 100 % Polyamid\/Nylon<\/li>\n<li>Wattierung (Faser): 100 % Polyester<\/li>\n<\/ul>\n","protected":false},"excerpt":{"rendered":"<p>PRODUKTDETAILS Diese Overshirt-Jacke ist aus Chrome-R gefertigt, einem gl\u00e4nzenden, zu 100 % recycelten Multifilament-Nylon. Es wird aus Produktionsabf\u00e4llen hergestellt und zu einer nach dem Global Recycled Standard (GRS) zertifizierten Faser verarbeitet. Das Modell verf\u00fcgt \u00fcber einen klassischen Kragen, Druckkn\u00f6pfe, eine Brusttasche mit Druckknopf, seitliche Druckknopftaschen und das ikonische C.P. Company Lens-Logo auf der \u00c4rmeltasche. Verstellbare [&#8230;]\n","protected":false},"featured_media":227027,"comment_status":"open","ping_status":"closed","template":"","meta":{"rank_math_lock_modified_date":false},"product_cat":[439,447,451,463,543,702,706,740],"product_tag":[],"class_list":{"0":"post-227051","1":"product","2":"type-product","3":"status-publish","4":"has-post-thumbnail","6":"product_cat-cp-company-de","7":"product_cat-kleding-de","8":"product_cat-heren-de","9":"product_cat-vousten-sports-de-2","10":"product_cat-jassen-de","11":"product_cat-jackets-de","12":"product_cat-jassen-jacks-de","13":"product_cat-overshirt-de-2","15":"first","16":"instock","17":"taxable","18":"shipping-taxable","19":"purchasable","20":"product-type-variable"},"acf":[],"yoast_head":"<!-- This site is optimized with the Yoast SEO plugin v23.9 - https:\/\/yoast.com\/wordpress\/plugins\/seo\/ -->\n<title>C.P. Company - Chrome-R Wattierte Overshirt-Jacke mit Lens-Logo marineblau (42743) - Vousten Sports<\/title>\n<meta name=\"robots\" content=\"index, follow, max-snippet:-1, max-image-preview:large, max-video-preview:-1\" \/>\n<link rel=\"canonical\" href=\"https:\/\/www.voustensports.com\/de\/c-p-company-chrome-r-wattierte-overshirt-jacke-mit-lens-logo-marineblau-42743\/\" \/>\n<meta property=\"og:locale\" content=\"de_DE\" \/>\n<meta property=\"og:type\" content=\"article\" \/>\n<meta property=\"og:title\" content=\"C.P. Company - Chrome-R Wattierte Overshirt-Jacke mit Lens-Logo marineblau (42743) - Vousten Sports\" \/>\n<meta property=\"og:description\" content=\"PRODUKTDETAILS Diese Overshirt-Jacke ist aus Chrome-R gefertigt, einem gl\u00e4nzenden, zu 100 % recycelten Multifilament-Nylon. Es wird aus Produktionsabf\u00e4llen hergestellt und zu einer nach dem Global Recycled Standard (GRS) zertifizierten Faser verarbeitet. Das Modell verf\u00fcgt \u00fcber einen klassischen Kragen, Druckkn\u00f6pfe, eine Brusttasche mit Druckknopf, seitliche Druckknopftaschen und das ikonische C.P. Company Lens-Logo auf der \u00c4rmeltasche. Verstellbare [...]\" \/>\n<meta property=\"og:url\" content=\"https:\/\/www.voustensports.com\/de\/c-p-company-chrome-r-wattierte-overshirt-jacke-mit-lens-logo-marineblau-42743\/\" \/>\n<meta property=\"og:site_name\" content=\"Vousten Sports\" \/>\n<meta property=\"article:modified_time\" content=\"2026-04-01T13:27:08+00:00\" \/>\n<meta property=\"og:image\" content=\"https:\/\/www.voustensports.com\/wp-content\/uploads\/2023\/06\/Chrome-R-Padded-Lens-Overshirt-Jacket-navy-427431.jpg\" \/>\n\t<meta property=\"og:image:width\" content=\"1638\" \/>\n\t<meta property=\"og:image:height\" content=\"2048\" \/>\n\t<meta property=\"og:image:type\" content=\"image\/jpeg\" \/>\n<meta name=\"twitter:card\" content=\"summary_large_image\" \/>\n<meta name=\"twitter:label1\" content=\"Est. reading time\" \/>\n\t<meta name=\"twitter:data1\" content=\"1 Minute\" \/>\n<script type=\"application\/ld+json\" class=\"yoast-schema-graph\">{\"@context\":\"https:\/\/schema.org\",\"@graph\":[{\"@type\":\"WebPage\",\"@id\":\"https:\/\/www.voustensports.com\/de\/c-p-company-chrome-r-wattierte-overshirt-jacke-mit-lens-logo-marineblau-42743\/\",\"url\":\"https:\/\/www.voustensports.com\/de\/c-p-company-chrome-r-wattierte-overshirt-jacke-mit-lens-logo-marineblau-42743\/\",\"name\":\"C.P. Company - Chrome-R Wattierte Overshirt-Jacke mit Lens-Logo marineblau (42743) - Vousten Sports\",\"isPartOf\":{\"@id\":\"https:\/\/www.voustensports.com\/nl\/#website\"},\"primaryImageOfPage\":{\"@id\":\"https:\/\/www.voustensports.com\/de\/c-p-company-chrome-r-wattierte-overshirt-jacke-mit-lens-logo-marineblau-42743\/#primaryimage\"},\"image\":{\"@id\":\"https:\/\/www.voustensports.com\/de\/c-p-company-chrome-r-wattierte-overshirt-jacke-mit-lens-logo-marineblau-42743\/#primaryimage\"},\"thumbnailUrl\":\"https:\/\/www.voustensports.com\/wp-content\/uploads\/2023\/06\/Chrome-R-Padded-Lens-Overshirt-Jacket-navy-427431.jpg\",\"datePublished\":\"2026-03-08T09:42:15+00:00\",\"dateModified\":\"2026-04-01T13:27:08+00:00\",\"breadcrumb\":{\"@id\":\"https:\/\/www.voustensports.com\/de\/c-p-company-chrome-r-wattierte-overshirt-jacke-mit-lens-logo-marineblau-42743\/#breadcrumb\"},\"inLanguage\":\"de-DE\",\"potentialAction\":[{\"@type\":\"ReadAction\",\"target\":[\"https:\/\/www.voustensports.com\/de\/c-p-company-chrome-r-wattierte-overshirt-jacke-mit-lens-logo-marineblau-42743\/\"]}]},{\"@type\":\"ImageObject\",\"inLanguage\":\"de-DE\",\"@id\":\"https:\/\/www.voustensports.com\/de\/c-p-company-chrome-r-wattierte-overshirt-jacke-mit-lens-logo-marineblau-42743\/#primaryimage\",\"url\":\"https:\/\/www.voustensports.com\/wp-content\/uploads\/2023\/06\/Chrome-R-Padded-Lens-Overshirt-Jacket-navy-427431.jpg\",\"contentUrl\":\"https:\/\/www.voustensports.com\/wp-content\/uploads\/2023\/06\/Chrome-R-Padded-Lens-Overshirt-Jacket-navy-427431.jpg\",\"width\":1638,\"height\":2048},{\"@type\":\"BreadcrumbList\",\"@id\":\"https:\/\/www.voustensports.com\/de\/c-p-company-chrome-r-wattierte-overshirt-jacke-mit-lens-logo-marineblau-42743\/#breadcrumb\",\"itemListElement\":[{\"@type\":\"ListItem\",\"position\":1,\"name\":\"Home\",\"item\":\"https:\/\/www.voustensports.com\/de\/\"},{\"@type\":\"ListItem\",\"position\":2,\"name\":\"Shop\",\"item\":\"https:\/\/www.voustensports.com\/de\/shop\/\"},{\"@type\":\"ListItem\",\"position\":3,\"name\":\"C.P. Company &#8211; Chrome-R Wattierte Overshirt-Jacke mit Lens-Logo marineblau (42743)\"}]},{\"@type\":\"WebSite\",\"@id\":\"https:\/\/www.voustensports.com\/nl\/#website\",\"url\":\"https:\/\/www.voustensports.com\/nl\/\",\"name\":\"Vousten Sports\",\"description\":\"\",\"potentialAction\":[{\"@type\":\"SearchAction\",\"target\":{\"@type\":\"EntryPoint\",\"urlTemplate\":\"https:\/\/www.voustensports.com\/nl\/?s={search_term_string}\"},\"query-input\":{\"@type\":\"PropertyValueSpecification\",\"valueRequired\":true,\"valueName\":\"search_term_string\"}}],\"inLanguage\":\"de-DE\"}]}<\/script>\n<!-- \/ Yoast SEO plugin. -->","yoast_head_json":{"title":"C.P. Company - Chrome-R Wattierte Overshirt-Jacke mit Lens-Logo marineblau (42743) - Vousten Sports","robots":{"index":"index","follow":"follow","max-snippet":"max-snippet:-1","max-image-preview":"max-image-preview:large","max-video-preview":"max-video-preview:-1"},"canonical":"https:\/\/www.voustensports.com\/de\/c-p-company-chrome-r-wattierte-overshirt-jacke-mit-lens-logo-marineblau-42743\/","og_locale":"de_DE","og_type":"article","og_title":"C.P. Company - Chrome-R Wattierte Overshirt-Jacke mit Lens-Logo marineblau (42743) - Vousten Sports","og_description":"PRODUKTDETAILS Diese Overshirt-Jacke ist aus Chrome-R gefertigt, einem gl\u00e4nzenden, zu 100 % recycelten Multifilament-Nylon. Es wird aus Produktionsabf\u00e4llen hergestellt und zu einer nach dem Global Recycled Standard (GRS) zertifizierten Faser verarbeitet. Das Modell verf\u00fcgt \u00fcber einen klassischen Kragen, Druckkn\u00f6pfe, eine Brusttasche mit Druckknopf, seitliche Druckknopftaschen und das ikonische C.P. Company Lens-Logo auf der \u00c4rmeltasche. Verstellbare [...]","og_url":"https:\/\/www.voustensports.com\/de\/c-p-company-chrome-r-wattierte-overshirt-jacke-mit-lens-logo-marineblau-42743\/","og_site_name":"Vousten Sports","article_modified_time":"2026-04-01T13:27:08+00:00","og_image":[{"width":1638,"height":2048,"url":"https:\/\/www.voustensports.com\/wp-content\/uploads\/2023\/06\/Chrome-R-Padded-Lens-Overshirt-Jacket-navy-427431.jpg","type":"image\/jpeg"}],"twitter_card":"summary_large_image","twitter_misc":{"Est. reading time":"1 Minute"},"schema":{"@context":"https:\/\/schema.org","@graph":[{"@type":"WebPage","@id":"https:\/\/www.voustensports.com\/de\/c-p-company-chrome-r-wattierte-overshirt-jacke-mit-lens-logo-marineblau-42743\/","url":"https:\/\/www.voustensports.com\/de\/c-p-company-chrome-r-wattierte-overshirt-jacke-mit-lens-logo-marineblau-42743\/","name":"C.P. Company - Chrome-R Wattierte Overshirt-Jacke mit Lens-Logo marineblau (42743) - Vousten Sports","isPartOf":{"@id":"https:\/\/www.voustensports.com\/nl\/#website"},"primaryImageOfPage":{"@id":"https:\/\/www.voustensports.com\/de\/c-p-company-chrome-r-wattierte-overshirt-jacke-mit-lens-logo-marineblau-42743\/#primaryimage"},"image":{"@id":"https:\/\/www.voustensports.com\/de\/c-p-company-chrome-r-wattierte-overshirt-jacke-mit-lens-logo-marineblau-42743\/#primaryimage"},"thumbnailUrl":"https:\/\/www.voustensports.com\/wp-content\/uploads\/2023\/06\/Chrome-R-Padded-Lens-Overshirt-Jacket-navy-427431.jpg","datePublished":"2026-03-08T09:42:15+00:00","dateModified":"2026-04-01T13:27:08+00:00","breadcrumb":{"@id":"https:\/\/www.voustensports.com\/de\/c-p-company-chrome-r-wattierte-overshirt-jacke-mit-lens-logo-marineblau-42743\/#breadcrumb"},"inLanguage":"de-DE","potentialAction":[{"@type":"ReadAction","target":["https:\/\/www.voustensports.com\/de\/c-p-company-chrome-r-wattierte-overshirt-jacke-mit-lens-logo-marineblau-42743\/"]}]},{"@type":"ImageObject","inLanguage":"de-DE","@id":"https:\/\/www.voustensports.com\/de\/c-p-company-chrome-r-wattierte-overshirt-jacke-mit-lens-logo-marineblau-42743\/#primaryimage","url":"https:\/\/www.voustensports.com\/wp-content\/uploads\/2023\/06\/Chrome-R-Padded-Lens-Overshirt-Jacket-navy-427431.jpg","contentUrl":"https:\/\/www.voustensports.com\/wp-content\/uploads\/2023\/06\/Chrome-R-Padded-Lens-Overshirt-Jacket-navy-427431.jpg","width":1638,"height":2048},{"@type":"BreadcrumbList","@id":"https:\/\/www.voustensports.com\/de\/c-p-company-chrome-r-wattierte-overshirt-jacke-mit-lens-logo-marineblau-42743\/#breadcrumb","itemListElement":[{"@type":"ListItem","position":1,"name":"Home","item":"https:\/\/www.voustensports.com\/de\/"},{"@type":"ListItem","position":2,"name":"Shop","item":"https:\/\/www.voustensports.com\/de\/shop\/"},{"@type":"ListItem","position":3,"name":"C.P. Company &#8211; Chrome-R Wattierte Overshirt-Jacke mit Lens-Logo marineblau (42743)"}]},{"@type":"WebSite","@id":"https:\/\/www.voustensports.com\/nl\/#website","url":"https:\/\/www.voustensports.com\/nl\/","name":"Vousten Sports","description":"","potentialAction":[{"@type":"SearchAction","target":{"@type":"EntryPoint","urlTemplate":"https:\/\/www.voustensports.com\/nl\/?s={search_term_string}"},"query-input":{"@type":"PropertyValueSpecification","valueRequired":true,"valueName":"search_term_string"}}],"inLanguage":"de-DE"}]}},"_links":{"self":[{"href":"https:\/\/www.voustensports.com\/de\/wp-json\/wp\/v2\/product\/227051","targetHints":{"allow":["GET"]}}],"collection":[{"href":"https:\/\/www.voustensports.com\/de\/wp-json\/wp\/v2\/product"}],"about":[{"href":"https:\/\/www.voustensports.com\/de\/wp-json\/wp\/v2\/types\/product"}],"replies":[{"embeddable":true,"href":"https:\/\/www.voustensports.com\/de\/wp-json\/wp\/v2\/comments?post=227051"}],"wp:featuredmedia":[{"embeddable":true,"href":"https:\/\/www.voustensports.com\/de\/wp-json\/wp\/v2\/media\/227027"}],"wp:attachment":[{"href":"https:\/\/www.voustensports.com\/de\/wp-json\/wp\/v2\/media?parent=227051"}],"wp:term":[{"taxonomy":"product_cat","embeddable":true,"href":"https:\/\/www.voustensports.com\/de\/wp-json\/wp\/v2\/product_cat?post=227051"},{"taxonomy":"product_tag","embeddable":true,"href":"https:\/\/www.voustensports.com\/de\/wp-json\/wp\/v2\/product_tag?post=227051"}],"curies":[{"name":"wp","href":"https:\/\/api.w.org\/{rel}","templated":true}]}}