{"id":226476,"date":"2026-03-03T05:21:06","date_gmt":"2026-03-03T04:21:06","guid":{"rendered":"https:\/\/www.voustensports.com\/john-miller-hyperstretch-poloshirt-mit-kurzen-armeln-und-reisverschluss-anthrazit-42677\/"},"modified":"2026-04-04T13:42:13","modified_gmt":"2026-04-04T11:42:13","slug":"john-miller-hyperstretch-poloshirt-mit-kurzen-armeln-und-reisverschluss-anthrazit-42677","status":"publish","type":"product","link":"https:\/\/www.voustensports.com\/de\/john-miller-hyperstretch-poloshirt-mit-kurzen-armeln-und-reisverschluss-anthrazit-42677\/","title":{"rendered":"JOHN MILLER &#8211; Hyperstretch-Poloshirt mit kurzen \u00c4rmeln und Rei\u00dfverschluss anthrazit (42677)"},"content":{"rendered":"<div>Dieses gr\u00fcn-graue Slim-Fit-Poloshirt aus Hyperstretch-Material hat kurze \u00c4rmel. Die Slim-Fit-Poloshirts von John Miller sind figurbetont geschnitten und bieten dank des Hyperstretch-Materials stilvollen Tragekomfort. Dieser italienische Strickstoff hat sich \u00fcber mehrere Saisons als Bestseller in den John Miller Kollektionen bew\u00e4hrt. Das Poloshirt verf\u00fcgt \u00fcber einen eleganten Cutaway-Kragen mit Ton-in-Ton-Rei\u00dfverschluss.<\/div>\n<ul>\n<li>Passform: Slim Fit<\/li>\n<li>Farbe: Anthrazit<\/li>\n<li>Muster: Uni<\/li>\n<li>\u00c4rmel: Kurzarm<\/li>\n<li>B\u00fcndchen: Cutaway<\/li>\n<li>B\u00fcndchen: Sonstiges<\/li>\n<li>Materialzusammensetzung: 89 % Polyamid, 11 % Elastan<\/li>\n<li>Materialeigenschaften: Hyperstretch, Stretch<\/li>\n<li>Brusttasche: Nein<\/li>\n<li>Produktcode: 5142677-570<\/li>\n<\/ul>\n","protected":false},"excerpt":{"rendered":"<p>Dieses gr\u00fcn-graue Slim-Fit-Poloshirt aus Hyperstretch-Material hat kurze \u00c4rmel. Die Slim-Fit-Poloshirts von John Miller sind figurbetont geschnitten und bieten dank des Hyperstretch-Materials stilvollen Tragekomfort. Dieser italienische Strickstoff hat sich \u00fcber mehrere Saisons als Bestseller in den John Miller Kollektionen bew\u00e4hrt. Das Poloshirt verf\u00fcgt \u00fcber einen eleganten Cutaway-Kragen mit Ton-in-Ton-Rei\u00dfverschluss. Passform: Slim Fit Farbe: Anthrazit Muster: Uni [&#8230;]\n","protected":false},"featured_media":226468,"comment_status":"open","ping_status":"closed","template":"","meta":{"rank_math_lock_modified_date":false},"product_cat":[447,451,463,479,487,892,921],"product_tag":[],"class_list":{"0":"post-226476","1":"product","2":"type-product","3":"status-publish","4":"has-post-thumbnail","6":"product_cat-kleding-de","7":"product_cat-heren-de","8":"product_cat-vousten-sports-de-2","9":"product_cat-polos-de-2","10":"product_cat-shirt-de-2","11":"product_cat-overhemd-blouse-de","12":"product_cat-john-miller-de","14":"first","15":"instock","16":"taxable","17":"shipping-taxable","18":"purchasable","19":"product-type-variable"},"acf":[],"yoast_head":"<!-- This site is optimized with the Yoast SEO plugin v23.9 - https:\/\/yoast.com\/wordpress\/plugins\/seo\/ -->\n<title>JOHN MILLER - Hyperstretch-Poloshirt mit kurzen \u00c4rmeln und Rei\u00dfverschluss anthrazit (42677) - Vousten Sports<\/title>\n<meta name=\"robots\" content=\"index, follow, max-snippet:-1, max-image-preview:large, max-video-preview:-1\" \/>\n<link rel=\"canonical\" href=\"https:\/\/www.voustensports.com\/de\/john-miller-hyperstretch-poloshirt-mit-kurzen-armeln-und-reisverschluss-anthrazit-42677\/\" \/>\n<meta property=\"og:locale\" content=\"de_DE\" \/>\n<meta property=\"og:type\" content=\"article\" \/>\n<meta property=\"og:title\" content=\"JOHN MILLER - Hyperstretch-Poloshirt mit kurzen \u00c4rmeln und Rei\u00dfverschluss anthrazit (42677) - Vousten Sports\" \/>\n<meta property=\"og:description\" content=\"Dieses gr\u00fcn-graue Slim-Fit-Poloshirt aus Hyperstretch-Material hat kurze \u00c4rmel. Die Slim-Fit-Poloshirts von John Miller sind figurbetont geschnitten und bieten dank des Hyperstretch-Materials stilvollen Tragekomfort. Dieser italienische Strickstoff hat sich \u00fcber mehrere Saisons als Bestseller in den John Miller Kollektionen bew\u00e4hrt. Das Poloshirt verf\u00fcgt \u00fcber einen eleganten Cutaway-Kragen mit Ton-in-Ton-Rei\u00dfverschluss. Passform: Slim Fit Farbe: Anthrazit Muster: Uni [...]\" \/>\n<meta property=\"og:url\" content=\"https:\/\/www.voustensports.com\/de\/john-miller-hyperstretch-poloshirt-mit-kurzen-armeln-und-reisverschluss-anthrazit-42677\/\" \/>\n<meta property=\"og:site_name\" content=\"Vousten Sports\" \/>\n<meta property=\"article:modified_time\" content=\"2026-04-04T11:42:13+00:00\" \/>\n<meta property=\"og:image\" content=\"https:\/\/www.voustensports.com\/wp-content\/uploads\/2023\/06\/Hyperstretch-Polo-Shirt-Rits-Korte-Mouw-antraciet-426771.jpg\" \/>\n\t<meta property=\"og:image:width\" content=\"1365\" \/>\n\t<meta property=\"og:image:height\" content=\"2048\" \/>\n\t<meta property=\"og:image:type\" content=\"image\/jpeg\" \/>\n<meta name=\"twitter:card\" content=\"summary_large_image\" \/>\n<script type=\"application\/ld+json\" class=\"yoast-schema-graph\">{\"@context\":\"https:\/\/schema.org\",\"@graph\":[{\"@type\":\"WebPage\",\"@id\":\"https:\/\/www.voustensports.com\/de\/john-miller-hyperstretch-poloshirt-mit-kurzen-armeln-und-reisverschluss-anthrazit-42677\/\",\"url\":\"https:\/\/www.voustensports.com\/de\/john-miller-hyperstretch-poloshirt-mit-kurzen-armeln-und-reisverschluss-anthrazit-42677\/\",\"name\":\"JOHN MILLER - Hyperstretch-Poloshirt mit kurzen \u00c4rmeln und Rei\u00dfverschluss anthrazit (42677) - Vousten Sports\",\"isPartOf\":{\"@id\":\"https:\/\/www.voustensports.com\/nl\/#website\"},\"primaryImageOfPage\":{\"@id\":\"https:\/\/www.voustensports.com\/de\/john-miller-hyperstretch-poloshirt-mit-kurzen-armeln-und-reisverschluss-anthrazit-42677\/#primaryimage\"},\"image\":{\"@id\":\"https:\/\/www.voustensports.com\/de\/john-miller-hyperstretch-poloshirt-mit-kurzen-armeln-und-reisverschluss-anthrazit-42677\/#primaryimage\"},\"thumbnailUrl\":\"https:\/\/www.voustensports.com\/wp-content\/uploads\/2023\/06\/Hyperstretch-Polo-Shirt-Rits-Korte-Mouw-antraciet-426771.jpg\",\"datePublished\":\"2026-03-03T04:21:06+00:00\",\"dateModified\":\"2026-04-04T11:42:13+00:00\",\"breadcrumb\":{\"@id\":\"https:\/\/www.voustensports.com\/de\/john-miller-hyperstretch-poloshirt-mit-kurzen-armeln-und-reisverschluss-anthrazit-42677\/#breadcrumb\"},\"inLanguage\":\"de-DE\",\"potentialAction\":[{\"@type\":\"ReadAction\",\"target\":[\"https:\/\/www.voustensports.com\/de\/john-miller-hyperstretch-poloshirt-mit-kurzen-armeln-und-reisverschluss-anthrazit-42677\/\"]}]},{\"@type\":\"ImageObject\",\"inLanguage\":\"de-DE\",\"@id\":\"https:\/\/www.voustensports.com\/de\/john-miller-hyperstretch-poloshirt-mit-kurzen-armeln-und-reisverschluss-anthrazit-42677\/#primaryimage\",\"url\":\"https:\/\/www.voustensports.com\/wp-content\/uploads\/2023\/06\/Hyperstretch-Polo-Shirt-Rits-Korte-Mouw-antraciet-426771.jpg\",\"contentUrl\":\"https:\/\/www.voustensports.com\/wp-content\/uploads\/2023\/06\/Hyperstretch-Polo-Shirt-Rits-Korte-Mouw-antraciet-426771.jpg\",\"width\":1365,\"height\":2048},{\"@type\":\"BreadcrumbList\",\"@id\":\"https:\/\/www.voustensports.com\/de\/john-miller-hyperstretch-poloshirt-mit-kurzen-armeln-und-reisverschluss-anthrazit-42677\/#breadcrumb\",\"itemListElement\":[{\"@type\":\"ListItem\",\"position\":1,\"name\":\"Home\",\"item\":\"https:\/\/www.voustensports.com\/de\/\"},{\"@type\":\"ListItem\",\"position\":2,\"name\":\"Shop\",\"item\":\"https:\/\/www.voustensports.com\/de\/shop\/\"},{\"@type\":\"ListItem\",\"position\":3,\"name\":\"JOHN MILLER &#8211; Hyperstretch-Poloshirt mit kurzen \u00c4rmeln und Rei\u00dfverschluss anthrazit (42677)\"}]},{\"@type\":\"WebSite\",\"@id\":\"https:\/\/www.voustensports.com\/nl\/#website\",\"url\":\"https:\/\/www.voustensports.com\/nl\/\",\"name\":\"Vousten Sports\",\"description\":\"\",\"potentialAction\":[{\"@type\":\"SearchAction\",\"target\":{\"@type\":\"EntryPoint\",\"urlTemplate\":\"https:\/\/www.voustensports.com\/nl\/?s={search_term_string}\"},\"query-input\":{\"@type\":\"PropertyValueSpecification\",\"valueRequired\":true,\"valueName\":\"search_term_string\"}}],\"inLanguage\":\"de-DE\"}]}<\/script>\n<!-- \/ Yoast SEO plugin. -->","yoast_head_json":{"title":"JOHN MILLER - Hyperstretch-Poloshirt mit kurzen \u00c4rmeln und Rei\u00dfverschluss anthrazit (42677) - Vousten Sports","robots":{"index":"index","follow":"follow","max-snippet":"max-snippet:-1","max-image-preview":"max-image-preview:large","max-video-preview":"max-video-preview:-1"},"canonical":"https:\/\/www.voustensports.com\/de\/john-miller-hyperstretch-poloshirt-mit-kurzen-armeln-und-reisverschluss-anthrazit-42677\/","og_locale":"de_DE","og_type":"article","og_title":"JOHN MILLER - Hyperstretch-Poloshirt mit kurzen \u00c4rmeln und Rei\u00dfverschluss anthrazit (42677) - Vousten Sports","og_description":"Dieses gr\u00fcn-graue Slim-Fit-Poloshirt aus Hyperstretch-Material hat kurze \u00c4rmel. Die Slim-Fit-Poloshirts von John Miller sind figurbetont geschnitten und bieten dank des Hyperstretch-Materials stilvollen Tragekomfort. Dieser italienische Strickstoff hat sich \u00fcber mehrere Saisons als Bestseller in den John Miller Kollektionen bew\u00e4hrt. Das Poloshirt verf\u00fcgt \u00fcber einen eleganten Cutaway-Kragen mit Ton-in-Ton-Rei\u00dfverschluss. Passform: Slim Fit Farbe: Anthrazit Muster: Uni [...]","og_url":"https:\/\/www.voustensports.com\/de\/john-miller-hyperstretch-poloshirt-mit-kurzen-armeln-und-reisverschluss-anthrazit-42677\/","og_site_name":"Vousten Sports","article_modified_time":"2026-04-04T11:42:13+00:00","og_image":[{"width":1365,"height":2048,"url":"https:\/\/www.voustensports.com\/wp-content\/uploads\/2023\/06\/Hyperstretch-Polo-Shirt-Rits-Korte-Mouw-antraciet-426771.jpg","type":"image\/jpeg"}],"twitter_card":"summary_large_image","schema":{"@context":"https:\/\/schema.org","@graph":[{"@type":"WebPage","@id":"https:\/\/www.voustensports.com\/de\/john-miller-hyperstretch-poloshirt-mit-kurzen-armeln-und-reisverschluss-anthrazit-42677\/","url":"https:\/\/www.voustensports.com\/de\/john-miller-hyperstretch-poloshirt-mit-kurzen-armeln-und-reisverschluss-anthrazit-42677\/","name":"JOHN MILLER - Hyperstretch-Poloshirt mit kurzen \u00c4rmeln und Rei\u00dfverschluss anthrazit (42677) - Vousten Sports","isPartOf":{"@id":"https:\/\/www.voustensports.com\/nl\/#website"},"primaryImageOfPage":{"@id":"https:\/\/www.voustensports.com\/de\/john-miller-hyperstretch-poloshirt-mit-kurzen-armeln-und-reisverschluss-anthrazit-42677\/#primaryimage"},"image":{"@id":"https:\/\/www.voustensports.com\/de\/john-miller-hyperstretch-poloshirt-mit-kurzen-armeln-und-reisverschluss-anthrazit-42677\/#primaryimage"},"thumbnailUrl":"https:\/\/www.voustensports.com\/wp-content\/uploads\/2023\/06\/Hyperstretch-Polo-Shirt-Rits-Korte-Mouw-antraciet-426771.jpg","datePublished":"2026-03-03T04:21:06+00:00","dateModified":"2026-04-04T11:42:13+00:00","breadcrumb":{"@id":"https:\/\/www.voustensports.com\/de\/john-miller-hyperstretch-poloshirt-mit-kurzen-armeln-und-reisverschluss-anthrazit-42677\/#breadcrumb"},"inLanguage":"de-DE","potentialAction":[{"@type":"ReadAction","target":["https:\/\/www.voustensports.com\/de\/john-miller-hyperstretch-poloshirt-mit-kurzen-armeln-und-reisverschluss-anthrazit-42677\/"]}]},{"@type":"ImageObject","inLanguage":"de-DE","@id":"https:\/\/www.voustensports.com\/de\/john-miller-hyperstretch-poloshirt-mit-kurzen-armeln-und-reisverschluss-anthrazit-42677\/#primaryimage","url":"https:\/\/www.voustensports.com\/wp-content\/uploads\/2023\/06\/Hyperstretch-Polo-Shirt-Rits-Korte-Mouw-antraciet-426771.jpg","contentUrl":"https:\/\/www.voustensports.com\/wp-content\/uploads\/2023\/06\/Hyperstretch-Polo-Shirt-Rits-Korte-Mouw-antraciet-426771.jpg","width":1365,"height":2048},{"@type":"BreadcrumbList","@id":"https:\/\/www.voustensports.com\/de\/john-miller-hyperstretch-poloshirt-mit-kurzen-armeln-und-reisverschluss-anthrazit-42677\/#breadcrumb","itemListElement":[{"@type":"ListItem","position":1,"name":"Home","item":"https:\/\/www.voustensports.com\/de\/"},{"@type":"ListItem","position":2,"name":"Shop","item":"https:\/\/www.voustensports.com\/de\/shop\/"},{"@type":"ListItem","position":3,"name":"JOHN MILLER &#8211; Hyperstretch-Poloshirt mit kurzen \u00c4rmeln und Rei\u00dfverschluss anthrazit (42677)"}]},{"@type":"WebSite","@id":"https:\/\/www.voustensports.com\/nl\/#website","url":"https:\/\/www.voustensports.com\/nl\/","name":"Vousten Sports","description":"","potentialAction":[{"@type":"SearchAction","target":{"@type":"EntryPoint","urlTemplate":"https:\/\/www.voustensports.com\/nl\/?s={search_term_string}"},"query-input":{"@type":"PropertyValueSpecification","valueRequired":true,"valueName":"search_term_string"}}],"inLanguage":"de-DE"}]}},"_links":{"self":[{"href":"https:\/\/www.voustensports.com\/de\/wp-json\/wp\/v2\/product\/226476","targetHints":{"allow":["GET"]}}],"collection":[{"href":"https:\/\/www.voustensports.com\/de\/wp-json\/wp\/v2\/product"}],"about":[{"href":"https:\/\/www.voustensports.com\/de\/wp-json\/wp\/v2\/types\/product"}],"replies":[{"embeddable":true,"href":"https:\/\/www.voustensports.com\/de\/wp-json\/wp\/v2\/comments?post=226476"}],"wp:featuredmedia":[{"embeddable":true,"href":"https:\/\/www.voustensports.com\/de\/wp-json\/wp\/v2\/media\/226468"}],"wp:attachment":[{"href":"https:\/\/www.voustensports.com\/de\/wp-json\/wp\/v2\/media?parent=226476"}],"wp:term":[{"taxonomy":"product_cat","embeddable":true,"href":"https:\/\/www.voustensports.com\/de\/wp-json\/wp\/v2\/product_cat?post=226476"},{"taxonomy":"product_tag","embeddable":true,"href":"https:\/\/www.voustensports.com\/de\/wp-json\/wp\/v2\/product_tag?post=226476"}],"curies":[{"name":"wp","href":"https:\/\/api.w.org\/{rel}","templated":true}]}}