{"id":226432,"date":"2026-03-03T03:39:06","date_gmt":"2026-03-03T02:39:06","guid":{"rendered":"https:\/\/www.voustensports.com\/john-miller-hyperstretch-hemd-mit-reisverschluss-stahlblau-42682\/"},"modified":"2026-04-01T17:39:14","modified_gmt":"2026-04-01T15:39:14","slug":"john-miller-hyperstretch-hemd-mit-reisverschluss-stahlblau-42682","status":"publish","type":"product","link":"https:\/\/www.voustensports.com\/de\/john-miller-hyperstretch-hemd-mit-reisverschluss-stahlblau-42682\/","title":{"rendered":"JOHN MILLER &#8211; Hyperstretch-Hemd mit Rei\u00dfverschluss stahlblau (42682)"},"content":{"rendered":"<div>Dieses schmal geschnittene Hemd ist aus einem hochelastischen Material gefertigt. John Miller Slim-Fit-Hemden zeichnen sich durch ihren figurbetonten Schnitt aus. Das hochelastische Material bietet stilvollen Tragekomfort. Dieser italienische Strickstoff hat sich \u00fcber mehrere Saisons als Bestseller in den John Miller Kollektionen bew\u00e4hrt. Dieses neue Hemd ist perfekt f\u00fcr einen eleganten Freizeitlook! Es verf\u00fcgt \u00fcber einen stilvollen Cutaway-Kragen mit einem farblich abgestimmten Rei\u00dfverschluss f\u00fcr einen eleganten Look. Die linke Manschette ist mit einem dezenten, gestickten Logo versehen.<\/div>\n<ul>\n<li>Passform: Schmal geschnittenes Hemd<\/li>\n<li>Farbe: Stahlblau<\/li>\n<li>Muster: Uni<\/li>\n<li>\u00c4rmel: Langarm<\/li>\n<li>Manschette: Cutaway<\/li>\n<li>Manschettenart: Einfache Manschette<\/li>\n<li>Materialzusammensetzung: 89 % Polyamid, 11 % Elastan<\/li>\n<li>Materialeigenschaften: Hochelastisch<\/li>\n<li>Brusttasche: Nein<\/li>\n<li>Produktcode: 5142678-161<\/li>\n<\/ul>\n","protected":false},"excerpt":{"rendered":"<p>Dieses schmal geschnittene Hemd ist aus einem hochelastischen Material gefertigt. John Miller Slim-Fit-Hemden zeichnen sich durch ihren figurbetonten Schnitt aus. Das hochelastische Material bietet stilvollen Tragekomfort. Dieser italienische Strickstoff hat sich \u00fcber mehrere Saisons als Bestseller in den John Miller Kollektionen bew\u00e4hrt. Dieses neue Hemd ist perfekt f\u00fcr einen eleganten Freizeitlook! Es verf\u00fcgt \u00fcber einen [&#8230;]\n","protected":false},"featured_media":226424,"comment_status":"open","ping_status":"closed","template":"","meta":{"rank_math_lock_modified_date":false},"product_cat":[447,451,463,487,892,921],"product_tag":[],"class_list":{"0":"post-226432","1":"product","2":"type-product","3":"status-publish","4":"has-post-thumbnail","6":"product_cat-kleding-de","7":"product_cat-heren-de","8":"product_cat-vousten-sports-de-2","9":"product_cat-shirt-de-2","10":"product_cat-overhemd-blouse-de","11":"product_cat-john-miller-de","13":"first","14":"instock","15":"taxable","16":"shipping-taxable","17":"purchasable","18":"product-type-variable"},"acf":[],"yoast_head":"<!-- This site is optimized with the Yoast SEO plugin v23.9 - https:\/\/yoast.com\/wordpress\/plugins\/seo\/ -->\n<title>JOHN MILLER - Hyperstretch-Hemd mit Rei\u00dfverschluss stahlblau (42682) - Vousten Sports<\/title>\n<meta name=\"robots\" content=\"index, follow, max-snippet:-1, max-image-preview:large, max-video-preview:-1\" \/>\n<link rel=\"canonical\" href=\"https:\/\/www.voustensports.com\/de\/john-miller-hyperstretch-hemd-mit-reisverschluss-stahlblau-42682\/\" \/>\n<meta property=\"og:locale\" content=\"de_DE\" \/>\n<meta property=\"og:type\" content=\"article\" \/>\n<meta property=\"og:title\" content=\"JOHN MILLER - Hyperstretch-Hemd mit Rei\u00dfverschluss stahlblau (42682) - Vousten Sports\" \/>\n<meta property=\"og:description\" content=\"Dieses schmal geschnittene Hemd ist aus einem hochelastischen Material gefertigt. John Miller Slim-Fit-Hemden zeichnen sich durch ihren figurbetonten Schnitt aus. Das hochelastische Material bietet stilvollen Tragekomfort. Dieser italienische Strickstoff hat sich \u00fcber mehrere Saisons als Bestseller in den John Miller Kollektionen bew\u00e4hrt. Dieses neue Hemd ist perfekt f\u00fcr einen eleganten Freizeitlook! Es verf\u00fcgt \u00fcber einen [...]\" \/>\n<meta property=\"og:url\" content=\"https:\/\/www.voustensports.com\/de\/john-miller-hyperstretch-hemd-mit-reisverschluss-stahlblau-42682\/\" \/>\n<meta property=\"og:site_name\" content=\"Vousten Sports\" \/>\n<meta property=\"article:modified_time\" content=\"2026-04-01T15:39:14+00:00\" \/>\n<meta property=\"og:image\" content=\"https:\/\/www.voustensports.com\/wp-content\/uploads\/2023\/06\/Hyperstretch-Shirt-Rits-staalblauw-426822.jpg\" \/>\n\t<meta property=\"og:image:width\" content=\"1365\" \/>\n\t<meta property=\"og:image:height\" content=\"2048\" \/>\n\t<meta property=\"og:image:type\" content=\"image\/jpeg\" \/>\n<meta name=\"twitter:card\" content=\"summary_large_image\" \/>\n<meta name=\"twitter:label1\" content=\"Est. reading time\" \/>\n\t<meta name=\"twitter:data1\" content=\"1 Minute\" \/>\n<script type=\"application\/ld+json\" class=\"yoast-schema-graph\">{\"@context\":\"https:\/\/schema.org\",\"@graph\":[{\"@type\":\"WebPage\",\"@id\":\"https:\/\/www.voustensports.com\/de\/john-miller-hyperstretch-hemd-mit-reisverschluss-stahlblau-42682\/\",\"url\":\"https:\/\/www.voustensports.com\/de\/john-miller-hyperstretch-hemd-mit-reisverschluss-stahlblau-42682\/\",\"name\":\"JOHN MILLER - Hyperstretch-Hemd mit Rei\u00dfverschluss stahlblau (42682) - Vousten Sports\",\"isPartOf\":{\"@id\":\"https:\/\/www.voustensports.com\/nl\/#website\"},\"primaryImageOfPage\":{\"@id\":\"https:\/\/www.voustensports.com\/de\/john-miller-hyperstretch-hemd-mit-reisverschluss-stahlblau-42682\/#primaryimage\"},\"image\":{\"@id\":\"https:\/\/www.voustensports.com\/de\/john-miller-hyperstretch-hemd-mit-reisverschluss-stahlblau-42682\/#primaryimage\"},\"thumbnailUrl\":\"https:\/\/www.voustensports.com\/wp-content\/uploads\/2023\/06\/Hyperstretch-Shirt-Rits-staalblauw-426822.jpg\",\"datePublished\":\"2026-03-03T02:39:06+00:00\",\"dateModified\":\"2026-04-01T15:39:14+00:00\",\"breadcrumb\":{\"@id\":\"https:\/\/www.voustensports.com\/de\/john-miller-hyperstretch-hemd-mit-reisverschluss-stahlblau-42682\/#breadcrumb\"},\"inLanguage\":\"de-DE\",\"potentialAction\":[{\"@type\":\"ReadAction\",\"target\":[\"https:\/\/www.voustensports.com\/de\/john-miller-hyperstretch-hemd-mit-reisverschluss-stahlblau-42682\/\"]}]},{\"@type\":\"ImageObject\",\"inLanguage\":\"de-DE\",\"@id\":\"https:\/\/www.voustensports.com\/de\/john-miller-hyperstretch-hemd-mit-reisverschluss-stahlblau-42682\/#primaryimage\",\"url\":\"https:\/\/www.voustensports.com\/wp-content\/uploads\/2023\/06\/Hyperstretch-Shirt-Rits-staalblauw-426822.jpg\",\"contentUrl\":\"https:\/\/www.voustensports.com\/wp-content\/uploads\/2023\/06\/Hyperstretch-Shirt-Rits-staalblauw-426822.jpg\",\"width\":1365,\"height\":2048},{\"@type\":\"BreadcrumbList\",\"@id\":\"https:\/\/www.voustensports.com\/de\/john-miller-hyperstretch-hemd-mit-reisverschluss-stahlblau-42682\/#breadcrumb\",\"itemListElement\":[{\"@type\":\"ListItem\",\"position\":1,\"name\":\"Home\",\"item\":\"https:\/\/www.voustensports.com\/de\/\"},{\"@type\":\"ListItem\",\"position\":2,\"name\":\"Shop\",\"item\":\"https:\/\/www.voustensports.com\/de\/shop\/\"},{\"@type\":\"ListItem\",\"position\":3,\"name\":\"JOHN MILLER &#8211; Hyperstretch-Hemd mit Rei\u00dfverschluss stahlblau (42682)\"}]},{\"@type\":\"WebSite\",\"@id\":\"https:\/\/www.voustensports.com\/nl\/#website\",\"url\":\"https:\/\/www.voustensports.com\/nl\/\",\"name\":\"Vousten Sports\",\"description\":\"\",\"potentialAction\":[{\"@type\":\"SearchAction\",\"target\":{\"@type\":\"EntryPoint\",\"urlTemplate\":\"https:\/\/www.voustensports.com\/nl\/?s={search_term_string}\"},\"query-input\":{\"@type\":\"PropertyValueSpecification\",\"valueRequired\":true,\"valueName\":\"search_term_string\"}}],\"inLanguage\":\"de-DE\"}]}<\/script>\n<!-- \/ Yoast SEO plugin. -->","yoast_head_json":{"title":"JOHN MILLER - Hyperstretch-Hemd mit Rei\u00dfverschluss stahlblau (42682) - Vousten Sports","robots":{"index":"index","follow":"follow","max-snippet":"max-snippet:-1","max-image-preview":"max-image-preview:large","max-video-preview":"max-video-preview:-1"},"canonical":"https:\/\/www.voustensports.com\/de\/john-miller-hyperstretch-hemd-mit-reisverschluss-stahlblau-42682\/","og_locale":"de_DE","og_type":"article","og_title":"JOHN MILLER - Hyperstretch-Hemd mit Rei\u00dfverschluss stahlblau (42682) - Vousten Sports","og_description":"Dieses schmal geschnittene Hemd ist aus einem hochelastischen Material gefertigt. John Miller Slim-Fit-Hemden zeichnen sich durch ihren figurbetonten Schnitt aus. Das hochelastische Material bietet stilvollen Tragekomfort. Dieser italienische Strickstoff hat sich \u00fcber mehrere Saisons als Bestseller in den John Miller Kollektionen bew\u00e4hrt. Dieses neue Hemd ist perfekt f\u00fcr einen eleganten Freizeitlook! Es verf\u00fcgt \u00fcber einen [...]","og_url":"https:\/\/www.voustensports.com\/de\/john-miller-hyperstretch-hemd-mit-reisverschluss-stahlblau-42682\/","og_site_name":"Vousten Sports","article_modified_time":"2026-04-01T15:39:14+00:00","og_image":[{"width":1365,"height":2048,"url":"https:\/\/www.voustensports.com\/wp-content\/uploads\/2023\/06\/Hyperstretch-Shirt-Rits-staalblauw-426822.jpg","type":"image\/jpeg"}],"twitter_card":"summary_large_image","twitter_misc":{"Est. reading time":"1 Minute"},"schema":{"@context":"https:\/\/schema.org","@graph":[{"@type":"WebPage","@id":"https:\/\/www.voustensports.com\/de\/john-miller-hyperstretch-hemd-mit-reisverschluss-stahlblau-42682\/","url":"https:\/\/www.voustensports.com\/de\/john-miller-hyperstretch-hemd-mit-reisverschluss-stahlblau-42682\/","name":"JOHN MILLER - Hyperstretch-Hemd mit Rei\u00dfverschluss stahlblau (42682) - Vousten Sports","isPartOf":{"@id":"https:\/\/www.voustensports.com\/nl\/#website"},"primaryImageOfPage":{"@id":"https:\/\/www.voustensports.com\/de\/john-miller-hyperstretch-hemd-mit-reisverschluss-stahlblau-42682\/#primaryimage"},"image":{"@id":"https:\/\/www.voustensports.com\/de\/john-miller-hyperstretch-hemd-mit-reisverschluss-stahlblau-42682\/#primaryimage"},"thumbnailUrl":"https:\/\/www.voustensports.com\/wp-content\/uploads\/2023\/06\/Hyperstretch-Shirt-Rits-staalblauw-426822.jpg","datePublished":"2026-03-03T02:39:06+00:00","dateModified":"2026-04-01T15:39:14+00:00","breadcrumb":{"@id":"https:\/\/www.voustensports.com\/de\/john-miller-hyperstretch-hemd-mit-reisverschluss-stahlblau-42682\/#breadcrumb"},"inLanguage":"de-DE","potentialAction":[{"@type":"ReadAction","target":["https:\/\/www.voustensports.com\/de\/john-miller-hyperstretch-hemd-mit-reisverschluss-stahlblau-42682\/"]}]},{"@type":"ImageObject","inLanguage":"de-DE","@id":"https:\/\/www.voustensports.com\/de\/john-miller-hyperstretch-hemd-mit-reisverschluss-stahlblau-42682\/#primaryimage","url":"https:\/\/www.voustensports.com\/wp-content\/uploads\/2023\/06\/Hyperstretch-Shirt-Rits-staalblauw-426822.jpg","contentUrl":"https:\/\/www.voustensports.com\/wp-content\/uploads\/2023\/06\/Hyperstretch-Shirt-Rits-staalblauw-426822.jpg","width":1365,"height":2048},{"@type":"BreadcrumbList","@id":"https:\/\/www.voustensports.com\/de\/john-miller-hyperstretch-hemd-mit-reisverschluss-stahlblau-42682\/#breadcrumb","itemListElement":[{"@type":"ListItem","position":1,"name":"Home","item":"https:\/\/www.voustensports.com\/de\/"},{"@type":"ListItem","position":2,"name":"Shop","item":"https:\/\/www.voustensports.com\/de\/shop\/"},{"@type":"ListItem","position":3,"name":"JOHN MILLER &#8211; Hyperstretch-Hemd mit Rei\u00dfverschluss stahlblau (42682)"}]},{"@type":"WebSite","@id":"https:\/\/www.voustensports.com\/nl\/#website","url":"https:\/\/www.voustensports.com\/nl\/","name":"Vousten Sports","description":"","potentialAction":[{"@type":"SearchAction","target":{"@type":"EntryPoint","urlTemplate":"https:\/\/www.voustensports.com\/nl\/?s={search_term_string}"},"query-input":{"@type":"PropertyValueSpecification","valueRequired":true,"valueName":"search_term_string"}}],"inLanguage":"de-DE"}]}},"_links":{"self":[{"href":"https:\/\/www.voustensports.com\/de\/wp-json\/wp\/v2\/product\/226432","targetHints":{"allow":["GET"]}}],"collection":[{"href":"https:\/\/www.voustensports.com\/de\/wp-json\/wp\/v2\/product"}],"about":[{"href":"https:\/\/www.voustensports.com\/de\/wp-json\/wp\/v2\/types\/product"}],"replies":[{"embeddable":true,"href":"https:\/\/www.voustensports.com\/de\/wp-json\/wp\/v2\/comments?post=226432"}],"wp:featuredmedia":[{"embeddable":true,"href":"https:\/\/www.voustensports.com\/de\/wp-json\/wp\/v2\/media\/226424"}],"wp:attachment":[{"href":"https:\/\/www.voustensports.com\/de\/wp-json\/wp\/v2\/media?parent=226432"}],"wp:term":[{"taxonomy":"product_cat","embeddable":true,"href":"https:\/\/www.voustensports.com\/de\/wp-json\/wp\/v2\/product_cat?post=226432"},{"taxonomy":"product_tag","embeddable":true,"href":"https:\/\/www.voustensports.com\/de\/wp-json\/wp\/v2\/product_tag?post=226432"}],"curies":[{"name":"wp","href":"https:\/\/api.w.org\/{rel}","templated":true}]}}