{"id":226229,"date":"2026-03-02T07:15:09","date_gmt":"2026-03-02T06:15:09","guid":{"rendered":"https:\/\/www.voustensports.com\/jacob-cohen-gabardinejacke-aus-melierter-wolle-marineblau-t871a-y955-42281\/"},"modified":"2026-04-08T09:06:07","modified_gmt":"2026-04-08T07:06:07","slug":"jacob-cohen-gabardinejacke-aus-melierter-wolle-marineblau-t871a-y955-42281","status":"publish","type":"product","link":"https:\/\/www.voustensports.com\/de\/jacob-cohen-gabardinejacke-aus-melierter-wolle-marineblau-t871a-y955-42281\/","title":{"rendered":"Jacob Coh\u00ebn &#8211; Gabardinejacke aus melierter Wolle marineblau, T871A Y955 (42281)"},"content":{"rendered":"<p>Blaue Gabardinejacke aus reiner Wolle mit hellblauen Nyloneins\u00e4tzen.<\/p>\n<ul>\n<li>Normale Passform.<\/li>\n<li>Vordertaschen und eine Brusttasche.<\/li>\n<li>Obermaterial mit Knopfverschluss, Innenfutter mit Rei\u00dfverschluss.<\/li>\n<li>Logo-Patch auf der R\u00fcckseite.<\/li>\n<li>Material: Obermaterial: 100 % Schurwolle, Innenfutter: 100 % Nylon.<\/li>\n<\/ul>\n<div>Hergestellt in Italien.<\/div>\n","protected":false},"excerpt":{"rendered":"<p>Blaue Gabardinejacke aus reiner Wolle mit hellblauen Nyloneins\u00e4tzen. Normale Passform. Vordertaschen und eine Brusttasche. Obermaterial mit Knopfverschluss, Innenfutter mit Rei\u00dfverschluss. Logo-Patch auf der R\u00fcckseite. Material: Obermaterial: 100 % Schurwolle, Innenfutter: 100 % Nylon. Hergestellt in Italien.<\/p>\n","protected":false},"featured_media":226219,"comment_status":"open","ping_status":"closed","template":"","meta":{"rank_math_lock_modified_date":false},"product_cat":[447,451,463,543,702,706,1017],"product_tag":[],"class_list":{"0":"post-226229","1":"product","2":"type-product","3":"status-publish","4":"has-post-thumbnail","6":"product_cat-kleding-de","7":"product_cat-heren-de","8":"product_cat-vousten-sports-de-2","9":"product_cat-jassen-de","10":"product_cat-jackets-de","11":"product_cat-jassen-jacks-de","12":"product_cat-jacob-cohen-de","14":"first","15":"instock","16":"taxable","17":"shipping-taxable","18":"purchasable","19":"product-type-variable"},"acf":[],"yoast_head":"<!-- This site is optimized with the Yoast SEO plugin v23.9 - https:\/\/yoast.com\/wordpress\/plugins\/seo\/ -->\n<title>Jacob Coh\u00ebn - Gabardinejacke aus melierter Wolle marineblau, T871A Y955 (42281) - Vousten Sports<\/title>\n<meta name=\"robots\" content=\"index, follow, max-snippet:-1, max-image-preview:large, max-video-preview:-1\" \/>\n<link rel=\"canonical\" href=\"https:\/\/www.voustensports.com\/de\/jacob-cohen-gabardinejacke-aus-melierter-wolle-marineblau-t871a-y955-42281\/\" \/>\n<meta property=\"og:locale\" content=\"de_DE\" \/>\n<meta property=\"og:type\" content=\"article\" \/>\n<meta property=\"og:title\" content=\"Jacob Coh\u00ebn - Gabardinejacke aus melierter Wolle marineblau, T871A Y955 (42281) - Vousten Sports\" \/>\n<meta property=\"og:description\" content=\"Blaue Gabardinejacke aus reiner Wolle mit hellblauen Nyloneins\u00e4tzen. Normale Passform. Vordertaschen und eine Brusttasche. Obermaterial mit Knopfverschluss, Innenfutter mit Rei\u00dfverschluss. Logo-Patch auf der R\u00fcckseite. Material: Obermaterial: 100 % Schurwolle, Innenfutter: 100 % Nylon. Hergestellt in Italien.\" \/>\n<meta property=\"og:url\" content=\"https:\/\/www.voustensports.com\/de\/jacob-cohen-gabardinejacke-aus-melierter-wolle-marineblau-t871a-y955-42281\/\" \/>\n<meta property=\"og:site_name\" content=\"Vousten Sports\" \/>\n<meta property=\"article:modified_time\" content=\"2026-04-08T07:06:07+00:00\" \/>\n<meta property=\"og:image\" content=\"https:\/\/www.voustensports.com\/wp-content\/uploads\/2023\/06\/Wool-Gabardine-Jacket-navy-T871A-Y955-422811.jpg\" \/>\n\t<meta property=\"og:image:width\" content=\"1638\" \/>\n\t<meta property=\"og:image:height\" content=\"2048\" \/>\n\t<meta property=\"og:image:type\" content=\"image\/jpeg\" \/>\n<meta name=\"twitter:card\" content=\"summary_large_image\" \/>\n<script type=\"application\/ld+json\" class=\"yoast-schema-graph\">{\"@context\":\"https:\/\/schema.org\",\"@graph\":[{\"@type\":\"WebPage\",\"@id\":\"https:\/\/www.voustensports.com\/de\/jacob-cohen-gabardinejacke-aus-melierter-wolle-marineblau-t871a-y955-42281\/\",\"url\":\"https:\/\/www.voustensports.com\/de\/jacob-cohen-gabardinejacke-aus-melierter-wolle-marineblau-t871a-y955-42281\/\",\"name\":\"Jacob Coh\u00ebn - Gabardinejacke aus melierter Wolle marineblau, T871A Y955 (42281) - Vousten Sports\",\"isPartOf\":{\"@id\":\"https:\/\/www.voustensports.com\/nl\/#website\"},\"primaryImageOfPage\":{\"@id\":\"https:\/\/www.voustensports.com\/de\/jacob-cohen-gabardinejacke-aus-melierter-wolle-marineblau-t871a-y955-42281\/#primaryimage\"},\"image\":{\"@id\":\"https:\/\/www.voustensports.com\/de\/jacob-cohen-gabardinejacke-aus-melierter-wolle-marineblau-t871a-y955-42281\/#primaryimage\"},\"thumbnailUrl\":\"https:\/\/www.voustensports.com\/wp-content\/uploads\/2023\/06\/Wool-Gabardine-Jacket-navy-T871A-Y955-422811.jpg\",\"datePublished\":\"2026-03-02T06:15:09+00:00\",\"dateModified\":\"2026-04-08T07:06:07+00:00\",\"breadcrumb\":{\"@id\":\"https:\/\/www.voustensports.com\/de\/jacob-cohen-gabardinejacke-aus-melierter-wolle-marineblau-t871a-y955-42281\/#breadcrumb\"},\"inLanguage\":\"de-DE\",\"potentialAction\":[{\"@type\":\"ReadAction\",\"target\":[\"https:\/\/www.voustensports.com\/de\/jacob-cohen-gabardinejacke-aus-melierter-wolle-marineblau-t871a-y955-42281\/\"]}]},{\"@type\":\"ImageObject\",\"inLanguage\":\"de-DE\",\"@id\":\"https:\/\/www.voustensports.com\/de\/jacob-cohen-gabardinejacke-aus-melierter-wolle-marineblau-t871a-y955-42281\/#primaryimage\",\"url\":\"https:\/\/www.voustensports.com\/wp-content\/uploads\/2023\/06\/Wool-Gabardine-Jacket-navy-T871A-Y955-422811.jpg\",\"contentUrl\":\"https:\/\/www.voustensports.com\/wp-content\/uploads\/2023\/06\/Wool-Gabardine-Jacket-navy-T871A-Y955-422811.jpg\",\"width\":1638,\"height\":2048},{\"@type\":\"BreadcrumbList\",\"@id\":\"https:\/\/www.voustensports.com\/de\/jacob-cohen-gabardinejacke-aus-melierter-wolle-marineblau-t871a-y955-42281\/#breadcrumb\",\"itemListElement\":[{\"@type\":\"ListItem\",\"position\":1,\"name\":\"Home\",\"item\":\"https:\/\/www.voustensports.com\/de\/\"},{\"@type\":\"ListItem\",\"position\":2,\"name\":\"Shop\",\"item\":\"https:\/\/www.voustensports.com\/de\/shop\/\"},{\"@type\":\"ListItem\",\"position\":3,\"name\":\"Jacob Coh\u00ebn &#8211; Gabardinejacke aus melierter Wolle marineblau, T871A Y955 (42281)\"}]},{\"@type\":\"WebSite\",\"@id\":\"https:\/\/www.voustensports.com\/nl\/#website\",\"url\":\"https:\/\/www.voustensports.com\/nl\/\",\"name\":\"Vousten Sports\",\"description\":\"\",\"potentialAction\":[{\"@type\":\"SearchAction\",\"target\":{\"@type\":\"EntryPoint\",\"urlTemplate\":\"https:\/\/www.voustensports.com\/nl\/?s={search_term_string}\"},\"query-input\":{\"@type\":\"PropertyValueSpecification\",\"valueRequired\":true,\"valueName\":\"search_term_string\"}}],\"inLanguage\":\"de-DE\"}]}<\/script>\n<!-- \/ Yoast SEO plugin. -->","yoast_head_json":{"title":"Jacob Coh\u00ebn - Gabardinejacke aus melierter Wolle marineblau, T871A Y955 (42281) - Vousten Sports","robots":{"index":"index","follow":"follow","max-snippet":"max-snippet:-1","max-image-preview":"max-image-preview:large","max-video-preview":"max-video-preview:-1"},"canonical":"https:\/\/www.voustensports.com\/de\/jacob-cohen-gabardinejacke-aus-melierter-wolle-marineblau-t871a-y955-42281\/","og_locale":"de_DE","og_type":"article","og_title":"Jacob Coh\u00ebn - Gabardinejacke aus melierter Wolle marineblau, T871A Y955 (42281) - Vousten Sports","og_description":"Blaue Gabardinejacke aus reiner Wolle mit hellblauen Nyloneins\u00e4tzen. Normale Passform. Vordertaschen und eine Brusttasche. Obermaterial mit Knopfverschluss, Innenfutter mit Rei\u00dfverschluss. Logo-Patch auf der R\u00fcckseite. Material: Obermaterial: 100 % Schurwolle, Innenfutter: 100 % Nylon. Hergestellt in Italien.","og_url":"https:\/\/www.voustensports.com\/de\/jacob-cohen-gabardinejacke-aus-melierter-wolle-marineblau-t871a-y955-42281\/","og_site_name":"Vousten Sports","article_modified_time":"2026-04-08T07:06:07+00:00","og_image":[{"width":1638,"height":2048,"url":"https:\/\/www.voustensports.com\/wp-content\/uploads\/2023\/06\/Wool-Gabardine-Jacket-navy-T871A-Y955-422811.jpg","type":"image\/jpeg"}],"twitter_card":"summary_large_image","schema":{"@context":"https:\/\/schema.org","@graph":[{"@type":"WebPage","@id":"https:\/\/www.voustensports.com\/de\/jacob-cohen-gabardinejacke-aus-melierter-wolle-marineblau-t871a-y955-42281\/","url":"https:\/\/www.voustensports.com\/de\/jacob-cohen-gabardinejacke-aus-melierter-wolle-marineblau-t871a-y955-42281\/","name":"Jacob Coh\u00ebn - Gabardinejacke aus melierter Wolle marineblau, T871A Y955 (42281) - Vousten Sports","isPartOf":{"@id":"https:\/\/www.voustensports.com\/nl\/#website"},"primaryImageOfPage":{"@id":"https:\/\/www.voustensports.com\/de\/jacob-cohen-gabardinejacke-aus-melierter-wolle-marineblau-t871a-y955-42281\/#primaryimage"},"image":{"@id":"https:\/\/www.voustensports.com\/de\/jacob-cohen-gabardinejacke-aus-melierter-wolle-marineblau-t871a-y955-42281\/#primaryimage"},"thumbnailUrl":"https:\/\/www.voustensports.com\/wp-content\/uploads\/2023\/06\/Wool-Gabardine-Jacket-navy-T871A-Y955-422811.jpg","datePublished":"2026-03-02T06:15:09+00:00","dateModified":"2026-04-08T07:06:07+00:00","breadcrumb":{"@id":"https:\/\/www.voustensports.com\/de\/jacob-cohen-gabardinejacke-aus-melierter-wolle-marineblau-t871a-y955-42281\/#breadcrumb"},"inLanguage":"de-DE","potentialAction":[{"@type":"ReadAction","target":["https:\/\/www.voustensports.com\/de\/jacob-cohen-gabardinejacke-aus-melierter-wolle-marineblau-t871a-y955-42281\/"]}]},{"@type":"ImageObject","inLanguage":"de-DE","@id":"https:\/\/www.voustensports.com\/de\/jacob-cohen-gabardinejacke-aus-melierter-wolle-marineblau-t871a-y955-42281\/#primaryimage","url":"https:\/\/www.voustensports.com\/wp-content\/uploads\/2023\/06\/Wool-Gabardine-Jacket-navy-T871A-Y955-422811.jpg","contentUrl":"https:\/\/www.voustensports.com\/wp-content\/uploads\/2023\/06\/Wool-Gabardine-Jacket-navy-T871A-Y955-422811.jpg","width":1638,"height":2048},{"@type":"BreadcrumbList","@id":"https:\/\/www.voustensports.com\/de\/jacob-cohen-gabardinejacke-aus-melierter-wolle-marineblau-t871a-y955-42281\/#breadcrumb","itemListElement":[{"@type":"ListItem","position":1,"name":"Home","item":"https:\/\/www.voustensports.com\/de\/"},{"@type":"ListItem","position":2,"name":"Shop","item":"https:\/\/www.voustensports.com\/de\/shop\/"},{"@type":"ListItem","position":3,"name":"Jacob Coh\u00ebn &#8211; Gabardinejacke aus melierter Wolle marineblau, T871A Y955 (42281)"}]},{"@type":"WebSite","@id":"https:\/\/www.voustensports.com\/nl\/#website","url":"https:\/\/www.voustensports.com\/nl\/","name":"Vousten Sports","description":"","potentialAction":[{"@type":"SearchAction","target":{"@type":"EntryPoint","urlTemplate":"https:\/\/www.voustensports.com\/nl\/?s={search_term_string}"},"query-input":{"@type":"PropertyValueSpecification","valueRequired":true,"valueName":"search_term_string"}}],"inLanguage":"de-DE"}]}},"_links":{"self":[{"href":"https:\/\/www.voustensports.com\/de\/wp-json\/wp\/v2\/product\/226229","targetHints":{"allow":["GET"]}}],"collection":[{"href":"https:\/\/www.voustensports.com\/de\/wp-json\/wp\/v2\/product"}],"about":[{"href":"https:\/\/www.voustensports.com\/de\/wp-json\/wp\/v2\/types\/product"}],"replies":[{"embeddable":true,"href":"https:\/\/www.voustensports.com\/de\/wp-json\/wp\/v2\/comments?post=226229"}],"wp:featuredmedia":[{"embeddable":true,"href":"https:\/\/www.voustensports.com\/de\/wp-json\/wp\/v2\/media\/226219"}],"wp:attachment":[{"href":"https:\/\/www.voustensports.com\/de\/wp-json\/wp\/v2\/media?parent=226229"}],"wp:term":[{"taxonomy":"product_cat","embeddable":true,"href":"https:\/\/www.voustensports.com\/de\/wp-json\/wp\/v2\/product_cat?post=226229"},{"taxonomy":"product_tag","embeddable":true,"href":"https:\/\/www.voustensports.com\/de\/wp-json\/wp\/v2\/product_tag?post=226229"}],"curies":[{"name":"wp","href":"https:\/\/api.w.org\/{rel}","templated":true}]}}