{"id":226131,"date":"2026-03-01T17:42:19","date_gmt":"2026-03-01T16:42:19","guid":{"rendered":"https:\/\/www.voustensports.com\/jacob-cohen-badeshorts-resort-yr004-0693s-42275\/"},"modified":"2026-04-15T08:48:15","modified_gmt":"2026-04-15T06:48:15","slug":"jacob-cohen-badeshorts-resort-yr004-0693s-42275","status":"publish","type":"product","link":"https:\/\/www.voustensports.com\/de\/jacob-cohen-badeshorts-resort-yr004-0693s-42275\/","title":{"rendered":"Jacob Coh\u00ebn &#8211; Badeshorts Resort YR004 0693S (42275)"},"content":{"rendered":"<div>\n<div>Die Jacob Coh\u00ebn Resort-Kollektion ist inspiriert von der raffinierten Eleganz und dem zeitlosen Luxus von Yachtclubs: Orte, an denen Tradition, Raffinesse und die tiefe Leidenschaft f\u00fcr das Meer eine einzigartige Atmosph\u00e4re schaffen. Jedes St\u00fcck der Kollektion spiegelt den exklusiven Charme dieser privaten Oasen wider, in denen die Kunst des Segelns nahtlos mit makellosem Stil verschmilzt.<\/div>\n<ul>\n<li>Badeshorts<\/li>\n<li>Funktionsmaterial<\/li>\n<li>Mittelhoher Bund<\/li>\n<li>Elastischer Bund mit Kordelzug<\/li>\n<li>Seitentaschen<\/li>\n<li>Ges\u00e4\u00dftasche<\/li>\n<li>Dunkelblauer Logo-Patch hinten<\/li>\n<li>Material: 63 % Polyester, 37 % Polyamid<\/li>\n<li>Hergestellt in Italien<\/li>\n<\/ul>\n<div>Inklusive passender Resort-Tasche, ideal zur Aufbewahrung von Artikeln wie Sonnencreme.<\/div>\n<\/div>\n<div><\/div>\n","protected":false},"excerpt":{"rendered":"<p>Die Jacob Coh\u00ebn Resort-Kollektion ist inspiriert von der raffinierten Eleganz und dem zeitlosen Luxus von Yachtclubs: Orte, an denen Tradition, Raffinesse und die tiefe Leidenschaft f\u00fcr das Meer eine einzigartige Atmosph\u00e4re schaffen. Jedes St\u00fcck der Kollektion spiegelt den exklusiven Charme dieser privaten Oasen wider, in denen die Kunst des Segelns nahtlos mit makellosem Stil verschmilzt. [&#8230;]\n","protected":false},"featured_media":226117,"comment_status":"open","ping_status":"closed","template":"","meta":{"rank_math_lock_modified_date":false},"product_cat":[467,567,756,787,1017,447,451,463],"product_tag":[],"class_list":{"0":"post-226131","1":"product","2":"type-product","3":"status-publish","4":"has-post-thumbnail","6":"product_cat-hosen-de","7":"product_cat-jacob-cohen-jeans-de","8":"product_cat-zwembroeken-de-2","9":"product_cat-broek-de","10":"product_cat-jacob-cohen-de","11":"product_cat-kleding-de","12":"product_cat-heren-de","13":"product_cat-vousten-sports-de-2","15":"first","16":"instock","17":"taxable","18":"shipping-taxable","19":"purchasable","20":"product-type-variable"},"acf":[],"yoast_head":"<!-- This site is optimized with the Yoast SEO plugin v23.9 - https:\/\/yoast.com\/wordpress\/plugins\/seo\/ -->\n<title>Jacob Coh\u00ebn - Badeshorts Resort YR004 0693S (42275) - Vousten Sports<\/title>\n<meta name=\"robots\" content=\"index, follow, max-snippet:-1, max-image-preview:large, max-video-preview:-1\" \/>\n<link rel=\"canonical\" href=\"https:\/\/www.voustensports.com\/de\/jacob-cohen-badeshorts-resort-yr004-0693s-42275\/\" \/>\n<meta property=\"og:locale\" content=\"de_DE\" \/>\n<meta property=\"og:type\" content=\"article\" \/>\n<meta property=\"og:title\" content=\"Jacob Coh\u00ebn - Badeshorts Resort YR004 0693S (42275) - Vousten Sports\" \/>\n<meta property=\"og:description\" content=\"Die Jacob Coh\u00ebn Resort-Kollektion ist inspiriert von der raffinierten Eleganz und dem zeitlosen Luxus von Yachtclubs: Orte, an denen Tradition, Raffinesse und die tiefe Leidenschaft f\u00fcr das Meer eine einzigartige Atmosph\u00e4re schaffen. Jedes St\u00fcck der Kollektion spiegelt den exklusiven Charme dieser privaten Oasen wider, in denen die Kunst des Segelns nahtlos mit makellosem Stil verschmilzt. [...]\" \/>\n<meta property=\"og:url\" content=\"https:\/\/www.voustensports.com\/de\/jacob-cohen-badeshorts-resort-yr004-0693s-42275\/\" \/>\n<meta property=\"og:site_name\" content=\"Vousten Sports\" \/>\n<meta property=\"article:modified_time\" content=\"2026-04-15T06:48:15+00:00\" \/>\n<meta property=\"og:image\" content=\"https:\/\/www.voustensports.com\/wp-content\/uploads\/2023\/06\/Swim-Shorts-Resort-YR004-0693S-42275-1.jpg\" \/>\n\t<meta property=\"og:image:width\" content=\"2048\" \/>\n\t<meta property=\"og:image:height\" content=\"2048\" \/>\n\t<meta property=\"og:image:type\" content=\"image\/jpeg\" \/>\n<meta name=\"twitter:card\" content=\"summary_large_image\" \/>\n<script type=\"application\/ld+json\" class=\"yoast-schema-graph\">{\"@context\":\"https:\/\/schema.org\",\"@graph\":[{\"@type\":\"WebPage\",\"@id\":\"https:\/\/www.voustensports.com\/de\/jacob-cohen-badeshorts-resort-yr004-0693s-42275\/\",\"url\":\"https:\/\/www.voustensports.com\/de\/jacob-cohen-badeshorts-resort-yr004-0693s-42275\/\",\"name\":\"Jacob Coh\u00ebn - Badeshorts Resort YR004 0693S (42275) - Vousten Sports\",\"isPartOf\":{\"@id\":\"https:\/\/www.voustensports.com\/nl\/#website\"},\"primaryImageOfPage\":{\"@id\":\"https:\/\/www.voustensports.com\/de\/jacob-cohen-badeshorts-resort-yr004-0693s-42275\/#primaryimage\"},\"image\":{\"@id\":\"https:\/\/www.voustensports.com\/de\/jacob-cohen-badeshorts-resort-yr004-0693s-42275\/#primaryimage\"},\"thumbnailUrl\":\"https:\/\/www.voustensports.com\/wp-content\/uploads\/2023\/06\/Swim-Shorts-Resort-YR004-0693S-42275-1.jpg\",\"datePublished\":\"2026-03-01T16:42:19+00:00\",\"dateModified\":\"2026-04-15T06:48:15+00:00\",\"breadcrumb\":{\"@id\":\"https:\/\/www.voustensports.com\/de\/jacob-cohen-badeshorts-resort-yr004-0693s-42275\/#breadcrumb\"},\"inLanguage\":\"de-DE\",\"potentialAction\":[{\"@type\":\"ReadAction\",\"target\":[\"https:\/\/www.voustensports.com\/de\/jacob-cohen-badeshorts-resort-yr004-0693s-42275\/\"]}]},{\"@type\":\"ImageObject\",\"inLanguage\":\"de-DE\",\"@id\":\"https:\/\/www.voustensports.com\/de\/jacob-cohen-badeshorts-resort-yr004-0693s-42275\/#primaryimage\",\"url\":\"https:\/\/www.voustensports.com\/wp-content\/uploads\/2023\/06\/Swim-Shorts-Resort-YR004-0693S-42275-1.jpg\",\"contentUrl\":\"https:\/\/www.voustensports.com\/wp-content\/uploads\/2023\/06\/Swim-Shorts-Resort-YR004-0693S-42275-1.jpg\",\"width\":2048,\"height\":2048},{\"@type\":\"BreadcrumbList\",\"@id\":\"https:\/\/www.voustensports.com\/de\/jacob-cohen-badeshorts-resort-yr004-0693s-42275\/#breadcrumb\",\"itemListElement\":[{\"@type\":\"ListItem\",\"position\":1,\"name\":\"Home\",\"item\":\"https:\/\/www.voustensports.com\/de\/\"},{\"@type\":\"ListItem\",\"position\":2,\"name\":\"Shop\",\"item\":\"https:\/\/www.voustensports.com\/de\/shop\/\"},{\"@type\":\"ListItem\",\"position\":3,\"name\":\"Jacob Coh\u00ebn &#8211; Badeshorts Resort YR004 0693S (42275)\"}]},{\"@type\":\"WebSite\",\"@id\":\"https:\/\/www.voustensports.com\/nl\/#website\",\"url\":\"https:\/\/www.voustensports.com\/nl\/\",\"name\":\"Vousten Sports\",\"description\":\"\",\"potentialAction\":[{\"@type\":\"SearchAction\",\"target\":{\"@type\":\"EntryPoint\",\"urlTemplate\":\"https:\/\/www.voustensports.com\/nl\/?s={search_term_string}\"},\"query-input\":{\"@type\":\"PropertyValueSpecification\",\"valueRequired\":true,\"valueName\":\"search_term_string\"}}],\"inLanguage\":\"de-DE\"}]}<\/script>\n<!-- \/ Yoast SEO plugin. -->","yoast_head_json":{"title":"Jacob Coh\u00ebn - Badeshorts Resort YR004 0693S (42275) - Vousten Sports","robots":{"index":"index","follow":"follow","max-snippet":"max-snippet:-1","max-image-preview":"max-image-preview:large","max-video-preview":"max-video-preview:-1"},"canonical":"https:\/\/www.voustensports.com\/de\/jacob-cohen-badeshorts-resort-yr004-0693s-42275\/","og_locale":"de_DE","og_type":"article","og_title":"Jacob Coh\u00ebn - Badeshorts Resort YR004 0693S (42275) - Vousten Sports","og_description":"Die Jacob Coh\u00ebn Resort-Kollektion ist inspiriert von der raffinierten Eleganz und dem zeitlosen Luxus von Yachtclubs: Orte, an denen Tradition, Raffinesse und die tiefe Leidenschaft f\u00fcr das Meer eine einzigartige Atmosph\u00e4re schaffen. Jedes St\u00fcck der Kollektion spiegelt den exklusiven Charme dieser privaten Oasen wider, in denen die Kunst des Segelns nahtlos mit makellosem Stil verschmilzt. [...]","og_url":"https:\/\/www.voustensports.com\/de\/jacob-cohen-badeshorts-resort-yr004-0693s-42275\/","og_site_name":"Vousten Sports","article_modified_time":"2026-04-15T06:48:15+00:00","og_image":[{"width":2048,"height":2048,"url":"https:\/\/www.voustensports.com\/wp-content\/uploads\/2023\/06\/Swim-Shorts-Resort-YR004-0693S-42275-1.jpg","type":"image\/jpeg"}],"twitter_card":"summary_large_image","schema":{"@context":"https:\/\/schema.org","@graph":[{"@type":"WebPage","@id":"https:\/\/www.voustensports.com\/de\/jacob-cohen-badeshorts-resort-yr004-0693s-42275\/","url":"https:\/\/www.voustensports.com\/de\/jacob-cohen-badeshorts-resort-yr004-0693s-42275\/","name":"Jacob Coh\u00ebn - Badeshorts Resort YR004 0693S (42275) - Vousten Sports","isPartOf":{"@id":"https:\/\/www.voustensports.com\/nl\/#website"},"primaryImageOfPage":{"@id":"https:\/\/www.voustensports.com\/de\/jacob-cohen-badeshorts-resort-yr004-0693s-42275\/#primaryimage"},"image":{"@id":"https:\/\/www.voustensports.com\/de\/jacob-cohen-badeshorts-resort-yr004-0693s-42275\/#primaryimage"},"thumbnailUrl":"https:\/\/www.voustensports.com\/wp-content\/uploads\/2023\/06\/Swim-Shorts-Resort-YR004-0693S-42275-1.jpg","datePublished":"2026-03-01T16:42:19+00:00","dateModified":"2026-04-15T06:48:15+00:00","breadcrumb":{"@id":"https:\/\/www.voustensports.com\/de\/jacob-cohen-badeshorts-resort-yr004-0693s-42275\/#breadcrumb"},"inLanguage":"de-DE","potentialAction":[{"@type":"ReadAction","target":["https:\/\/www.voustensports.com\/de\/jacob-cohen-badeshorts-resort-yr004-0693s-42275\/"]}]},{"@type":"ImageObject","inLanguage":"de-DE","@id":"https:\/\/www.voustensports.com\/de\/jacob-cohen-badeshorts-resort-yr004-0693s-42275\/#primaryimage","url":"https:\/\/www.voustensports.com\/wp-content\/uploads\/2023\/06\/Swim-Shorts-Resort-YR004-0693S-42275-1.jpg","contentUrl":"https:\/\/www.voustensports.com\/wp-content\/uploads\/2023\/06\/Swim-Shorts-Resort-YR004-0693S-42275-1.jpg","width":2048,"height":2048},{"@type":"BreadcrumbList","@id":"https:\/\/www.voustensports.com\/de\/jacob-cohen-badeshorts-resort-yr004-0693s-42275\/#breadcrumb","itemListElement":[{"@type":"ListItem","position":1,"name":"Home","item":"https:\/\/www.voustensports.com\/de\/"},{"@type":"ListItem","position":2,"name":"Shop","item":"https:\/\/www.voustensports.com\/de\/shop\/"},{"@type":"ListItem","position":3,"name":"Jacob Coh\u00ebn &#8211; Badeshorts Resort YR004 0693S (42275)"}]},{"@type":"WebSite","@id":"https:\/\/www.voustensports.com\/nl\/#website","url":"https:\/\/www.voustensports.com\/nl\/","name":"Vousten Sports","description":"","potentialAction":[{"@type":"SearchAction","target":{"@type":"EntryPoint","urlTemplate":"https:\/\/www.voustensports.com\/nl\/?s={search_term_string}"},"query-input":{"@type":"PropertyValueSpecification","valueRequired":true,"valueName":"search_term_string"}}],"inLanguage":"de-DE"}]}},"_links":{"self":[{"href":"https:\/\/www.voustensports.com\/de\/wp-json\/wp\/v2\/product\/226131","targetHints":{"allow":["GET"]}}],"collection":[{"href":"https:\/\/www.voustensports.com\/de\/wp-json\/wp\/v2\/product"}],"about":[{"href":"https:\/\/www.voustensports.com\/de\/wp-json\/wp\/v2\/types\/product"}],"replies":[{"embeddable":true,"href":"https:\/\/www.voustensports.com\/de\/wp-json\/wp\/v2\/comments?post=226131"}],"wp:featuredmedia":[{"embeddable":true,"href":"https:\/\/www.voustensports.com\/de\/wp-json\/wp\/v2\/media\/226117"}],"wp:attachment":[{"href":"https:\/\/www.voustensports.com\/de\/wp-json\/wp\/v2\/media?parent=226131"}],"wp:term":[{"taxonomy":"product_cat","embeddable":true,"href":"https:\/\/www.voustensports.com\/de\/wp-json\/wp\/v2\/product_cat?post=226131"},{"taxonomy":"product_tag","embeddable":true,"href":"https:\/\/www.voustensports.com\/de\/wp-json\/wp\/v2\/product_tag?post=226131"}],"curies":[{"name":"wp","href":"https:\/\/api.w.org\/{rel}","templated":true}]}}