{"id":225870,"date":"2026-02-26T18:33:09","date_gmt":"2026-02-26T17:33:09","guid":{"rendered":"https:\/\/www.voustensports.com\/jacob-cohen-bob-short-3756-a46-42249-2\/"},"modified":"2026-04-07T13:24:04","modified_gmt":"2026-04-07T11:24:04","slug":"jacob-cohen-bob-short-3756-a46-42249-2","status":"publish","type":"product","link":"https:\/\/www.voustensports.com\/de\/jacob-cohen-bob-short-3756-a46-42249-2\/","title":{"rendered":"Jacob Coh\u00ebn &#8211; Bob Short 3756 A46 (42249)"},"content":{"rendered":"<p>Dabei handelt es sich um halbl\u00e4ssige Shorts mit einer L\u00e4nge knapp \u00fcber dem Knie. aus angenehmer Baumwolle.<\/p>\n<ul>\n<li>Stretch-Shorts<\/li>\n<li>Schlanke Passform<\/li>\n<li>Normale Taillenh\u00f6he<\/li>\n<li>D\u00fcnnere Sommerqualit\u00e4t<\/li>\n<li>Rei\u00dfverschluss<\/li>\n<li>Ausgestattet mit einem beige Patch<\/li>\n<li>G\u00fcrtelschlaufen<\/li>\n<li>Seitentaschen<\/li>\n<li>Tickettasche<\/li>\n<li>Paspelierte Ges\u00e4\u00dftaschen<\/li>\n<li>Material: 55 % Baumwolle, 42 Lyocell, 3 % Elasthan<\/li>\n<\/ul>\n<p>Diese Shorts von Jacob Cohen werden in Venetien im Nordosten Italiens handgefertigt.<\/p>\n","protected":false},"excerpt":{"rendered":"<p>Dabei handelt es sich um halbl\u00e4ssige Shorts mit einer L\u00e4nge knapp \u00fcber dem Knie. aus angenehmer Baumwolle. Stretch-Shorts Schlanke Passform Normale Taillenh\u00f6he D\u00fcnnere Sommerqualit\u00e4t Rei\u00dfverschluss Ausgestattet mit einem beige Patch G\u00fcrtelschlaufen Seitentaschen Tickettasche Paspelierte Ges\u00e4\u00dftaschen Material: 55 % Baumwolle, 42 Lyocell, 3 % Elasthan Diese Shorts von Jacob Cohen werden in Venetien im Nordosten Italiens [&#8230;]\n","protected":false},"featured_media":225860,"comment_status":"open","ping_status":"closed","template":"","meta":{"rank_math_lock_modified_date":false},"product_cat":[451,459,463,467,567,787,1017],"product_tag":[],"class_list":{"0":"post-225870","1":"product","2":"type-product","3":"status-publish","4":"has-post-thumbnail","6":"product_cat-heren-de","7":"product_cat-shorts-de-2","8":"product_cat-vousten-sports-de-2","9":"product_cat-hosen-de","10":"product_cat-jacob-cohen-jeans-de","11":"product_cat-broek-de","12":"product_cat-jacob-cohen-de","14":"first","15":"instock","16":"taxable","17":"shipping-taxable","18":"purchasable","19":"product-type-variable"},"acf":[],"yoast_head":"<!-- This site is optimized with the Yoast SEO plugin v23.9 - https:\/\/yoast.com\/wordpress\/plugins\/seo\/ -->\n<title>Jacob Coh\u00ebn - Bob Short 3756 A46 (42249) - Vousten Sports<\/title>\n<meta name=\"robots\" content=\"index, follow, max-snippet:-1, max-image-preview:large, max-video-preview:-1\" \/>\n<link rel=\"canonical\" href=\"https:\/\/www.voustensports.com\/de\/jacob-cohen-bob-short-3756-a46-42249-2\/\" \/>\n<meta property=\"og:locale\" content=\"de_DE\" \/>\n<meta property=\"og:type\" content=\"article\" \/>\n<meta property=\"og:title\" content=\"Jacob Coh\u00ebn - Bob Short 3756 A46 (42249) - Vousten Sports\" \/>\n<meta property=\"og:description\" content=\"Dabei handelt es sich um halbl\u00e4ssige Shorts mit einer L\u00e4nge knapp \u00fcber dem Knie. aus angenehmer Baumwolle. Stretch-Shorts Schlanke Passform Normale Taillenh\u00f6he D\u00fcnnere Sommerqualit\u00e4t Rei\u00dfverschluss Ausgestattet mit einem beige Patch G\u00fcrtelschlaufen Seitentaschen Tickettasche Paspelierte Ges\u00e4\u00dftaschen Material: 55 % Baumwolle, 42 Lyocell, 3 % Elasthan Diese Shorts von Jacob Cohen werden in Venetien im Nordosten Italiens [...]\" \/>\n<meta property=\"og:url\" content=\"https:\/\/www.voustensports.com\/de\/jacob-cohen-bob-short-3756-a46-42249-2\/\" \/>\n<meta property=\"og:site_name\" content=\"Vousten Sports\" \/>\n<meta property=\"article:modified_time\" content=\"2026-04-07T11:24:04+00:00\" \/>\n<meta property=\"og:image\" content=\"https:\/\/www.voustensports.com\/wp-content\/uploads\/2023\/06\/Jacob-Cohen-Bob-Short-3756-A46-42249-1-scaled-1.jpg\" \/>\n\t<meta property=\"og:image:width\" content=\"1920\" \/>\n\t<meta property=\"og:image:height\" content=\"2560\" \/>\n\t<meta property=\"og:image:type\" content=\"image\/jpeg\" \/>\n<meta name=\"twitter:card\" content=\"summary_large_image\" \/>\n<script type=\"application\/ld+json\" class=\"yoast-schema-graph\">{\"@context\":\"https:\/\/schema.org\",\"@graph\":[{\"@type\":\"WebPage\",\"@id\":\"https:\/\/www.voustensports.com\/de\/jacob-cohen-bob-short-3756-a46-42249-2\/\",\"url\":\"https:\/\/www.voustensports.com\/de\/jacob-cohen-bob-short-3756-a46-42249-2\/\",\"name\":\"Jacob Coh\u00ebn - Bob Short 3756 A46 (42249) - Vousten Sports\",\"isPartOf\":{\"@id\":\"https:\/\/www.voustensports.com\/nl\/#website\"},\"primaryImageOfPage\":{\"@id\":\"https:\/\/www.voustensports.com\/de\/jacob-cohen-bob-short-3756-a46-42249-2\/#primaryimage\"},\"image\":{\"@id\":\"https:\/\/www.voustensports.com\/de\/jacob-cohen-bob-short-3756-a46-42249-2\/#primaryimage\"},\"thumbnailUrl\":\"https:\/\/www.voustensports.com\/wp-content\/uploads\/2023\/06\/Jacob-Cohen-Bob-Short-3756-A46-42249-1-scaled-1.jpg\",\"datePublished\":\"2026-02-26T17:33:09+00:00\",\"dateModified\":\"2026-04-07T11:24:04+00:00\",\"breadcrumb\":{\"@id\":\"https:\/\/www.voustensports.com\/de\/jacob-cohen-bob-short-3756-a46-42249-2\/#breadcrumb\"},\"inLanguage\":\"de-DE\",\"potentialAction\":[{\"@type\":\"ReadAction\",\"target\":[\"https:\/\/www.voustensports.com\/de\/jacob-cohen-bob-short-3756-a46-42249-2\/\"]}]},{\"@type\":\"ImageObject\",\"inLanguage\":\"de-DE\",\"@id\":\"https:\/\/www.voustensports.com\/de\/jacob-cohen-bob-short-3756-a46-42249-2\/#primaryimage\",\"url\":\"https:\/\/www.voustensports.com\/wp-content\/uploads\/2023\/06\/Jacob-Cohen-Bob-Short-3756-A46-42249-1-scaled-1.jpg\",\"contentUrl\":\"https:\/\/www.voustensports.com\/wp-content\/uploads\/2023\/06\/Jacob-Cohen-Bob-Short-3756-A46-42249-1-scaled-1.jpg\",\"width\":1920,\"height\":2560},{\"@type\":\"BreadcrumbList\",\"@id\":\"https:\/\/www.voustensports.com\/de\/jacob-cohen-bob-short-3756-a46-42249-2\/#breadcrumb\",\"itemListElement\":[{\"@type\":\"ListItem\",\"position\":1,\"name\":\"Home\",\"item\":\"https:\/\/www.voustensports.com\/de\/\"},{\"@type\":\"ListItem\",\"position\":2,\"name\":\"Shop\",\"item\":\"https:\/\/www.voustensports.com\/de\/shop\/\"},{\"@type\":\"ListItem\",\"position\":3,\"name\":\"Jacob Coh\u00ebn &#8211; Bob Short 3756 A46 (42249)\"}]},{\"@type\":\"WebSite\",\"@id\":\"https:\/\/www.voustensports.com\/nl\/#website\",\"url\":\"https:\/\/www.voustensports.com\/nl\/\",\"name\":\"Vousten Sports\",\"description\":\"\",\"potentialAction\":[{\"@type\":\"SearchAction\",\"target\":{\"@type\":\"EntryPoint\",\"urlTemplate\":\"https:\/\/www.voustensports.com\/nl\/?s={search_term_string}\"},\"query-input\":{\"@type\":\"PropertyValueSpecification\",\"valueRequired\":true,\"valueName\":\"search_term_string\"}}],\"inLanguage\":\"de-DE\"}]}<\/script>\n<!-- \/ Yoast SEO plugin. -->","yoast_head_json":{"title":"Jacob Coh\u00ebn - Bob Short 3756 A46 (42249) - Vousten Sports","robots":{"index":"index","follow":"follow","max-snippet":"max-snippet:-1","max-image-preview":"max-image-preview:large","max-video-preview":"max-video-preview:-1"},"canonical":"https:\/\/www.voustensports.com\/de\/jacob-cohen-bob-short-3756-a46-42249-2\/","og_locale":"de_DE","og_type":"article","og_title":"Jacob Coh\u00ebn - Bob Short 3756 A46 (42249) - Vousten Sports","og_description":"Dabei handelt es sich um halbl\u00e4ssige Shorts mit einer L\u00e4nge knapp \u00fcber dem Knie. aus angenehmer Baumwolle. Stretch-Shorts Schlanke Passform Normale Taillenh\u00f6he D\u00fcnnere Sommerqualit\u00e4t Rei\u00dfverschluss Ausgestattet mit einem beige Patch G\u00fcrtelschlaufen Seitentaschen Tickettasche Paspelierte Ges\u00e4\u00dftaschen Material: 55 % Baumwolle, 42 Lyocell, 3 % Elasthan Diese Shorts von Jacob Cohen werden in Venetien im Nordosten Italiens [...]","og_url":"https:\/\/www.voustensports.com\/de\/jacob-cohen-bob-short-3756-a46-42249-2\/","og_site_name":"Vousten Sports","article_modified_time":"2026-04-07T11:24:04+00:00","og_image":[{"width":1920,"height":2560,"url":"https:\/\/www.voustensports.com\/wp-content\/uploads\/2023\/06\/Jacob-Cohen-Bob-Short-3756-A46-42249-1-scaled-1.jpg","type":"image\/jpeg"}],"twitter_card":"summary_large_image","schema":{"@context":"https:\/\/schema.org","@graph":[{"@type":"WebPage","@id":"https:\/\/www.voustensports.com\/de\/jacob-cohen-bob-short-3756-a46-42249-2\/","url":"https:\/\/www.voustensports.com\/de\/jacob-cohen-bob-short-3756-a46-42249-2\/","name":"Jacob Coh\u00ebn - Bob Short 3756 A46 (42249) - Vousten Sports","isPartOf":{"@id":"https:\/\/www.voustensports.com\/nl\/#website"},"primaryImageOfPage":{"@id":"https:\/\/www.voustensports.com\/de\/jacob-cohen-bob-short-3756-a46-42249-2\/#primaryimage"},"image":{"@id":"https:\/\/www.voustensports.com\/de\/jacob-cohen-bob-short-3756-a46-42249-2\/#primaryimage"},"thumbnailUrl":"https:\/\/www.voustensports.com\/wp-content\/uploads\/2023\/06\/Jacob-Cohen-Bob-Short-3756-A46-42249-1-scaled-1.jpg","datePublished":"2026-02-26T17:33:09+00:00","dateModified":"2026-04-07T11:24:04+00:00","breadcrumb":{"@id":"https:\/\/www.voustensports.com\/de\/jacob-cohen-bob-short-3756-a46-42249-2\/#breadcrumb"},"inLanguage":"de-DE","potentialAction":[{"@type":"ReadAction","target":["https:\/\/www.voustensports.com\/de\/jacob-cohen-bob-short-3756-a46-42249-2\/"]}]},{"@type":"ImageObject","inLanguage":"de-DE","@id":"https:\/\/www.voustensports.com\/de\/jacob-cohen-bob-short-3756-a46-42249-2\/#primaryimage","url":"https:\/\/www.voustensports.com\/wp-content\/uploads\/2023\/06\/Jacob-Cohen-Bob-Short-3756-A46-42249-1-scaled-1.jpg","contentUrl":"https:\/\/www.voustensports.com\/wp-content\/uploads\/2023\/06\/Jacob-Cohen-Bob-Short-3756-A46-42249-1-scaled-1.jpg","width":1920,"height":2560},{"@type":"BreadcrumbList","@id":"https:\/\/www.voustensports.com\/de\/jacob-cohen-bob-short-3756-a46-42249-2\/#breadcrumb","itemListElement":[{"@type":"ListItem","position":1,"name":"Home","item":"https:\/\/www.voustensports.com\/de\/"},{"@type":"ListItem","position":2,"name":"Shop","item":"https:\/\/www.voustensports.com\/de\/shop\/"},{"@type":"ListItem","position":3,"name":"Jacob Coh\u00ebn &#8211; Bob Short 3756 A46 (42249)"}]},{"@type":"WebSite","@id":"https:\/\/www.voustensports.com\/nl\/#website","url":"https:\/\/www.voustensports.com\/nl\/","name":"Vousten Sports","description":"","potentialAction":[{"@type":"SearchAction","target":{"@type":"EntryPoint","urlTemplate":"https:\/\/www.voustensports.com\/nl\/?s={search_term_string}"},"query-input":{"@type":"PropertyValueSpecification","valueRequired":true,"valueName":"search_term_string"}}],"inLanguage":"de-DE"}]}},"_links":{"self":[{"href":"https:\/\/www.voustensports.com\/de\/wp-json\/wp\/v2\/product\/225870","targetHints":{"allow":["GET"]}}],"collection":[{"href":"https:\/\/www.voustensports.com\/de\/wp-json\/wp\/v2\/product"}],"about":[{"href":"https:\/\/www.voustensports.com\/de\/wp-json\/wp\/v2\/types\/product"}],"replies":[{"embeddable":true,"href":"https:\/\/www.voustensports.com\/de\/wp-json\/wp\/v2\/comments?post=225870"}],"wp:featuredmedia":[{"embeddable":true,"href":"https:\/\/www.voustensports.com\/de\/wp-json\/wp\/v2\/media\/225860"}],"wp:attachment":[{"href":"https:\/\/www.voustensports.com\/de\/wp-json\/wp\/v2\/media?parent=225870"}],"wp:term":[{"taxonomy":"product_cat","embeddable":true,"href":"https:\/\/www.voustensports.com\/de\/wp-json\/wp\/v2\/product_cat?post=225870"},{"taxonomy":"product_tag","embeddable":true,"href":"https:\/\/www.voustensports.com\/de\/wp-json\/wp\/v2\/product_tag?post=225870"}],"curies":[{"name":"wp","href":"https:\/\/api.w.org\/{rel}","templated":true}]}}