{"id":225692,"date":"2026-02-26T04:42:09","date_gmt":"2026-02-26T03:42:09","guid":{"rendered":"https:\/\/www.voustensports.com\/jacob-cohen-denim-jacket-3736-200d-42280-2\/"},"modified":"2026-04-08T09:06:05","modified_gmt":"2026-04-08T07:06:05","slug":"jacob-cohen-denim-jacket-3736-200d-42280-2","status":"publish","type":"product","link":"https:\/\/www.voustensports.com\/de\/jacob-cohen-denim-jacket-3736-200d-42280-2\/","title":{"rendered":"Jacob Coh\u00ebn &#8211; Denim Jacket 3736 200D (42280)"},"content":{"rendered":"<ul>\n<li>Truckerjacke aus Stretch-Denim<\/li>\n<li>mittelblauer, stonewashed Stretchstoff, von Hand geschliffen f\u00fcr einen weichen Griff<\/li>\n<li>Material: 98 % Baumwolle, 2 % Elasthan.<\/li>\n<li>Kontrastfarbene N\u00e4hte<\/li>\n<li>Klassischer Kragen<\/li>\n<li>Brusttaschen mit Patte und Knopfverschluss<\/li>\n<li>Paspeltaschen<\/li>\n<li>Manschetten mit Kn\u00f6pfen<\/li>\n<li>Knopfverschluss vorne<\/li>\n<li>Kn\u00f6pfe mit Logo-Pr\u00e4gung in luxuri\u00f6ser Silberoptik<\/li>\n<li>R\u00fcckenpatch aus braunem Kalbsleder mit Jacob Coh\u00ebn \u201e4-J&#8217;s\u201d-Logo<\/li>\n<\/ul>\n<p>&nbsp;<\/p>\n","protected":false},"excerpt":{"rendered":"<p>Truckerjacke aus Stretch-Denim mittelblauer, stonewashed Stretchstoff, von Hand geschliffen f\u00fcr einen weichen Griff Material: 98 % Baumwolle, 2 % Elasthan. Kontrastfarbene N\u00e4hte Klassischer Kragen Brusttaschen mit Patte und Knopfverschluss Paspeltaschen Manschetten mit Kn\u00f6pfen Knopfverschluss vorne Kn\u00f6pfe mit Logo-Pr\u00e4gung in luxuri\u00f6ser Silberoptik R\u00fcckenpatch aus braunem Kalbsleder mit Jacob Coh\u00ebn \u201e4-J&#8217;s\u201d-Logo &nbsp;<\/p>\n","protected":false},"featured_media":225682,"comment_status":"open","ping_status":"closed","template":"","meta":{"rank_math_lock_modified_date":false},"product_cat":[567,702,706,736,1017,447,451,463],"product_tag":[],"class_list":{"0":"post-225692","1":"product","2":"type-product","3":"status-publish","4":"has-post-thumbnail","6":"product_cat-jacob-cohen-jeans-de","7":"product_cat-jackets-de","8":"product_cat-jassen-jacks-de","9":"product_cat-jeans-jacket-de","10":"product_cat-jacob-cohen-de","11":"product_cat-kleding-de","12":"product_cat-heren-de","13":"product_cat-vousten-sports-de-2","15":"first","16":"instock","17":"taxable","18":"shipping-taxable","19":"purchasable","20":"product-type-variable"},"acf":[],"yoast_head":"<!-- This site is optimized with the Yoast SEO plugin v23.9 - https:\/\/yoast.com\/wordpress\/plugins\/seo\/ -->\n<title>Jacob Coh\u00ebn - Denim Jacket 3736 200D (42280) - Vousten Sports<\/title>\n<meta name=\"robots\" content=\"index, follow, max-snippet:-1, max-image-preview:large, max-video-preview:-1\" \/>\n<link rel=\"canonical\" href=\"https:\/\/www.voustensports.com\/de\/jacob-cohen-denim-jacket-3736-200d-42280-2\/\" \/>\n<meta property=\"og:locale\" content=\"de_DE\" \/>\n<meta property=\"og:type\" content=\"article\" \/>\n<meta property=\"og:title\" content=\"Jacob Coh\u00ebn - Denim Jacket 3736 200D (42280) - Vousten Sports\" \/>\n<meta property=\"og:description\" content=\"Truckerjacke aus Stretch-Denim mittelblauer, stonewashed Stretchstoff, von Hand geschliffen f\u00fcr einen weichen Griff Material: 98 % Baumwolle, 2 % Elasthan. Kontrastfarbene N\u00e4hte Klassischer Kragen Brusttaschen mit Patte und Knopfverschluss Paspeltaschen Manschetten mit Kn\u00f6pfen Knopfverschluss vorne Kn\u00f6pfe mit Logo-Pr\u00e4gung in luxuri\u00f6ser Silberoptik R\u00fcckenpatch aus braunem Kalbsleder mit Jacob Coh\u00ebn \u201e4-J&#8217;s\u201d-Logo &nbsp;\" \/>\n<meta property=\"og:url\" content=\"https:\/\/www.voustensports.com\/de\/jacob-cohen-denim-jacket-3736-200d-42280-2\/\" \/>\n<meta property=\"og:site_name\" content=\"Vousten Sports\" \/>\n<meta property=\"article:modified_time\" content=\"2026-04-08T07:06:05+00:00\" \/>\n<meta property=\"og:image\" content=\"https:\/\/www.voustensports.com\/wp-content\/uploads\/2023\/06\/Jacob-Cohen-Denim-Jacket-3736-200D-42280-1-scaled-1.jpg\" \/>\n\t<meta property=\"og:image:width\" content=\"2332\" \/>\n\t<meta property=\"og:image:height\" content=\"2560\" \/>\n\t<meta property=\"og:image:type\" content=\"image\/jpeg\" \/>\n<meta name=\"twitter:card\" content=\"summary_large_image\" \/>\n<script type=\"application\/ld+json\" class=\"yoast-schema-graph\">{\"@context\":\"https:\/\/schema.org\",\"@graph\":[{\"@type\":\"WebPage\",\"@id\":\"https:\/\/www.voustensports.com\/de\/jacob-cohen-denim-jacket-3736-200d-42280-2\/\",\"url\":\"https:\/\/www.voustensports.com\/de\/jacob-cohen-denim-jacket-3736-200d-42280-2\/\",\"name\":\"Jacob Coh\u00ebn - Denim Jacket 3736 200D (42280) - Vousten Sports\",\"isPartOf\":{\"@id\":\"https:\/\/www.voustensports.com\/nl\/#website\"},\"primaryImageOfPage\":{\"@id\":\"https:\/\/www.voustensports.com\/de\/jacob-cohen-denim-jacket-3736-200d-42280-2\/#primaryimage\"},\"image\":{\"@id\":\"https:\/\/www.voustensports.com\/de\/jacob-cohen-denim-jacket-3736-200d-42280-2\/#primaryimage\"},\"thumbnailUrl\":\"https:\/\/www.voustensports.com\/wp-content\/uploads\/2023\/06\/Jacob-Cohen-Denim-Jacket-3736-200D-42280-1-scaled-1.jpg\",\"datePublished\":\"2026-02-26T03:42:09+00:00\",\"dateModified\":\"2026-04-08T07:06:05+00:00\",\"breadcrumb\":{\"@id\":\"https:\/\/www.voustensports.com\/de\/jacob-cohen-denim-jacket-3736-200d-42280-2\/#breadcrumb\"},\"inLanguage\":\"de-DE\",\"potentialAction\":[{\"@type\":\"ReadAction\",\"target\":[\"https:\/\/www.voustensports.com\/de\/jacob-cohen-denim-jacket-3736-200d-42280-2\/\"]}]},{\"@type\":\"ImageObject\",\"inLanguage\":\"de-DE\",\"@id\":\"https:\/\/www.voustensports.com\/de\/jacob-cohen-denim-jacket-3736-200d-42280-2\/#primaryimage\",\"url\":\"https:\/\/www.voustensports.com\/wp-content\/uploads\/2023\/06\/Jacob-Cohen-Denim-Jacket-3736-200D-42280-1-scaled-1.jpg\",\"contentUrl\":\"https:\/\/www.voustensports.com\/wp-content\/uploads\/2023\/06\/Jacob-Cohen-Denim-Jacket-3736-200D-42280-1-scaled-1.jpg\",\"width\":2332,\"height\":2560},{\"@type\":\"BreadcrumbList\",\"@id\":\"https:\/\/www.voustensports.com\/de\/jacob-cohen-denim-jacket-3736-200d-42280-2\/#breadcrumb\",\"itemListElement\":[{\"@type\":\"ListItem\",\"position\":1,\"name\":\"Home\",\"item\":\"https:\/\/www.voustensports.com\/de\/\"},{\"@type\":\"ListItem\",\"position\":2,\"name\":\"Shop\",\"item\":\"https:\/\/www.voustensports.com\/de\/shop\/\"},{\"@type\":\"ListItem\",\"position\":3,\"name\":\"Jacob Coh\u00ebn &#8211; Denim Jacket 3736 200D (42280)\"}]},{\"@type\":\"WebSite\",\"@id\":\"https:\/\/www.voustensports.com\/nl\/#website\",\"url\":\"https:\/\/www.voustensports.com\/nl\/\",\"name\":\"Vousten Sports\",\"description\":\"\",\"potentialAction\":[{\"@type\":\"SearchAction\",\"target\":{\"@type\":\"EntryPoint\",\"urlTemplate\":\"https:\/\/www.voustensports.com\/nl\/?s={search_term_string}\"},\"query-input\":{\"@type\":\"PropertyValueSpecification\",\"valueRequired\":true,\"valueName\":\"search_term_string\"}}],\"inLanguage\":\"de-DE\"}]}<\/script>\n<!-- \/ Yoast SEO plugin. -->","yoast_head_json":{"title":"Jacob Coh\u00ebn - Denim Jacket 3736 200D (42280) - Vousten Sports","robots":{"index":"index","follow":"follow","max-snippet":"max-snippet:-1","max-image-preview":"max-image-preview:large","max-video-preview":"max-video-preview:-1"},"canonical":"https:\/\/www.voustensports.com\/de\/jacob-cohen-denim-jacket-3736-200d-42280-2\/","og_locale":"de_DE","og_type":"article","og_title":"Jacob Coh\u00ebn - Denim Jacket 3736 200D (42280) - Vousten Sports","og_description":"Truckerjacke aus Stretch-Denim mittelblauer, stonewashed Stretchstoff, von Hand geschliffen f\u00fcr einen weichen Griff Material: 98 % Baumwolle, 2 % Elasthan. Kontrastfarbene N\u00e4hte Klassischer Kragen Brusttaschen mit Patte und Knopfverschluss Paspeltaschen Manschetten mit Kn\u00f6pfen Knopfverschluss vorne Kn\u00f6pfe mit Logo-Pr\u00e4gung in luxuri\u00f6ser Silberoptik R\u00fcckenpatch aus braunem Kalbsleder mit Jacob Coh\u00ebn \u201e4-J&#8217;s\u201d-Logo &nbsp;","og_url":"https:\/\/www.voustensports.com\/de\/jacob-cohen-denim-jacket-3736-200d-42280-2\/","og_site_name":"Vousten Sports","article_modified_time":"2026-04-08T07:06:05+00:00","og_image":[{"width":2332,"height":2560,"url":"https:\/\/www.voustensports.com\/wp-content\/uploads\/2023\/06\/Jacob-Cohen-Denim-Jacket-3736-200D-42280-1-scaled-1.jpg","type":"image\/jpeg"}],"twitter_card":"summary_large_image","schema":{"@context":"https:\/\/schema.org","@graph":[{"@type":"WebPage","@id":"https:\/\/www.voustensports.com\/de\/jacob-cohen-denim-jacket-3736-200d-42280-2\/","url":"https:\/\/www.voustensports.com\/de\/jacob-cohen-denim-jacket-3736-200d-42280-2\/","name":"Jacob Coh\u00ebn - Denim Jacket 3736 200D (42280) - Vousten Sports","isPartOf":{"@id":"https:\/\/www.voustensports.com\/nl\/#website"},"primaryImageOfPage":{"@id":"https:\/\/www.voustensports.com\/de\/jacob-cohen-denim-jacket-3736-200d-42280-2\/#primaryimage"},"image":{"@id":"https:\/\/www.voustensports.com\/de\/jacob-cohen-denim-jacket-3736-200d-42280-2\/#primaryimage"},"thumbnailUrl":"https:\/\/www.voustensports.com\/wp-content\/uploads\/2023\/06\/Jacob-Cohen-Denim-Jacket-3736-200D-42280-1-scaled-1.jpg","datePublished":"2026-02-26T03:42:09+00:00","dateModified":"2026-04-08T07:06:05+00:00","breadcrumb":{"@id":"https:\/\/www.voustensports.com\/de\/jacob-cohen-denim-jacket-3736-200d-42280-2\/#breadcrumb"},"inLanguage":"de-DE","potentialAction":[{"@type":"ReadAction","target":["https:\/\/www.voustensports.com\/de\/jacob-cohen-denim-jacket-3736-200d-42280-2\/"]}]},{"@type":"ImageObject","inLanguage":"de-DE","@id":"https:\/\/www.voustensports.com\/de\/jacob-cohen-denim-jacket-3736-200d-42280-2\/#primaryimage","url":"https:\/\/www.voustensports.com\/wp-content\/uploads\/2023\/06\/Jacob-Cohen-Denim-Jacket-3736-200D-42280-1-scaled-1.jpg","contentUrl":"https:\/\/www.voustensports.com\/wp-content\/uploads\/2023\/06\/Jacob-Cohen-Denim-Jacket-3736-200D-42280-1-scaled-1.jpg","width":2332,"height":2560},{"@type":"BreadcrumbList","@id":"https:\/\/www.voustensports.com\/de\/jacob-cohen-denim-jacket-3736-200d-42280-2\/#breadcrumb","itemListElement":[{"@type":"ListItem","position":1,"name":"Home","item":"https:\/\/www.voustensports.com\/de\/"},{"@type":"ListItem","position":2,"name":"Shop","item":"https:\/\/www.voustensports.com\/de\/shop\/"},{"@type":"ListItem","position":3,"name":"Jacob Coh\u00ebn &#8211; Denim Jacket 3736 200D (42280)"}]},{"@type":"WebSite","@id":"https:\/\/www.voustensports.com\/nl\/#website","url":"https:\/\/www.voustensports.com\/nl\/","name":"Vousten Sports","description":"","potentialAction":[{"@type":"SearchAction","target":{"@type":"EntryPoint","urlTemplate":"https:\/\/www.voustensports.com\/nl\/?s={search_term_string}"},"query-input":{"@type":"PropertyValueSpecification","valueRequired":true,"valueName":"search_term_string"}}],"inLanguage":"de-DE"}]}},"_links":{"self":[{"href":"https:\/\/www.voustensports.com\/de\/wp-json\/wp\/v2\/product\/225692","targetHints":{"allow":["GET"]}}],"collection":[{"href":"https:\/\/www.voustensports.com\/de\/wp-json\/wp\/v2\/product"}],"about":[{"href":"https:\/\/www.voustensports.com\/de\/wp-json\/wp\/v2\/types\/product"}],"replies":[{"embeddable":true,"href":"https:\/\/www.voustensports.com\/de\/wp-json\/wp\/v2\/comments?post=225692"}],"wp:featuredmedia":[{"embeddable":true,"href":"https:\/\/www.voustensports.com\/de\/wp-json\/wp\/v2\/media\/225682"}],"wp:attachment":[{"href":"https:\/\/www.voustensports.com\/de\/wp-json\/wp\/v2\/media?parent=225692"}],"wp:term":[{"taxonomy":"product_cat","embeddable":true,"href":"https:\/\/www.voustensports.com\/de\/wp-json\/wp\/v2\/product_cat?post=225692"},{"taxonomy":"product_tag","embeddable":true,"href":"https:\/\/www.voustensports.com\/de\/wp-json\/wp\/v2\/product_tag?post=225692"}],"curies":[{"name":"wp","href":"https:\/\/api.w.org\/{rel}","templated":true}]}}