{"id":225136,"date":"2026-02-24T23:45:51","date_gmt":"2026-02-24T22:45:51","guid":{"rendered":"https:\/\/www.voustensports.com\/pal-pre-game-rundhalspullover-dunkelgrun-42483\/"},"modified":"2026-02-26T04:03:07","modified_gmt":"2026-02-26T03:03:07","slug":"pal-pre-game-rundhalspullover-dunkelgrun-42483","status":"publish","type":"product","link":"https:\/\/www.voustensports.com\/de\/pal-pre-game-rundhalspullover-dunkelgrun-42483\/","title":{"rendered":"PAL &#8211; Pre Game Rundhalspullover dunkelgr\u00fcn (42483)"},"content":{"rendered":"<div>Pre Game Rundhalspullover, 26<\/div>\n<ul>\n<li>F\u00e4llt gr\u00f6\u00dfengerecht aus<\/li>\n<li>Material: 70 % Baumwolle, 30 % Polyester<\/li>\n<\/ul>\n","protected":false},"excerpt":{"rendered":"<p>Pre Game Rundhalspullover, 26 F\u00e4llt gr\u00f6\u00dfengerecht aus Material: 70 % Baumwolle, 30 % Polyester<\/p>\n","protected":false},"featured_media":225128,"comment_status":"open","ping_status":"closed","template":"","meta":{"rank_math_lock_modified_date":false},"product_cat":[447,451,463,535,695,698,1009],"product_tag":[],"class_list":{"0":"post-225136","1":"product","2":"type-product","3":"status-publish","4":"has-post-thumbnail","6":"product_cat-kleding-de","7":"product_cat-heren-de","8":"product_cat-vousten-sports-de-2","9":"product_cat-truien-de-2","10":"product_cat-truien-vesten-de-2","11":"product_cat-sweaters-de-2","12":"product_cat-pal-de","14":"first","15":"instock","16":"taxable","17":"shipping-taxable","18":"purchasable","19":"product-type-variable"},"acf":[],"yoast_head":"<!-- This site is optimized with the Yoast SEO plugin v23.9 - https:\/\/yoast.com\/wordpress\/plugins\/seo\/ -->\n<title>PAL - Pre Game Rundhalspullover dunkelgr\u00fcn (42483) - Vousten Sports<\/title>\n<meta name=\"robots\" content=\"index, follow, max-snippet:-1, max-image-preview:large, max-video-preview:-1\" \/>\n<link rel=\"canonical\" href=\"https:\/\/www.voustensports.com\/de\/pal-pre-game-rundhalspullover-dunkelgrun-42483\/\" \/>\n<meta property=\"og:locale\" content=\"de_DE\" \/>\n<meta property=\"og:type\" content=\"article\" \/>\n<meta property=\"og:title\" content=\"PAL - Pre Game Rundhalspullover dunkelgr\u00fcn (42483) - Vousten Sports\" \/>\n<meta property=\"og:description\" content=\"Pre Game Rundhalspullover, 26 F\u00e4llt gr\u00f6\u00dfengerecht aus Material: 70 % Baumwolle, 30 % Polyester\" \/>\n<meta property=\"og:url\" content=\"https:\/\/www.voustensports.com\/de\/pal-pre-game-rundhalspullover-dunkelgrun-42483\/\" \/>\n<meta property=\"og:site_name\" content=\"Vousten Sports\" \/>\n<meta property=\"article:modified_time\" content=\"2026-02-26T03:03:07+00:00\" \/>\n<meta property=\"og:image\" content=\"https:\/\/www.voustensports.com\/wp-content\/uploads\/2023\/06\/Pre-Game-Crewneck-donkergroen-424831.jpg\" \/>\n\t<meta property=\"og:image:width\" content=\"2048\" \/>\n\t<meta property=\"og:image:height\" content=\"2048\" \/>\n\t<meta property=\"og:image:type\" content=\"image\/jpeg\" \/>\n<meta name=\"twitter:card\" content=\"summary_large_image\" \/>\n<script type=\"application\/ld+json\" class=\"yoast-schema-graph\">{\"@context\":\"https:\/\/schema.org\",\"@graph\":[{\"@type\":\"WebPage\",\"@id\":\"https:\/\/www.voustensports.com\/de\/pal-pre-game-rundhalspullover-dunkelgrun-42483\/\",\"url\":\"https:\/\/www.voustensports.com\/de\/pal-pre-game-rundhalspullover-dunkelgrun-42483\/\",\"name\":\"PAL - Pre Game Rundhalspullover dunkelgr\u00fcn (42483) - Vousten Sports\",\"isPartOf\":{\"@id\":\"https:\/\/www.voustensports.com\/nl\/#website\"},\"primaryImageOfPage\":{\"@id\":\"https:\/\/www.voustensports.com\/de\/pal-pre-game-rundhalspullover-dunkelgrun-42483\/#primaryimage\"},\"image\":{\"@id\":\"https:\/\/www.voustensports.com\/de\/pal-pre-game-rundhalspullover-dunkelgrun-42483\/#primaryimage\"},\"thumbnailUrl\":\"https:\/\/www.voustensports.com\/wp-content\/uploads\/2023\/06\/Pre-Game-Crewneck-donkergroen-424831.jpg\",\"datePublished\":\"2026-02-24T22:45:51+00:00\",\"dateModified\":\"2026-02-26T03:03:07+00:00\",\"breadcrumb\":{\"@id\":\"https:\/\/www.voustensports.com\/de\/pal-pre-game-rundhalspullover-dunkelgrun-42483\/#breadcrumb\"},\"inLanguage\":\"de-DE\",\"potentialAction\":[{\"@type\":\"ReadAction\",\"target\":[\"https:\/\/www.voustensports.com\/de\/pal-pre-game-rundhalspullover-dunkelgrun-42483\/\"]}]},{\"@type\":\"ImageObject\",\"inLanguage\":\"de-DE\",\"@id\":\"https:\/\/www.voustensports.com\/de\/pal-pre-game-rundhalspullover-dunkelgrun-42483\/#primaryimage\",\"url\":\"https:\/\/www.voustensports.com\/wp-content\/uploads\/2023\/06\/Pre-Game-Crewneck-donkergroen-424831.jpg\",\"contentUrl\":\"https:\/\/www.voustensports.com\/wp-content\/uploads\/2023\/06\/Pre-Game-Crewneck-donkergroen-424831.jpg\",\"width\":2048,\"height\":2048},{\"@type\":\"BreadcrumbList\",\"@id\":\"https:\/\/www.voustensports.com\/de\/pal-pre-game-rundhalspullover-dunkelgrun-42483\/#breadcrumb\",\"itemListElement\":[{\"@type\":\"ListItem\",\"position\":1,\"name\":\"Home\",\"item\":\"https:\/\/www.voustensports.com\/de\/\"},{\"@type\":\"ListItem\",\"position\":2,\"name\":\"Shop\",\"item\":\"https:\/\/www.voustensports.com\/de\/shop\/\"},{\"@type\":\"ListItem\",\"position\":3,\"name\":\"PAL &#8211; Pre Game Rundhalspullover dunkelgr\u00fcn (42483)\"}]},{\"@type\":\"WebSite\",\"@id\":\"https:\/\/www.voustensports.com\/nl\/#website\",\"url\":\"https:\/\/www.voustensports.com\/nl\/\",\"name\":\"Vousten Sports\",\"description\":\"\",\"potentialAction\":[{\"@type\":\"SearchAction\",\"target\":{\"@type\":\"EntryPoint\",\"urlTemplate\":\"https:\/\/www.voustensports.com\/nl\/?s={search_term_string}\"},\"query-input\":{\"@type\":\"PropertyValueSpecification\",\"valueRequired\":true,\"valueName\":\"search_term_string\"}}],\"inLanguage\":\"de-DE\"}]}<\/script>\n<!-- \/ Yoast SEO plugin. -->","yoast_head_json":{"title":"PAL - Pre Game Rundhalspullover dunkelgr\u00fcn (42483) - Vousten Sports","robots":{"index":"index","follow":"follow","max-snippet":"max-snippet:-1","max-image-preview":"max-image-preview:large","max-video-preview":"max-video-preview:-1"},"canonical":"https:\/\/www.voustensports.com\/de\/pal-pre-game-rundhalspullover-dunkelgrun-42483\/","og_locale":"de_DE","og_type":"article","og_title":"PAL - Pre Game Rundhalspullover dunkelgr\u00fcn (42483) - Vousten Sports","og_description":"Pre Game Rundhalspullover, 26 F\u00e4llt gr\u00f6\u00dfengerecht aus Material: 70 % Baumwolle, 30 % Polyester","og_url":"https:\/\/www.voustensports.com\/de\/pal-pre-game-rundhalspullover-dunkelgrun-42483\/","og_site_name":"Vousten Sports","article_modified_time":"2026-02-26T03:03:07+00:00","og_image":[{"width":2048,"height":2048,"url":"https:\/\/www.voustensports.com\/wp-content\/uploads\/2023\/06\/Pre-Game-Crewneck-donkergroen-424831.jpg","type":"image\/jpeg"}],"twitter_card":"summary_large_image","schema":{"@context":"https:\/\/schema.org","@graph":[{"@type":"WebPage","@id":"https:\/\/www.voustensports.com\/de\/pal-pre-game-rundhalspullover-dunkelgrun-42483\/","url":"https:\/\/www.voustensports.com\/de\/pal-pre-game-rundhalspullover-dunkelgrun-42483\/","name":"PAL - Pre Game Rundhalspullover dunkelgr\u00fcn (42483) - Vousten Sports","isPartOf":{"@id":"https:\/\/www.voustensports.com\/nl\/#website"},"primaryImageOfPage":{"@id":"https:\/\/www.voustensports.com\/de\/pal-pre-game-rundhalspullover-dunkelgrun-42483\/#primaryimage"},"image":{"@id":"https:\/\/www.voustensports.com\/de\/pal-pre-game-rundhalspullover-dunkelgrun-42483\/#primaryimage"},"thumbnailUrl":"https:\/\/www.voustensports.com\/wp-content\/uploads\/2023\/06\/Pre-Game-Crewneck-donkergroen-424831.jpg","datePublished":"2026-02-24T22:45:51+00:00","dateModified":"2026-02-26T03:03:07+00:00","breadcrumb":{"@id":"https:\/\/www.voustensports.com\/de\/pal-pre-game-rundhalspullover-dunkelgrun-42483\/#breadcrumb"},"inLanguage":"de-DE","potentialAction":[{"@type":"ReadAction","target":["https:\/\/www.voustensports.com\/de\/pal-pre-game-rundhalspullover-dunkelgrun-42483\/"]}]},{"@type":"ImageObject","inLanguage":"de-DE","@id":"https:\/\/www.voustensports.com\/de\/pal-pre-game-rundhalspullover-dunkelgrun-42483\/#primaryimage","url":"https:\/\/www.voustensports.com\/wp-content\/uploads\/2023\/06\/Pre-Game-Crewneck-donkergroen-424831.jpg","contentUrl":"https:\/\/www.voustensports.com\/wp-content\/uploads\/2023\/06\/Pre-Game-Crewneck-donkergroen-424831.jpg","width":2048,"height":2048},{"@type":"BreadcrumbList","@id":"https:\/\/www.voustensports.com\/de\/pal-pre-game-rundhalspullover-dunkelgrun-42483\/#breadcrumb","itemListElement":[{"@type":"ListItem","position":1,"name":"Home","item":"https:\/\/www.voustensports.com\/de\/"},{"@type":"ListItem","position":2,"name":"Shop","item":"https:\/\/www.voustensports.com\/de\/shop\/"},{"@type":"ListItem","position":3,"name":"PAL &#8211; Pre Game Rundhalspullover dunkelgr\u00fcn (42483)"}]},{"@type":"WebSite","@id":"https:\/\/www.voustensports.com\/nl\/#website","url":"https:\/\/www.voustensports.com\/nl\/","name":"Vousten Sports","description":"","potentialAction":[{"@type":"SearchAction","target":{"@type":"EntryPoint","urlTemplate":"https:\/\/www.voustensports.com\/nl\/?s={search_term_string}"},"query-input":{"@type":"PropertyValueSpecification","valueRequired":true,"valueName":"search_term_string"}}],"inLanguage":"de-DE"}]}},"_links":{"self":[{"href":"https:\/\/www.voustensports.com\/de\/wp-json\/wp\/v2\/product\/225136","targetHints":{"allow":["GET"]}}],"collection":[{"href":"https:\/\/www.voustensports.com\/de\/wp-json\/wp\/v2\/product"}],"about":[{"href":"https:\/\/www.voustensports.com\/de\/wp-json\/wp\/v2\/types\/product"}],"replies":[{"embeddable":true,"href":"https:\/\/www.voustensports.com\/de\/wp-json\/wp\/v2\/comments?post=225136"}],"wp:featuredmedia":[{"embeddable":true,"href":"https:\/\/www.voustensports.com\/de\/wp-json\/wp\/v2\/media\/225128"}],"wp:attachment":[{"href":"https:\/\/www.voustensports.com\/de\/wp-json\/wp\/v2\/media?parent=225136"}],"wp:term":[{"taxonomy":"product_cat","embeddable":true,"href":"https:\/\/www.voustensports.com\/de\/wp-json\/wp\/v2\/product_cat?post=225136"},{"taxonomy":"product_tag","embeddable":true,"href":"https:\/\/www.voustensports.com\/de\/wp-json\/wp\/v2\/product_tag?post=225136"}],"curies":[{"name":"wp","href":"https:\/\/api.w.org\/{rel}","templated":true}]}}