{"id":224547,"date":"2026-02-21T06:12:24","date_gmt":"2026-02-21T05:12:24","guid":{"rendered":"https:\/\/www.voustensports.com\/genti-hose-dunkelblau-42520\/"},"modified":"2026-02-21T10:36:10","modified_gmt":"2026-02-21T09:36:10","slug":"genti-hose-dunkelblau-42520","status":"publish","type":"product","link":"https:\/\/www.voustensports.com\/de\/genti-hose-dunkelblau-42520\/","title":{"rendered":"GENTI &#8211; Hose dunkelblau (42520)"},"content":{"rendered":"<div>Diese Genti-Hose aus hochwertiger Marzotto B-Dynamic-Wolle bietet modernen Tragekomfort und eine elegante Optik. Der nat\u00fcrliche Stretchanteil sorgt f\u00fcr optimale Bewegungsfreiheit, w\u00e4hrend die klare Verarbeitung die Hose sowohl f\u00fcr Business- als auch f\u00fcr Freizeitanl\u00e4sse geeignet macht.<\/div>\n<ul>\n<li>Material: 100 % Wolle (Marzotto B-Dynamic)<\/li>\n<li>Farbe: Dunkelblau<\/li>\n<li>Passform: Normale Passform<\/li>\n<li>Muster: Uni<\/li>\n<li>Verschluss: Knopf und Rei\u00dfverschluss<\/li>\n<\/ul>\n<div>Hochwertige italienische Wolle mit nat\u00fcrlichem Stretchanteil. Angenehm zu tragen und den ganzen Tag \u00fcber ein gepflegtes Erscheinungsbild.<\/div>\n<div>Die Marzotto B-Dynamic-Qualit\u00e4t vereint Atmungsaktivit\u00e4t mit Formbest\u00e4ndigkeit. Dadurch beh\u00e4lt die Hose auch bei h\u00e4ufigem Tragen ihre Passform und ihr Aussehen. Ideal f\u00fcr den Mann, der Komfort und Stil m\u00fchelos vereinen m\u00f6chte.<\/div>\n","protected":false},"excerpt":{"rendered":"<p>Diese Genti-Hose aus hochwertiger Marzotto B-Dynamic-Wolle bietet modernen Tragekomfort und eine elegante Optik. Der nat\u00fcrliche Stretchanteil sorgt f\u00fcr optimale Bewegungsfreiheit, w\u00e4hrend die klare Verarbeitung die Hose sowohl f\u00fcr Business- als auch f\u00fcr Freizeitanl\u00e4sse geeignet macht. Material: 100 % Wolle (Marzotto B-Dynamic) Farbe: Dunkelblau Passform: Normale Passform Muster: Uni Verschluss: Knopf und Rei\u00dfverschluss Hochwertige italienische Wolle [&#8230;]\n","protected":false},"featured_media":224535,"comment_status":"open","ping_status":"closed","template":"","meta":{"rank_math_lock_modified_date":false},"product_cat":[447,451,463,467,711,787,1005],"product_tag":[],"class_list":{"0":"post-224547","1":"product","2":"type-product","3":"status-publish","4":"has-post-thumbnail","6":"product_cat-kleding-de","7":"product_cat-heren-de","8":"product_cat-vousten-sports-de-2","9":"product_cat-hosen-de","10":"product_cat-genti-de","11":"product_cat-broek-de","12":"product_cat-chino-de","14":"first","15":"instock","16":"taxable","17":"shipping-taxable","18":"purchasable","19":"product-type-variable"},"acf":[],"yoast_head":"<!-- This site is optimized with the Yoast SEO plugin v23.9 - https:\/\/yoast.com\/wordpress\/plugins\/seo\/ -->\n<title>GENTI - Hose dunkelblau (42520) - Vousten Sports<\/title>\n<meta name=\"robots\" content=\"index, follow, max-snippet:-1, max-image-preview:large, max-video-preview:-1\" \/>\n<link rel=\"canonical\" href=\"https:\/\/www.voustensports.com\/de\/genti-hose-dunkelblau-42520\/\" \/>\n<meta property=\"og:locale\" content=\"de_DE\" \/>\n<meta property=\"og:type\" content=\"article\" \/>\n<meta property=\"og:title\" content=\"GENTI - Hose dunkelblau (42520) - Vousten Sports\" \/>\n<meta property=\"og:description\" content=\"Diese Genti-Hose aus hochwertiger Marzotto B-Dynamic-Wolle bietet modernen Tragekomfort und eine elegante Optik. Der nat\u00fcrliche Stretchanteil sorgt f\u00fcr optimale Bewegungsfreiheit, w\u00e4hrend die klare Verarbeitung die Hose sowohl f\u00fcr Business- als auch f\u00fcr Freizeitanl\u00e4sse geeignet macht. Material: 100 % Wolle (Marzotto B-Dynamic) Farbe: Dunkelblau Passform: Normale Passform Muster: Uni Verschluss: Knopf und Rei\u00dfverschluss Hochwertige italienische Wolle [...]\" \/>\n<meta property=\"og:url\" content=\"https:\/\/www.voustensports.com\/de\/genti-hose-dunkelblau-42520\/\" \/>\n<meta property=\"og:site_name\" content=\"Vousten Sports\" \/>\n<meta property=\"article:modified_time\" content=\"2026-02-21T09:36:10+00:00\" \/>\n<meta property=\"og:image\" content=\"https:\/\/www.voustensports.com\/wp-content\/uploads\/2023\/06\/Pantalon-donkerblauw-425201.png\" \/>\n\t<meta property=\"og:image:width\" content=\"1365\" \/>\n\t<meta property=\"og:image:height\" content=\"2048\" \/>\n\t<meta property=\"og:image:type\" content=\"image\/png\" \/>\n<meta name=\"twitter:card\" content=\"summary_large_image\" \/>\n<meta name=\"twitter:label1\" content=\"Est. reading time\" \/>\n\t<meta name=\"twitter:data1\" content=\"1 Minute\" \/>\n<script type=\"application\/ld+json\" class=\"yoast-schema-graph\">{\"@context\":\"https:\/\/schema.org\",\"@graph\":[{\"@type\":\"WebPage\",\"@id\":\"https:\/\/www.voustensports.com\/de\/genti-hose-dunkelblau-42520\/\",\"url\":\"https:\/\/www.voustensports.com\/de\/genti-hose-dunkelblau-42520\/\",\"name\":\"GENTI - Hose dunkelblau (42520) - Vousten Sports\",\"isPartOf\":{\"@id\":\"https:\/\/www.voustensports.com\/nl\/#website\"},\"primaryImageOfPage\":{\"@id\":\"https:\/\/www.voustensports.com\/de\/genti-hose-dunkelblau-42520\/#primaryimage\"},\"image\":{\"@id\":\"https:\/\/www.voustensports.com\/de\/genti-hose-dunkelblau-42520\/#primaryimage\"},\"thumbnailUrl\":\"https:\/\/www.voustensports.com\/wp-content\/uploads\/2023\/06\/Pantalon-donkerblauw-425201.png\",\"datePublished\":\"2026-02-21T05:12:24+00:00\",\"dateModified\":\"2026-02-21T09:36:10+00:00\",\"breadcrumb\":{\"@id\":\"https:\/\/www.voustensports.com\/de\/genti-hose-dunkelblau-42520\/#breadcrumb\"},\"inLanguage\":\"de-DE\",\"potentialAction\":[{\"@type\":\"ReadAction\",\"target\":[\"https:\/\/www.voustensports.com\/de\/genti-hose-dunkelblau-42520\/\"]}]},{\"@type\":\"ImageObject\",\"inLanguage\":\"de-DE\",\"@id\":\"https:\/\/www.voustensports.com\/de\/genti-hose-dunkelblau-42520\/#primaryimage\",\"url\":\"https:\/\/www.voustensports.com\/wp-content\/uploads\/2023\/06\/Pantalon-donkerblauw-425201.png\",\"contentUrl\":\"https:\/\/www.voustensports.com\/wp-content\/uploads\/2023\/06\/Pantalon-donkerblauw-425201.png\",\"width\":1365,\"height\":2048},{\"@type\":\"BreadcrumbList\",\"@id\":\"https:\/\/www.voustensports.com\/de\/genti-hose-dunkelblau-42520\/#breadcrumb\",\"itemListElement\":[{\"@type\":\"ListItem\",\"position\":1,\"name\":\"Home\",\"item\":\"https:\/\/www.voustensports.com\/de\/\"},{\"@type\":\"ListItem\",\"position\":2,\"name\":\"Shop\",\"item\":\"https:\/\/www.voustensports.com\/de\/shop\/\"},{\"@type\":\"ListItem\",\"position\":3,\"name\":\"GENTI &#8211; Hose dunkelblau (42520)\"}]},{\"@type\":\"WebSite\",\"@id\":\"https:\/\/www.voustensports.com\/nl\/#website\",\"url\":\"https:\/\/www.voustensports.com\/nl\/\",\"name\":\"Vousten Sports\",\"description\":\"\",\"potentialAction\":[{\"@type\":\"SearchAction\",\"target\":{\"@type\":\"EntryPoint\",\"urlTemplate\":\"https:\/\/www.voustensports.com\/nl\/?s={search_term_string}\"},\"query-input\":{\"@type\":\"PropertyValueSpecification\",\"valueRequired\":true,\"valueName\":\"search_term_string\"}}],\"inLanguage\":\"de-DE\"}]}<\/script>\n<!-- \/ Yoast SEO plugin. -->","yoast_head_json":{"title":"GENTI - Hose dunkelblau (42520) - Vousten Sports","robots":{"index":"index","follow":"follow","max-snippet":"max-snippet:-1","max-image-preview":"max-image-preview:large","max-video-preview":"max-video-preview:-1"},"canonical":"https:\/\/www.voustensports.com\/de\/genti-hose-dunkelblau-42520\/","og_locale":"de_DE","og_type":"article","og_title":"GENTI - Hose dunkelblau (42520) - Vousten Sports","og_description":"Diese Genti-Hose aus hochwertiger Marzotto B-Dynamic-Wolle bietet modernen Tragekomfort und eine elegante Optik. Der nat\u00fcrliche Stretchanteil sorgt f\u00fcr optimale Bewegungsfreiheit, w\u00e4hrend die klare Verarbeitung die Hose sowohl f\u00fcr Business- als auch f\u00fcr Freizeitanl\u00e4sse geeignet macht. Material: 100 % Wolle (Marzotto B-Dynamic) Farbe: Dunkelblau Passform: Normale Passform Muster: Uni Verschluss: Knopf und Rei\u00dfverschluss Hochwertige italienische Wolle [...]","og_url":"https:\/\/www.voustensports.com\/de\/genti-hose-dunkelblau-42520\/","og_site_name":"Vousten Sports","article_modified_time":"2026-02-21T09:36:10+00:00","og_image":[{"width":1365,"height":2048,"url":"https:\/\/www.voustensports.com\/wp-content\/uploads\/2023\/06\/Pantalon-donkerblauw-425201.png","type":"image\/png"}],"twitter_card":"summary_large_image","twitter_misc":{"Est. reading time":"1 Minute"},"schema":{"@context":"https:\/\/schema.org","@graph":[{"@type":"WebPage","@id":"https:\/\/www.voustensports.com\/de\/genti-hose-dunkelblau-42520\/","url":"https:\/\/www.voustensports.com\/de\/genti-hose-dunkelblau-42520\/","name":"GENTI - Hose dunkelblau (42520) - Vousten Sports","isPartOf":{"@id":"https:\/\/www.voustensports.com\/nl\/#website"},"primaryImageOfPage":{"@id":"https:\/\/www.voustensports.com\/de\/genti-hose-dunkelblau-42520\/#primaryimage"},"image":{"@id":"https:\/\/www.voustensports.com\/de\/genti-hose-dunkelblau-42520\/#primaryimage"},"thumbnailUrl":"https:\/\/www.voustensports.com\/wp-content\/uploads\/2023\/06\/Pantalon-donkerblauw-425201.png","datePublished":"2026-02-21T05:12:24+00:00","dateModified":"2026-02-21T09:36:10+00:00","breadcrumb":{"@id":"https:\/\/www.voustensports.com\/de\/genti-hose-dunkelblau-42520\/#breadcrumb"},"inLanguage":"de-DE","potentialAction":[{"@type":"ReadAction","target":["https:\/\/www.voustensports.com\/de\/genti-hose-dunkelblau-42520\/"]}]},{"@type":"ImageObject","inLanguage":"de-DE","@id":"https:\/\/www.voustensports.com\/de\/genti-hose-dunkelblau-42520\/#primaryimage","url":"https:\/\/www.voustensports.com\/wp-content\/uploads\/2023\/06\/Pantalon-donkerblauw-425201.png","contentUrl":"https:\/\/www.voustensports.com\/wp-content\/uploads\/2023\/06\/Pantalon-donkerblauw-425201.png","width":1365,"height":2048},{"@type":"BreadcrumbList","@id":"https:\/\/www.voustensports.com\/de\/genti-hose-dunkelblau-42520\/#breadcrumb","itemListElement":[{"@type":"ListItem","position":1,"name":"Home","item":"https:\/\/www.voustensports.com\/de\/"},{"@type":"ListItem","position":2,"name":"Shop","item":"https:\/\/www.voustensports.com\/de\/shop\/"},{"@type":"ListItem","position":3,"name":"GENTI &#8211; Hose dunkelblau (42520)"}]},{"@type":"WebSite","@id":"https:\/\/www.voustensports.com\/nl\/#website","url":"https:\/\/www.voustensports.com\/nl\/","name":"Vousten Sports","description":"","potentialAction":[{"@type":"SearchAction","target":{"@type":"EntryPoint","urlTemplate":"https:\/\/www.voustensports.com\/nl\/?s={search_term_string}"},"query-input":{"@type":"PropertyValueSpecification","valueRequired":true,"valueName":"search_term_string"}}],"inLanguage":"de-DE"}]}},"_links":{"self":[{"href":"https:\/\/www.voustensports.com\/de\/wp-json\/wp\/v2\/product\/224547","targetHints":{"allow":["GET"]}}],"collection":[{"href":"https:\/\/www.voustensports.com\/de\/wp-json\/wp\/v2\/product"}],"about":[{"href":"https:\/\/www.voustensports.com\/de\/wp-json\/wp\/v2\/types\/product"}],"replies":[{"embeddable":true,"href":"https:\/\/www.voustensports.com\/de\/wp-json\/wp\/v2\/comments?post=224547"}],"wp:featuredmedia":[{"embeddable":true,"href":"https:\/\/www.voustensports.com\/de\/wp-json\/wp\/v2\/media\/224535"}],"wp:attachment":[{"href":"https:\/\/www.voustensports.com\/de\/wp-json\/wp\/v2\/media?parent=224547"}],"wp:term":[{"taxonomy":"product_cat","embeddable":true,"href":"https:\/\/www.voustensports.com\/de\/wp-json\/wp\/v2\/product_cat?post=224547"},{"taxonomy":"product_tag","embeddable":true,"href":"https:\/\/www.voustensports.com\/de\/wp-json\/wp\/v2\/product_tag?post=224547"}],"curies":[{"name":"wp","href":"https:\/\/api.w.org\/{rel}","templated":true}]}}