{"id":223601,"date":"2026-02-19T16:16:26","date_gmt":"2026-02-19T15:16:26","guid":{"rendered":"https:\/\/www.voustensports.com\/valenza-overshirt-perlgrau-42660\/"},"modified":"2026-02-23T10:48:08","modified_gmt":"2026-02-23T09:48:08","slug":"valenza-overshirt-perlgrau-42660","status":"publish","type":"product","link":"https:\/\/www.voustensports.com\/de\/valenza-overshirt-perlgrau-42660\/","title":{"rendered":"VALENZA &#8211; Overshirt Perlgrau (42660)"},"content":{"rendered":"<ul>\n<li>Overshirt in regul\u00e4rer Passform<\/li>\n<li>Overshirt mit Metallrei\u00dfverschluss vorne<\/li>\n<li>Doppelter Zipper am Rei\u00dfverschluss vorne<\/li>\n<li>Verdeckte Seitentaschen in den Innenn\u00e4hten<\/li>\n<li>Echte Manschetten mit Knopfverschluss<\/li>\n<li>Material: Interlock Supima Baumwolle<\/li>\n<li>Hergestellt in Italien<\/li>\n<li>Zusammensetzung: 100 % Baumwolle<\/li>\n<li>Gewicht: 230 g\/m\u00b2<\/li>\n<li>Etiketten aus recycelter Baumwolle<\/li>\n<li>Anh\u00e4nger aus recyceltem Papier<\/li>\n<li>Rei\u00dfverschluss: Metallrei\u00dfverschluss<\/li>\n<li>Kn\u00f6pfe: Perlmuttkn\u00f6pfe<\/li>\n<li>Hergestellt in Marken, Italien. Zertifiziert: 100 % Made in Italy. Alle Produktionsschritte dieses Overshirts wurden in Marken, Italien, nach traditionellen Handwerksverfahren durchgef\u00fchrt.<\/li>\n<\/ul>\n","protected":false},"excerpt":{"rendered":"<p>Overshirt in regul\u00e4rer Passform Overshirt mit Metallrei\u00dfverschluss vorne Doppelter Zipper am Rei\u00dfverschluss vorne Verdeckte Seitentaschen in den Innenn\u00e4hten Echte Manschetten mit Knopfverschluss Material: Interlock Supima Baumwolle Hergestellt in Italien Zusammensetzung: 100 % Baumwolle Gewicht: 230 g\/m\u00b2 Etiketten aus recycelter Baumwolle Anh\u00e4nger aus recyceltem Papier Rei\u00dfverschluss: Metallrei\u00dfverschluss Kn\u00f6pfe: Perlmuttkn\u00f6pfe Hergestellt in Marken, Italien. Zertifiziert: 100 % [&#8230;]\n","protected":false},"featured_media":223589,"comment_status":"open","ping_status":"closed","template":"","meta":{"rank_math_lock_modified_date":false},"product_cat":[447,451,463,740,779],"product_tag":[],"class_list":{"0":"post-223601","1":"product","2":"type-product","3":"status-publish","4":"has-post-thumbnail","6":"product_cat-kleding-de","7":"product_cat-heren-de","8":"product_cat-vousten-sports-de-2","9":"product_cat-overshirt-de-2","10":"product_cat-valenza-de","12":"first","13":"instock","14":"taxable","15":"shipping-taxable","16":"purchasable","17":"product-type-variable"},"acf":[],"yoast_head":"<!-- This site is optimized with the Yoast SEO plugin v23.9 - https:\/\/yoast.com\/wordpress\/plugins\/seo\/ -->\n<title>VALENZA - Overshirt Perlgrau (42660) - Vousten Sports<\/title>\n<meta name=\"robots\" content=\"index, follow, max-snippet:-1, max-image-preview:large, max-video-preview:-1\" \/>\n<link rel=\"canonical\" href=\"https:\/\/www.voustensports.com\/de\/valenza-overshirt-perlgrau-42660\/\" \/>\n<meta property=\"og:locale\" content=\"de_DE\" \/>\n<meta property=\"og:type\" content=\"article\" \/>\n<meta property=\"og:title\" content=\"VALENZA - Overshirt Perlgrau (42660) - Vousten Sports\" \/>\n<meta property=\"og:description\" content=\"Overshirt in regul\u00e4rer Passform Overshirt mit Metallrei\u00dfverschluss vorne Doppelter Zipper am Rei\u00dfverschluss vorne Verdeckte Seitentaschen in den Innenn\u00e4hten Echte Manschetten mit Knopfverschluss Material: Interlock Supima Baumwolle Hergestellt in Italien Zusammensetzung: 100 % Baumwolle Gewicht: 230 g\/m\u00b2 Etiketten aus recycelter Baumwolle Anh\u00e4nger aus recyceltem Papier Rei\u00dfverschluss: Metallrei\u00dfverschluss Kn\u00f6pfe: Perlmuttkn\u00f6pfe Hergestellt in Marken, Italien. Zertifiziert: 100 % [...]\" \/>\n<meta property=\"og:url\" content=\"https:\/\/www.voustensports.com\/de\/valenza-overshirt-perlgrau-42660\/\" \/>\n<meta property=\"og:site_name\" content=\"Vousten Sports\" \/>\n<meta property=\"article:modified_time\" content=\"2026-02-23T09:48:08+00:00\" \/>\n<meta property=\"og:image\" content=\"https:\/\/www.voustensports.com\/wp-content\/uploads\/2023\/06\/VALENZA-Overshirt-parelgrijs-42660-1.png\" \/>\n\t<meta property=\"og:image:width\" content=\"1200\" \/>\n\t<meta property=\"og:image:height\" content=\"1800\" \/>\n\t<meta property=\"og:image:type\" content=\"image\/png\" \/>\n<meta name=\"twitter:card\" content=\"summary_large_image\" \/>\n<script type=\"application\/ld+json\" class=\"yoast-schema-graph\">{\"@context\":\"https:\/\/schema.org\",\"@graph\":[{\"@type\":\"WebPage\",\"@id\":\"https:\/\/www.voustensports.com\/de\/valenza-overshirt-perlgrau-42660\/\",\"url\":\"https:\/\/www.voustensports.com\/de\/valenza-overshirt-perlgrau-42660\/\",\"name\":\"VALENZA - Overshirt Perlgrau (42660) - Vousten Sports\",\"isPartOf\":{\"@id\":\"https:\/\/www.voustensports.com\/nl\/#website\"},\"primaryImageOfPage\":{\"@id\":\"https:\/\/www.voustensports.com\/de\/valenza-overshirt-perlgrau-42660\/#primaryimage\"},\"image\":{\"@id\":\"https:\/\/www.voustensports.com\/de\/valenza-overshirt-perlgrau-42660\/#primaryimage\"},\"thumbnailUrl\":\"https:\/\/www.voustensports.com\/wp-content\/uploads\/2023\/06\/VALENZA-Overshirt-parelgrijs-42660-1.png\",\"datePublished\":\"2026-02-19T15:16:26+00:00\",\"dateModified\":\"2026-02-23T09:48:08+00:00\",\"breadcrumb\":{\"@id\":\"https:\/\/www.voustensports.com\/de\/valenza-overshirt-perlgrau-42660\/#breadcrumb\"},\"inLanguage\":\"de-DE\",\"potentialAction\":[{\"@type\":\"ReadAction\",\"target\":[\"https:\/\/www.voustensports.com\/de\/valenza-overshirt-perlgrau-42660\/\"]}]},{\"@type\":\"ImageObject\",\"inLanguage\":\"de-DE\",\"@id\":\"https:\/\/www.voustensports.com\/de\/valenza-overshirt-perlgrau-42660\/#primaryimage\",\"url\":\"https:\/\/www.voustensports.com\/wp-content\/uploads\/2023\/06\/VALENZA-Overshirt-parelgrijs-42660-1.png\",\"contentUrl\":\"https:\/\/www.voustensports.com\/wp-content\/uploads\/2023\/06\/VALENZA-Overshirt-parelgrijs-42660-1.png\",\"width\":1200,\"height\":1800},{\"@type\":\"BreadcrumbList\",\"@id\":\"https:\/\/www.voustensports.com\/de\/valenza-overshirt-perlgrau-42660\/#breadcrumb\",\"itemListElement\":[{\"@type\":\"ListItem\",\"position\":1,\"name\":\"Home\",\"item\":\"https:\/\/www.voustensports.com\/de\/\"},{\"@type\":\"ListItem\",\"position\":2,\"name\":\"Shop\",\"item\":\"https:\/\/www.voustensports.com\/de\/shop\/\"},{\"@type\":\"ListItem\",\"position\":3,\"name\":\"VALENZA &#8211; Overshirt Perlgrau (42660)\"}]},{\"@type\":\"WebSite\",\"@id\":\"https:\/\/www.voustensports.com\/nl\/#website\",\"url\":\"https:\/\/www.voustensports.com\/nl\/\",\"name\":\"Vousten Sports\",\"description\":\"\",\"potentialAction\":[{\"@type\":\"SearchAction\",\"target\":{\"@type\":\"EntryPoint\",\"urlTemplate\":\"https:\/\/www.voustensports.com\/nl\/?s={search_term_string}\"},\"query-input\":{\"@type\":\"PropertyValueSpecification\",\"valueRequired\":true,\"valueName\":\"search_term_string\"}}],\"inLanguage\":\"de-DE\"}]}<\/script>\n<!-- \/ Yoast SEO plugin. -->","yoast_head_json":{"title":"VALENZA - Overshirt Perlgrau (42660) - Vousten Sports","robots":{"index":"index","follow":"follow","max-snippet":"max-snippet:-1","max-image-preview":"max-image-preview:large","max-video-preview":"max-video-preview:-1"},"canonical":"https:\/\/www.voustensports.com\/de\/valenza-overshirt-perlgrau-42660\/","og_locale":"de_DE","og_type":"article","og_title":"VALENZA - Overshirt Perlgrau (42660) - Vousten Sports","og_description":"Overshirt in regul\u00e4rer Passform Overshirt mit Metallrei\u00dfverschluss vorne Doppelter Zipper am Rei\u00dfverschluss vorne Verdeckte Seitentaschen in den Innenn\u00e4hten Echte Manschetten mit Knopfverschluss Material: Interlock Supima Baumwolle Hergestellt in Italien Zusammensetzung: 100 % Baumwolle Gewicht: 230 g\/m\u00b2 Etiketten aus recycelter Baumwolle Anh\u00e4nger aus recyceltem Papier Rei\u00dfverschluss: Metallrei\u00dfverschluss Kn\u00f6pfe: Perlmuttkn\u00f6pfe Hergestellt in Marken, Italien. Zertifiziert: 100 % [...]","og_url":"https:\/\/www.voustensports.com\/de\/valenza-overshirt-perlgrau-42660\/","og_site_name":"Vousten Sports","article_modified_time":"2026-02-23T09:48:08+00:00","og_image":[{"width":1200,"height":1800,"url":"https:\/\/www.voustensports.com\/wp-content\/uploads\/2023\/06\/VALENZA-Overshirt-parelgrijs-42660-1.png","type":"image\/png"}],"twitter_card":"summary_large_image","schema":{"@context":"https:\/\/schema.org","@graph":[{"@type":"WebPage","@id":"https:\/\/www.voustensports.com\/de\/valenza-overshirt-perlgrau-42660\/","url":"https:\/\/www.voustensports.com\/de\/valenza-overshirt-perlgrau-42660\/","name":"VALENZA - Overshirt Perlgrau (42660) - Vousten Sports","isPartOf":{"@id":"https:\/\/www.voustensports.com\/nl\/#website"},"primaryImageOfPage":{"@id":"https:\/\/www.voustensports.com\/de\/valenza-overshirt-perlgrau-42660\/#primaryimage"},"image":{"@id":"https:\/\/www.voustensports.com\/de\/valenza-overshirt-perlgrau-42660\/#primaryimage"},"thumbnailUrl":"https:\/\/www.voustensports.com\/wp-content\/uploads\/2023\/06\/VALENZA-Overshirt-parelgrijs-42660-1.png","datePublished":"2026-02-19T15:16:26+00:00","dateModified":"2026-02-23T09:48:08+00:00","breadcrumb":{"@id":"https:\/\/www.voustensports.com\/de\/valenza-overshirt-perlgrau-42660\/#breadcrumb"},"inLanguage":"de-DE","potentialAction":[{"@type":"ReadAction","target":["https:\/\/www.voustensports.com\/de\/valenza-overshirt-perlgrau-42660\/"]}]},{"@type":"ImageObject","inLanguage":"de-DE","@id":"https:\/\/www.voustensports.com\/de\/valenza-overshirt-perlgrau-42660\/#primaryimage","url":"https:\/\/www.voustensports.com\/wp-content\/uploads\/2023\/06\/VALENZA-Overshirt-parelgrijs-42660-1.png","contentUrl":"https:\/\/www.voustensports.com\/wp-content\/uploads\/2023\/06\/VALENZA-Overshirt-parelgrijs-42660-1.png","width":1200,"height":1800},{"@type":"BreadcrumbList","@id":"https:\/\/www.voustensports.com\/de\/valenza-overshirt-perlgrau-42660\/#breadcrumb","itemListElement":[{"@type":"ListItem","position":1,"name":"Home","item":"https:\/\/www.voustensports.com\/de\/"},{"@type":"ListItem","position":2,"name":"Shop","item":"https:\/\/www.voustensports.com\/de\/shop\/"},{"@type":"ListItem","position":3,"name":"VALENZA &#8211; Overshirt Perlgrau (42660)"}]},{"@type":"WebSite","@id":"https:\/\/www.voustensports.com\/nl\/#website","url":"https:\/\/www.voustensports.com\/nl\/","name":"Vousten Sports","description":"","potentialAction":[{"@type":"SearchAction","target":{"@type":"EntryPoint","urlTemplate":"https:\/\/www.voustensports.com\/nl\/?s={search_term_string}"},"query-input":{"@type":"PropertyValueSpecification","valueRequired":true,"valueName":"search_term_string"}}],"inLanguage":"de-DE"}]}},"_links":{"self":[{"href":"https:\/\/www.voustensports.com\/de\/wp-json\/wp\/v2\/product\/223601","targetHints":{"allow":["GET"]}}],"collection":[{"href":"https:\/\/www.voustensports.com\/de\/wp-json\/wp\/v2\/product"}],"about":[{"href":"https:\/\/www.voustensports.com\/de\/wp-json\/wp\/v2\/types\/product"}],"replies":[{"embeddable":true,"href":"https:\/\/www.voustensports.com\/de\/wp-json\/wp\/v2\/comments?post=223601"}],"wp:featuredmedia":[{"embeddable":true,"href":"https:\/\/www.voustensports.com\/de\/wp-json\/wp\/v2\/media\/223589"}],"wp:attachment":[{"href":"https:\/\/www.voustensports.com\/de\/wp-json\/wp\/v2\/media?parent=223601"}],"wp:term":[{"taxonomy":"product_cat","embeddable":true,"href":"https:\/\/www.voustensports.com\/de\/wp-json\/wp\/v2\/product_cat?post=223601"},{"taxonomy":"product_tag","embeddable":true,"href":"https:\/\/www.voustensports.com\/de\/wp-json\/wp\/v2\/product_tag?post=223601"}],"curies":[{"name":"wp","href":"https:\/\/api.w.org\/{rel}","templated":true}]}}