{"id":223429,"date":"2026-02-19T16:13:41","date_gmt":"2026-02-19T15:13:41","guid":{"rendered":"https:\/\/www.voustensports.com\/john-miller-hyperstretch-poloshirt-mit-kurzen-armeln-und-reisverschluss-schwarz-42675\/"},"modified":"2026-04-02T15:39:15","modified_gmt":"2026-04-02T13:39:15","slug":"john-miller-hyperstretch-poloshirt-mit-kurzen-armeln-und-reisverschluss-schwarz-42675","status":"publish","type":"product","link":"https:\/\/www.voustensports.com\/de\/john-miller-hyperstretch-poloshirt-mit-kurzen-armeln-und-reisverschluss-schwarz-42675\/","title":{"rendered":"JOHN MILLER &#8211; Hyperstretch-Poloshirt mit kurzen \u00c4rmeln und Rei\u00dfverschluss Schwarz (42675)"},"content":{"rendered":"<p>Dieses schwarze, schmal geschnittene Poloshirt aus Hyperstretch-Material hat kurze \u00c4rmel. John Miller Poloshirts in schmaler Passform betonen die Figur. Das Hyperstretch-Material bietet stilvollen Tragekomfort. Dieser italienische Strickstoff hat sich \u00fcber mehrere Saisons als Bestseller in den John Miller Kollektionen bew\u00e4hrt. Das Poloshirt verf\u00fcgt \u00fcber einen eleganten Cutaway-Kragen mit Ton-in-Ton-Rei\u00dfverschluss.<\/p>\n<ul>\n<li>Passform: Schmal geschnittenes Poloshirt<\/li>\n<li>Farbe: Schwarz<\/li>\n<li>Muster: Uni<\/li>\n<li>\u00c4rmel: Kurzarm<\/li>\n<li>B\u00fcndchen: Cutaway<\/li>\n<li>B\u00fcndchen: Sonstiges<\/li>\n<li>Materialzusammensetzung: 89 % Polyamid, 11 % Elastan<\/li>\n<li>Materialeigenschaften: Hyperstretch, Stretch<\/li>\n<li>Brusttasche: Nein<\/li>\n<li>Produktcode: 5142677-690-000-000<\/li>\n<\/ul>\n","protected":false},"excerpt":{"rendered":"<p>Dieses schwarze, schmal geschnittene Poloshirt aus Hyperstretch-Material hat kurze \u00c4rmel. John Miller Poloshirts in schmaler Passform betonen die Figur. Das Hyperstretch-Material bietet stilvollen Tragekomfort. Dieser italienische Strickstoff hat sich \u00fcber mehrere Saisons als Bestseller in den John Miller Kollektionen bew\u00e4hrt. Das Poloshirt verf\u00fcgt \u00fcber einen eleganten Cutaway-Kragen mit Ton-in-Ton-Rei\u00dfverschluss. Passform: Schmal geschnittenes Poloshirt Farbe: Schwarz [&#8230;]\n","protected":false},"featured_media":223661,"comment_status":"open","ping_status":"closed","template":"","meta":{"rank_math_lock_modified_date":false},"product_cat":[447,451,463,479,921],"product_tag":[],"class_list":{"0":"post-223429","1":"product","2":"type-product","3":"status-publish","4":"has-post-thumbnail","6":"product_cat-kleding-de","7":"product_cat-heren-de","8":"product_cat-vousten-sports-de-2","9":"product_cat-polos-de-2","10":"product_cat-john-miller-de","12":"first","13":"instock","14":"taxable","15":"shipping-taxable","16":"purchasable","17":"product-type-variable"},"acf":[],"yoast_head":"<!-- This site is optimized with the Yoast SEO plugin v23.9 - https:\/\/yoast.com\/wordpress\/plugins\/seo\/ -->\n<title>JOHN MILLER - Hyperstretch-Poloshirt mit kurzen \u00c4rmeln und Rei\u00dfverschluss Schwarz (42675) - Vousten Sports<\/title>\n<meta name=\"robots\" content=\"index, follow, max-snippet:-1, max-image-preview:large, max-video-preview:-1\" \/>\n<link rel=\"canonical\" href=\"https:\/\/www.voustensports.com\/de\/john-miller-hyperstretch-poloshirt-mit-kurzen-armeln-und-reisverschluss-schwarz-42675\/\" \/>\n<meta property=\"og:locale\" content=\"de_DE\" \/>\n<meta property=\"og:type\" content=\"article\" \/>\n<meta property=\"og:title\" content=\"JOHN MILLER - Hyperstretch-Poloshirt mit kurzen \u00c4rmeln und Rei\u00dfverschluss Schwarz (42675) - Vousten Sports\" \/>\n<meta property=\"og:description\" content=\"Dieses schwarze, schmal geschnittene Poloshirt aus Hyperstretch-Material hat kurze \u00c4rmel. John Miller Poloshirts in schmaler Passform betonen die Figur. Das Hyperstretch-Material bietet stilvollen Tragekomfort. Dieser italienische Strickstoff hat sich \u00fcber mehrere Saisons als Bestseller in den John Miller Kollektionen bew\u00e4hrt. Das Poloshirt verf\u00fcgt \u00fcber einen eleganten Cutaway-Kragen mit Ton-in-Ton-Rei\u00dfverschluss. Passform: Schmal geschnittenes Poloshirt Farbe: Schwarz [...]\" \/>\n<meta property=\"og:url\" content=\"https:\/\/www.voustensports.com\/de\/john-miller-hyperstretch-poloshirt-mit-kurzen-armeln-und-reisverschluss-schwarz-42675\/\" \/>\n<meta property=\"og:site_name\" content=\"Vousten Sports\" \/>\n<meta property=\"article:modified_time\" content=\"2026-04-02T13:39:15+00:00\" \/>\n<meta property=\"og:image\" content=\"https:\/\/www.voustensports.com\/wp-content\/uploads\/2023\/06\/JOHN-MILLER-Hyperstretch-Polo-Shirt-Rits-Korte-Mouw-zwart-42675-1.png\" \/>\n\t<meta property=\"og:image:width\" content=\"809\" \/>\n\t<meta property=\"og:image:height\" content=\"1216\" \/>\n\t<meta property=\"og:image:type\" content=\"image\/png\" \/>\n<meta name=\"twitter:card\" content=\"summary_large_image\" \/>\n<script type=\"application\/ld+json\" class=\"yoast-schema-graph\">{\"@context\":\"https:\/\/schema.org\",\"@graph\":[{\"@type\":\"WebPage\",\"@id\":\"https:\/\/www.voustensports.com\/de\/john-miller-hyperstretch-poloshirt-mit-kurzen-armeln-und-reisverschluss-schwarz-42675\/\",\"url\":\"https:\/\/www.voustensports.com\/de\/john-miller-hyperstretch-poloshirt-mit-kurzen-armeln-und-reisverschluss-schwarz-42675\/\",\"name\":\"JOHN MILLER - Hyperstretch-Poloshirt mit kurzen \u00c4rmeln und Rei\u00dfverschluss Schwarz (42675) - Vousten Sports\",\"isPartOf\":{\"@id\":\"https:\/\/www.voustensports.com\/nl\/#website\"},\"primaryImageOfPage\":{\"@id\":\"https:\/\/www.voustensports.com\/de\/john-miller-hyperstretch-poloshirt-mit-kurzen-armeln-und-reisverschluss-schwarz-42675\/#primaryimage\"},\"image\":{\"@id\":\"https:\/\/www.voustensports.com\/de\/john-miller-hyperstretch-poloshirt-mit-kurzen-armeln-und-reisverschluss-schwarz-42675\/#primaryimage\"},\"thumbnailUrl\":\"https:\/\/www.voustensports.com\/wp-content\/uploads\/2023\/06\/JOHN-MILLER-Hyperstretch-Polo-Shirt-Rits-Korte-Mouw-zwart-42675-1.jpg\",\"datePublished\":\"2026-02-19T15:13:41+00:00\",\"dateModified\":\"2026-04-02T13:39:15+00:00\",\"breadcrumb\":{\"@id\":\"https:\/\/www.voustensports.com\/de\/john-miller-hyperstretch-poloshirt-mit-kurzen-armeln-und-reisverschluss-schwarz-42675\/#breadcrumb\"},\"inLanguage\":\"de-DE\",\"potentialAction\":[{\"@type\":\"ReadAction\",\"target\":[\"https:\/\/www.voustensports.com\/de\/john-miller-hyperstretch-poloshirt-mit-kurzen-armeln-und-reisverschluss-schwarz-42675\/\"]}]},{\"@type\":\"ImageObject\",\"inLanguage\":\"de-DE\",\"@id\":\"https:\/\/www.voustensports.com\/de\/john-miller-hyperstretch-poloshirt-mit-kurzen-armeln-und-reisverschluss-schwarz-42675\/#primaryimage\",\"url\":\"https:\/\/www.voustensports.com\/wp-content\/uploads\/2023\/06\/JOHN-MILLER-Hyperstretch-Polo-Shirt-Rits-Korte-Mouw-zwart-42675-1.jpg\",\"contentUrl\":\"https:\/\/www.voustensports.com\/wp-content\/uploads\/2023\/06\/JOHN-MILLER-Hyperstretch-Polo-Shirt-Rits-Korte-Mouw-zwart-42675-1.jpg\",\"width\":1363,\"height\":2048},{\"@type\":\"BreadcrumbList\",\"@id\":\"https:\/\/www.voustensports.com\/de\/john-miller-hyperstretch-poloshirt-mit-kurzen-armeln-und-reisverschluss-schwarz-42675\/#breadcrumb\",\"itemListElement\":[{\"@type\":\"ListItem\",\"position\":1,\"name\":\"Home\",\"item\":\"https:\/\/www.voustensports.com\/de\/\"},{\"@type\":\"ListItem\",\"position\":2,\"name\":\"Shop\",\"item\":\"https:\/\/www.voustensports.com\/de\/shop\/\"},{\"@type\":\"ListItem\",\"position\":3,\"name\":\"JOHN MILLER &#8211; Hyperstretch-Poloshirt mit kurzen \u00c4rmeln und Rei\u00dfverschluss Schwarz (42675)\"}]},{\"@type\":\"WebSite\",\"@id\":\"https:\/\/www.voustensports.com\/nl\/#website\",\"url\":\"https:\/\/www.voustensports.com\/nl\/\",\"name\":\"Vousten Sports\",\"description\":\"\",\"potentialAction\":[{\"@type\":\"SearchAction\",\"target\":{\"@type\":\"EntryPoint\",\"urlTemplate\":\"https:\/\/www.voustensports.com\/nl\/?s={search_term_string}\"},\"query-input\":{\"@type\":\"PropertyValueSpecification\",\"valueRequired\":true,\"valueName\":\"search_term_string\"}}],\"inLanguage\":\"de-DE\"}]}<\/script>\n<!-- \/ Yoast SEO plugin. -->","yoast_head_json":{"title":"JOHN MILLER - Hyperstretch-Poloshirt mit kurzen \u00c4rmeln und Rei\u00dfverschluss Schwarz (42675) - Vousten Sports","robots":{"index":"index","follow":"follow","max-snippet":"max-snippet:-1","max-image-preview":"max-image-preview:large","max-video-preview":"max-video-preview:-1"},"canonical":"https:\/\/www.voustensports.com\/de\/john-miller-hyperstretch-poloshirt-mit-kurzen-armeln-und-reisverschluss-schwarz-42675\/","og_locale":"de_DE","og_type":"article","og_title":"JOHN MILLER - Hyperstretch-Poloshirt mit kurzen \u00c4rmeln und Rei\u00dfverschluss Schwarz (42675) - Vousten Sports","og_description":"Dieses schwarze, schmal geschnittene Poloshirt aus Hyperstretch-Material hat kurze \u00c4rmel. John Miller Poloshirts in schmaler Passform betonen die Figur. Das Hyperstretch-Material bietet stilvollen Tragekomfort. Dieser italienische Strickstoff hat sich \u00fcber mehrere Saisons als Bestseller in den John Miller Kollektionen bew\u00e4hrt. Das Poloshirt verf\u00fcgt \u00fcber einen eleganten Cutaway-Kragen mit Ton-in-Ton-Rei\u00dfverschluss. Passform: Schmal geschnittenes Poloshirt Farbe: Schwarz [...]","og_url":"https:\/\/www.voustensports.com\/de\/john-miller-hyperstretch-poloshirt-mit-kurzen-armeln-und-reisverschluss-schwarz-42675\/","og_site_name":"Vousten Sports","article_modified_time":"2026-04-02T13:39:15+00:00","og_image":[{"width":809,"height":1216,"url":"https:\/\/www.voustensports.com\/wp-content\/uploads\/2023\/06\/JOHN-MILLER-Hyperstretch-Polo-Shirt-Rits-Korte-Mouw-zwart-42675-1.png","type":"image\/png"}],"twitter_card":"summary_large_image","schema":{"@context":"https:\/\/schema.org","@graph":[{"@type":"WebPage","@id":"https:\/\/www.voustensports.com\/de\/john-miller-hyperstretch-poloshirt-mit-kurzen-armeln-und-reisverschluss-schwarz-42675\/","url":"https:\/\/www.voustensports.com\/de\/john-miller-hyperstretch-poloshirt-mit-kurzen-armeln-und-reisverschluss-schwarz-42675\/","name":"JOHN MILLER - Hyperstretch-Poloshirt mit kurzen \u00c4rmeln und Rei\u00dfverschluss Schwarz (42675) - Vousten Sports","isPartOf":{"@id":"https:\/\/www.voustensports.com\/nl\/#website"},"primaryImageOfPage":{"@id":"https:\/\/www.voustensports.com\/de\/john-miller-hyperstretch-poloshirt-mit-kurzen-armeln-und-reisverschluss-schwarz-42675\/#primaryimage"},"image":{"@id":"https:\/\/www.voustensports.com\/de\/john-miller-hyperstretch-poloshirt-mit-kurzen-armeln-und-reisverschluss-schwarz-42675\/#primaryimage"},"thumbnailUrl":"https:\/\/www.voustensports.com\/wp-content\/uploads\/2023\/06\/JOHN-MILLER-Hyperstretch-Polo-Shirt-Rits-Korte-Mouw-zwart-42675-1.jpg","datePublished":"2026-02-19T15:13:41+00:00","dateModified":"2026-04-02T13:39:15+00:00","breadcrumb":{"@id":"https:\/\/www.voustensports.com\/de\/john-miller-hyperstretch-poloshirt-mit-kurzen-armeln-und-reisverschluss-schwarz-42675\/#breadcrumb"},"inLanguage":"de-DE","potentialAction":[{"@type":"ReadAction","target":["https:\/\/www.voustensports.com\/de\/john-miller-hyperstretch-poloshirt-mit-kurzen-armeln-und-reisverschluss-schwarz-42675\/"]}]},{"@type":"ImageObject","inLanguage":"de-DE","@id":"https:\/\/www.voustensports.com\/de\/john-miller-hyperstretch-poloshirt-mit-kurzen-armeln-und-reisverschluss-schwarz-42675\/#primaryimage","url":"https:\/\/www.voustensports.com\/wp-content\/uploads\/2023\/06\/JOHN-MILLER-Hyperstretch-Polo-Shirt-Rits-Korte-Mouw-zwart-42675-1.jpg","contentUrl":"https:\/\/www.voustensports.com\/wp-content\/uploads\/2023\/06\/JOHN-MILLER-Hyperstretch-Polo-Shirt-Rits-Korte-Mouw-zwart-42675-1.jpg","width":1363,"height":2048},{"@type":"BreadcrumbList","@id":"https:\/\/www.voustensports.com\/de\/john-miller-hyperstretch-poloshirt-mit-kurzen-armeln-und-reisverschluss-schwarz-42675\/#breadcrumb","itemListElement":[{"@type":"ListItem","position":1,"name":"Home","item":"https:\/\/www.voustensports.com\/de\/"},{"@type":"ListItem","position":2,"name":"Shop","item":"https:\/\/www.voustensports.com\/de\/shop\/"},{"@type":"ListItem","position":3,"name":"JOHN MILLER &#8211; Hyperstretch-Poloshirt mit kurzen \u00c4rmeln und Rei\u00dfverschluss Schwarz (42675)"}]},{"@type":"WebSite","@id":"https:\/\/www.voustensports.com\/nl\/#website","url":"https:\/\/www.voustensports.com\/nl\/","name":"Vousten Sports","description":"","potentialAction":[{"@type":"SearchAction","target":{"@type":"EntryPoint","urlTemplate":"https:\/\/www.voustensports.com\/nl\/?s={search_term_string}"},"query-input":{"@type":"PropertyValueSpecification","valueRequired":true,"valueName":"search_term_string"}}],"inLanguage":"de-DE"}]}},"_links":{"self":[{"href":"https:\/\/www.voustensports.com\/de\/wp-json\/wp\/v2\/product\/223429","targetHints":{"allow":["GET"]}}],"collection":[{"href":"https:\/\/www.voustensports.com\/de\/wp-json\/wp\/v2\/product"}],"about":[{"href":"https:\/\/www.voustensports.com\/de\/wp-json\/wp\/v2\/types\/product"}],"replies":[{"embeddable":true,"href":"https:\/\/www.voustensports.com\/de\/wp-json\/wp\/v2\/comments?post=223429"}],"wp:featuredmedia":[{"embeddable":true,"href":"https:\/\/www.voustensports.com\/de\/wp-json\/wp\/v2\/media\/223661"}],"wp:attachment":[{"href":"https:\/\/www.voustensports.com\/de\/wp-json\/wp\/v2\/media?parent=223429"}],"wp:term":[{"taxonomy":"product_cat","embeddable":true,"href":"https:\/\/www.voustensports.com\/de\/wp-json\/wp\/v2\/product_cat?post=223429"},{"taxonomy":"product_tag","embeddable":true,"href":"https:\/\/www.voustensports.com\/de\/wp-json\/wp\/v2\/product_tag?post=223429"}],"curies":[{"name":"wp","href":"https:\/\/api.w.org\/{rel}","templated":true}]}}