{"id":223083,"date":"2026-02-19T13:49:08","date_gmt":"2026-02-19T12:49:08","guid":{"rendered":"https:\/\/www.voustensports.com\/santoni-jean-42536-2\/"},"modified":"2026-04-11T11:12:26","modified_gmt":"2026-04-11T09:12:26","slug":"santoni-jean-42536-2","status":"publish","type":"product","link":"https:\/\/www.voustensports.com\/de\/santoni-jean-42536-2\/","title":{"rendered":"SANTONI &#8211; JEAN (42536)"},"content":{"rendered":"<p>Mit seiner eleganten und dennoch leichten Silhouette verleiht dieser Penny Loafer jedem Outfit eine raffinierte Note. Gefertigt aus dezent strukturiertem Veloursleder, verk\u00f6rpert er Santonis langj\u00e4hriges Streben nach Sch\u00f6nheit und Qualit\u00e4t. Die weite Passform und die Gummisohle sorgen f\u00fcr optimalen Tragekomfort von morgens bis abends.<\/p>\n<ul>\n<li>Material: Veloursleder<\/li>\n<li>Farbe: Braun<\/li>\n<li>Sattelriemen<\/li>\n<li>Ziernaht mit polierter Oberfl\u00e4che<\/li>\n<li>Klassische Silhouette mit runder Zehenpartie<\/li>\n<li>Ungef\u00fcttert<\/li>\n<li>Glatte Gummisohle<\/li>\n<li>Orangefarbenes Profil von Arancio Santoni<\/li>\n<li>Aufgedrucktes Santoni-Logo auf der Innensohle<\/li>\n<li>Hergestellt in Le Marche, Italien<\/li>\n<\/ul>\n","protected":false},"excerpt":{"rendered":"<p>Mit seiner eleganten und dennoch leichten Silhouette verleiht dieser Penny Loafer jedem Outfit eine raffinierte Note. Gefertigt aus dezent strukturiertem Veloursleder, verk\u00f6rpert er Santonis langj\u00e4hriges Streben nach Sch\u00f6nheit und Qualit\u00e4t. Die weite Passform und die Gummisohle sorgen f\u00fcr optimalen Tragekomfort von morgens bis abends. Material: Veloursleder Farbe: Braun Sattelriemen Ziernaht mit polierter Oberfl\u00e4che Klassische Silhouette [&#8230;]\n","protected":false},"featured_media":223045,"comment_status":"open","ping_status":"closed","template":"","meta":{"rank_math_lock_modified_date":false},"product_cat":[451,463,523,531,649,884],"product_tag":[],"class_list":{"0":"post-223083","1":"product","2":"type-product","3":"status-publish","4":"has-post-thumbnail","6":"product_cat-heren-de","7":"product_cat-vousten-sports-de-2","8":"product_cat-schoenen-de-2","9":"product_cat-herenschoenen-de","10":"product_cat-santoni-de-2","11":"product_cat-loafers-de","13":"first","14":"instock","15":"taxable","16":"shipping-taxable","17":"purchasable","18":"product-type-variable"},"acf":[],"yoast_head":"<!-- This site is optimized with the Yoast SEO plugin v23.9 - https:\/\/yoast.com\/wordpress\/plugins\/seo\/ -->\n<title>SANTONI - JEAN (42536) - Vousten Sports<\/title>\n<meta name=\"robots\" content=\"index, follow, max-snippet:-1, max-image-preview:large, max-video-preview:-1\" \/>\n<link rel=\"canonical\" href=\"https:\/\/www.voustensports.com\/de\/santoni-jean-42536-2\/\" \/>\n<meta property=\"og:locale\" content=\"de_DE\" \/>\n<meta property=\"og:type\" content=\"article\" \/>\n<meta property=\"og:title\" content=\"SANTONI - JEAN (42536) - Vousten Sports\" \/>\n<meta property=\"og:description\" content=\"Mit seiner eleganten und dennoch leichten Silhouette verleiht dieser Penny Loafer jedem Outfit eine raffinierte Note. Gefertigt aus dezent strukturiertem Veloursleder, verk\u00f6rpert er Santonis langj\u00e4hriges Streben nach Sch\u00f6nheit und Qualit\u00e4t. Die weite Passform und die Gummisohle sorgen f\u00fcr optimalen Tragekomfort von morgens bis abends. Material: Veloursleder Farbe: Braun Sattelriemen Ziernaht mit polierter Oberfl\u00e4che Klassische Silhouette [...]\" \/>\n<meta property=\"og:url\" content=\"https:\/\/www.voustensports.com\/de\/santoni-jean-42536-2\/\" \/>\n<meta property=\"og:site_name\" content=\"Vousten Sports\" \/>\n<meta property=\"article:modified_time\" content=\"2026-04-11T09:12:26+00:00\" \/>\n<meta property=\"og:image\" content=\"https:\/\/www.voustensports.com\/wp-content\/uploads\/2023\/06\/SANTONI-Jean-42536-9.jpg\" \/>\n\t<meta property=\"og:image:width\" content=\"2048\" \/>\n\t<meta property=\"og:image:height\" content=\"2048\" \/>\n\t<meta property=\"og:image:type\" content=\"image\/jpeg\" \/>\n<meta name=\"twitter:card\" content=\"summary_large_image\" \/>\n<script type=\"application\/ld+json\" class=\"yoast-schema-graph\">{\"@context\":\"https:\/\/schema.org\",\"@graph\":[{\"@type\":\"WebPage\",\"@id\":\"https:\/\/www.voustensports.com\/de\/santoni-jean-42536-2\/\",\"url\":\"https:\/\/www.voustensports.com\/de\/santoni-jean-42536-2\/\",\"name\":\"SANTONI - JEAN (42536) - Vousten Sports\",\"isPartOf\":{\"@id\":\"https:\/\/www.voustensports.com\/nl\/#website\"},\"primaryImageOfPage\":{\"@id\":\"https:\/\/www.voustensports.com\/de\/santoni-jean-42536-2\/#primaryimage\"},\"image\":{\"@id\":\"https:\/\/www.voustensports.com\/de\/santoni-jean-42536-2\/#primaryimage\"},\"thumbnailUrl\":\"https:\/\/www.voustensports.com\/wp-content\/uploads\/2023\/06\/SANTONI-Jean-42536-9.jpg\",\"datePublished\":\"2026-02-19T12:49:08+00:00\",\"dateModified\":\"2026-04-11T09:12:26+00:00\",\"breadcrumb\":{\"@id\":\"https:\/\/www.voustensports.com\/de\/santoni-jean-42536-2\/#breadcrumb\"},\"inLanguage\":\"de-DE\",\"potentialAction\":[{\"@type\":\"ReadAction\",\"target\":[\"https:\/\/www.voustensports.com\/de\/santoni-jean-42536-2\/\"]}]},{\"@type\":\"ImageObject\",\"inLanguage\":\"de-DE\",\"@id\":\"https:\/\/www.voustensports.com\/de\/santoni-jean-42536-2\/#primaryimage\",\"url\":\"https:\/\/www.voustensports.com\/wp-content\/uploads\/2023\/06\/SANTONI-Jean-42536-9.jpg\",\"contentUrl\":\"https:\/\/www.voustensports.com\/wp-content\/uploads\/2023\/06\/SANTONI-Jean-42536-9.jpg\",\"width\":2048,\"height\":2048},{\"@type\":\"BreadcrumbList\",\"@id\":\"https:\/\/www.voustensports.com\/de\/santoni-jean-42536-2\/#breadcrumb\",\"itemListElement\":[{\"@type\":\"ListItem\",\"position\":1,\"name\":\"Home\",\"item\":\"https:\/\/www.voustensports.com\/de\/\"},{\"@type\":\"ListItem\",\"position\":2,\"name\":\"Shop\",\"item\":\"https:\/\/www.voustensports.com\/de\/shop\/\"},{\"@type\":\"ListItem\",\"position\":3,\"name\":\"SANTONI &#8211; JEAN (42536)\"}]},{\"@type\":\"WebSite\",\"@id\":\"https:\/\/www.voustensports.com\/nl\/#website\",\"url\":\"https:\/\/www.voustensports.com\/nl\/\",\"name\":\"Vousten Sports\",\"description\":\"\",\"potentialAction\":[{\"@type\":\"SearchAction\",\"target\":{\"@type\":\"EntryPoint\",\"urlTemplate\":\"https:\/\/www.voustensports.com\/nl\/?s={search_term_string}\"},\"query-input\":{\"@type\":\"PropertyValueSpecification\",\"valueRequired\":true,\"valueName\":\"search_term_string\"}}],\"inLanguage\":\"de-DE\"}]}<\/script>\n<!-- \/ Yoast SEO plugin. -->","yoast_head_json":{"title":"SANTONI - JEAN (42536) - Vousten Sports","robots":{"index":"index","follow":"follow","max-snippet":"max-snippet:-1","max-image-preview":"max-image-preview:large","max-video-preview":"max-video-preview:-1"},"canonical":"https:\/\/www.voustensports.com\/de\/santoni-jean-42536-2\/","og_locale":"de_DE","og_type":"article","og_title":"SANTONI - JEAN (42536) - Vousten Sports","og_description":"Mit seiner eleganten und dennoch leichten Silhouette verleiht dieser Penny Loafer jedem Outfit eine raffinierte Note. Gefertigt aus dezent strukturiertem Veloursleder, verk\u00f6rpert er Santonis langj\u00e4hriges Streben nach Sch\u00f6nheit und Qualit\u00e4t. Die weite Passform und die Gummisohle sorgen f\u00fcr optimalen Tragekomfort von morgens bis abends. Material: Veloursleder Farbe: Braun Sattelriemen Ziernaht mit polierter Oberfl\u00e4che Klassische Silhouette [...]","og_url":"https:\/\/www.voustensports.com\/de\/santoni-jean-42536-2\/","og_site_name":"Vousten Sports","article_modified_time":"2026-04-11T09:12:26+00:00","og_image":[{"width":2048,"height":2048,"url":"https:\/\/www.voustensports.com\/wp-content\/uploads\/2023\/06\/SANTONI-Jean-42536-9.jpg","type":"image\/jpeg"}],"twitter_card":"summary_large_image","schema":{"@context":"https:\/\/schema.org","@graph":[{"@type":"WebPage","@id":"https:\/\/www.voustensports.com\/de\/santoni-jean-42536-2\/","url":"https:\/\/www.voustensports.com\/de\/santoni-jean-42536-2\/","name":"SANTONI - JEAN (42536) - Vousten Sports","isPartOf":{"@id":"https:\/\/www.voustensports.com\/nl\/#website"},"primaryImageOfPage":{"@id":"https:\/\/www.voustensports.com\/de\/santoni-jean-42536-2\/#primaryimage"},"image":{"@id":"https:\/\/www.voustensports.com\/de\/santoni-jean-42536-2\/#primaryimage"},"thumbnailUrl":"https:\/\/www.voustensports.com\/wp-content\/uploads\/2023\/06\/SANTONI-Jean-42536-9.jpg","datePublished":"2026-02-19T12:49:08+00:00","dateModified":"2026-04-11T09:12:26+00:00","breadcrumb":{"@id":"https:\/\/www.voustensports.com\/de\/santoni-jean-42536-2\/#breadcrumb"},"inLanguage":"de-DE","potentialAction":[{"@type":"ReadAction","target":["https:\/\/www.voustensports.com\/de\/santoni-jean-42536-2\/"]}]},{"@type":"ImageObject","inLanguage":"de-DE","@id":"https:\/\/www.voustensports.com\/de\/santoni-jean-42536-2\/#primaryimage","url":"https:\/\/www.voustensports.com\/wp-content\/uploads\/2023\/06\/SANTONI-Jean-42536-9.jpg","contentUrl":"https:\/\/www.voustensports.com\/wp-content\/uploads\/2023\/06\/SANTONI-Jean-42536-9.jpg","width":2048,"height":2048},{"@type":"BreadcrumbList","@id":"https:\/\/www.voustensports.com\/de\/santoni-jean-42536-2\/#breadcrumb","itemListElement":[{"@type":"ListItem","position":1,"name":"Home","item":"https:\/\/www.voustensports.com\/de\/"},{"@type":"ListItem","position":2,"name":"Shop","item":"https:\/\/www.voustensports.com\/de\/shop\/"},{"@type":"ListItem","position":3,"name":"SANTONI &#8211; JEAN (42536)"}]},{"@type":"WebSite","@id":"https:\/\/www.voustensports.com\/nl\/#website","url":"https:\/\/www.voustensports.com\/nl\/","name":"Vousten Sports","description":"","potentialAction":[{"@type":"SearchAction","target":{"@type":"EntryPoint","urlTemplate":"https:\/\/www.voustensports.com\/nl\/?s={search_term_string}"},"query-input":{"@type":"PropertyValueSpecification","valueRequired":true,"valueName":"search_term_string"}}],"inLanguage":"de-DE"}]}},"_links":{"self":[{"href":"https:\/\/www.voustensports.com\/de\/wp-json\/wp\/v2\/product\/223083","targetHints":{"allow":["GET"]}}],"collection":[{"href":"https:\/\/www.voustensports.com\/de\/wp-json\/wp\/v2\/product"}],"about":[{"href":"https:\/\/www.voustensports.com\/de\/wp-json\/wp\/v2\/types\/product"}],"replies":[{"embeddable":true,"href":"https:\/\/www.voustensports.com\/de\/wp-json\/wp\/v2\/comments?post=223083"}],"wp:featuredmedia":[{"embeddable":true,"href":"https:\/\/www.voustensports.com\/de\/wp-json\/wp\/v2\/media\/223045"}],"wp:attachment":[{"href":"https:\/\/www.voustensports.com\/de\/wp-json\/wp\/v2\/media?parent=223083"}],"wp:term":[{"taxonomy":"product_cat","embeddable":true,"href":"https:\/\/www.voustensports.com\/de\/wp-json\/wp\/v2\/product_cat?post=223083"},{"taxonomy":"product_tag","embeddable":true,"href":"https:\/\/www.voustensports.com\/de\/wp-json\/wp\/v2\/product_tag?post=223083"}],"curies":[{"name":"wp","href":"https:\/\/api.w.org\/{rel}","templated":true}]}}