{"id":222837,"date":"2026-02-19T12:06:09","date_gmt":"2026-02-19T11:06:09","guid":{"rendered":"https:\/\/www.voustensports.com\/gran-sasso-poloshirt-mit-strickmuster-beige-42713\/"},"modified":"2026-04-11T04:33:10","modified_gmt":"2026-04-11T02:33:10","slug":"gran-sasso-poloshirt-mit-strickmuster-beige-42713","status":"publish","type":"product","link":"https:\/\/www.voustensports.com\/de\/gran-sasso-poloshirt-mit-strickmuster-beige-42713\/","title":{"rendered":"Gran Sasso &#8211; Poloshirt mit Strickmuster beige (42713)"},"content":{"rendered":"<p>Fresh Cotton Poloshirt mit kurzen \u00c4rmeln und Strickmuster. Die farblich abgesetzten Details am Kragen und das Strickmuster verleihen dem Shirt einen trendigen Look. Es passt perfekt zu vielen verschiedenen Outfits \u2013 von formellen Looks mit einer Strickjacke bis hin zu l\u00e4ssigen Outfits mit Bermudas. Modische Passform.<\/p>\n<p><strong>Das Model ist 175 cm gro\u00df, wiegt 80 kg und tr\u00e4gt Gr\u00f6\u00dfe 50.<\/strong><\/p>\n<ul>\n<li>100 % Baumwolle<\/li>\n<\/ul>\n","protected":false},"excerpt":{"rendered":"<p>Fresh Cotton Poloshirt mit kurzen \u00c4rmeln und Strickmuster. Die farblich abgesetzten Details am Kragen und das Strickmuster verleihen dem Shirt einen trendigen Look. Es passt perfekt zu vielen verschiedenen Outfits \u2013 von formellen Looks mit einer Strickjacke bis hin zu l\u00e4ssigen Outfits mit Bermudas. Modische Passform. Das Model ist 175 cm gro\u00df, wiegt 80 kg [&#8230;]\n","protected":false},"featured_media":222825,"comment_status":"open","ping_status":"closed","template":"","meta":{"rank_math_lock_modified_date":false},"product_cat":[451,463,479,925],"product_tag":[],"class_list":{"0":"post-222837","1":"product","2":"type-product","3":"status-publish","4":"has-post-thumbnail","6":"product_cat-heren-de","7":"product_cat-vousten-sports-de-2","8":"product_cat-polos-de-2","9":"product_cat-gran-sasso-de","11":"first","12":"instock","13":"taxable","14":"shipping-taxable","15":"purchasable","16":"product-type-variable"},"acf":[],"yoast_head":"<!-- This site is optimized with the Yoast SEO plugin v23.9 - https:\/\/yoast.com\/wordpress\/plugins\/seo\/ -->\n<title>Gran Sasso - Poloshirt mit Strickmuster beige (42713) - Vousten Sports<\/title>\n<meta name=\"robots\" content=\"index, follow, max-snippet:-1, max-image-preview:large, max-video-preview:-1\" \/>\n<link rel=\"canonical\" href=\"https:\/\/www.voustensports.com\/de\/gran-sasso-poloshirt-mit-strickmuster-beige-42713\/\" \/>\n<meta property=\"og:locale\" content=\"de_DE\" \/>\n<meta property=\"og:type\" content=\"article\" \/>\n<meta property=\"og:title\" content=\"Gran Sasso - Poloshirt mit Strickmuster beige (42713) - Vousten Sports\" \/>\n<meta property=\"og:description\" content=\"Fresh Cotton Poloshirt mit kurzen \u00c4rmeln und Strickmuster. Die farblich abgesetzten Details am Kragen und das Strickmuster verleihen dem Shirt einen trendigen Look. Es passt perfekt zu vielen verschiedenen Outfits \u2013 von formellen Looks mit einer Strickjacke bis hin zu l\u00e4ssigen Outfits mit Bermudas. Modische Passform. Das Model ist 175 cm gro\u00df, wiegt 80 kg [...]\" \/>\n<meta property=\"og:url\" content=\"https:\/\/www.voustensports.com\/de\/gran-sasso-poloshirt-mit-strickmuster-beige-42713\/\" \/>\n<meta property=\"og:site_name\" content=\"Vousten Sports\" \/>\n<meta property=\"article:modified_time\" content=\"2026-04-11T02:33:10+00:00\" \/>\n<meta property=\"og:image\" content=\"https:\/\/www.voustensports.com\/wp-content\/uploads\/2023\/06\/Gran-Sasso-Skipper-knit-polo-rice-stitch-beige-42713-1.jpg\" \/>\n\t<meta property=\"og:image:width\" content=\"1353\" \/>\n\t<meta property=\"og:image:height\" content=\"2048\" \/>\n\t<meta property=\"og:image:type\" content=\"image\/jpeg\" \/>\n<meta name=\"twitter:card\" content=\"summary_large_image\" \/>\n<script type=\"application\/ld+json\" class=\"yoast-schema-graph\">{\"@context\":\"https:\/\/schema.org\",\"@graph\":[{\"@type\":\"WebPage\",\"@id\":\"https:\/\/www.voustensports.com\/de\/gran-sasso-poloshirt-mit-strickmuster-beige-42713\/\",\"url\":\"https:\/\/www.voustensports.com\/de\/gran-sasso-poloshirt-mit-strickmuster-beige-42713\/\",\"name\":\"Gran Sasso - Poloshirt mit Strickmuster beige (42713) - Vousten Sports\",\"isPartOf\":{\"@id\":\"https:\/\/www.voustensports.com\/nl\/#website\"},\"primaryImageOfPage\":{\"@id\":\"https:\/\/www.voustensports.com\/de\/gran-sasso-poloshirt-mit-strickmuster-beige-42713\/#primaryimage\"},\"image\":{\"@id\":\"https:\/\/www.voustensports.com\/de\/gran-sasso-poloshirt-mit-strickmuster-beige-42713\/#primaryimage\"},\"thumbnailUrl\":\"https:\/\/www.voustensports.com\/wp-content\/uploads\/2023\/06\/Gran-Sasso-Skipper-knit-polo-rice-stitch-beige-42713-1.jpg\",\"datePublished\":\"2026-02-19T11:06:09+00:00\",\"dateModified\":\"2026-04-11T02:33:10+00:00\",\"breadcrumb\":{\"@id\":\"https:\/\/www.voustensports.com\/de\/gran-sasso-poloshirt-mit-strickmuster-beige-42713\/#breadcrumb\"},\"inLanguage\":\"de-DE\",\"potentialAction\":[{\"@type\":\"ReadAction\",\"target\":[\"https:\/\/www.voustensports.com\/de\/gran-sasso-poloshirt-mit-strickmuster-beige-42713\/\"]}]},{\"@type\":\"ImageObject\",\"inLanguage\":\"de-DE\",\"@id\":\"https:\/\/www.voustensports.com\/de\/gran-sasso-poloshirt-mit-strickmuster-beige-42713\/#primaryimage\",\"url\":\"https:\/\/www.voustensports.com\/wp-content\/uploads\/2023\/06\/Gran-Sasso-Skipper-knit-polo-rice-stitch-beige-42713-1.jpg\",\"contentUrl\":\"https:\/\/www.voustensports.com\/wp-content\/uploads\/2023\/06\/Gran-Sasso-Skipper-knit-polo-rice-stitch-beige-42713-1.jpg\",\"width\":1353,\"height\":2048},{\"@type\":\"BreadcrumbList\",\"@id\":\"https:\/\/www.voustensports.com\/de\/gran-sasso-poloshirt-mit-strickmuster-beige-42713\/#breadcrumb\",\"itemListElement\":[{\"@type\":\"ListItem\",\"position\":1,\"name\":\"Home\",\"item\":\"https:\/\/www.voustensports.com\/de\/\"},{\"@type\":\"ListItem\",\"position\":2,\"name\":\"Shop\",\"item\":\"https:\/\/www.voustensports.com\/de\/shop\/\"},{\"@type\":\"ListItem\",\"position\":3,\"name\":\"Gran Sasso &#8211; Poloshirt mit Strickmuster beige (42713)\"}]},{\"@type\":\"WebSite\",\"@id\":\"https:\/\/www.voustensports.com\/nl\/#website\",\"url\":\"https:\/\/www.voustensports.com\/nl\/\",\"name\":\"Vousten Sports\",\"description\":\"\",\"potentialAction\":[{\"@type\":\"SearchAction\",\"target\":{\"@type\":\"EntryPoint\",\"urlTemplate\":\"https:\/\/www.voustensports.com\/nl\/?s={search_term_string}\"},\"query-input\":{\"@type\":\"PropertyValueSpecification\",\"valueRequired\":true,\"valueName\":\"search_term_string\"}}],\"inLanguage\":\"de-DE\"}]}<\/script>\n<!-- \/ Yoast SEO plugin. -->","yoast_head_json":{"title":"Gran Sasso - Poloshirt mit Strickmuster beige (42713) - Vousten Sports","robots":{"index":"index","follow":"follow","max-snippet":"max-snippet:-1","max-image-preview":"max-image-preview:large","max-video-preview":"max-video-preview:-1"},"canonical":"https:\/\/www.voustensports.com\/de\/gran-sasso-poloshirt-mit-strickmuster-beige-42713\/","og_locale":"de_DE","og_type":"article","og_title":"Gran Sasso - Poloshirt mit Strickmuster beige (42713) - Vousten Sports","og_description":"Fresh Cotton Poloshirt mit kurzen \u00c4rmeln und Strickmuster. Die farblich abgesetzten Details am Kragen und das Strickmuster verleihen dem Shirt einen trendigen Look. Es passt perfekt zu vielen verschiedenen Outfits \u2013 von formellen Looks mit einer Strickjacke bis hin zu l\u00e4ssigen Outfits mit Bermudas. Modische Passform. Das Model ist 175 cm gro\u00df, wiegt 80 kg [...]","og_url":"https:\/\/www.voustensports.com\/de\/gran-sasso-poloshirt-mit-strickmuster-beige-42713\/","og_site_name":"Vousten Sports","article_modified_time":"2026-04-11T02:33:10+00:00","og_image":[{"width":1353,"height":2048,"url":"https:\/\/www.voustensports.com\/wp-content\/uploads\/2023\/06\/Gran-Sasso-Skipper-knit-polo-rice-stitch-beige-42713-1.jpg","type":"image\/jpeg"}],"twitter_card":"summary_large_image","schema":{"@context":"https:\/\/schema.org","@graph":[{"@type":"WebPage","@id":"https:\/\/www.voustensports.com\/de\/gran-sasso-poloshirt-mit-strickmuster-beige-42713\/","url":"https:\/\/www.voustensports.com\/de\/gran-sasso-poloshirt-mit-strickmuster-beige-42713\/","name":"Gran Sasso - Poloshirt mit Strickmuster beige (42713) - Vousten Sports","isPartOf":{"@id":"https:\/\/www.voustensports.com\/nl\/#website"},"primaryImageOfPage":{"@id":"https:\/\/www.voustensports.com\/de\/gran-sasso-poloshirt-mit-strickmuster-beige-42713\/#primaryimage"},"image":{"@id":"https:\/\/www.voustensports.com\/de\/gran-sasso-poloshirt-mit-strickmuster-beige-42713\/#primaryimage"},"thumbnailUrl":"https:\/\/www.voustensports.com\/wp-content\/uploads\/2023\/06\/Gran-Sasso-Skipper-knit-polo-rice-stitch-beige-42713-1.jpg","datePublished":"2026-02-19T11:06:09+00:00","dateModified":"2026-04-11T02:33:10+00:00","breadcrumb":{"@id":"https:\/\/www.voustensports.com\/de\/gran-sasso-poloshirt-mit-strickmuster-beige-42713\/#breadcrumb"},"inLanguage":"de-DE","potentialAction":[{"@type":"ReadAction","target":["https:\/\/www.voustensports.com\/de\/gran-sasso-poloshirt-mit-strickmuster-beige-42713\/"]}]},{"@type":"ImageObject","inLanguage":"de-DE","@id":"https:\/\/www.voustensports.com\/de\/gran-sasso-poloshirt-mit-strickmuster-beige-42713\/#primaryimage","url":"https:\/\/www.voustensports.com\/wp-content\/uploads\/2023\/06\/Gran-Sasso-Skipper-knit-polo-rice-stitch-beige-42713-1.jpg","contentUrl":"https:\/\/www.voustensports.com\/wp-content\/uploads\/2023\/06\/Gran-Sasso-Skipper-knit-polo-rice-stitch-beige-42713-1.jpg","width":1353,"height":2048},{"@type":"BreadcrumbList","@id":"https:\/\/www.voustensports.com\/de\/gran-sasso-poloshirt-mit-strickmuster-beige-42713\/#breadcrumb","itemListElement":[{"@type":"ListItem","position":1,"name":"Home","item":"https:\/\/www.voustensports.com\/de\/"},{"@type":"ListItem","position":2,"name":"Shop","item":"https:\/\/www.voustensports.com\/de\/shop\/"},{"@type":"ListItem","position":3,"name":"Gran Sasso &#8211; Poloshirt mit Strickmuster beige (42713)"}]},{"@type":"WebSite","@id":"https:\/\/www.voustensports.com\/nl\/#website","url":"https:\/\/www.voustensports.com\/nl\/","name":"Vousten Sports","description":"","potentialAction":[{"@type":"SearchAction","target":{"@type":"EntryPoint","urlTemplate":"https:\/\/www.voustensports.com\/nl\/?s={search_term_string}"},"query-input":{"@type":"PropertyValueSpecification","valueRequired":true,"valueName":"search_term_string"}}],"inLanguage":"de-DE"}]}},"_links":{"self":[{"href":"https:\/\/www.voustensports.com\/de\/wp-json\/wp\/v2\/product\/222837","targetHints":{"allow":["GET"]}}],"collection":[{"href":"https:\/\/www.voustensports.com\/de\/wp-json\/wp\/v2\/product"}],"about":[{"href":"https:\/\/www.voustensports.com\/de\/wp-json\/wp\/v2\/types\/product"}],"replies":[{"embeddable":true,"href":"https:\/\/www.voustensports.com\/de\/wp-json\/wp\/v2\/comments?post=222837"}],"wp:featuredmedia":[{"embeddable":true,"href":"https:\/\/www.voustensports.com\/de\/wp-json\/wp\/v2\/media\/222825"}],"wp:attachment":[{"href":"https:\/\/www.voustensports.com\/de\/wp-json\/wp\/v2\/media?parent=222837"}],"wp:term":[{"taxonomy":"product_cat","embeddable":true,"href":"https:\/\/www.voustensports.com\/de\/wp-json\/wp\/v2\/product_cat?post=222837"},{"taxonomy":"product_tag","embeddable":true,"href":"https:\/\/www.voustensports.com\/de\/wp-json\/wp\/v2\/product_tag?post=222837"}],"curies":[{"name":"wp","href":"https:\/\/api.w.org\/{rel}","templated":true}]}}