{"id":222765,"date":"2026-02-19T07:30:24","date_gmt":"2026-02-19T06:30:24","guid":{"rendered":"https:\/\/www.voustensports.com\/genti-polo-grun-grau-42632\/"},"modified":"2026-02-19T09:51:12","modified_gmt":"2026-02-19T08:51:12","slug":"genti-polo-grun-grau-42632","status":"publish","type":"product","link":"https:\/\/www.voustensports.com\/de\/genti-polo-grun-grau-42632\/","title":{"rendered":"GENTI &#8211; Polo gr\u00fcn \/ grau (42632)"},"content":{"rendered":"<div>Dieses Genti Polo vereint einen eleganten, modernen Look mit funktionalem Tragekomfort. Das Cool-Dry-Material sorgt f\u00fcr ein leichtes und atmungsaktives Tragegef\u00fchl \u2013 ideal f\u00fcr jeden Tag. Dank seiner klaren Linienf\u00fchrung und des zeitlosen Designs f\u00fcgt sich dieses Polo perfekt in eine moderne, urbane Garderobe ein.<\/div>\n<ul>\n<li>Material: 65 % Viskose, 35 % Nylon<\/li>\n<li>Farbe: Gr\u00fcn\/Grau<\/li>\n<li>Passform: Normale Passform<\/li>\n<li>Muster: Uni<\/li>\n<li>Verschluss: Kn\u00f6pfe<\/li>\n<li>Details: Cool-Dry-Material, gerippter Kragen und B\u00fcndchen<\/li>\n<li>Die perfekte Balance aus Funktionalit\u00e4t und Stil. Dieses Polo bietet Komfort, Atmungsaktivit\u00e4t und einen eleganten Look in einem.<\/li>\n<\/ul>\n<div>Das Cool-Dry-Material leitet Feuchtigkeit effektiv ab und f\u00fchlt sich angenehm k\u00fchl auf der Haut an. Der Nylonanteil erh\u00f6ht die Strapazierf\u00e4higkeit und sorgt daf\u00fcr, dass das Polo auch bei intensivem Tragen formstabil bleibt.<\/div>\n","protected":false},"excerpt":{"rendered":"<p>Dieses Genti Polo vereint einen eleganten, modernen Look mit funktionalem Tragekomfort. Das Cool-Dry-Material sorgt f\u00fcr ein leichtes und atmungsaktives Tragegef\u00fchl \u2013 ideal f\u00fcr jeden Tag. Dank seiner klaren Linienf\u00fchrung und des zeitlosen Designs f\u00fcgt sich dieses Polo perfekt in eine moderne, urbane Garderobe ein. Material: 65 % Viskose, 35 % Nylon Farbe: Gr\u00fcn\/Grau Passform: Normale [&#8230;]\n","protected":false},"featured_media":222753,"comment_status":"open","ping_status":"closed","template":"","meta":{"rank_math_lock_modified_date":false},"product_cat":[447,451,463,479,711],"product_tag":[],"class_list":{"0":"post-222765","1":"product","2":"type-product","3":"status-publish","4":"has-post-thumbnail","6":"product_cat-kleding-de","7":"product_cat-heren-de","8":"product_cat-vousten-sports-de-2","9":"product_cat-polos-de-2","10":"product_cat-genti-de","12":"first","13":"instock","14":"taxable","15":"shipping-taxable","16":"purchasable","17":"product-type-variable"},"acf":[],"yoast_head":"<!-- This site is optimized with the Yoast SEO plugin v23.9 - https:\/\/yoast.com\/wordpress\/plugins\/seo\/ -->\n<title>GENTI - Polo gr\u00fcn \/ grau (42632) - Vousten Sports<\/title>\n<meta name=\"robots\" content=\"index, follow, max-snippet:-1, max-image-preview:large, max-video-preview:-1\" \/>\n<link rel=\"canonical\" href=\"https:\/\/www.voustensports.com\/de\/genti-polo-grun-grau-42632\/\" \/>\n<meta property=\"og:locale\" content=\"de_DE\" \/>\n<meta property=\"og:type\" content=\"article\" \/>\n<meta property=\"og:title\" content=\"GENTI - Polo gr\u00fcn \/ grau (42632) - Vousten Sports\" \/>\n<meta property=\"og:description\" content=\"Dieses Genti Polo vereint einen eleganten, modernen Look mit funktionalem Tragekomfort. Das Cool-Dry-Material sorgt f\u00fcr ein leichtes und atmungsaktives Tragegef\u00fchl \u2013 ideal f\u00fcr jeden Tag. Dank seiner klaren Linienf\u00fchrung und des zeitlosen Designs f\u00fcgt sich dieses Polo perfekt in eine moderne, urbane Garderobe ein. Material: 65 % Viskose, 35 % Nylon Farbe: Gr\u00fcn\/Grau Passform: Normale [...]\" \/>\n<meta property=\"og:url\" content=\"https:\/\/www.voustensports.com\/de\/genti-polo-grun-grau-42632\/\" \/>\n<meta property=\"og:site_name\" content=\"Vousten Sports\" \/>\n<meta property=\"article:modified_time\" content=\"2026-02-19T08:51:12+00:00\" \/>\n<meta property=\"og:image\" content=\"https:\/\/www.voustensports.com\/wp-content\/uploads\/2023\/06\/Polo-groen-grijs-426321.png\" \/>\n\t<meta property=\"og:image:width\" content=\"1365\" \/>\n\t<meta property=\"og:image:height\" content=\"2048\" \/>\n\t<meta property=\"og:image:type\" content=\"image\/png\" \/>\n<meta name=\"twitter:card\" content=\"summary_large_image\" \/>\n<meta name=\"twitter:label1\" content=\"Est. reading time\" \/>\n\t<meta name=\"twitter:data1\" content=\"1 Minute\" \/>\n<script type=\"application\/ld+json\" class=\"yoast-schema-graph\">{\"@context\":\"https:\/\/schema.org\",\"@graph\":[{\"@type\":\"WebPage\",\"@id\":\"https:\/\/www.voustensports.com\/de\/genti-polo-grun-grau-42632\/\",\"url\":\"https:\/\/www.voustensports.com\/de\/genti-polo-grun-grau-42632\/\",\"name\":\"GENTI - Polo gr\u00fcn \/ grau (42632) - Vousten Sports\",\"isPartOf\":{\"@id\":\"https:\/\/www.voustensports.com\/nl\/#website\"},\"primaryImageOfPage\":{\"@id\":\"https:\/\/www.voustensports.com\/de\/genti-polo-grun-grau-42632\/#primaryimage\"},\"image\":{\"@id\":\"https:\/\/www.voustensports.com\/de\/genti-polo-grun-grau-42632\/#primaryimage\"},\"thumbnailUrl\":\"https:\/\/www.voustensports.com\/wp-content\/uploads\/2023\/06\/Polo-groen-grijs-426321.png\",\"datePublished\":\"2026-02-19T06:30:24+00:00\",\"dateModified\":\"2026-02-19T08:51:12+00:00\",\"breadcrumb\":{\"@id\":\"https:\/\/www.voustensports.com\/de\/genti-polo-grun-grau-42632\/#breadcrumb\"},\"inLanguage\":\"de-DE\",\"potentialAction\":[{\"@type\":\"ReadAction\",\"target\":[\"https:\/\/www.voustensports.com\/de\/genti-polo-grun-grau-42632\/\"]}]},{\"@type\":\"ImageObject\",\"inLanguage\":\"de-DE\",\"@id\":\"https:\/\/www.voustensports.com\/de\/genti-polo-grun-grau-42632\/#primaryimage\",\"url\":\"https:\/\/www.voustensports.com\/wp-content\/uploads\/2023\/06\/Polo-groen-grijs-426321.png\",\"contentUrl\":\"https:\/\/www.voustensports.com\/wp-content\/uploads\/2023\/06\/Polo-groen-grijs-426321.png\",\"width\":1365,\"height\":2048},{\"@type\":\"BreadcrumbList\",\"@id\":\"https:\/\/www.voustensports.com\/de\/genti-polo-grun-grau-42632\/#breadcrumb\",\"itemListElement\":[{\"@type\":\"ListItem\",\"position\":1,\"name\":\"Home\",\"item\":\"https:\/\/www.voustensports.com\/de\/\"},{\"@type\":\"ListItem\",\"position\":2,\"name\":\"Shop\",\"item\":\"https:\/\/www.voustensports.com\/de\/shop\/\"},{\"@type\":\"ListItem\",\"position\":3,\"name\":\"GENTI &#8211; Polo gr\u00fcn \/ grau (42632)\"}]},{\"@type\":\"WebSite\",\"@id\":\"https:\/\/www.voustensports.com\/nl\/#website\",\"url\":\"https:\/\/www.voustensports.com\/nl\/\",\"name\":\"Vousten Sports\",\"description\":\"\",\"potentialAction\":[{\"@type\":\"SearchAction\",\"target\":{\"@type\":\"EntryPoint\",\"urlTemplate\":\"https:\/\/www.voustensports.com\/nl\/?s={search_term_string}\"},\"query-input\":{\"@type\":\"PropertyValueSpecification\",\"valueRequired\":true,\"valueName\":\"search_term_string\"}}],\"inLanguage\":\"de-DE\"}]}<\/script>\n<!-- \/ Yoast SEO plugin. -->","yoast_head_json":{"title":"GENTI - Polo gr\u00fcn \/ grau (42632) - Vousten Sports","robots":{"index":"index","follow":"follow","max-snippet":"max-snippet:-1","max-image-preview":"max-image-preview:large","max-video-preview":"max-video-preview:-1"},"canonical":"https:\/\/www.voustensports.com\/de\/genti-polo-grun-grau-42632\/","og_locale":"de_DE","og_type":"article","og_title":"GENTI - Polo gr\u00fcn \/ grau (42632) - Vousten Sports","og_description":"Dieses Genti Polo vereint einen eleganten, modernen Look mit funktionalem Tragekomfort. Das Cool-Dry-Material sorgt f\u00fcr ein leichtes und atmungsaktives Tragegef\u00fchl \u2013 ideal f\u00fcr jeden Tag. Dank seiner klaren Linienf\u00fchrung und des zeitlosen Designs f\u00fcgt sich dieses Polo perfekt in eine moderne, urbane Garderobe ein. Material: 65 % Viskose, 35 % Nylon Farbe: Gr\u00fcn\/Grau Passform: Normale [...]","og_url":"https:\/\/www.voustensports.com\/de\/genti-polo-grun-grau-42632\/","og_site_name":"Vousten Sports","article_modified_time":"2026-02-19T08:51:12+00:00","og_image":[{"width":1365,"height":2048,"url":"https:\/\/www.voustensports.com\/wp-content\/uploads\/2023\/06\/Polo-groen-grijs-426321.png","type":"image\/png"}],"twitter_card":"summary_large_image","twitter_misc":{"Est. reading time":"1 Minute"},"schema":{"@context":"https:\/\/schema.org","@graph":[{"@type":"WebPage","@id":"https:\/\/www.voustensports.com\/de\/genti-polo-grun-grau-42632\/","url":"https:\/\/www.voustensports.com\/de\/genti-polo-grun-grau-42632\/","name":"GENTI - Polo gr\u00fcn \/ grau (42632) - Vousten Sports","isPartOf":{"@id":"https:\/\/www.voustensports.com\/nl\/#website"},"primaryImageOfPage":{"@id":"https:\/\/www.voustensports.com\/de\/genti-polo-grun-grau-42632\/#primaryimage"},"image":{"@id":"https:\/\/www.voustensports.com\/de\/genti-polo-grun-grau-42632\/#primaryimage"},"thumbnailUrl":"https:\/\/www.voustensports.com\/wp-content\/uploads\/2023\/06\/Polo-groen-grijs-426321.png","datePublished":"2026-02-19T06:30:24+00:00","dateModified":"2026-02-19T08:51:12+00:00","breadcrumb":{"@id":"https:\/\/www.voustensports.com\/de\/genti-polo-grun-grau-42632\/#breadcrumb"},"inLanguage":"de-DE","potentialAction":[{"@type":"ReadAction","target":["https:\/\/www.voustensports.com\/de\/genti-polo-grun-grau-42632\/"]}]},{"@type":"ImageObject","inLanguage":"de-DE","@id":"https:\/\/www.voustensports.com\/de\/genti-polo-grun-grau-42632\/#primaryimage","url":"https:\/\/www.voustensports.com\/wp-content\/uploads\/2023\/06\/Polo-groen-grijs-426321.png","contentUrl":"https:\/\/www.voustensports.com\/wp-content\/uploads\/2023\/06\/Polo-groen-grijs-426321.png","width":1365,"height":2048},{"@type":"BreadcrumbList","@id":"https:\/\/www.voustensports.com\/de\/genti-polo-grun-grau-42632\/#breadcrumb","itemListElement":[{"@type":"ListItem","position":1,"name":"Home","item":"https:\/\/www.voustensports.com\/de\/"},{"@type":"ListItem","position":2,"name":"Shop","item":"https:\/\/www.voustensports.com\/de\/shop\/"},{"@type":"ListItem","position":3,"name":"GENTI &#8211; Polo gr\u00fcn \/ grau (42632)"}]},{"@type":"WebSite","@id":"https:\/\/www.voustensports.com\/nl\/#website","url":"https:\/\/www.voustensports.com\/nl\/","name":"Vousten Sports","description":"","potentialAction":[{"@type":"SearchAction","target":{"@type":"EntryPoint","urlTemplate":"https:\/\/www.voustensports.com\/nl\/?s={search_term_string}"},"query-input":{"@type":"PropertyValueSpecification","valueRequired":true,"valueName":"search_term_string"}}],"inLanguage":"de-DE"}]}},"_links":{"self":[{"href":"https:\/\/www.voustensports.com\/de\/wp-json\/wp\/v2\/product\/222765","targetHints":{"allow":["GET"]}}],"collection":[{"href":"https:\/\/www.voustensports.com\/de\/wp-json\/wp\/v2\/product"}],"about":[{"href":"https:\/\/www.voustensports.com\/de\/wp-json\/wp\/v2\/types\/product"}],"replies":[{"embeddable":true,"href":"https:\/\/www.voustensports.com\/de\/wp-json\/wp\/v2\/comments?post=222765"}],"wp:featuredmedia":[{"embeddable":true,"href":"https:\/\/www.voustensports.com\/de\/wp-json\/wp\/v2\/media\/222753"}],"wp:attachment":[{"href":"https:\/\/www.voustensports.com\/de\/wp-json\/wp\/v2\/media?parent=222765"}],"wp:term":[{"taxonomy":"product_cat","embeddable":true,"href":"https:\/\/www.voustensports.com\/de\/wp-json\/wp\/v2\/product_cat?post=222765"},{"taxonomy":"product_tag","embeddable":true,"href":"https:\/\/www.voustensports.com\/de\/wp-json\/wp\/v2\/product_tag?post=222765"}],"curies":[{"name":"wp","href":"https:\/\/api.w.org\/{rel}","templated":true}]}}