{"id":222733,"date":"2026-02-19T05:39:08","date_gmt":"2026-02-19T04:39:08","guid":{"rendered":"https:\/\/www.voustensports.com\/gran-sasso-geripptes-strick-t-shirt-mit-rundhalsausschnitt-marineblau-42709\/"},"modified":"2026-03-07T17:36:10","modified_gmt":"2026-03-07T16:36:10","slug":"gran-sasso-geripptes-strick-t-shirt-mit-rundhalsausschnitt-marineblau-42709","status":"publish","type":"product","link":"https:\/\/www.voustensports.com\/de\/gran-sasso-geripptes-strick-t-shirt-mit-rundhalsausschnitt-marineblau-42709\/","title":{"rendered":"Gran Sasso &#8211; Geripptes Strick-T-Shirt mit Rundhalsausschnitt Marineblau (42709)"},"content":{"rendered":"<p>Pullover aus reiner \u00e4gyptischer Baumwolle mit Rundhalsausschnitt. Ein vielseitiges, bequemes und jugendliches Kleidungsst\u00fcck, das sich perfekt zu verschiedenen Outfits kombinieren l\u00e4sst. Hergestellt in Italien.<\/p>\n<ul>\n<li>100 % BAUMWOLLE<\/li>\n<\/ul>\n","protected":false},"excerpt":{"rendered":"<p>Pullover aus reiner \u00e4gyptischer Baumwolle mit Rundhalsausschnitt. Ein vielseitiges, bequemes und jugendliches Kleidungsst\u00fcck, das sich perfekt zu verschiedenen Outfits kombinieren l\u00e4sst. Hergestellt in Italien. 100 % BAUMWOLLE<\/p>\n","protected":false},"featured_media":222721,"comment_status":"open","ping_status":"closed","template":"","meta":{"rank_math_lock_modified_date":false},"product_cat":[447,451,463,535,539,695,925],"product_tag":[],"class_list":{"0":"post-222733","1":"product","2":"type-product","3":"status-publish","4":"has-post-thumbnail","6":"product_cat-kleding-de","7":"product_cat-heren-de","8":"product_cat-vousten-sports-de-2","9":"product_cat-truien-de-2","10":"product_cat-knitwear-de","11":"product_cat-truien-vesten-de-2","12":"product_cat-gran-sasso-de","14":"first","15":"instock","16":"taxable","17":"shipping-taxable","18":"purchasable","19":"product-type-variable"},"acf":[],"yoast_head":"<!-- This site is optimized with the Yoast SEO plugin v23.9 - https:\/\/yoast.com\/wordpress\/plugins\/seo\/ -->\n<title>Gran Sasso - Geripptes Strick-T-Shirt mit Rundhalsausschnitt Marineblau (42709) - Vousten Sports<\/title>\n<meta name=\"robots\" content=\"index, follow, max-snippet:-1, max-image-preview:large, max-video-preview:-1\" \/>\n<link rel=\"canonical\" href=\"https:\/\/www.voustensports.com\/de\/gran-sasso-geripptes-strick-t-shirt-mit-rundhalsausschnitt-marineblau-42709\/\" \/>\n<meta property=\"og:locale\" content=\"de_DE\" \/>\n<meta property=\"og:type\" content=\"article\" \/>\n<meta property=\"og:title\" content=\"Gran Sasso - Geripptes Strick-T-Shirt mit Rundhalsausschnitt Marineblau (42709) - Vousten Sports\" \/>\n<meta property=\"og:description\" content=\"Pullover aus reiner \u00e4gyptischer Baumwolle mit Rundhalsausschnitt. Ein vielseitiges, bequemes und jugendliches Kleidungsst\u00fcck, das sich perfekt zu verschiedenen Outfits kombinieren l\u00e4sst. Hergestellt in Italien. 100 % BAUMWOLLE\" \/>\n<meta property=\"og:url\" content=\"https:\/\/www.voustensports.com\/de\/gran-sasso-geripptes-strick-t-shirt-mit-rundhalsausschnitt-marineblau-42709\/\" \/>\n<meta property=\"og:site_name\" content=\"Vousten Sports\" \/>\n<meta property=\"article:modified_time\" content=\"2026-03-07T16:36:10+00:00\" \/>\n<meta property=\"og:image\" content=\"https:\/\/www.voustensports.com\/wp-content\/uploads\/2023\/06\/Gran-Sasso-Ribbed-neck-knit-t-shirt-Navy-42709-1.jpg\" \/>\n\t<meta property=\"og:image:width\" content=\"1365\" \/>\n\t<meta property=\"og:image:height\" content=\"2048\" \/>\n\t<meta property=\"og:image:type\" content=\"image\/jpeg\" \/>\n<meta name=\"twitter:card\" content=\"summary_large_image\" \/>\n<script type=\"application\/ld+json\" class=\"yoast-schema-graph\">{\"@context\":\"https:\/\/schema.org\",\"@graph\":[{\"@type\":\"WebPage\",\"@id\":\"https:\/\/www.voustensports.com\/de\/gran-sasso-geripptes-strick-t-shirt-mit-rundhalsausschnitt-marineblau-42709\/\",\"url\":\"https:\/\/www.voustensports.com\/de\/gran-sasso-geripptes-strick-t-shirt-mit-rundhalsausschnitt-marineblau-42709\/\",\"name\":\"Gran Sasso - Geripptes Strick-T-Shirt mit Rundhalsausschnitt Marineblau (42709) - Vousten Sports\",\"isPartOf\":{\"@id\":\"https:\/\/www.voustensports.com\/nl\/#website\"},\"primaryImageOfPage\":{\"@id\":\"https:\/\/www.voustensports.com\/de\/gran-sasso-geripptes-strick-t-shirt-mit-rundhalsausschnitt-marineblau-42709\/#primaryimage\"},\"image\":{\"@id\":\"https:\/\/www.voustensports.com\/de\/gran-sasso-geripptes-strick-t-shirt-mit-rundhalsausschnitt-marineblau-42709\/#primaryimage\"},\"thumbnailUrl\":\"https:\/\/www.voustensports.com\/wp-content\/uploads\/2023\/06\/Gran-Sasso-Ribbed-neck-knit-t-shirt-Navy-42709-1.jpg\",\"datePublished\":\"2026-02-19T04:39:08+00:00\",\"dateModified\":\"2026-03-07T16:36:10+00:00\",\"breadcrumb\":{\"@id\":\"https:\/\/www.voustensports.com\/de\/gran-sasso-geripptes-strick-t-shirt-mit-rundhalsausschnitt-marineblau-42709\/#breadcrumb\"},\"inLanguage\":\"de-DE\",\"potentialAction\":[{\"@type\":\"ReadAction\",\"target\":[\"https:\/\/www.voustensports.com\/de\/gran-sasso-geripptes-strick-t-shirt-mit-rundhalsausschnitt-marineblau-42709\/\"]}]},{\"@type\":\"ImageObject\",\"inLanguage\":\"de-DE\",\"@id\":\"https:\/\/www.voustensports.com\/de\/gran-sasso-geripptes-strick-t-shirt-mit-rundhalsausschnitt-marineblau-42709\/#primaryimage\",\"url\":\"https:\/\/www.voustensports.com\/wp-content\/uploads\/2023\/06\/Gran-Sasso-Ribbed-neck-knit-t-shirt-Navy-42709-1.jpg\",\"contentUrl\":\"https:\/\/www.voustensports.com\/wp-content\/uploads\/2023\/06\/Gran-Sasso-Ribbed-neck-knit-t-shirt-Navy-42709-1.jpg\",\"width\":1365,\"height\":2048},{\"@type\":\"BreadcrumbList\",\"@id\":\"https:\/\/www.voustensports.com\/de\/gran-sasso-geripptes-strick-t-shirt-mit-rundhalsausschnitt-marineblau-42709\/#breadcrumb\",\"itemListElement\":[{\"@type\":\"ListItem\",\"position\":1,\"name\":\"Home\",\"item\":\"https:\/\/www.voustensports.com\/de\/\"},{\"@type\":\"ListItem\",\"position\":2,\"name\":\"Shop\",\"item\":\"https:\/\/www.voustensports.com\/de\/shop\/\"},{\"@type\":\"ListItem\",\"position\":3,\"name\":\"Gran Sasso &#8211; Geripptes Strick-T-Shirt mit Rundhalsausschnitt Marineblau (42709)\"}]},{\"@type\":\"WebSite\",\"@id\":\"https:\/\/www.voustensports.com\/nl\/#website\",\"url\":\"https:\/\/www.voustensports.com\/nl\/\",\"name\":\"Vousten Sports\",\"description\":\"\",\"potentialAction\":[{\"@type\":\"SearchAction\",\"target\":{\"@type\":\"EntryPoint\",\"urlTemplate\":\"https:\/\/www.voustensports.com\/nl\/?s={search_term_string}\"},\"query-input\":{\"@type\":\"PropertyValueSpecification\",\"valueRequired\":true,\"valueName\":\"search_term_string\"}}],\"inLanguage\":\"de-DE\"}]}<\/script>\n<!-- \/ Yoast SEO plugin. -->","yoast_head_json":{"title":"Gran Sasso - Geripptes Strick-T-Shirt mit Rundhalsausschnitt Marineblau (42709) - Vousten Sports","robots":{"index":"index","follow":"follow","max-snippet":"max-snippet:-1","max-image-preview":"max-image-preview:large","max-video-preview":"max-video-preview:-1"},"canonical":"https:\/\/www.voustensports.com\/de\/gran-sasso-geripptes-strick-t-shirt-mit-rundhalsausschnitt-marineblau-42709\/","og_locale":"de_DE","og_type":"article","og_title":"Gran Sasso - Geripptes Strick-T-Shirt mit Rundhalsausschnitt Marineblau (42709) - Vousten Sports","og_description":"Pullover aus reiner \u00e4gyptischer Baumwolle mit Rundhalsausschnitt. Ein vielseitiges, bequemes und jugendliches Kleidungsst\u00fcck, das sich perfekt zu verschiedenen Outfits kombinieren l\u00e4sst. Hergestellt in Italien. 100 % BAUMWOLLE","og_url":"https:\/\/www.voustensports.com\/de\/gran-sasso-geripptes-strick-t-shirt-mit-rundhalsausschnitt-marineblau-42709\/","og_site_name":"Vousten Sports","article_modified_time":"2026-03-07T16:36:10+00:00","og_image":[{"width":1365,"height":2048,"url":"https:\/\/www.voustensports.com\/wp-content\/uploads\/2023\/06\/Gran-Sasso-Ribbed-neck-knit-t-shirt-Navy-42709-1.jpg","type":"image\/jpeg"}],"twitter_card":"summary_large_image","schema":{"@context":"https:\/\/schema.org","@graph":[{"@type":"WebPage","@id":"https:\/\/www.voustensports.com\/de\/gran-sasso-geripptes-strick-t-shirt-mit-rundhalsausschnitt-marineblau-42709\/","url":"https:\/\/www.voustensports.com\/de\/gran-sasso-geripptes-strick-t-shirt-mit-rundhalsausschnitt-marineblau-42709\/","name":"Gran Sasso - Geripptes Strick-T-Shirt mit Rundhalsausschnitt Marineblau (42709) - Vousten Sports","isPartOf":{"@id":"https:\/\/www.voustensports.com\/nl\/#website"},"primaryImageOfPage":{"@id":"https:\/\/www.voustensports.com\/de\/gran-sasso-geripptes-strick-t-shirt-mit-rundhalsausschnitt-marineblau-42709\/#primaryimage"},"image":{"@id":"https:\/\/www.voustensports.com\/de\/gran-sasso-geripptes-strick-t-shirt-mit-rundhalsausschnitt-marineblau-42709\/#primaryimage"},"thumbnailUrl":"https:\/\/www.voustensports.com\/wp-content\/uploads\/2023\/06\/Gran-Sasso-Ribbed-neck-knit-t-shirt-Navy-42709-1.jpg","datePublished":"2026-02-19T04:39:08+00:00","dateModified":"2026-03-07T16:36:10+00:00","breadcrumb":{"@id":"https:\/\/www.voustensports.com\/de\/gran-sasso-geripptes-strick-t-shirt-mit-rundhalsausschnitt-marineblau-42709\/#breadcrumb"},"inLanguage":"de-DE","potentialAction":[{"@type":"ReadAction","target":["https:\/\/www.voustensports.com\/de\/gran-sasso-geripptes-strick-t-shirt-mit-rundhalsausschnitt-marineblau-42709\/"]}]},{"@type":"ImageObject","inLanguage":"de-DE","@id":"https:\/\/www.voustensports.com\/de\/gran-sasso-geripptes-strick-t-shirt-mit-rundhalsausschnitt-marineblau-42709\/#primaryimage","url":"https:\/\/www.voustensports.com\/wp-content\/uploads\/2023\/06\/Gran-Sasso-Ribbed-neck-knit-t-shirt-Navy-42709-1.jpg","contentUrl":"https:\/\/www.voustensports.com\/wp-content\/uploads\/2023\/06\/Gran-Sasso-Ribbed-neck-knit-t-shirt-Navy-42709-1.jpg","width":1365,"height":2048},{"@type":"BreadcrumbList","@id":"https:\/\/www.voustensports.com\/de\/gran-sasso-geripptes-strick-t-shirt-mit-rundhalsausschnitt-marineblau-42709\/#breadcrumb","itemListElement":[{"@type":"ListItem","position":1,"name":"Home","item":"https:\/\/www.voustensports.com\/de\/"},{"@type":"ListItem","position":2,"name":"Shop","item":"https:\/\/www.voustensports.com\/de\/shop\/"},{"@type":"ListItem","position":3,"name":"Gran Sasso &#8211; Geripptes Strick-T-Shirt mit Rundhalsausschnitt Marineblau (42709)"}]},{"@type":"WebSite","@id":"https:\/\/www.voustensports.com\/nl\/#website","url":"https:\/\/www.voustensports.com\/nl\/","name":"Vousten Sports","description":"","potentialAction":[{"@type":"SearchAction","target":{"@type":"EntryPoint","urlTemplate":"https:\/\/www.voustensports.com\/nl\/?s={search_term_string}"},"query-input":{"@type":"PropertyValueSpecification","valueRequired":true,"valueName":"search_term_string"}}],"inLanguage":"de-DE"}]}},"_links":{"self":[{"href":"https:\/\/www.voustensports.com\/de\/wp-json\/wp\/v2\/product\/222733","targetHints":{"allow":["GET"]}}],"collection":[{"href":"https:\/\/www.voustensports.com\/de\/wp-json\/wp\/v2\/product"}],"about":[{"href":"https:\/\/www.voustensports.com\/de\/wp-json\/wp\/v2\/types\/product"}],"replies":[{"embeddable":true,"href":"https:\/\/www.voustensports.com\/de\/wp-json\/wp\/v2\/comments?post=222733"}],"wp:featuredmedia":[{"embeddable":true,"href":"https:\/\/www.voustensports.com\/de\/wp-json\/wp\/v2\/media\/222721"}],"wp:attachment":[{"href":"https:\/\/www.voustensports.com\/de\/wp-json\/wp\/v2\/media?parent=222733"}],"wp:term":[{"taxonomy":"product_cat","embeddable":true,"href":"https:\/\/www.voustensports.com\/de\/wp-json\/wp\/v2\/product_cat?post=222733"},{"taxonomy":"product_tag","embeddable":true,"href":"https:\/\/www.voustensports.com\/de\/wp-json\/wp\/v2\/product_tag?post=222733"}],"curies":[{"name":"wp","href":"https:\/\/api.w.org\/{rel}","templated":true}]}}