{"id":222362,"date":"2026-02-18T10:27:12","date_gmt":"2026-02-18T09:27:12","guid":{"rendered":"https:\/\/www.voustensports.com\/genti-lassiges-t-shirt-mit-blumenmuster-schwarz-42629\/"},"modified":"2026-04-18T19:33:08","modified_gmt":"2026-04-18T17:33:08","slug":"genti-lassiges-t-shirt-mit-blumenmuster-schwarz-42629","status":"publish","type":"product","link":"https:\/\/www.voustensports.com\/de\/genti-lassiges-t-shirt-mit-blumenmuster-schwarz-42629\/","title":{"rendered":"GENTI &#8211; L\u00e4ssiges T-Shirt mit Blumenmuster schwarz (42629)"},"content":{"rendered":"<div>Dieses Genti T-Shirt vereint eine minimalistische Vorderseite mit einem auff\u00e4lligen R\u00fcckenprint. Der grafische Blumenprint verleiht dem Shirt einen k\u00fcnstlerischen, modernen Look, w\u00e4hrend der weiche Stoff f\u00fcr angenehmen Tragekomfort sorgt. Ein Statement-Piece f\u00fcr eine zeitgem\u00e4\u00dfe, urbane Garderobe.<\/div>\n<ul>\n<li>Material: 55 % Polyester, 45 % Baumwolle<\/li>\n<li>Farbe: Schwarz<\/li>\n<li>Passform: Normale Passform<\/li>\n<li>Muster: Uni mit R\u00fcckenprint<\/li>\n<li>Details: K\u00fcnstlerischer Blumenprint auf dem R\u00fccken, dezentes Logo auf der Brust<\/li>\n<li>Modern, ausdrucksstark und bequem. Dieses T-Shirt ist ein echter Hingucker, ohne dabei auf Komfort zu verzichten.<\/li>\n<\/ul>\n<div>Die Polyester-Baumwoll-Mischung f\u00fchlt sich weich an und ist formbest\u00e4ndig. Das Material ist pflegeleicht und langlebig, w\u00e4hrend der Print f\u00fcr einen starken visuellen Effekt sorgt.<\/div>\n","protected":false},"excerpt":{"rendered":"<p>Dieses Genti T-Shirt vereint eine minimalistische Vorderseite mit einem auff\u00e4lligen R\u00fcckenprint. Der grafische Blumenprint verleiht dem Shirt einen k\u00fcnstlerischen, modernen Look, w\u00e4hrend der weiche Stoff f\u00fcr angenehmen Tragekomfort sorgt. Ein Statement-Piece f\u00fcr eine zeitgem\u00e4\u00dfe, urbane Garderobe. Material: 55 % Polyester, 45 % Baumwolle Farbe: Schwarz Passform: Normale Passform Muster: Uni mit R\u00fcckenprint Details: K\u00fcnstlerischer Blumenprint [&#8230;]\n","protected":false},"featured_media":222354,"comment_status":"open","ping_status":"closed","template":"","meta":{"rank_math_lock_modified_date":false},"product_cat":[447,451,463,487,491,711],"product_tag":[],"class_list":{"0":"post-222362","1":"product","2":"type-product","3":"status-publish","4":"has-post-thumbnail","6":"product_cat-kleding-de","7":"product_cat-heren-de","8":"product_cat-vousten-sports-de-2","9":"product_cat-shirt-de-2","10":"product_cat-t-shirts-de-2","11":"product_cat-genti-de","13":"first","14":"instock","15":"taxable","16":"shipping-taxable","17":"purchasable","18":"product-type-variable"},"acf":[],"yoast_head":"<!-- This site is optimized with the Yoast SEO plugin v23.9 - https:\/\/yoast.com\/wordpress\/plugins\/seo\/ -->\n<title>GENTI - L\u00e4ssiges T-Shirt mit Blumenmuster schwarz (42629) - Vousten Sports<\/title>\n<meta name=\"robots\" content=\"index, follow, max-snippet:-1, max-image-preview:large, max-video-preview:-1\" \/>\n<link rel=\"canonical\" href=\"https:\/\/www.voustensports.com\/de\/genti-lassiges-t-shirt-mit-blumenmuster-schwarz-42629\/\" \/>\n<meta property=\"og:locale\" content=\"de_DE\" \/>\n<meta property=\"og:type\" content=\"article\" \/>\n<meta property=\"og:title\" content=\"GENTI - L\u00e4ssiges T-Shirt mit Blumenmuster schwarz (42629) - Vousten Sports\" \/>\n<meta property=\"og:description\" content=\"Dieses Genti T-Shirt vereint eine minimalistische Vorderseite mit einem auff\u00e4lligen R\u00fcckenprint. Der grafische Blumenprint verleiht dem Shirt einen k\u00fcnstlerischen, modernen Look, w\u00e4hrend der weiche Stoff f\u00fcr angenehmen Tragekomfort sorgt. Ein Statement-Piece f\u00fcr eine zeitgem\u00e4\u00dfe, urbane Garderobe. Material: 55 % Polyester, 45 % Baumwolle Farbe: Schwarz Passform: Normale Passform Muster: Uni mit R\u00fcckenprint Details: K\u00fcnstlerischer Blumenprint [...]\" \/>\n<meta property=\"og:url\" content=\"https:\/\/www.voustensports.com\/de\/genti-lassiges-t-shirt-mit-blumenmuster-schwarz-42629\/\" \/>\n<meta property=\"og:site_name\" content=\"Vousten Sports\" \/>\n<meta property=\"article:modified_time\" content=\"2026-04-18T17:33:08+00:00\" \/>\n<meta property=\"og:image\" content=\"https:\/\/www.voustensports.com\/wp-content\/uploads\/2023\/06\/Relaxed-fit-T-shirt-Floral-print-zwart-426291.png\" \/>\n\t<meta property=\"og:image:width\" content=\"1200\" \/>\n\t<meta property=\"og:image:height\" content=\"1800\" \/>\n\t<meta property=\"og:image:type\" content=\"image\/png\" \/>\n<meta name=\"twitter:card\" content=\"summary_large_image\" \/>\n<meta name=\"twitter:label1\" content=\"Est. reading time\" \/>\n\t<meta name=\"twitter:data1\" content=\"1 Minute\" \/>\n<script type=\"application\/ld+json\" class=\"yoast-schema-graph\">{\"@context\":\"https:\/\/schema.org\",\"@graph\":[{\"@type\":\"WebPage\",\"@id\":\"https:\/\/www.voustensports.com\/de\/genti-lassiges-t-shirt-mit-blumenmuster-schwarz-42629\/\",\"url\":\"https:\/\/www.voustensports.com\/de\/genti-lassiges-t-shirt-mit-blumenmuster-schwarz-42629\/\",\"name\":\"GENTI - L\u00e4ssiges T-Shirt mit Blumenmuster schwarz (42629) - Vousten Sports\",\"isPartOf\":{\"@id\":\"https:\/\/www.voustensports.com\/nl\/#website\"},\"primaryImageOfPage\":{\"@id\":\"https:\/\/www.voustensports.com\/de\/genti-lassiges-t-shirt-mit-blumenmuster-schwarz-42629\/#primaryimage\"},\"image\":{\"@id\":\"https:\/\/www.voustensports.com\/de\/genti-lassiges-t-shirt-mit-blumenmuster-schwarz-42629\/#primaryimage\"},\"thumbnailUrl\":\"https:\/\/www.voustensports.com\/wp-content\/uploads\/2023\/06\/Relaxed-fit-T-shirt-Floral-print-zwart-426291.png\",\"datePublished\":\"2026-02-18T09:27:12+00:00\",\"dateModified\":\"2026-04-18T17:33:08+00:00\",\"breadcrumb\":{\"@id\":\"https:\/\/www.voustensports.com\/de\/genti-lassiges-t-shirt-mit-blumenmuster-schwarz-42629\/#breadcrumb\"},\"inLanguage\":\"de-DE\",\"potentialAction\":[{\"@type\":\"ReadAction\",\"target\":[\"https:\/\/www.voustensports.com\/de\/genti-lassiges-t-shirt-mit-blumenmuster-schwarz-42629\/\"]}]},{\"@type\":\"ImageObject\",\"inLanguage\":\"de-DE\",\"@id\":\"https:\/\/www.voustensports.com\/de\/genti-lassiges-t-shirt-mit-blumenmuster-schwarz-42629\/#primaryimage\",\"url\":\"https:\/\/www.voustensports.com\/wp-content\/uploads\/2023\/06\/Relaxed-fit-T-shirt-Floral-print-zwart-426291.png\",\"contentUrl\":\"https:\/\/www.voustensports.com\/wp-content\/uploads\/2023\/06\/Relaxed-fit-T-shirt-Floral-print-zwart-426291.png\",\"width\":1200,\"height\":1800},{\"@type\":\"BreadcrumbList\",\"@id\":\"https:\/\/www.voustensports.com\/de\/genti-lassiges-t-shirt-mit-blumenmuster-schwarz-42629\/#breadcrumb\",\"itemListElement\":[{\"@type\":\"ListItem\",\"position\":1,\"name\":\"Home\",\"item\":\"https:\/\/www.voustensports.com\/de\/\"},{\"@type\":\"ListItem\",\"position\":2,\"name\":\"Shop\",\"item\":\"https:\/\/www.voustensports.com\/de\/shop\/\"},{\"@type\":\"ListItem\",\"position\":3,\"name\":\"GENTI &#8211; L\u00e4ssiges T-Shirt mit Blumenmuster schwarz (42629)\"}]},{\"@type\":\"WebSite\",\"@id\":\"https:\/\/www.voustensports.com\/nl\/#website\",\"url\":\"https:\/\/www.voustensports.com\/nl\/\",\"name\":\"Vousten Sports\",\"description\":\"\",\"potentialAction\":[{\"@type\":\"SearchAction\",\"target\":{\"@type\":\"EntryPoint\",\"urlTemplate\":\"https:\/\/www.voustensports.com\/nl\/?s={search_term_string}\"},\"query-input\":{\"@type\":\"PropertyValueSpecification\",\"valueRequired\":true,\"valueName\":\"search_term_string\"}}],\"inLanguage\":\"de-DE\"}]}<\/script>\n<!-- \/ Yoast SEO plugin. -->","yoast_head_json":{"title":"GENTI - L\u00e4ssiges T-Shirt mit Blumenmuster schwarz (42629) - Vousten Sports","robots":{"index":"index","follow":"follow","max-snippet":"max-snippet:-1","max-image-preview":"max-image-preview:large","max-video-preview":"max-video-preview:-1"},"canonical":"https:\/\/www.voustensports.com\/de\/genti-lassiges-t-shirt-mit-blumenmuster-schwarz-42629\/","og_locale":"de_DE","og_type":"article","og_title":"GENTI - L\u00e4ssiges T-Shirt mit Blumenmuster schwarz (42629) - Vousten Sports","og_description":"Dieses Genti T-Shirt vereint eine minimalistische Vorderseite mit einem auff\u00e4lligen R\u00fcckenprint. Der grafische Blumenprint verleiht dem Shirt einen k\u00fcnstlerischen, modernen Look, w\u00e4hrend der weiche Stoff f\u00fcr angenehmen Tragekomfort sorgt. Ein Statement-Piece f\u00fcr eine zeitgem\u00e4\u00dfe, urbane Garderobe. Material: 55 % Polyester, 45 % Baumwolle Farbe: Schwarz Passform: Normale Passform Muster: Uni mit R\u00fcckenprint Details: K\u00fcnstlerischer Blumenprint [...]","og_url":"https:\/\/www.voustensports.com\/de\/genti-lassiges-t-shirt-mit-blumenmuster-schwarz-42629\/","og_site_name":"Vousten Sports","article_modified_time":"2026-04-18T17:33:08+00:00","og_image":[{"width":1200,"height":1800,"url":"https:\/\/www.voustensports.com\/wp-content\/uploads\/2023\/06\/Relaxed-fit-T-shirt-Floral-print-zwart-426291.png","type":"image\/png"}],"twitter_card":"summary_large_image","twitter_misc":{"Est. reading time":"1 Minute"},"schema":{"@context":"https:\/\/schema.org","@graph":[{"@type":"WebPage","@id":"https:\/\/www.voustensports.com\/de\/genti-lassiges-t-shirt-mit-blumenmuster-schwarz-42629\/","url":"https:\/\/www.voustensports.com\/de\/genti-lassiges-t-shirt-mit-blumenmuster-schwarz-42629\/","name":"GENTI - L\u00e4ssiges T-Shirt mit Blumenmuster schwarz (42629) - Vousten Sports","isPartOf":{"@id":"https:\/\/www.voustensports.com\/nl\/#website"},"primaryImageOfPage":{"@id":"https:\/\/www.voustensports.com\/de\/genti-lassiges-t-shirt-mit-blumenmuster-schwarz-42629\/#primaryimage"},"image":{"@id":"https:\/\/www.voustensports.com\/de\/genti-lassiges-t-shirt-mit-blumenmuster-schwarz-42629\/#primaryimage"},"thumbnailUrl":"https:\/\/www.voustensports.com\/wp-content\/uploads\/2023\/06\/Relaxed-fit-T-shirt-Floral-print-zwart-426291.png","datePublished":"2026-02-18T09:27:12+00:00","dateModified":"2026-04-18T17:33:08+00:00","breadcrumb":{"@id":"https:\/\/www.voustensports.com\/de\/genti-lassiges-t-shirt-mit-blumenmuster-schwarz-42629\/#breadcrumb"},"inLanguage":"de-DE","potentialAction":[{"@type":"ReadAction","target":["https:\/\/www.voustensports.com\/de\/genti-lassiges-t-shirt-mit-blumenmuster-schwarz-42629\/"]}]},{"@type":"ImageObject","inLanguage":"de-DE","@id":"https:\/\/www.voustensports.com\/de\/genti-lassiges-t-shirt-mit-blumenmuster-schwarz-42629\/#primaryimage","url":"https:\/\/www.voustensports.com\/wp-content\/uploads\/2023\/06\/Relaxed-fit-T-shirt-Floral-print-zwart-426291.png","contentUrl":"https:\/\/www.voustensports.com\/wp-content\/uploads\/2023\/06\/Relaxed-fit-T-shirt-Floral-print-zwart-426291.png","width":1200,"height":1800},{"@type":"BreadcrumbList","@id":"https:\/\/www.voustensports.com\/de\/genti-lassiges-t-shirt-mit-blumenmuster-schwarz-42629\/#breadcrumb","itemListElement":[{"@type":"ListItem","position":1,"name":"Home","item":"https:\/\/www.voustensports.com\/de\/"},{"@type":"ListItem","position":2,"name":"Shop","item":"https:\/\/www.voustensports.com\/de\/shop\/"},{"@type":"ListItem","position":3,"name":"GENTI &#8211; L\u00e4ssiges T-Shirt mit Blumenmuster schwarz (42629)"}]},{"@type":"WebSite","@id":"https:\/\/www.voustensports.com\/nl\/#website","url":"https:\/\/www.voustensports.com\/nl\/","name":"Vousten Sports","description":"","potentialAction":[{"@type":"SearchAction","target":{"@type":"EntryPoint","urlTemplate":"https:\/\/www.voustensports.com\/nl\/?s={search_term_string}"},"query-input":{"@type":"PropertyValueSpecification","valueRequired":true,"valueName":"search_term_string"}}],"inLanguage":"de-DE"}]}},"_links":{"self":[{"href":"https:\/\/www.voustensports.com\/de\/wp-json\/wp\/v2\/product\/222362","targetHints":{"allow":["GET"]}}],"collection":[{"href":"https:\/\/www.voustensports.com\/de\/wp-json\/wp\/v2\/product"}],"about":[{"href":"https:\/\/www.voustensports.com\/de\/wp-json\/wp\/v2\/types\/product"}],"replies":[{"embeddable":true,"href":"https:\/\/www.voustensports.com\/de\/wp-json\/wp\/v2\/comments?post=222362"}],"wp:featuredmedia":[{"embeddable":true,"href":"https:\/\/www.voustensports.com\/de\/wp-json\/wp\/v2\/media\/222354"}],"wp:attachment":[{"href":"https:\/\/www.voustensports.com\/de\/wp-json\/wp\/v2\/media?parent=222362"}],"wp:term":[{"taxonomy":"product_cat","embeddable":true,"href":"https:\/\/www.voustensports.com\/de\/wp-json\/wp\/v2\/product_cat?post=222362"},{"taxonomy":"product_tag","embeddable":true,"href":"https:\/\/www.voustensports.com\/de\/wp-json\/wp\/v2\/product_tag?post=222362"}],"curies":[{"name":"wp","href":"https:\/\/api.w.org\/{rel}","templated":true}]}}