{"id":222224,"date":"2026-02-17T22:57:06","date_gmt":"2026-02-17T21:57:06","guid":{"rendered":"https:\/\/www.voustensports.com\/genti-halb-reisverschluss-pullover-dunkelgrau-42516\/"},"modified":"2026-03-29T17:12:11","modified_gmt":"2026-03-29T15:12:11","slug":"genti-halb-reisverschluss-pullover-dunkelgrau-42516","status":"publish","type":"product","link":"https:\/\/www.voustensports.com\/de\/genti-halb-reisverschluss-pullover-dunkelgrau-42516\/","title":{"rendered":"GENTI &#8211; Halb-Rei\u00dfverschluss-Pullover dunkelgrau (42516)"},"content":{"rendered":"<div>Dieser Genti-Pullover mit halbem Rei\u00dfverschluss vereint modernes Design mit funktionalem Tragekomfort. Die feine Strickstruktur und die saubere Verarbeitung verleihen ihm einen technisch-zeitgem\u00e4\u00dfen Look. Dank des leichten und geschmeidigen Materials ist dieser Strickpullover ideal f\u00fcr den Alltag, sowohl leger als auch formell.<\/div>\n<ul>\n<li>Material: Cool Dry<\/li>\n<li>Farbe: Dunkelgrau<\/li>\n<li>Passform: Normale Passform<\/li>\n<li>Verschluss: Kurzer Rei\u00dfverschluss<\/li>\n<li>Details: Stehkragen, \u00c4rmeltasche mit Rei\u00dfverschluss<\/li>\n<li>Ein vielseitiger Strickpullover mit sportlichem Touch, der Komfort und Stil vereint.<\/li>\n<\/ul>\n<div>Die Viskosemischung f\u00fchlt sich leicht und atmungsaktiv an, w\u00e4hrend Nylon f\u00fcr zus\u00e4tzliche Strapazierf\u00e4higkeit und Formbest\u00e4ndigkeit sorgt. Die feine Strickstruktur und die saubere Verarbeitung unterstreichen den hochwertigen Charakter dieses Genti-Modells.<\/div>\n","protected":false},"excerpt":{"rendered":"<p>Dieser Genti-Pullover mit halbem Rei\u00dfverschluss vereint modernes Design mit funktionalem Tragekomfort. Die feine Strickstruktur und die saubere Verarbeitung verleihen ihm einen technisch-zeitgem\u00e4\u00dfen Look. Dank des leichten und geschmeidigen Materials ist dieser Strickpullover ideal f\u00fcr den Alltag, sowohl leger als auch formell. Material: Cool Dry Farbe: Dunkelgrau Passform: Normale Passform Verschluss: Kurzer Rei\u00dfverschluss Details: Stehkragen, \u00c4rmeltasche [&#8230;]\n","protected":false},"featured_media":222216,"comment_status":"open","ping_status":"closed","template":"","meta":{"rank_math_lock_modified_date":false},"product_cat":[535,695,711,447,451,463],"product_tag":[],"class_list":{"0":"post-222224","1":"product","2":"type-product","3":"status-publish","4":"has-post-thumbnail","6":"product_cat-truien-de-2","7":"product_cat-truien-vesten-de-2","8":"product_cat-genti-de","9":"product_cat-kleding-de","10":"product_cat-heren-de","11":"product_cat-vousten-sports-de-2","13":"first","14":"instock","15":"taxable","16":"shipping-taxable","17":"purchasable","18":"product-type-variable"},"acf":[],"yoast_head":"<!-- This site is optimized with the Yoast SEO plugin v23.9 - https:\/\/yoast.com\/wordpress\/plugins\/seo\/ -->\n<title>GENTI - Halb-Rei\u00dfverschluss-Pullover dunkelgrau (42516) - Vousten Sports<\/title>\n<meta name=\"robots\" content=\"index, follow, max-snippet:-1, max-image-preview:large, max-video-preview:-1\" \/>\n<link rel=\"canonical\" href=\"https:\/\/www.voustensports.com\/de\/genti-halb-reisverschluss-pullover-dunkelgrau-42516\/\" \/>\n<meta property=\"og:locale\" content=\"de_DE\" \/>\n<meta property=\"og:type\" content=\"article\" \/>\n<meta property=\"og:title\" content=\"GENTI - Halb-Rei\u00dfverschluss-Pullover dunkelgrau (42516) - Vousten Sports\" \/>\n<meta property=\"og:description\" content=\"Dieser Genti-Pullover mit halbem Rei\u00dfverschluss vereint modernes Design mit funktionalem Tragekomfort. Die feine Strickstruktur und die saubere Verarbeitung verleihen ihm einen technisch-zeitgem\u00e4\u00dfen Look. Dank des leichten und geschmeidigen Materials ist dieser Strickpullover ideal f\u00fcr den Alltag, sowohl leger als auch formell. Material: Cool Dry Farbe: Dunkelgrau Passform: Normale Passform Verschluss: Kurzer Rei\u00dfverschluss Details: Stehkragen, \u00c4rmeltasche [...]\" \/>\n<meta property=\"og:url\" content=\"https:\/\/www.voustensports.com\/de\/genti-halb-reisverschluss-pullover-dunkelgrau-42516\/\" \/>\n<meta property=\"og:site_name\" content=\"Vousten Sports\" \/>\n<meta property=\"article:modified_time\" content=\"2026-03-29T15:12:11+00:00\" \/>\n<meta property=\"og:image\" content=\"https:\/\/www.voustensports.com\/wp-content\/uploads\/2023\/06\/Half-Zip-Pocket-donkergrijs-42516.jpg\" \/>\n\t<meta property=\"og:image:width\" content=\"1365\" \/>\n\t<meta property=\"og:image:height\" content=\"2048\" \/>\n\t<meta property=\"og:image:type\" content=\"image\/jpeg\" \/>\n<meta name=\"twitter:card\" content=\"summary_large_image\" \/>\n<meta name=\"twitter:label1\" content=\"Est. reading time\" \/>\n\t<meta name=\"twitter:data1\" content=\"1 Minute\" \/>\n<script type=\"application\/ld+json\" class=\"yoast-schema-graph\">{\"@context\":\"https:\/\/schema.org\",\"@graph\":[{\"@type\":\"WebPage\",\"@id\":\"https:\/\/www.voustensports.com\/de\/genti-halb-reisverschluss-pullover-dunkelgrau-42516\/\",\"url\":\"https:\/\/www.voustensports.com\/de\/genti-halb-reisverschluss-pullover-dunkelgrau-42516\/\",\"name\":\"GENTI - Halb-Rei\u00dfverschluss-Pullover dunkelgrau (42516) - Vousten Sports\",\"isPartOf\":{\"@id\":\"https:\/\/www.voustensports.com\/nl\/#website\"},\"primaryImageOfPage\":{\"@id\":\"https:\/\/www.voustensports.com\/de\/genti-halb-reisverschluss-pullover-dunkelgrau-42516\/#primaryimage\"},\"image\":{\"@id\":\"https:\/\/www.voustensports.com\/de\/genti-halb-reisverschluss-pullover-dunkelgrau-42516\/#primaryimage\"},\"thumbnailUrl\":\"https:\/\/www.voustensports.com\/wp-content\/uploads\/2023\/06\/Half-Zip-Pocket-donkergrijs-42516.jpg\",\"datePublished\":\"2026-02-17T21:57:06+00:00\",\"dateModified\":\"2026-03-29T15:12:11+00:00\",\"breadcrumb\":{\"@id\":\"https:\/\/www.voustensports.com\/de\/genti-halb-reisverschluss-pullover-dunkelgrau-42516\/#breadcrumb\"},\"inLanguage\":\"de-DE\",\"potentialAction\":[{\"@type\":\"ReadAction\",\"target\":[\"https:\/\/www.voustensports.com\/de\/genti-halb-reisverschluss-pullover-dunkelgrau-42516\/\"]}]},{\"@type\":\"ImageObject\",\"inLanguage\":\"de-DE\",\"@id\":\"https:\/\/www.voustensports.com\/de\/genti-halb-reisverschluss-pullover-dunkelgrau-42516\/#primaryimage\",\"url\":\"https:\/\/www.voustensports.com\/wp-content\/uploads\/2023\/06\/Half-Zip-Pocket-donkergrijs-42516.jpg\",\"contentUrl\":\"https:\/\/www.voustensports.com\/wp-content\/uploads\/2023\/06\/Half-Zip-Pocket-donkergrijs-42516.jpg\",\"width\":1365,\"height\":2048},{\"@type\":\"BreadcrumbList\",\"@id\":\"https:\/\/www.voustensports.com\/de\/genti-halb-reisverschluss-pullover-dunkelgrau-42516\/#breadcrumb\",\"itemListElement\":[{\"@type\":\"ListItem\",\"position\":1,\"name\":\"Home\",\"item\":\"https:\/\/www.voustensports.com\/de\/\"},{\"@type\":\"ListItem\",\"position\":2,\"name\":\"Shop\",\"item\":\"https:\/\/www.voustensports.com\/de\/shop\/\"},{\"@type\":\"ListItem\",\"position\":3,\"name\":\"GENTI &#8211; Halb-Rei\u00dfverschluss-Pullover dunkelgrau (42516)\"}]},{\"@type\":\"WebSite\",\"@id\":\"https:\/\/www.voustensports.com\/nl\/#website\",\"url\":\"https:\/\/www.voustensports.com\/nl\/\",\"name\":\"Vousten Sports\",\"description\":\"\",\"potentialAction\":[{\"@type\":\"SearchAction\",\"target\":{\"@type\":\"EntryPoint\",\"urlTemplate\":\"https:\/\/www.voustensports.com\/nl\/?s={search_term_string}\"},\"query-input\":{\"@type\":\"PropertyValueSpecification\",\"valueRequired\":true,\"valueName\":\"search_term_string\"}}],\"inLanguage\":\"de-DE\"}]}<\/script>\n<!-- \/ Yoast SEO plugin. -->","yoast_head_json":{"title":"GENTI - Halb-Rei\u00dfverschluss-Pullover dunkelgrau (42516) - Vousten Sports","robots":{"index":"index","follow":"follow","max-snippet":"max-snippet:-1","max-image-preview":"max-image-preview:large","max-video-preview":"max-video-preview:-1"},"canonical":"https:\/\/www.voustensports.com\/de\/genti-halb-reisverschluss-pullover-dunkelgrau-42516\/","og_locale":"de_DE","og_type":"article","og_title":"GENTI - Halb-Rei\u00dfverschluss-Pullover dunkelgrau (42516) - Vousten Sports","og_description":"Dieser Genti-Pullover mit halbem Rei\u00dfverschluss vereint modernes Design mit funktionalem Tragekomfort. Die feine Strickstruktur und die saubere Verarbeitung verleihen ihm einen technisch-zeitgem\u00e4\u00dfen Look. Dank des leichten und geschmeidigen Materials ist dieser Strickpullover ideal f\u00fcr den Alltag, sowohl leger als auch formell. Material: Cool Dry Farbe: Dunkelgrau Passform: Normale Passform Verschluss: Kurzer Rei\u00dfverschluss Details: Stehkragen, \u00c4rmeltasche [...]","og_url":"https:\/\/www.voustensports.com\/de\/genti-halb-reisverschluss-pullover-dunkelgrau-42516\/","og_site_name":"Vousten Sports","article_modified_time":"2026-03-29T15:12:11+00:00","og_image":[{"width":1365,"height":2048,"url":"https:\/\/www.voustensports.com\/wp-content\/uploads\/2023\/06\/Half-Zip-Pocket-donkergrijs-42516.jpg","type":"image\/jpeg"}],"twitter_card":"summary_large_image","twitter_misc":{"Est. reading time":"1 Minute"},"schema":{"@context":"https:\/\/schema.org","@graph":[{"@type":"WebPage","@id":"https:\/\/www.voustensports.com\/de\/genti-halb-reisverschluss-pullover-dunkelgrau-42516\/","url":"https:\/\/www.voustensports.com\/de\/genti-halb-reisverschluss-pullover-dunkelgrau-42516\/","name":"GENTI - Halb-Rei\u00dfverschluss-Pullover dunkelgrau (42516) - Vousten Sports","isPartOf":{"@id":"https:\/\/www.voustensports.com\/nl\/#website"},"primaryImageOfPage":{"@id":"https:\/\/www.voustensports.com\/de\/genti-halb-reisverschluss-pullover-dunkelgrau-42516\/#primaryimage"},"image":{"@id":"https:\/\/www.voustensports.com\/de\/genti-halb-reisverschluss-pullover-dunkelgrau-42516\/#primaryimage"},"thumbnailUrl":"https:\/\/www.voustensports.com\/wp-content\/uploads\/2023\/06\/Half-Zip-Pocket-donkergrijs-42516.jpg","datePublished":"2026-02-17T21:57:06+00:00","dateModified":"2026-03-29T15:12:11+00:00","breadcrumb":{"@id":"https:\/\/www.voustensports.com\/de\/genti-halb-reisverschluss-pullover-dunkelgrau-42516\/#breadcrumb"},"inLanguage":"de-DE","potentialAction":[{"@type":"ReadAction","target":["https:\/\/www.voustensports.com\/de\/genti-halb-reisverschluss-pullover-dunkelgrau-42516\/"]}]},{"@type":"ImageObject","inLanguage":"de-DE","@id":"https:\/\/www.voustensports.com\/de\/genti-halb-reisverschluss-pullover-dunkelgrau-42516\/#primaryimage","url":"https:\/\/www.voustensports.com\/wp-content\/uploads\/2023\/06\/Half-Zip-Pocket-donkergrijs-42516.jpg","contentUrl":"https:\/\/www.voustensports.com\/wp-content\/uploads\/2023\/06\/Half-Zip-Pocket-donkergrijs-42516.jpg","width":1365,"height":2048},{"@type":"BreadcrumbList","@id":"https:\/\/www.voustensports.com\/de\/genti-halb-reisverschluss-pullover-dunkelgrau-42516\/#breadcrumb","itemListElement":[{"@type":"ListItem","position":1,"name":"Home","item":"https:\/\/www.voustensports.com\/de\/"},{"@type":"ListItem","position":2,"name":"Shop","item":"https:\/\/www.voustensports.com\/de\/shop\/"},{"@type":"ListItem","position":3,"name":"GENTI &#8211; Halb-Rei\u00dfverschluss-Pullover dunkelgrau (42516)"}]},{"@type":"WebSite","@id":"https:\/\/www.voustensports.com\/nl\/#website","url":"https:\/\/www.voustensports.com\/nl\/","name":"Vousten Sports","description":"","potentialAction":[{"@type":"SearchAction","target":{"@type":"EntryPoint","urlTemplate":"https:\/\/www.voustensports.com\/nl\/?s={search_term_string}"},"query-input":{"@type":"PropertyValueSpecification","valueRequired":true,"valueName":"search_term_string"}}],"inLanguage":"de-DE"}]}},"_links":{"self":[{"href":"https:\/\/www.voustensports.com\/de\/wp-json\/wp\/v2\/product\/222224","targetHints":{"allow":["GET"]}}],"collection":[{"href":"https:\/\/www.voustensports.com\/de\/wp-json\/wp\/v2\/product"}],"about":[{"href":"https:\/\/www.voustensports.com\/de\/wp-json\/wp\/v2\/types\/product"}],"replies":[{"embeddable":true,"href":"https:\/\/www.voustensports.com\/de\/wp-json\/wp\/v2\/comments?post=222224"}],"wp:featuredmedia":[{"embeddable":true,"href":"https:\/\/www.voustensports.com\/de\/wp-json\/wp\/v2\/media\/222216"}],"wp:attachment":[{"href":"https:\/\/www.voustensports.com\/de\/wp-json\/wp\/v2\/media?parent=222224"}],"wp:term":[{"taxonomy":"product_cat","embeddable":true,"href":"https:\/\/www.voustensports.com\/de\/wp-json\/wp\/v2\/product_cat?post=222224"},{"taxonomy":"product_tag","embeddable":true,"href":"https:\/\/www.voustensports.com\/de\/wp-json\/wp\/v2\/product_tag?post=222224"}],"curies":[{"name":"wp","href":"https:\/\/api.w.org\/{rel}","templated":true}]}}