{"id":222128,"date":"2026-02-17T17:27:07","date_gmt":"2026-02-17T16:27:07","guid":{"rendered":"https:\/\/www.voustensports.com\/genti-cool-dry-weste-grau-42519\/"},"modified":"2026-04-18T02:12:12","modified_gmt":"2026-04-18T00:12:12","slug":"genti-cool-dry-weste-grau-42519","status":"publish","type":"product","link":"https:\/\/www.voustensports.com\/de\/genti-cool-dry-weste-grau-42519\/","title":{"rendered":"GENTI &#8211; Cool Dry Weste grau (42519)"},"content":{"rendered":"<div>\n<div>Diese Genti-Weste mit Rei\u00dfverschluss vereint einen modernen, funktionalen Look mit au\u00dfergew\u00f6hnlichem Tragekomfort. Die feine Strickstruktur und die klaren Linien verleihen ihr einen zeitgem\u00e4\u00dfen Look. Der Rei\u00dfverschluss und die Brusttasche sorgen f\u00fcr Funktionalit\u00e4t und machen sie zum idealen Begleiter f\u00fcr den Alltag in einem eleganten, urbanen Stil.<\/div>\n<\/div>\n<div><\/div>\n<div><strong>Das Model ist 180 cm gro\u00df, wiegt 80 kg und tr\u00e4gt Gr\u00f6\u00dfe L.<\/strong><\/div>\n<div>\n<ul>\n<li>Material: 65 % Viskose, 35 % Nylon<\/li>\n<li>Farbe: Grau<\/li>\n<li>Passform: Normale Passform<\/li>\n<li>Verschluss: Rei\u00dfverschluss<\/li>\n<li>Details: Brusttasche mit Patte, gerippter Kragen und B\u00fcndchen<\/li>\n<li>Eine vielseitige Weste, die Komfort und Stil m\u00fchelos vereint. Perfekt als zus\u00e4tzliche Schicht, drinnen wie drau\u00dfen.<\/li>\n<\/ul>\n<div>Die Viskosemischung f\u00fchlt sich weich und atmungsaktiv an, w\u00e4hrend Nylon f\u00fcr Strapazierf\u00e4higkeit und Formbest\u00e4ndigkeit sorgt. Die feine Strickstruktur und die saubere Verarbeitung unterstreichen den Premium-Charakter dieser Genti-Weste.<\/div>\n<\/div>\n<div><\/div>\n<div><\/div>\n","protected":false},"excerpt":{"rendered":"<p>Diese Genti-Weste mit Rei\u00dfverschluss vereint einen modernen, funktionalen Look mit au\u00dfergew\u00f6hnlichem Tragekomfort. Die feine Strickstruktur und die klaren Linien verleihen ihr einen zeitgem\u00e4\u00dfen Look. Der Rei\u00dfverschluss und die Brusttasche sorgen f\u00fcr Funktionalit\u00e4t und machen sie zum idealen Begleiter f\u00fcr den Alltag in einem eleganten, urbanen Stil. Das Model ist 180 cm gro\u00df, wiegt 80 kg [&#8230;]\n","protected":false},"featured_media":222120,"comment_status":"open","ping_status":"closed","template":"","meta":{"rank_math_lock_modified_date":false},"product_cat":[447,451,463,676,695,711],"product_tag":[],"class_list":{"0":"post-222128","1":"product","2":"type-product","3":"status-publish","4":"has-post-thumbnail","6":"product_cat-kleding-de","7":"product_cat-heren-de","8":"product_cat-vousten-sports-de-2","9":"product_cat-westen-de","10":"product_cat-truien-vesten-de-2","11":"product_cat-genti-de","13":"first","14":"instock","15":"taxable","16":"shipping-taxable","17":"purchasable","18":"product-type-variable"},"acf":[],"yoast_head":"<!-- This site is optimized with the Yoast SEO plugin v23.9 - https:\/\/yoast.com\/wordpress\/plugins\/seo\/ -->\n<title>GENTI - Cool Dry Weste grau (42519) - Vousten Sports<\/title>\n<meta name=\"robots\" content=\"index, follow, max-snippet:-1, max-image-preview:large, max-video-preview:-1\" \/>\n<link rel=\"canonical\" href=\"https:\/\/www.voustensports.com\/de\/genti-cool-dry-weste-grau-42519\/\" \/>\n<meta property=\"og:locale\" content=\"de_DE\" \/>\n<meta property=\"og:type\" content=\"article\" \/>\n<meta property=\"og:title\" content=\"GENTI - Cool Dry Weste grau (42519) - Vousten Sports\" \/>\n<meta property=\"og:description\" content=\"Diese Genti-Weste mit Rei\u00dfverschluss vereint einen modernen, funktionalen Look mit au\u00dfergew\u00f6hnlichem Tragekomfort. Die feine Strickstruktur und die klaren Linien verleihen ihr einen zeitgem\u00e4\u00dfen Look. Der Rei\u00dfverschluss und die Brusttasche sorgen f\u00fcr Funktionalit\u00e4t und machen sie zum idealen Begleiter f\u00fcr den Alltag in einem eleganten, urbanen Stil. Das Model ist 180 cm gro\u00df, wiegt 80 kg [...]\" \/>\n<meta property=\"og:url\" content=\"https:\/\/www.voustensports.com\/de\/genti-cool-dry-weste-grau-42519\/\" \/>\n<meta property=\"og:site_name\" content=\"Vousten Sports\" \/>\n<meta property=\"article:modified_time\" content=\"2026-04-18T00:12:12+00:00\" \/>\n<meta property=\"og:image\" content=\"https:\/\/www.voustensports.com\/wp-content\/uploads\/2023\/06\/Cool-Dry-Vest-grijs-425191.jpg\" \/>\n\t<meta property=\"og:image:width\" content=\"1365\" \/>\n\t<meta property=\"og:image:height\" content=\"2048\" \/>\n\t<meta property=\"og:image:type\" content=\"image\/jpeg\" \/>\n<meta name=\"twitter:card\" content=\"summary_large_image\" \/>\n<meta name=\"twitter:label1\" content=\"Est. reading time\" \/>\n\t<meta name=\"twitter:data1\" content=\"1 Minute\" \/>\n<script type=\"application\/ld+json\" class=\"yoast-schema-graph\">{\"@context\":\"https:\/\/schema.org\",\"@graph\":[{\"@type\":\"WebPage\",\"@id\":\"https:\/\/www.voustensports.com\/de\/genti-cool-dry-weste-grau-42519\/\",\"url\":\"https:\/\/www.voustensports.com\/de\/genti-cool-dry-weste-grau-42519\/\",\"name\":\"GENTI - Cool Dry Weste grau (42519) - Vousten Sports\",\"isPartOf\":{\"@id\":\"https:\/\/www.voustensports.com\/nl\/#website\"},\"primaryImageOfPage\":{\"@id\":\"https:\/\/www.voustensports.com\/de\/genti-cool-dry-weste-grau-42519\/#primaryimage\"},\"image\":{\"@id\":\"https:\/\/www.voustensports.com\/de\/genti-cool-dry-weste-grau-42519\/#primaryimage\"},\"thumbnailUrl\":\"https:\/\/www.voustensports.com\/wp-content\/uploads\/2023\/06\/Cool-Dry-Vest-grijs-425191.jpg\",\"datePublished\":\"2026-02-17T16:27:07+00:00\",\"dateModified\":\"2026-04-18T00:12:12+00:00\",\"breadcrumb\":{\"@id\":\"https:\/\/www.voustensports.com\/de\/genti-cool-dry-weste-grau-42519\/#breadcrumb\"},\"inLanguage\":\"de-DE\",\"potentialAction\":[{\"@type\":\"ReadAction\",\"target\":[\"https:\/\/www.voustensports.com\/de\/genti-cool-dry-weste-grau-42519\/\"]}]},{\"@type\":\"ImageObject\",\"inLanguage\":\"de-DE\",\"@id\":\"https:\/\/www.voustensports.com\/de\/genti-cool-dry-weste-grau-42519\/#primaryimage\",\"url\":\"https:\/\/www.voustensports.com\/wp-content\/uploads\/2023\/06\/Cool-Dry-Vest-grijs-425191.jpg\",\"contentUrl\":\"https:\/\/www.voustensports.com\/wp-content\/uploads\/2023\/06\/Cool-Dry-Vest-grijs-425191.jpg\",\"width\":1365,\"height\":2048},{\"@type\":\"BreadcrumbList\",\"@id\":\"https:\/\/www.voustensports.com\/de\/genti-cool-dry-weste-grau-42519\/#breadcrumb\",\"itemListElement\":[{\"@type\":\"ListItem\",\"position\":1,\"name\":\"Home\",\"item\":\"https:\/\/www.voustensports.com\/de\/\"},{\"@type\":\"ListItem\",\"position\":2,\"name\":\"Shop\",\"item\":\"https:\/\/www.voustensports.com\/de\/shop\/\"},{\"@type\":\"ListItem\",\"position\":3,\"name\":\"GENTI &#8211; Cool Dry Weste grau (42519)\"}]},{\"@type\":\"WebSite\",\"@id\":\"https:\/\/www.voustensports.com\/nl\/#website\",\"url\":\"https:\/\/www.voustensports.com\/nl\/\",\"name\":\"Vousten Sports\",\"description\":\"\",\"potentialAction\":[{\"@type\":\"SearchAction\",\"target\":{\"@type\":\"EntryPoint\",\"urlTemplate\":\"https:\/\/www.voustensports.com\/nl\/?s={search_term_string}\"},\"query-input\":{\"@type\":\"PropertyValueSpecification\",\"valueRequired\":true,\"valueName\":\"search_term_string\"}}],\"inLanguage\":\"de-DE\"}]}<\/script>\n<!-- \/ Yoast SEO plugin. -->","yoast_head_json":{"title":"GENTI - Cool Dry Weste grau (42519) - Vousten Sports","robots":{"index":"index","follow":"follow","max-snippet":"max-snippet:-1","max-image-preview":"max-image-preview:large","max-video-preview":"max-video-preview:-1"},"canonical":"https:\/\/www.voustensports.com\/de\/genti-cool-dry-weste-grau-42519\/","og_locale":"de_DE","og_type":"article","og_title":"GENTI - Cool Dry Weste grau (42519) - Vousten Sports","og_description":"Diese Genti-Weste mit Rei\u00dfverschluss vereint einen modernen, funktionalen Look mit au\u00dfergew\u00f6hnlichem Tragekomfort. Die feine Strickstruktur und die klaren Linien verleihen ihr einen zeitgem\u00e4\u00dfen Look. Der Rei\u00dfverschluss und die Brusttasche sorgen f\u00fcr Funktionalit\u00e4t und machen sie zum idealen Begleiter f\u00fcr den Alltag in einem eleganten, urbanen Stil. Das Model ist 180 cm gro\u00df, wiegt 80 kg [...]","og_url":"https:\/\/www.voustensports.com\/de\/genti-cool-dry-weste-grau-42519\/","og_site_name":"Vousten Sports","article_modified_time":"2026-04-18T00:12:12+00:00","og_image":[{"width":1365,"height":2048,"url":"https:\/\/www.voustensports.com\/wp-content\/uploads\/2023\/06\/Cool-Dry-Vest-grijs-425191.jpg","type":"image\/jpeg"}],"twitter_card":"summary_large_image","twitter_misc":{"Est. reading time":"1 Minute"},"schema":{"@context":"https:\/\/schema.org","@graph":[{"@type":"WebPage","@id":"https:\/\/www.voustensports.com\/de\/genti-cool-dry-weste-grau-42519\/","url":"https:\/\/www.voustensports.com\/de\/genti-cool-dry-weste-grau-42519\/","name":"GENTI - Cool Dry Weste grau (42519) - Vousten Sports","isPartOf":{"@id":"https:\/\/www.voustensports.com\/nl\/#website"},"primaryImageOfPage":{"@id":"https:\/\/www.voustensports.com\/de\/genti-cool-dry-weste-grau-42519\/#primaryimage"},"image":{"@id":"https:\/\/www.voustensports.com\/de\/genti-cool-dry-weste-grau-42519\/#primaryimage"},"thumbnailUrl":"https:\/\/www.voustensports.com\/wp-content\/uploads\/2023\/06\/Cool-Dry-Vest-grijs-425191.jpg","datePublished":"2026-02-17T16:27:07+00:00","dateModified":"2026-04-18T00:12:12+00:00","breadcrumb":{"@id":"https:\/\/www.voustensports.com\/de\/genti-cool-dry-weste-grau-42519\/#breadcrumb"},"inLanguage":"de-DE","potentialAction":[{"@type":"ReadAction","target":["https:\/\/www.voustensports.com\/de\/genti-cool-dry-weste-grau-42519\/"]}]},{"@type":"ImageObject","inLanguage":"de-DE","@id":"https:\/\/www.voustensports.com\/de\/genti-cool-dry-weste-grau-42519\/#primaryimage","url":"https:\/\/www.voustensports.com\/wp-content\/uploads\/2023\/06\/Cool-Dry-Vest-grijs-425191.jpg","contentUrl":"https:\/\/www.voustensports.com\/wp-content\/uploads\/2023\/06\/Cool-Dry-Vest-grijs-425191.jpg","width":1365,"height":2048},{"@type":"BreadcrumbList","@id":"https:\/\/www.voustensports.com\/de\/genti-cool-dry-weste-grau-42519\/#breadcrumb","itemListElement":[{"@type":"ListItem","position":1,"name":"Home","item":"https:\/\/www.voustensports.com\/de\/"},{"@type":"ListItem","position":2,"name":"Shop","item":"https:\/\/www.voustensports.com\/de\/shop\/"},{"@type":"ListItem","position":3,"name":"GENTI &#8211; Cool Dry Weste grau (42519)"}]},{"@type":"WebSite","@id":"https:\/\/www.voustensports.com\/nl\/#website","url":"https:\/\/www.voustensports.com\/nl\/","name":"Vousten Sports","description":"","potentialAction":[{"@type":"SearchAction","target":{"@type":"EntryPoint","urlTemplate":"https:\/\/www.voustensports.com\/nl\/?s={search_term_string}"},"query-input":{"@type":"PropertyValueSpecification","valueRequired":true,"valueName":"search_term_string"}}],"inLanguage":"de-DE"}]}},"_links":{"self":[{"href":"https:\/\/www.voustensports.com\/de\/wp-json\/wp\/v2\/product\/222128","targetHints":{"allow":["GET"]}}],"collection":[{"href":"https:\/\/www.voustensports.com\/de\/wp-json\/wp\/v2\/product"}],"about":[{"href":"https:\/\/www.voustensports.com\/de\/wp-json\/wp\/v2\/types\/product"}],"replies":[{"embeddable":true,"href":"https:\/\/www.voustensports.com\/de\/wp-json\/wp\/v2\/comments?post=222128"}],"wp:featuredmedia":[{"embeddable":true,"href":"https:\/\/www.voustensports.com\/de\/wp-json\/wp\/v2\/media\/222120"}],"wp:attachment":[{"href":"https:\/\/www.voustensports.com\/de\/wp-json\/wp\/v2\/media?parent=222128"}],"wp:term":[{"taxonomy":"product_cat","embeddable":true,"href":"https:\/\/www.voustensports.com\/de\/wp-json\/wp\/v2\/product_cat?post=222128"},{"taxonomy":"product_tag","embeddable":true,"href":"https:\/\/www.voustensports.com\/de\/wp-json\/wp\/v2\/product_tag?post=222128"}],"curies":[{"name":"wp","href":"https:\/\/api.w.org\/{rel}","templated":true}]}}