{"id":221396,"date":"2026-02-15T17:30:11","date_gmt":"2026-02-15T16:30:11","guid":{"rendered":"https:\/\/www.voustensports.com\/flaneur-sounds-good-kapuzenjacke-mit-reisverschluss-schwarz-42420\/"},"modified":"2026-03-28T17:15:12","modified_gmt":"2026-03-28T16:15:12","slug":"flaneur-sounds-good-kapuzenjacke-mit-reisverschluss-schwarz-42420","status":"publish","type":"product","link":"https:\/\/www.voustensports.com\/de\/flaneur-sounds-good-kapuzenjacke-mit-reisverschluss-schwarz-42420\/","title":{"rendered":"FLANEUR &#8211; Sounds Good Kapuzenjacke mit Rei\u00dfverschluss, Schwarz (42420)"},"content":{"rendered":"<p>Schwarze Kapuzenjacke mit Rei\u00dfverschluss und Siebdruck<\/p>\n<p>Farbe: Schwarz<br \/>\nMaterial: Baumwolle<br \/>\nUnsere GOTS-Zertifizierung garantiert eine umwelt- und sozialvertr\u00e4gliche Produktion \u2013 vom Rohmaterial bis zum Etikett \u2013 und unterstreicht unser unersch\u00fctterliches Engagement f\u00fcr Nachhaltigkeit und Qualit\u00e4t.<\/p>\n","protected":false},"excerpt":{"rendered":"<p>Schwarze Kapuzenjacke mit Rei\u00dfverschluss und Siebdruck Farbe: Schwarz Material: Baumwolle Unsere GOTS-Zertifizierung garantiert eine umwelt- und sozialvertr\u00e4gliche Produktion \u2013 vom Rohmaterial bis zum Etikett \u2013 und unterstreicht unser unersch\u00fctterliches Engagement f\u00fcr Nachhaltigkeit und Qualit\u00e4t.<\/p>\n","protected":false},"featured_media":221388,"comment_status":"open","ping_status":"closed","template":"","meta":{"rank_math_lock_modified_date":false},"product_cat":[535,695,760,913,447,451,463],"product_tag":[],"class_list":{"0":"post-221396","1":"product","2":"type-product","3":"status-publish","4":"has-post-thumbnail","6":"product_cat-truien-de-2","7":"product_cat-truien-vesten-de-2","8":"product_cat-hoodies-de","9":"product_cat-flaneur-de","10":"product_cat-kleding-de","11":"product_cat-heren-de","12":"product_cat-vousten-sports-de-2","14":"first","15":"instock","16":"taxable","17":"shipping-taxable","18":"purchasable","19":"product-type-variable"},"acf":[],"yoast_head":"<!-- This site is optimized with the Yoast SEO plugin v23.9 - https:\/\/yoast.com\/wordpress\/plugins\/seo\/ -->\n<title>FLANEUR - Sounds Good Kapuzenjacke mit Rei\u00dfverschluss, Schwarz (42420) - Vousten Sports<\/title>\n<meta name=\"robots\" content=\"index, follow, max-snippet:-1, max-image-preview:large, max-video-preview:-1\" \/>\n<link rel=\"canonical\" href=\"https:\/\/www.voustensports.com\/de\/flaneur-sounds-good-kapuzenjacke-mit-reisverschluss-schwarz-42420\/\" \/>\n<meta property=\"og:locale\" content=\"de_DE\" \/>\n<meta property=\"og:type\" content=\"article\" \/>\n<meta property=\"og:title\" content=\"FLANEUR - Sounds Good Kapuzenjacke mit Rei\u00dfverschluss, Schwarz (42420) - Vousten Sports\" \/>\n<meta property=\"og:description\" content=\"Schwarze Kapuzenjacke mit Rei\u00dfverschluss und Siebdruck Farbe: Schwarz Material: Baumwolle Unsere GOTS-Zertifizierung garantiert eine umwelt- und sozialvertr\u00e4gliche Produktion \u2013 vom Rohmaterial bis zum Etikett \u2013 und unterstreicht unser unersch\u00fctterliches Engagement f\u00fcr Nachhaltigkeit und Qualit\u00e4t.\" \/>\n<meta property=\"og:url\" content=\"https:\/\/www.voustensports.com\/de\/flaneur-sounds-good-kapuzenjacke-mit-reisverschluss-schwarz-42420\/\" \/>\n<meta property=\"og:site_name\" content=\"Vousten Sports\" \/>\n<meta property=\"article:modified_time\" content=\"2026-03-28T16:15:12+00:00\" \/>\n<meta property=\"og:image\" content=\"https:\/\/www.voustensports.com\/wp-content\/uploads\/2023\/06\/FLANEUR-Sounds-Good-Zip-Up-Black-42420-1.jpg\" \/>\n\t<meta property=\"og:image:width\" content=\"1365\" \/>\n\t<meta property=\"og:image:height\" content=\"2048\" \/>\n\t<meta property=\"og:image:type\" content=\"image\/jpeg\" \/>\n<meta name=\"twitter:card\" content=\"summary_large_image\" \/>\n<script type=\"application\/ld+json\" class=\"yoast-schema-graph\">{\"@context\":\"https:\/\/schema.org\",\"@graph\":[{\"@type\":\"WebPage\",\"@id\":\"https:\/\/www.voustensports.com\/de\/flaneur-sounds-good-kapuzenjacke-mit-reisverschluss-schwarz-42420\/\",\"url\":\"https:\/\/www.voustensports.com\/de\/flaneur-sounds-good-kapuzenjacke-mit-reisverschluss-schwarz-42420\/\",\"name\":\"FLANEUR - Sounds Good Kapuzenjacke mit Rei\u00dfverschluss, Schwarz (42420) - Vousten Sports\",\"isPartOf\":{\"@id\":\"https:\/\/www.voustensports.com\/nl\/#website\"},\"primaryImageOfPage\":{\"@id\":\"https:\/\/www.voustensports.com\/de\/flaneur-sounds-good-kapuzenjacke-mit-reisverschluss-schwarz-42420\/#primaryimage\"},\"image\":{\"@id\":\"https:\/\/www.voustensports.com\/de\/flaneur-sounds-good-kapuzenjacke-mit-reisverschluss-schwarz-42420\/#primaryimage\"},\"thumbnailUrl\":\"https:\/\/www.voustensports.com\/wp-content\/uploads\/2023\/06\/FLANEUR-Sounds-Good-Zip-Up-Black-42420-1.jpg\",\"datePublished\":\"2026-02-15T16:30:11+00:00\",\"dateModified\":\"2026-03-28T16:15:12+00:00\",\"breadcrumb\":{\"@id\":\"https:\/\/www.voustensports.com\/de\/flaneur-sounds-good-kapuzenjacke-mit-reisverschluss-schwarz-42420\/#breadcrumb\"},\"inLanguage\":\"de-DE\",\"potentialAction\":[{\"@type\":\"ReadAction\",\"target\":[\"https:\/\/www.voustensports.com\/de\/flaneur-sounds-good-kapuzenjacke-mit-reisverschluss-schwarz-42420\/\"]}]},{\"@type\":\"ImageObject\",\"inLanguage\":\"de-DE\",\"@id\":\"https:\/\/www.voustensports.com\/de\/flaneur-sounds-good-kapuzenjacke-mit-reisverschluss-schwarz-42420\/#primaryimage\",\"url\":\"https:\/\/www.voustensports.com\/wp-content\/uploads\/2023\/06\/FLANEUR-Sounds-Good-Zip-Up-Black-42420-1.jpg\",\"contentUrl\":\"https:\/\/www.voustensports.com\/wp-content\/uploads\/2023\/06\/FLANEUR-Sounds-Good-Zip-Up-Black-42420-1.jpg\",\"width\":1365,\"height\":2048},{\"@type\":\"BreadcrumbList\",\"@id\":\"https:\/\/www.voustensports.com\/de\/flaneur-sounds-good-kapuzenjacke-mit-reisverschluss-schwarz-42420\/#breadcrumb\",\"itemListElement\":[{\"@type\":\"ListItem\",\"position\":1,\"name\":\"Home\",\"item\":\"https:\/\/www.voustensports.com\/de\/\"},{\"@type\":\"ListItem\",\"position\":2,\"name\":\"Shop\",\"item\":\"https:\/\/www.voustensports.com\/de\/shop\/\"},{\"@type\":\"ListItem\",\"position\":3,\"name\":\"FLANEUR &#8211; Sounds Good Kapuzenjacke mit Rei\u00dfverschluss, Schwarz (42420)\"}]},{\"@type\":\"WebSite\",\"@id\":\"https:\/\/www.voustensports.com\/nl\/#website\",\"url\":\"https:\/\/www.voustensports.com\/nl\/\",\"name\":\"Vousten Sports\",\"description\":\"\",\"potentialAction\":[{\"@type\":\"SearchAction\",\"target\":{\"@type\":\"EntryPoint\",\"urlTemplate\":\"https:\/\/www.voustensports.com\/nl\/?s={search_term_string}\"},\"query-input\":{\"@type\":\"PropertyValueSpecification\",\"valueRequired\":true,\"valueName\":\"search_term_string\"}}],\"inLanguage\":\"de-DE\"}]}<\/script>\n<!-- \/ Yoast SEO plugin. -->","yoast_head_json":{"title":"FLANEUR - Sounds Good Kapuzenjacke mit Rei\u00dfverschluss, Schwarz (42420) - Vousten Sports","robots":{"index":"index","follow":"follow","max-snippet":"max-snippet:-1","max-image-preview":"max-image-preview:large","max-video-preview":"max-video-preview:-1"},"canonical":"https:\/\/www.voustensports.com\/de\/flaneur-sounds-good-kapuzenjacke-mit-reisverschluss-schwarz-42420\/","og_locale":"de_DE","og_type":"article","og_title":"FLANEUR - Sounds Good Kapuzenjacke mit Rei\u00dfverschluss, Schwarz (42420) - Vousten Sports","og_description":"Schwarze Kapuzenjacke mit Rei\u00dfverschluss und Siebdruck Farbe: Schwarz Material: Baumwolle Unsere GOTS-Zertifizierung garantiert eine umwelt- und sozialvertr\u00e4gliche Produktion \u2013 vom Rohmaterial bis zum Etikett \u2013 und unterstreicht unser unersch\u00fctterliches Engagement f\u00fcr Nachhaltigkeit und Qualit\u00e4t.","og_url":"https:\/\/www.voustensports.com\/de\/flaneur-sounds-good-kapuzenjacke-mit-reisverschluss-schwarz-42420\/","og_site_name":"Vousten Sports","article_modified_time":"2026-03-28T16:15:12+00:00","og_image":[{"width":1365,"height":2048,"url":"https:\/\/www.voustensports.com\/wp-content\/uploads\/2023\/06\/FLANEUR-Sounds-Good-Zip-Up-Black-42420-1.jpg","type":"image\/jpeg"}],"twitter_card":"summary_large_image","schema":{"@context":"https:\/\/schema.org","@graph":[{"@type":"WebPage","@id":"https:\/\/www.voustensports.com\/de\/flaneur-sounds-good-kapuzenjacke-mit-reisverschluss-schwarz-42420\/","url":"https:\/\/www.voustensports.com\/de\/flaneur-sounds-good-kapuzenjacke-mit-reisverschluss-schwarz-42420\/","name":"FLANEUR - Sounds Good Kapuzenjacke mit Rei\u00dfverschluss, Schwarz (42420) - Vousten Sports","isPartOf":{"@id":"https:\/\/www.voustensports.com\/nl\/#website"},"primaryImageOfPage":{"@id":"https:\/\/www.voustensports.com\/de\/flaneur-sounds-good-kapuzenjacke-mit-reisverschluss-schwarz-42420\/#primaryimage"},"image":{"@id":"https:\/\/www.voustensports.com\/de\/flaneur-sounds-good-kapuzenjacke-mit-reisverschluss-schwarz-42420\/#primaryimage"},"thumbnailUrl":"https:\/\/www.voustensports.com\/wp-content\/uploads\/2023\/06\/FLANEUR-Sounds-Good-Zip-Up-Black-42420-1.jpg","datePublished":"2026-02-15T16:30:11+00:00","dateModified":"2026-03-28T16:15:12+00:00","breadcrumb":{"@id":"https:\/\/www.voustensports.com\/de\/flaneur-sounds-good-kapuzenjacke-mit-reisverschluss-schwarz-42420\/#breadcrumb"},"inLanguage":"de-DE","potentialAction":[{"@type":"ReadAction","target":["https:\/\/www.voustensports.com\/de\/flaneur-sounds-good-kapuzenjacke-mit-reisverschluss-schwarz-42420\/"]}]},{"@type":"ImageObject","inLanguage":"de-DE","@id":"https:\/\/www.voustensports.com\/de\/flaneur-sounds-good-kapuzenjacke-mit-reisverschluss-schwarz-42420\/#primaryimage","url":"https:\/\/www.voustensports.com\/wp-content\/uploads\/2023\/06\/FLANEUR-Sounds-Good-Zip-Up-Black-42420-1.jpg","contentUrl":"https:\/\/www.voustensports.com\/wp-content\/uploads\/2023\/06\/FLANEUR-Sounds-Good-Zip-Up-Black-42420-1.jpg","width":1365,"height":2048},{"@type":"BreadcrumbList","@id":"https:\/\/www.voustensports.com\/de\/flaneur-sounds-good-kapuzenjacke-mit-reisverschluss-schwarz-42420\/#breadcrumb","itemListElement":[{"@type":"ListItem","position":1,"name":"Home","item":"https:\/\/www.voustensports.com\/de\/"},{"@type":"ListItem","position":2,"name":"Shop","item":"https:\/\/www.voustensports.com\/de\/shop\/"},{"@type":"ListItem","position":3,"name":"FLANEUR &#8211; Sounds Good Kapuzenjacke mit Rei\u00dfverschluss, Schwarz (42420)"}]},{"@type":"WebSite","@id":"https:\/\/www.voustensports.com\/nl\/#website","url":"https:\/\/www.voustensports.com\/nl\/","name":"Vousten Sports","description":"","potentialAction":[{"@type":"SearchAction","target":{"@type":"EntryPoint","urlTemplate":"https:\/\/www.voustensports.com\/nl\/?s={search_term_string}"},"query-input":{"@type":"PropertyValueSpecification","valueRequired":true,"valueName":"search_term_string"}}],"inLanguage":"de-DE"}]}},"_links":{"self":[{"href":"https:\/\/www.voustensports.com\/de\/wp-json\/wp\/v2\/product\/221396","targetHints":{"allow":["GET"]}}],"collection":[{"href":"https:\/\/www.voustensports.com\/de\/wp-json\/wp\/v2\/product"}],"about":[{"href":"https:\/\/www.voustensports.com\/de\/wp-json\/wp\/v2\/types\/product"}],"replies":[{"embeddable":true,"href":"https:\/\/www.voustensports.com\/de\/wp-json\/wp\/v2\/comments?post=221396"}],"wp:featuredmedia":[{"embeddable":true,"href":"https:\/\/www.voustensports.com\/de\/wp-json\/wp\/v2\/media\/221388"}],"wp:attachment":[{"href":"https:\/\/www.voustensports.com\/de\/wp-json\/wp\/v2\/media?parent=221396"}],"wp:term":[{"taxonomy":"product_cat","embeddable":true,"href":"https:\/\/www.voustensports.com\/de\/wp-json\/wp\/v2\/product_cat?post=221396"},{"taxonomy":"product_tag","embeddable":true,"href":"https:\/\/www.voustensports.com\/de\/wp-json\/wp\/v2\/product_tag?post=221396"}],"curies":[{"name":"wp","href":"https:\/\/api.w.org\/{rel}","templated":true}]}}