{"id":221218,"date":"2026-02-15T02:21:08","date_gmt":"2026-02-15T01:21:08","guid":{"rendered":"https:\/\/www.voustensports.com\/stone-island-rundhals-sweatshirt-grau-42550\/"},"modified":"2026-04-25T05:45:11","modified_gmt":"2026-04-25T03:45:11","slug":"stone-island-rundhals-sweatshirt-grau-42550","status":"publish","type":"product","link":"https:\/\/www.voustensports.com\/de\/stone-island-rundhals-sweatshirt-grau-42550\/","title":{"rendered":"STONE ISLAND &#8211; GHOST CREWNECK SWEATSHIRT HELLGRAU (42550)"},"content":{"rendered":"<div>PRODUKTDETAILS<\/div>\n<div>Die Ghost-Kollektion, inspiriert vom Camouflage-Konzept, ist komplett monochrom. Selbst das Stone Island-Logo ist in einer speziellen einfarbigen Version gehalten, die perfekt mit dem Kleidungsst\u00fcck verschmilzt. Das Sweatshirt mit Rundhalsausschnitt ist aus dehnbarem Baumwollfleece gefertigt. Leicht. St\u00fcckgef\u00e4rbt.<\/div>\n<div><\/div>\n<div>STIL<\/div>\n<ul>\n<li>Gerippter Halsausschnitt.<\/li>\n<li>Raglan\u00e4rmel.<\/li>\n<li>Stone Island Ghost-Logo am linken \u00c4rmel.<\/li>\n<li>Gerippte B\u00fcndchen.<\/li>\n<li>Normale Passform.<\/li>\n<\/ul>\n<div><\/div>\n<div>MATERIAL<\/div>\n<ul>\n<li>Oberteil: 95 % Baumwolle, 5 % Elastan.<\/li>\n<li>B\u00fcndchen: 96 % Baumwolle, 4 % Elastan.<\/li>\n<li>Stone Island Nr.: L1S156100064S00F3V0064<\/li>\n<li>ID-Nr.: 42550<\/li>\n<\/ul>\n","protected":false},"excerpt":{"rendered":"<p>PRODUKTDETAILS Die Ghost-Kollektion, inspiriert vom Camouflage-Konzept, ist komplett monochrom. Selbst das Stone Island-Logo ist in einer speziellen einfarbigen Version gehalten, die perfekt mit dem Kleidungsst\u00fcck verschmilzt. Das Sweatshirt mit Rundhalsausschnitt ist aus dehnbarem Baumwollfleece gefertigt. Leicht. St\u00fcckgef\u00e4rbt. STIL Gerippter Halsausschnitt. Raglan\u00e4rmel. Stone Island Ghost-Logo am linken \u00c4rmel. Gerippte B\u00fcndchen. Normale Passform. MATERIAL Oberteil: 95 % [&#8230;]\n","protected":false},"featured_media":229484,"comment_status":"open","ping_status":"closed","template":"","meta":{"rank_math_lock_modified_date":false},"product_cat":[447,451,463,483,535,695,698],"product_tag":[],"class_list":{"0":"post-221218","1":"product","2":"type-product","3":"status-publish","4":"has-post-thumbnail","6":"product_cat-kleding-de","7":"product_cat-heren-de","8":"product_cat-vousten-sports-de-2","9":"product_cat-stone-island-de-2","10":"product_cat-truien-de-2","11":"product_cat-truien-vesten-de-2","12":"product_cat-sweaters-de-2","14":"first","15":"instock","16":"taxable","17":"shipping-taxable","18":"purchasable","19":"product-type-variable"},"acf":[],"yoast_head":"<!-- This site is optimized with the Yoast SEO plugin v23.9 - https:\/\/yoast.com\/wordpress\/plugins\/seo\/ -->\n<title>STONE ISLAND - GHOST CREWNECK SWEATSHIRT HELLGRAU (42550) - Vousten Sports<\/title>\n<meta name=\"robots\" content=\"index, follow, max-snippet:-1, max-image-preview:large, max-video-preview:-1\" \/>\n<link rel=\"canonical\" href=\"https:\/\/www.voustensports.com\/de\/stone-island-rundhals-sweatshirt-grau-42550\/\" \/>\n<meta property=\"og:locale\" content=\"de_DE\" \/>\n<meta property=\"og:type\" content=\"article\" \/>\n<meta property=\"og:title\" content=\"STONE ISLAND - GHOST CREWNECK SWEATSHIRT HELLGRAU (42550) - Vousten Sports\" \/>\n<meta property=\"og:description\" content=\"PRODUKTDETAILS Die Ghost-Kollektion, inspiriert vom Camouflage-Konzept, ist komplett monochrom. Selbst das Stone Island-Logo ist in einer speziellen einfarbigen Version gehalten, die perfekt mit dem Kleidungsst\u00fcck verschmilzt. Das Sweatshirt mit Rundhalsausschnitt ist aus dehnbarem Baumwollfleece gefertigt. Leicht. St\u00fcckgef\u00e4rbt. STIL Gerippter Halsausschnitt. Raglan\u00e4rmel. Stone Island Ghost-Logo am linken \u00c4rmel. Gerippte B\u00fcndchen. Normale Passform. MATERIAL Oberteil: 95 % [...]\" \/>\n<meta property=\"og:url\" content=\"https:\/\/www.voustensports.com\/de\/stone-island-rundhals-sweatshirt-grau-42550\/\" \/>\n<meta property=\"og:site_name\" content=\"Vousten Sports\" \/>\n<meta property=\"article:modified_time\" content=\"2026-04-25T03:45:11+00:00\" \/>\n<meta property=\"og:image\" content=\"https:\/\/www.voustensports.com\/wp-content\/uploads\/2023\/06\/GHOST-CREWNECK-SWEATSHIRT-LICHTGRIJS-425501.jpg\" \/>\n\t<meta property=\"og:image:width\" content=\"1365\" \/>\n\t<meta property=\"og:image:height\" content=\"2048\" \/>\n\t<meta property=\"og:image:type\" content=\"image\/jpeg\" \/>\n<meta name=\"twitter:card\" content=\"summary_large_image\" \/>\n<script type=\"application\/ld+json\" class=\"yoast-schema-graph\">{\"@context\":\"https:\/\/schema.org\",\"@graph\":[{\"@type\":\"WebPage\",\"@id\":\"https:\/\/www.voustensports.com\/de\/stone-island-rundhals-sweatshirt-grau-42550\/\",\"url\":\"https:\/\/www.voustensports.com\/de\/stone-island-rundhals-sweatshirt-grau-42550\/\",\"name\":\"STONE ISLAND - GHOST CREWNECK SWEATSHIRT HELLGRAU (42550) - Vousten Sports\",\"isPartOf\":{\"@id\":\"https:\/\/www.voustensports.com\/nl\/#website\"},\"primaryImageOfPage\":{\"@id\":\"https:\/\/www.voustensports.com\/de\/stone-island-rundhals-sweatshirt-grau-42550\/#primaryimage\"},\"image\":{\"@id\":\"https:\/\/www.voustensports.com\/de\/stone-island-rundhals-sweatshirt-grau-42550\/#primaryimage\"},\"thumbnailUrl\":\"https:\/\/www.voustensports.com\/wp-content\/uploads\/2023\/06\/GHOST-CREWNECK-SWEATSHIRT-LICHTGRIJS-425501.jpg\",\"datePublished\":\"2026-02-15T01:21:08+00:00\",\"dateModified\":\"2026-04-25T03:45:11+00:00\",\"breadcrumb\":{\"@id\":\"https:\/\/www.voustensports.com\/de\/stone-island-rundhals-sweatshirt-grau-42550\/#breadcrumb\"},\"inLanguage\":\"de-DE\",\"potentialAction\":[{\"@type\":\"ReadAction\",\"target\":[\"https:\/\/www.voustensports.com\/de\/stone-island-rundhals-sweatshirt-grau-42550\/\"]}]},{\"@type\":\"ImageObject\",\"inLanguage\":\"de-DE\",\"@id\":\"https:\/\/www.voustensports.com\/de\/stone-island-rundhals-sweatshirt-grau-42550\/#primaryimage\",\"url\":\"https:\/\/www.voustensports.com\/wp-content\/uploads\/2023\/06\/GHOST-CREWNECK-SWEATSHIRT-LICHTGRIJS-425501.jpg\",\"contentUrl\":\"https:\/\/www.voustensports.com\/wp-content\/uploads\/2023\/06\/GHOST-CREWNECK-SWEATSHIRT-LICHTGRIJS-425501.jpg\",\"width\":1365,\"height\":2048},{\"@type\":\"BreadcrumbList\",\"@id\":\"https:\/\/www.voustensports.com\/de\/stone-island-rundhals-sweatshirt-grau-42550\/#breadcrumb\",\"itemListElement\":[{\"@type\":\"ListItem\",\"position\":1,\"name\":\"Home\",\"item\":\"https:\/\/www.voustensports.com\/de\/\"},{\"@type\":\"ListItem\",\"position\":2,\"name\":\"Shop\",\"item\":\"https:\/\/www.voustensports.com\/de\/shop\/\"},{\"@type\":\"ListItem\",\"position\":3,\"name\":\"STONE ISLAND &#8211; GHOST CREWNECK SWEATSHIRT HELLGRAU (42550)\"}]},{\"@type\":\"WebSite\",\"@id\":\"https:\/\/www.voustensports.com\/nl\/#website\",\"url\":\"https:\/\/www.voustensports.com\/nl\/\",\"name\":\"Vousten Sports\",\"description\":\"\",\"potentialAction\":[{\"@type\":\"SearchAction\",\"target\":{\"@type\":\"EntryPoint\",\"urlTemplate\":\"https:\/\/www.voustensports.com\/nl\/?s={search_term_string}\"},\"query-input\":{\"@type\":\"PropertyValueSpecification\",\"valueRequired\":true,\"valueName\":\"search_term_string\"}}],\"inLanguage\":\"de-DE\"}]}<\/script>\n<!-- \/ Yoast SEO plugin. -->","yoast_head_json":{"title":"STONE ISLAND - GHOST CREWNECK SWEATSHIRT HELLGRAU (42550) - Vousten Sports","robots":{"index":"index","follow":"follow","max-snippet":"max-snippet:-1","max-image-preview":"max-image-preview:large","max-video-preview":"max-video-preview:-1"},"canonical":"https:\/\/www.voustensports.com\/de\/stone-island-rundhals-sweatshirt-grau-42550\/","og_locale":"de_DE","og_type":"article","og_title":"STONE ISLAND - GHOST CREWNECK SWEATSHIRT HELLGRAU (42550) - Vousten Sports","og_description":"PRODUKTDETAILS Die Ghost-Kollektion, inspiriert vom Camouflage-Konzept, ist komplett monochrom. Selbst das Stone Island-Logo ist in einer speziellen einfarbigen Version gehalten, die perfekt mit dem Kleidungsst\u00fcck verschmilzt. Das Sweatshirt mit Rundhalsausschnitt ist aus dehnbarem Baumwollfleece gefertigt. Leicht. St\u00fcckgef\u00e4rbt. STIL Gerippter Halsausschnitt. Raglan\u00e4rmel. Stone Island Ghost-Logo am linken \u00c4rmel. Gerippte B\u00fcndchen. Normale Passform. MATERIAL Oberteil: 95 % [...]","og_url":"https:\/\/www.voustensports.com\/de\/stone-island-rundhals-sweatshirt-grau-42550\/","og_site_name":"Vousten Sports","article_modified_time":"2026-04-25T03:45:11+00:00","og_image":[{"width":1365,"height":2048,"url":"https:\/\/www.voustensports.com\/wp-content\/uploads\/2023\/06\/GHOST-CREWNECK-SWEATSHIRT-LICHTGRIJS-425501.jpg","type":"image\/jpeg"}],"twitter_card":"summary_large_image","schema":{"@context":"https:\/\/schema.org","@graph":[{"@type":"WebPage","@id":"https:\/\/www.voustensports.com\/de\/stone-island-rundhals-sweatshirt-grau-42550\/","url":"https:\/\/www.voustensports.com\/de\/stone-island-rundhals-sweatshirt-grau-42550\/","name":"STONE ISLAND - GHOST CREWNECK SWEATSHIRT HELLGRAU (42550) - Vousten Sports","isPartOf":{"@id":"https:\/\/www.voustensports.com\/nl\/#website"},"primaryImageOfPage":{"@id":"https:\/\/www.voustensports.com\/de\/stone-island-rundhals-sweatshirt-grau-42550\/#primaryimage"},"image":{"@id":"https:\/\/www.voustensports.com\/de\/stone-island-rundhals-sweatshirt-grau-42550\/#primaryimage"},"thumbnailUrl":"https:\/\/www.voustensports.com\/wp-content\/uploads\/2023\/06\/GHOST-CREWNECK-SWEATSHIRT-LICHTGRIJS-425501.jpg","datePublished":"2026-02-15T01:21:08+00:00","dateModified":"2026-04-25T03:45:11+00:00","breadcrumb":{"@id":"https:\/\/www.voustensports.com\/de\/stone-island-rundhals-sweatshirt-grau-42550\/#breadcrumb"},"inLanguage":"de-DE","potentialAction":[{"@type":"ReadAction","target":["https:\/\/www.voustensports.com\/de\/stone-island-rundhals-sweatshirt-grau-42550\/"]}]},{"@type":"ImageObject","inLanguage":"de-DE","@id":"https:\/\/www.voustensports.com\/de\/stone-island-rundhals-sweatshirt-grau-42550\/#primaryimage","url":"https:\/\/www.voustensports.com\/wp-content\/uploads\/2023\/06\/GHOST-CREWNECK-SWEATSHIRT-LICHTGRIJS-425501.jpg","contentUrl":"https:\/\/www.voustensports.com\/wp-content\/uploads\/2023\/06\/GHOST-CREWNECK-SWEATSHIRT-LICHTGRIJS-425501.jpg","width":1365,"height":2048},{"@type":"BreadcrumbList","@id":"https:\/\/www.voustensports.com\/de\/stone-island-rundhals-sweatshirt-grau-42550\/#breadcrumb","itemListElement":[{"@type":"ListItem","position":1,"name":"Home","item":"https:\/\/www.voustensports.com\/de\/"},{"@type":"ListItem","position":2,"name":"Shop","item":"https:\/\/www.voustensports.com\/de\/shop\/"},{"@type":"ListItem","position":3,"name":"STONE ISLAND &#8211; GHOST CREWNECK SWEATSHIRT HELLGRAU (42550)"}]},{"@type":"WebSite","@id":"https:\/\/www.voustensports.com\/nl\/#website","url":"https:\/\/www.voustensports.com\/nl\/","name":"Vousten Sports","description":"","potentialAction":[{"@type":"SearchAction","target":{"@type":"EntryPoint","urlTemplate":"https:\/\/www.voustensports.com\/nl\/?s={search_term_string}"},"query-input":{"@type":"PropertyValueSpecification","valueRequired":true,"valueName":"search_term_string"}}],"inLanguage":"de-DE"}]}},"_links":{"self":[{"href":"https:\/\/www.voustensports.com\/de\/wp-json\/wp\/v2\/product\/221218","targetHints":{"allow":["GET"]}}],"collection":[{"href":"https:\/\/www.voustensports.com\/de\/wp-json\/wp\/v2\/product"}],"about":[{"href":"https:\/\/www.voustensports.com\/de\/wp-json\/wp\/v2\/types\/product"}],"replies":[{"embeddable":true,"href":"https:\/\/www.voustensports.com\/de\/wp-json\/wp\/v2\/comments?post=221218"}],"wp:featuredmedia":[{"embeddable":true,"href":"https:\/\/www.voustensports.com\/de\/wp-json\/wp\/v2\/media\/229484"}],"wp:attachment":[{"href":"https:\/\/www.voustensports.com\/de\/wp-json\/wp\/v2\/media?parent=221218"}],"wp:term":[{"taxonomy":"product_cat","embeddable":true,"href":"https:\/\/www.voustensports.com\/de\/wp-json\/wp\/v2\/product_cat?post=221218"},{"taxonomy":"product_tag","embeddable":true,"href":"https:\/\/www.voustensports.com\/de\/wp-json\/wp\/v2\/product_tag?post=221218"}],"curies":[{"name":"wp","href":"https:\/\/api.w.org\/{rel}","templated":true}]}}