{"id":221046,"date":"2026-02-14T16:03:07","date_gmt":"2026-02-14T15:03:07","guid":{"rendered":"https:\/\/www.voustensports.com\/stone-island-cargo-jogging-shorts-desert-42593\/"},"modified":"2026-04-11T03:39:11","modified_gmt":"2026-04-11T01:39:11","slug":"stone-island-cargo-jogging-shorts-desert-42593","status":"publish","type":"product","link":"https:\/\/www.voustensports.com\/de\/stone-island-cargo-jogging-shorts-desert-42593\/","title":{"rendered":"STONE ISLAND &#8211; CARGO JOGGING-SHORTS DESERT (42593)"},"content":{"rendered":"<p>PRODUKTDETAILS<\/p>\n<p>Jogging-Shorts aus Bio-Baumwollfleece mit Rei\u00dfverschluss- und Druckknopftaschen sowie elastischem Bund mit Kordelzug. Mittelschweres Material. St\u00fcckgef\u00e4rbt.<\/p>\n<p>STIL<\/p>\n<ul>\n<li>Vertikale Eingrifftaschen.<\/li>\n<li>Cargo-Tasche am linken Bein mit verdecktem Rei\u00dfverschluss und Stone Island Logo.<\/li>\n<li>Schr\u00e4ge Ges\u00e4\u00dftasche mit fester Patte und verdecktem Druckknopfverschluss.<\/li>\n<li>Elastischer Rippbund mit au\u00dfenliegendem Kordelzug.<\/li>\n<li>Klassische Passform.<\/li>\n<\/ul>\n<p>MATERIAL<\/p>\n<ul>\n<li>Obermaterial: 100 % Baumwolle<\/li>\n<li>Rippb\u00fcndchen: 99 % Baumwolle, 1 % Elastan. Taschenfutter: 100 % Baumwolle.<\/li>\n<\/ul>\n<p>Stone Island Referenz: L1S156200011S0051V009A<\/p>\n<p>ID-Nr.: 42593<\/p>\n","protected":false},"excerpt":{"rendered":"<p>PRODUKTDETAILS Jogging-Shorts aus Bio-Baumwollfleece mit Rei\u00dfverschluss- und Druckknopftaschen sowie elastischem Bund mit Kordelzug. Mittelschweres Material. St\u00fcckgef\u00e4rbt. STIL Vertikale Eingrifftaschen. Cargo-Tasche am linken Bein mit verdecktem Rei\u00dfverschluss und Stone Island Logo. Schr\u00e4ge Ges\u00e4\u00dftasche mit fester Patte und verdecktem Druckknopfverschluss. Elastischer Rippbund mit au\u00dfenliegendem Kordelzug. Klassische Passform. MATERIAL Obermaterial: 100 % Baumwolle Rippb\u00fcndchen: 99 % Baumwolle, 1 [&#8230;]\n","protected":false},"featured_media":221034,"comment_status":"open","ping_status":"closed","template":"","meta":{"rank_math_lock_modified_date":false},"product_cat":[902,447,451,459,463,467,483,787],"product_tag":[],"class_list":{"0":"post-221046","1":"product","2":"type-product","3":"status-publish","4":"has-post-thumbnail","6":"product_cat-cargo-de","7":"product_cat-kleding-de","8":"product_cat-heren-de","9":"product_cat-shorts-de-2","10":"product_cat-vousten-sports-de-2","11":"product_cat-hosen-de","12":"product_cat-stone-island-de-2","13":"product_cat-broek-de","15":"first","16":"instock","17":"taxable","18":"shipping-taxable","19":"purchasable","20":"product-type-variable"},"acf":[],"yoast_head":"<!-- This site is optimized with the Yoast SEO plugin v23.9 - https:\/\/yoast.com\/wordpress\/plugins\/seo\/ -->\n<title>STONE ISLAND - CARGO JOGGING-SHORTS DESERT (42593) - Vousten Sports<\/title>\n<meta name=\"robots\" content=\"index, follow, max-snippet:-1, max-image-preview:large, max-video-preview:-1\" \/>\n<link rel=\"canonical\" href=\"https:\/\/www.voustensports.com\/de\/stone-island-cargo-jogging-shorts-desert-42593\/\" \/>\n<meta property=\"og:locale\" content=\"de_DE\" \/>\n<meta property=\"og:type\" content=\"article\" \/>\n<meta property=\"og:title\" content=\"STONE ISLAND - CARGO JOGGING-SHORTS DESERT (42593) - Vousten Sports\" \/>\n<meta property=\"og:description\" content=\"PRODUKTDETAILS Jogging-Shorts aus Bio-Baumwollfleece mit Rei\u00dfverschluss- und Druckknopftaschen sowie elastischem Bund mit Kordelzug. Mittelschweres Material. St\u00fcckgef\u00e4rbt. STIL Vertikale Eingrifftaschen. Cargo-Tasche am linken Bein mit verdecktem Rei\u00dfverschluss und Stone Island Logo. Schr\u00e4ge Ges\u00e4\u00dftasche mit fester Patte und verdecktem Druckknopfverschluss. Elastischer Rippbund mit au\u00dfenliegendem Kordelzug. Klassische Passform. MATERIAL Obermaterial: 100 % Baumwolle Rippb\u00fcndchen: 99 % Baumwolle, 1 [...]\" \/>\n<meta property=\"og:url\" content=\"https:\/\/www.voustensports.com\/de\/stone-island-cargo-jogging-shorts-desert-42593\/\" \/>\n<meta property=\"og:site_name\" content=\"Vousten Sports\" \/>\n<meta property=\"article:modified_time\" content=\"2026-04-11T01:39:11+00:00\" \/>\n<meta property=\"og:image\" content=\"https:\/\/www.voustensports.com\/wp-content\/uploads\/2023\/06\/STONE-ISLAND-JOGGER-SHORTS-WITH-CARGO-POCKETS-DESERT-42593-1-2.jpg\" \/>\n\t<meta property=\"og:image:width\" content=\"1365\" \/>\n\t<meta property=\"og:image:height\" content=\"2048\" \/>\n\t<meta property=\"og:image:type\" content=\"image\/jpeg\" \/>\n<meta name=\"twitter:card\" content=\"summary_large_image\" \/>\n<script type=\"application\/ld+json\" class=\"yoast-schema-graph\">{\"@context\":\"https:\/\/schema.org\",\"@graph\":[{\"@type\":\"WebPage\",\"@id\":\"https:\/\/www.voustensports.com\/de\/stone-island-cargo-jogging-shorts-desert-42593\/\",\"url\":\"https:\/\/www.voustensports.com\/de\/stone-island-cargo-jogging-shorts-desert-42593\/\",\"name\":\"STONE ISLAND - CARGO JOGGING-SHORTS DESERT (42593) - Vousten Sports\",\"isPartOf\":{\"@id\":\"https:\/\/www.voustensports.com\/nl\/#website\"},\"primaryImageOfPage\":{\"@id\":\"https:\/\/www.voustensports.com\/de\/stone-island-cargo-jogging-shorts-desert-42593\/#primaryimage\"},\"image\":{\"@id\":\"https:\/\/www.voustensports.com\/de\/stone-island-cargo-jogging-shorts-desert-42593\/#primaryimage\"},\"thumbnailUrl\":\"https:\/\/www.voustensports.com\/wp-content\/uploads\/2023\/06\/STONE-ISLAND-JOGGER-SHORTS-WITH-CARGO-POCKETS-DESERT-42593-1-2.jpg\",\"datePublished\":\"2026-02-14T15:03:07+00:00\",\"dateModified\":\"2026-04-11T01:39:11+00:00\",\"breadcrumb\":{\"@id\":\"https:\/\/www.voustensports.com\/de\/stone-island-cargo-jogging-shorts-desert-42593\/#breadcrumb\"},\"inLanguage\":\"de-DE\",\"potentialAction\":[{\"@type\":\"ReadAction\",\"target\":[\"https:\/\/www.voustensports.com\/de\/stone-island-cargo-jogging-shorts-desert-42593\/\"]}]},{\"@type\":\"ImageObject\",\"inLanguage\":\"de-DE\",\"@id\":\"https:\/\/www.voustensports.com\/de\/stone-island-cargo-jogging-shorts-desert-42593\/#primaryimage\",\"url\":\"https:\/\/www.voustensports.com\/wp-content\/uploads\/2023\/06\/STONE-ISLAND-JOGGER-SHORTS-WITH-CARGO-POCKETS-DESERT-42593-1-2.jpg\",\"contentUrl\":\"https:\/\/www.voustensports.com\/wp-content\/uploads\/2023\/06\/STONE-ISLAND-JOGGER-SHORTS-WITH-CARGO-POCKETS-DESERT-42593-1-2.jpg\",\"width\":1365,\"height\":2048},{\"@type\":\"BreadcrumbList\",\"@id\":\"https:\/\/www.voustensports.com\/de\/stone-island-cargo-jogging-shorts-desert-42593\/#breadcrumb\",\"itemListElement\":[{\"@type\":\"ListItem\",\"position\":1,\"name\":\"Home\",\"item\":\"https:\/\/www.voustensports.com\/de\/\"},{\"@type\":\"ListItem\",\"position\":2,\"name\":\"Shop\",\"item\":\"https:\/\/www.voustensports.com\/de\/shop\/\"},{\"@type\":\"ListItem\",\"position\":3,\"name\":\"STONE ISLAND &#8211; CARGO JOGGING-SHORTS DESERT (42593)\"}]},{\"@type\":\"WebSite\",\"@id\":\"https:\/\/www.voustensports.com\/nl\/#website\",\"url\":\"https:\/\/www.voustensports.com\/nl\/\",\"name\":\"Vousten Sports\",\"description\":\"\",\"potentialAction\":[{\"@type\":\"SearchAction\",\"target\":{\"@type\":\"EntryPoint\",\"urlTemplate\":\"https:\/\/www.voustensports.com\/nl\/?s={search_term_string}\"},\"query-input\":{\"@type\":\"PropertyValueSpecification\",\"valueRequired\":true,\"valueName\":\"search_term_string\"}}],\"inLanguage\":\"de-DE\"}]}<\/script>\n<!-- \/ Yoast SEO plugin. -->","yoast_head_json":{"title":"STONE ISLAND - CARGO JOGGING-SHORTS DESERT (42593) - Vousten Sports","robots":{"index":"index","follow":"follow","max-snippet":"max-snippet:-1","max-image-preview":"max-image-preview:large","max-video-preview":"max-video-preview:-1"},"canonical":"https:\/\/www.voustensports.com\/de\/stone-island-cargo-jogging-shorts-desert-42593\/","og_locale":"de_DE","og_type":"article","og_title":"STONE ISLAND - CARGO JOGGING-SHORTS DESERT (42593) - Vousten Sports","og_description":"PRODUKTDETAILS Jogging-Shorts aus Bio-Baumwollfleece mit Rei\u00dfverschluss- und Druckknopftaschen sowie elastischem Bund mit Kordelzug. Mittelschweres Material. St\u00fcckgef\u00e4rbt. STIL Vertikale Eingrifftaschen. Cargo-Tasche am linken Bein mit verdecktem Rei\u00dfverschluss und Stone Island Logo. Schr\u00e4ge Ges\u00e4\u00dftasche mit fester Patte und verdecktem Druckknopfverschluss. Elastischer Rippbund mit au\u00dfenliegendem Kordelzug. Klassische Passform. MATERIAL Obermaterial: 100 % Baumwolle Rippb\u00fcndchen: 99 % Baumwolle, 1 [...]","og_url":"https:\/\/www.voustensports.com\/de\/stone-island-cargo-jogging-shorts-desert-42593\/","og_site_name":"Vousten Sports","article_modified_time":"2026-04-11T01:39:11+00:00","og_image":[{"width":1365,"height":2048,"url":"https:\/\/www.voustensports.com\/wp-content\/uploads\/2023\/06\/STONE-ISLAND-JOGGER-SHORTS-WITH-CARGO-POCKETS-DESERT-42593-1-2.jpg","type":"image\/jpeg"}],"twitter_card":"summary_large_image","schema":{"@context":"https:\/\/schema.org","@graph":[{"@type":"WebPage","@id":"https:\/\/www.voustensports.com\/de\/stone-island-cargo-jogging-shorts-desert-42593\/","url":"https:\/\/www.voustensports.com\/de\/stone-island-cargo-jogging-shorts-desert-42593\/","name":"STONE ISLAND - CARGO JOGGING-SHORTS DESERT (42593) - Vousten Sports","isPartOf":{"@id":"https:\/\/www.voustensports.com\/nl\/#website"},"primaryImageOfPage":{"@id":"https:\/\/www.voustensports.com\/de\/stone-island-cargo-jogging-shorts-desert-42593\/#primaryimage"},"image":{"@id":"https:\/\/www.voustensports.com\/de\/stone-island-cargo-jogging-shorts-desert-42593\/#primaryimage"},"thumbnailUrl":"https:\/\/www.voustensports.com\/wp-content\/uploads\/2023\/06\/STONE-ISLAND-JOGGER-SHORTS-WITH-CARGO-POCKETS-DESERT-42593-1-2.jpg","datePublished":"2026-02-14T15:03:07+00:00","dateModified":"2026-04-11T01:39:11+00:00","breadcrumb":{"@id":"https:\/\/www.voustensports.com\/de\/stone-island-cargo-jogging-shorts-desert-42593\/#breadcrumb"},"inLanguage":"de-DE","potentialAction":[{"@type":"ReadAction","target":["https:\/\/www.voustensports.com\/de\/stone-island-cargo-jogging-shorts-desert-42593\/"]}]},{"@type":"ImageObject","inLanguage":"de-DE","@id":"https:\/\/www.voustensports.com\/de\/stone-island-cargo-jogging-shorts-desert-42593\/#primaryimage","url":"https:\/\/www.voustensports.com\/wp-content\/uploads\/2023\/06\/STONE-ISLAND-JOGGER-SHORTS-WITH-CARGO-POCKETS-DESERT-42593-1-2.jpg","contentUrl":"https:\/\/www.voustensports.com\/wp-content\/uploads\/2023\/06\/STONE-ISLAND-JOGGER-SHORTS-WITH-CARGO-POCKETS-DESERT-42593-1-2.jpg","width":1365,"height":2048},{"@type":"BreadcrumbList","@id":"https:\/\/www.voustensports.com\/de\/stone-island-cargo-jogging-shorts-desert-42593\/#breadcrumb","itemListElement":[{"@type":"ListItem","position":1,"name":"Home","item":"https:\/\/www.voustensports.com\/de\/"},{"@type":"ListItem","position":2,"name":"Shop","item":"https:\/\/www.voustensports.com\/de\/shop\/"},{"@type":"ListItem","position":3,"name":"STONE ISLAND &#8211; CARGO JOGGING-SHORTS DESERT (42593)"}]},{"@type":"WebSite","@id":"https:\/\/www.voustensports.com\/nl\/#website","url":"https:\/\/www.voustensports.com\/nl\/","name":"Vousten Sports","description":"","potentialAction":[{"@type":"SearchAction","target":{"@type":"EntryPoint","urlTemplate":"https:\/\/www.voustensports.com\/nl\/?s={search_term_string}"},"query-input":{"@type":"PropertyValueSpecification","valueRequired":true,"valueName":"search_term_string"}}],"inLanguage":"de-DE"}]}},"_links":{"self":[{"href":"https:\/\/www.voustensports.com\/de\/wp-json\/wp\/v2\/product\/221046","targetHints":{"allow":["GET"]}}],"collection":[{"href":"https:\/\/www.voustensports.com\/de\/wp-json\/wp\/v2\/product"}],"about":[{"href":"https:\/\/www.voustensports.com\/de\/wp-json\/wp\/v2\/types\/product"}],"replies":[{"embeddable":true,"href":"https:\/\/www.voustensports.com\/de\/wp-json\/wp\/v2\/comments?post=221046"}],"wp:featuredmedia":[{"embeddable":true,"href":"https:\/\/www.voustensports.com\/de\/wp-json\/wp\/v2\/media\/221034"}],"wp:attachment":[{"href":"https:\/\/www.voustensports.com\/de\/wp-json\/wp\/v2\/media?parent=221046"}],"wp:term":[{"taxonomy":"product_cat","embeddable":true,"href":"https:\/\/www.voustensports.com\/de\/wp-json\/wp\/v2\/product_cat?post=221046"},{"taxonomy":"product_tag","embeddable":true,"href":"https:\/\/www.voustensports.com\/de\/wp-json\/wp\/v2\/product_tag?post=221046"}],"curies":[{"name":"wp","href":"https:\/\/api.w.org\/{rel}","templated":true}]}}