{"id":220930,"date":"2026-02-14T09:48:09","date_gmt":"2026-02-14T08:48:09","guid":{"rendered":"https:\/\/www.voustensports.com\/stone-island-cargohose-mit-reissverschlusstaschen-ecru-produktdetails-42589\/"},"modified":"2026-02-18T17:39:12","modified_gmt":"2026-02-18T16:39:12","slug":"stone-island-cargohose-mit-reissverschlusstaschen-ecru-produktdetails-42589","status":"publish","type":"product","link":"https:\/\/www.voustensports.com\/de\/stone-island-cargohose-mit-reissverschlusstaschen-ecru-produktdetails-42589\/","title":{"rendered":"STONE ISLAND &#8211; CARGOHOSE MIT REISSVERSCHLUSSTASCHEN ECRU  PRODUKTDETAILS (42589)"},"content":{"rendered":"<p>PRODUKTDETAILS<br \/>\nCargohose aus elastischem Bio-Baumwoll-Twill mit Rei\u00dfverschluss- und Druckknopftaschen. St\u00fcckgef\u00e4rbt mit der \u201eOLD\u201c-Behandlung f\u00fcr einen leicht verwaschenen Look.<\/p>\n<p>STIJL<\/p>\n<ul>\n<li>Vertikale Eingrifftaschen mit verdecktem Rei\u00dfverschluss.<\/li>\n<li>Aufgesetzte Cargotaschen mit Patte und verdecktem Doppeldruckknopf.<\/li>\n<li>Stone Island Logo auf der linken Cargotasche.<\/li>\n<li>Schr\u00e4ge Ges\u00e4\u00dftasche mit fester Patte und verdecktem Druckknopf.<\/li>\n<li>Vorgeformte Knie.<\/li>\n<li>Verst\u00e4rkter Innenbund mit Kontrastfutter.<\/li>\n<li>Rei\u00dfverschluss und Knopfverschluss.<\/li>\n<li>Normale, schmal zulaufende Passform.<\/li>\n<\/ul>\n<p>MATERIAL<\/p>\n<ul>\n<li>98 % Baumwolle, 2 % Elastan\/Spandex<\/li>\n<\/ul>\n<p>Stone Island Nr.: L1S153100051S0004V015G<br \/>\nID-Nr.: 42589<\/p>\n","protected":false},"excerpt":{"rendered":"<p>PRODUKTDETAILS Cargohose aus elastischem Bio-Baumwoll-Twill mit Rei\u00dfverschluss- und Druckknopftaschen. St\u00fcckgef\u00e4rbt mit der \u201eOLD\u201c-Behandlung f\u00fcr einen leicht verwaschenen Look. STIJL Vertikale Eingrifftaschen mit verdecktem Rei\u00dfverschluss. Aufgesetzte Cargotaschen mit Patte und verdecktem Doppeldruckknopf. Stone Island Logo auf der linken Cargotasche. Schr\u00e4ge Ges\u00e4\u00dftasche mit fester Patte und verdecktem Druckknopf. Vorgeformte Knie. Verst\u00e4rkter Innenbund mit Kontrastfutter. Rei\u00dfverschluss und Knopfverschluss. [&#8230;]\n","protected":false},"featured_media":220918,"comment_status":"open","ping_status":"closed","template":"","meta":{"rank_math_lock_modified_date":false},"product_cat":[447,451,463,467,483,787,1005],"product_tag":[],"class_list":{"0":"post-220930","1":"product","2":"type-product","3":"status-publish","4":"has-post-thumbnail","6":"product_cat-kleding-de","7":"product_cat-heren-de","8":"product_cat-vousten-sports-de-2","9":"product_cat-hosen-de","10":"product_cat-stone-island-de-2","11":"product_cat-broek-de","12":"product_cat-chino-de","14":"first","15":"instock","16":"taxable","17":"shipping-taxable","18":"purchasable","19":"product-type-variable"},"acf":[],"yoast_head":"<!-- This site is optimized with the Yoast SEO plugin v23.9 - https:\/\/yoast.com\/wordpress\/plugins\/seo\/ -->\n<title>STONE ISLAND - CARGOHOSE MIT REISSVERSCHLUSSTASCHEN ECRU PRODUKTDETAILS (42589) - Vousten Sports<\/title>\n<meta name=\"robots\" content=\"index, follow, max-snippet:-1, max-image-preview:large, max-video-preview:-1\" \/>\n<link rel=\"canonical\" href=\"https:\/\/www.voustensports.com\/de\/stone-island-cargohose-mit-reissverschlusstaschen-ecru-produktdetails-42589\/\" \/>\n<meta property=\"og:locale\" content=\"de_DE\" \/>\n<meta property=\"og:type\" content=\"article\" \/>\n<meta property=\"og:title\" content=\"STONE ISLAND - CARGOHOSE MIT REISSVERSCHLUSSTASCHEN ECRU PRODUKTDETAILS (42589) - Vousten Sports\" \/>\n<meta property=\"og:description\" content=\"PRODUKTDETAILS Cargohose aus elastischem Bio-Baumwoll-Twill mit Rei\u00dfverschluss- und Druckknopftaschen. St\u00fcckgef\u00e4rbt mit der \u201eOLD\u201c-Behandlung f\u00fcr einen leicht verwaschenen Look. STIJL Vertikale Eingrifftaschen mit verdecktem Rei\u00dfverschluss. Aufgesetzte Cargotaschen mit Patte und verdecktem Doppeldruckknopf. Stone Island Logo auf der linken Cargotasche. Schr\u00e4ge Ges\u00e4\u00dftasche mit fester Patte und verdecktem Druckknopf. Vorgeformte Knie. Verst\u00e4rkter Innenbund mit Kontrastfutter. Rei\u00dfverschluss und Knopfverschluss. [...]\" \/>\n<meta property=\"og:url\" content=\"https:\/\/www.voustensports.com\/de\/stone-island-cargohose-mit-reissverschlusstaschen-ecru-produktdetails-42589\/\" \/>\n<meta property=\"og:site_name\" content=\"Vousten Sports\" \/>\n<meta property=\"article:modified_time\" content=\"2026-02-18T16:39:12+00:00\" \/>\n<meta property=\"og:image\" content=\"https:\/\/www.voustensports.com\/wp-content\/uploads\/2023\/06\/STONE-ISLAND-CARGO-TROUSERS-WITH-ZIP-POCKETS-ECRU-42589-1.jpg\" \/>\n\t<meta property=\"og:image:width\" content=\"1365\" \/>\n\t<meta property=\"og:image:height\" content=\"2048\" \/>\n\t<meta property=\"og:image:type\" content=\"image\/jpeg\" \/>\n<meta name=\"twitter:card\" content=\"summary_large_image\" \/>\n<script type=\"application\/ld+json\" class=\"yoast-schema-graph\">{\"@context\":\"https:\/\/schema.org\",\"@graph\":[{\"@type\":\"WebPage\",\"@id\":\"https:\/\/www.voustensports.com\/de\/stone-island-cargohose-mit-reissverschlusstaschen-ecru-produktdetails-42589\/\",\"url\":\"https:\/\/www.voustensports.com\/de\/stone-island-cargohose-mit-reissverschlusstaschen-ecru-produktdetails-42589\/\",\"name\":\"STONE ISLAND - CARGOHOSE MIT REISSVERSCHLUSSTASCHEN ECRU PRODUKTDETAILS (42589) - Vousten Sports\",\"isPartOf\":{\"@id\":\"https:\/\/www.voustensports.com\/nl\/#website\"},\"primaryImageOfPage\":{\"@id\":\"https:\/\/www.voustensports.com\/de\/stone-island-cargohose-mit-reissverschlusstaschen-ecru-produktdetails-42589\/#primaryimage\"},\"image\":{\"@id\":\"https:\/\/www.voustensports.com\/de\/stone-island-cargohose-mit-reissverschlusstaschen-ecru-produktdetails-42589\/#primaryimage\"},\"thumbnailUrl\":\"https:\/\/www.voustensports.com\/wp-content\/uploads\/2023\/06\/STONE-ISLAND-CARGO-TROUSERS-WITH-ZIP-POCKETS-ECRU-42589-1.jpg\",\"datePublished\":\"2026-02-14T08:48:09+00:00\",\"dateModified\":\"2026-02-18T16:39:12+00:00\",\"breadcrumb\":{\"@id\":\"https:\/\/www.voustensports.com\/de\/stone-island-cargohose-mit-reissverschlusstaschen-ecru-produktdetails-42589\/#breadcrumb\"},\"inLanguage\":\"de-DE\",\"potentialAction\":[{\"@type\":\"ReadAction\",\"target\":[\"https:\/\/www.voustensports.com\/de\/stone-island-cargohose-mit-reissverschlusstaschen-ecru-produktdetails-42589\/\"]}]},{\"@type\":\"ImageObject\",\"inLanguage\":\"de-DE\",\"@id\":\"https:\/\/www.voustensports.com\/de\/stone-island-cargohose-mit-reissverschlusstaschen-ecru-produktdetails-42589\/#primaryimage\",\"url\":\"https:\/\/www.voustensports.com\/wp-content\/uploads\/2023\/06\/STONE-ISLAND-CARGO-TROUSERS-WITH-ZIP-POCKETS-ECRU-42589-1.jpg\",\"contentUrl\":\"https:\/\/www.voustensports.com\/wp-content\/uploads\/2023\/06\/STONE-ISLAND-CARGO-TROUSERS-WITH-ZIP-POCKETS-ECRU-42589-1.jpg\",\"width\":1365,\"height\":2048},{\"@type\":\"BreadcrumbList\",\"@id\":\"https:\/\/www.voustensports.com\/de\/stone-island-cargohose-mit-reissverschlusstaschen-ecru-produktdetails-42589\/#breadcrumb\",\"itemListElement\":[{\"@type\":\"ListItem\",\"position\":1,\"name\":\"Home\",\"item\":\"https:\/\/www.voustensports.com\/de\/\"},{\"@type\":\"ListItem\",\"position\":2,\"name\":\"Shop\",\"item\":\"https:\/\/www.voustensports.com\/de\/shop\/\"},{\"@type\":\"ListItem\",\"position\":3,\"name\":\"STONE ISLAND &#8211; CARGOHOSE MIT REISSVERSCHLUSSTASCHEN ECRU PRODUKTDETAILS (42589)\"}]},{\"@type\":\"WebSite\",\"@id\":\"https:\/\/www.voustensports.com\/nl\/#website\",\"url\":\"https:\/\/www.voustensports.com\/nl\/\",\"name\":\"Vousten Sports\",\"description\":\"\",\"potentialAction\":[{\"@type\":\"SearchAction\",\"target\":{\"@type\":\"EntryPoint\",\"urlTemplate\":\"https:\/\/www.voustensports.com\/nl\/?s={search_term_string}\"},\"query-input\":{\"@type\":\"PropertyValueSpecification\",\"valueRequired\":true,\"valueName\":\"search_term_string\"}}],\"inLanguage\":\"de-DE\"}]}<\/script>\n<!-- \/ Yoast SEO plugin. -->","yoast_head_json":{"title":"STONE ISLAND - CARGOHOSE MIT REISSVERSCHLUSSTASCHEN ECRU PRODUKTDETAILS (42589) - Vousten Sports","robots":{"index":"index","follow":"follow","max-snippet":"max-snippet:-1","max-image-preview":"max-image-preview:large","max-video-preview":"max-video-preview:-1"},"canonical":"https:\/\/www.voustensports.com\/de\/stone-island-cargohose-mit-reissverschlusstaschen-ecru-produktdetails-42589\/","og_locale":"de_DE","og_type":"article","og_title":"STONE ISLAND - CARGOHOSE MIT REISSVERSCHLUSSTASCHEN ECRU PRODUKTDETAILS (42589) - Vousten Sports","og_description":"PRODUKTDETAILS Cargohose aus elastischem Bio-Baumwoll-Twill mit Rei\u00dfverschluss- und Druckknopftaschen. St\u00fcckgef\u00e4rbt mit der \u201eOLD\u201c-Behandlung f\u00fcr einen leicht verwaschenen Look. STIJL Vertikale Eingrifftaschen mit verdecktem Rei\u00dfverschluss. Aufgesetzte Cargotaschen mit Patte und verdecktem Doppeldruckknopf. Stone Island Logo auf der linken Cargotasche. Schr\u00e4ge Ges\u00e4\u00dftasche mit fester Patte und verdecktem Druckknopf. Vorgeformte Knie. Verst\u00e4rkter Innenbund mit Kontrastfutter. Rei\u00dfverschluss und Knopfverschluss. [...]","og_url":"https:\/\/www.voustensports.com\/de\/stone-island-cargohose-mit-reissverschlusstaschen-ecru-produktdetails-42589\/","og_site_name":"Vousten Sports","article_modified_time":"2026-02-18T16:39:12+00:00","og_image":[{"width":1365,"height":2048,"url":"https:\/\/www.voustensports.com\/wp-content\/uploads\/2023\/06\/STONE-ISLAND-CARGO-TROUSERS-WITH-ZIP-POCKETS-ECRU-42589-1.jpg","type":"image\/jpeg"}],"twitter_card":"summary_large_image","schema":{"@context":"https:\/\/schema.org","@graph":[{"@type":"WebPage","@id":"https:\/\/www.voustensports.com\/de\/stone-island-cargohose-mit-reissverschlusstaschen-ecru-produktdetails-42589\/","url":"https:\/\/www.voustensports.com\/de\/stone-island-cargohose-mit-reissverschlusstaschen-ecru-produktdetails-42589\/","name":"STONE ISLAND - CARGOHOSE MIT REISSVERSCHLUSSTASCHEN ECRU PRODUKTDETAILS (42589) - Vousten Sports","isPartOf":{"@id":"https:\/\/www.voustensports.com\/nl\/#website"},"primaryImageOfPage":{"@id":"https:\/\/www.voustensports.com\/de\/stone-island-cargohose-mit-reissverschlusstaschen-ecru-produktdetails-42589\/#primaryimage"},"image":{"@id":"https:\/\/www.voustensports.com\/de\/stone-island-cargohose-mit-reissverschlusstaschen-ecru-produktdetails-42589\/#primaryimage"},"thumbnailUrl":"https:\/\/www.voustensports.com\/wp-content\/uploads\/2023\/06\/STONE-ISLAND-CARGO-TROUSERS-WITH-ZIP-POCKETS-ECRU-42589-1.jpg","datePublished":"2026-02-14T08:48:09+00:00","dateModified":"2026-02-18T16:39:12+00:00","breadcrumb":{"@id":"https:\/\/www.voustensports.com\/de\/stone-island-cargohose-mit-reissverschlusstaschen-ecru-produktdetails-42589\/#breadcrumb"},"inLanguage":"de-DE","potentialAction":[{"@type":"ReadAction","target":["https:\/\/www.voustensports.com\/de\/stone-island-cargohose-mit-reissverschlusstaschen-ecru-produktdetails-42589\/"]}]},{"@type":"ImageObject","inLanguage":"de-DE","@id":"https:\/\/www.voustensports.com\/de\/stone-island-cargohose-mit-reissverschlusstaschen-ecru-produktdetails-42589\/#primaryimage","url":"https:\/\/www.voustensports.com\/wp-content\/uploads\/2023\/06\/STONE-ISLAND-CARGO-TROUSERS-WITH-ZIP-POCKETS-ECRU-42589-1.jpg","contentUrl":"https:\/\/www.voustensports.com\/wp-content\/uploads\/2023\/06\/STONE-ISLAND-CARGO-TROUSERS-WITH-ZIP-POCKETS-ECRU-42589-1.jpg","width":1365,"height":2048},{"@type":"BreadcrumbList","@id":"https:\/\/www.voustensports.com\/de\/stone-island-cargohose-mit-reissverschlusstaschen-ecru-produktdetails-42589\/#breadcrumb","itemListElement":[{"@type":"ListItem","position":1,"name":"Home","item":"https:\/\/www.voustensports.com\/de\/"},{"@type":"ListItem","position":2,"name":"Shop","item":"https:\/\/www.voustensports.com\/de\/shop\/"},{"@type":"ListItem","position":3,"name":"STONE ISLAND &#8211; CARGOHOSE MIT REISSVERSCHLUSSTASCHEN ECRU PRODUKTDETAILS (42589)"}]},{"@type":"WebSite","@id":"https:\/\/www.voustensports.com\/nl\/#website","url":"https:\/\/www.voustensports.com\/nl\/","name":"Vousten Sports","description":"","potentialAction":[{"@type":"SearchAction","target":{"@type":"EntryPoint","urlTemplate":"https:\/\/www.voustensports.com\/nl\/?s={search_term_string}"},"query-input":{"@type":"PropertyValueSpecification","valueRequired":true,"valueName":"search_term_string"}}],"inLanguage":"de-DE"}]}},"_links":{"self":[{"href":"https:\/\/www.voustensports.com\/de\/wp-json\/wp\/v2\/product\/220930","targetHints":{"allow":["GET"]}}],"collection":[{"href":"https:\/\/www.voustensports.com\/de\/wp-json\/wp\/v2\/product"}],"about":[{"href":"https:\/\/www.voustensports.com\/de\/wp-json\/wp\/v2\/types\/product"}],"replies":[{"embeddable":true,"href":"https:\/\/www.voustensports.com\/de\/wp-json\/wp\/v2\/comments?post=220930"}],"wp:featuredmedia":[{"embeddable":true,"href":"https:\/\/www.voustensports.com\/de\/wp-json\/wp\/v2\/media\/220918"}],"wp:attachment":[{"href":"https:\/\/www.voustensports.com\/de\/wp-json\/wp\/v2\/media?parent=220930"}],"wp:term":[{"taxonomy":"product_cat","embeddable":true,"href":"https:\/\/www.voustensports.com\/de\/wp-json\/wp\/v2\/product_cat?post=220930"},{"taxonomy":"product_tag","embeddable":true,"href":"https:\/\/www.voustensports.com\/de\/wp-json\/wp\/v2\/product_tag?post=220930"}],"curies":[{"name":"wp","href":"https:\/\/api.w.org\/{rel}","templated":true}]}}