{"id":220896,"date":"2026-02-14T07:51:07","date_gmt":"2026-02-14T06:51:07","guid":{"rendered":"https:\/\/www.voustensports.com\/stone-island-technische-hose-mit-kordelbundchen-anthrazitgrau-42588\/"},"modified":"2026-02-14T09:33:10","modified_gmt":"2026-02-14T08:33:10","slug":"stone-island-technische-hose-mit-kordelbundchen-anthrazitgrau-42588","status":"publish","type":"product","link":"https:\/\/www.voustensports.com\/de\/stone-island-technische-hose-mit-kordelbundchen-anthrazitgrau-42588\/","title":{"rendered":"STONE ISLAND &#8211; TECHNISCHE HOSE MIT KORDELB\u00dcNDCHEN ANTHRAZITGRAU (42588)"},"content":{"rendered":"<p>PRODUKTDETAILS<br \/>\nTechnische Hose aus recyceltem Stretch-Nylon mit Ges\u00e4\u00dftaschen mit Druckknopfverschluss sowie elastischem Bund und B\u00fcndchen mit Kordelzug.<\/p>\n<p>STIJL<\/p>\n<ul>\n<li>Vertikale Eingrifftaschen.<\/li>\n<li>Stone Island Sternstickerei hinten rechts.<\/li>\n<li>Abgerundete R\u00fcckenpasse mit Druckknopfverschluss, die die Balgtaschen abdeckt.<\/li>\n<li>Elastischer Kordelzug mit Stopper an den B\u00fcndchen.<\/li>\n<li>Innenliegender Kordelzug mit Stopper im elastischen Bund.<\/li>\n<li>Normale Passform<\/li>\n<\/ul>\n<p>MATERIAL<\/p>\n<ul>\n<li>87 % Polyamid\/Nylon, 13 % Elastan\/Spandex<\/li>\n<\/ul>\n<p>Stone Island Nr.: L1S153100025S0G13V0065<br \/>\nID-Nr.: 42588<\/p>\n","protected":false},"excerpt":{"rendered":"<p>PRODUKTDETAILS Technische Hose aus recyceltem Stretch-Nylon mit Ges\u00e4\u00dftaschen mit Druckknopfverschluss sowie elastischem Bund und B\u00fcndchen mit Kordelzug. STIJL Vertikale Eingrifftaschen. Stone Island Sternstickerei hinten rechts. Abgerundete R\u00fcckenpasse mit Druckknopfverschluss, die die Balgtaschen abdeckt. Elastischer Kordelzug mit Stopper an den B\u00fcndchen. Innenliegender Kordelzug mit Stopper im elastischen Bund. Normale Passform MATERIAL 87 % Polyamid\/Nylon, 13 % [&#8230;]\n","protected":false},"featured_media":220884,"comment_status":"open","ping_status":"closed","template":"","meta":{"rank_math_lock_modified_date":false},"product_cat":[447,451,463,467,483,787,1005],"product_tag":[],"class_list":{"0":"post-220896","1":"product","2":"type-product","3":"status-publish","4":"has-post-thumbnail","6":"product_cat-kleding-de","7":"product_cat-heren-de","8":"product_cat-vousten-sports-de-2","9":"product_cat-hosen-de","10":"product_cat-stone-island-de-2","11":"product_cat-broek-de","12":"product_cat-chino-de","14":"first","15":"instock","16":"taxable","17":"shipping-taxable","18":"purchasable","19":"product-type-variable"},"acf":[],"yoast_head":"<!-- This site is optimized with the Yoast SEO plugin v23.9 - https:\/\/yoast.com\/wordpress\/plugins\/seo\/ -->\n<title>STONE ISLAND - TECHNISCHE HOSE MIT KORDELB\u00dcNDCHEN ANTHRAZITGRAU (42588) - Vousten Sports<\/title>\n<meta name=\"robots\" content=\"index, follow, max-snippet:-1, max-image-preview:large, max-video-preview:-1\" \/>\n<link rel=\"canonical\" href=\"https:\/\/www.voustensports.com\/de\/stone-island-technische-hose-mit-kordelbundchen-anthrazitgrau-42588\/\" \/>\n<meta property=\"og:locale\" content=\"de_DE\" \/>\n<meta property=\"og:type\" content=\"article\" \/>\n<meta property=\"og:title\" content=\"STONE ISLAND - TECHNISCHE HOSE MIT KORDELB\u00dcNDCHEN ANTHRAZITGRAU (42588) - Vousten Sports\" \/>\n<meta property=\"og:description\" content=\"PRODUKTDETAILS Technische Hose aus recyceltem Stretch-Nylon mit Ges\u00e4\u00dftaschen mit Druckknopfverschluss sowie elastischem Bund und B\u00fcndchen mit Kordelzug. STIJL Vertikale Eingrifftaschen. Stone Island Sternstickerei hinten rechts. Abgerundete R\u00fcckenpasse mit Druckknopfverschluss, die die Balgtaschen abdeckt. Elastischer Kordelzug mit Stopper an den B\u00fcndchen. Innenliegender Kordelzug mit Stopper im elastischen Bund. Normale Passform MATERIAL 87 % Polyamid\/Nylon, 13 % [...]\" \/>\n<meta property=\"og:url\" content=\"https:\/\/www.voustensports.com\/de\/stone-island-technische-hose-mit-kordelbundchen-anthrazitgrau-42588\/\" \/>\n<meta property=\"og:site_name\" content=\"Vousten Sports\" \/>\n<meta property=\"article:modified_time\" content=\"2026-02-14T08:33:10+00:00\" \/>\n<meta property=\"og:image\" content=\"https:\/\/www.voustensports.com\/wp-content\/uploads\/2023\/06\/TECHNICAL-TROUSERS-WITH-DRAWSTRING-CUFFS-CHARCOAL-GRAY-42588-3.jpg\" \/>\n\t<meta property=\"og:image:width\" content=\"1365\" \/>\n\t<meta property=\"og:image:height\" content=\"2048\" \/>\n\t<meta property=\"og:image:type\" content=\"image\/jpeg\" \/>\n<meta name=\"twitter:card\" content=\"summary_large_image\" \/>\n<script type=\"application\/ld+json\" class=\"yoast-schema-graph\">{\"@context\":\"https:\/\/schema.org\",\"@graph\":[{\"@type\":\"WebPage\",\"@id\":\"https:\/\/www.voustensports.com\/de\/stone-island-technische-hose-mit-kordelbundchen-anthrazitgrau-42588\/\",\"url\":\"https:\/\/www.voustensports.com\/de\/stone-island-technische-hose-mit-kordelbundchen-anthrazitgrau-42588\/\",\"name\":\"STONE ISLAND - TECHNISCHE HOSE MIT KORDELB\u00dcNDCHEN ANTHRAZITGRAU (42588) - Vousten Sports\",\"isPartOf\":{\"@id\":\"https:\/\/www.voustensports.com\/nl\/#website\"},\"primaryImageOfPage\":{\"@id\":\"https:\/\/www.voustensports.com\/de\/stone-island-technische-hose-mit-kordelbundchen-anthrazitgrau-42588\/#primaryimage\"},\"image\":{\"@id\":\"https:\/\/www.voustensports.com\/de\/stone-island-technische-hose-mit-kordelbundchen-anthrazitgrau-42588\/#primaryimage\"},\"thumbnailUrl\":\"https:\/\/www.voustensports.com\/wp-content\/uploads\/2023\/06\/TECHNICAL-TROUSERS-WITH-DRAWSTRING-CUFFS-CHARCOAL-GRAY-42588-3.jpg\",\"datePublished\":\"2026-02-14T06:51:07+00:00\",\"dateModified\":\"2026-02-14T08:33:10+00:00\",\"breadcrumb\":{\"@id\":\"https:\/\/www.voustensports.com\/de\/stone-island-technische-hose-mit-kordelbundchen-anthrazitgrau-42588\/#breadcrumb\"},\"inLanguage\":\"de-DE\",\"potentialAction\":[{\"@type\":\"ReadAction\",\"target\":[\"https:\/\/www.voustensports.com\/de\/stone-island-technische-hose-mit-kordelbundchen-anthrazitgrau-42588\/\"]}]},{\"@type\":\"ImageObject\",\"inLanguage\":\"de-DE\",\"@id\":\"https:\/\/www.voustensports.com\/de\/stone-island-technische-hose-mit-kordelbundchen-anthrazitgrau-42588\/#primaryimage\",\"url\":\"https:\/\/www.voustensports.com\/wp-content\/uploads\/2023\/06\/TECHNICAL-TROUSERS-WITH-DRAWSTRING-CUFFS-CHARCOAL-GRAY-42588-3.jpg\",\"contentUrl\":\"https:\/\/www.voustensports.com\/wp-content\/uploads\/2023\/06\/TECHNICAL-TROUSERS-WITH-DRAWSTRING-CUFFS-CHARCOAL-GRAY-42588-3.jpg\",\"width\":1365,\"height\":2048},{\"@type\":\"BreadcrumbList\",\"@id\":\"https:\/\/www.voustensports.com\/de\/stone-island-technische-hose-mit-kordelbundchen-anthrazitgrau-42588\/#breadcrumb\",\"itemListElement\":[{\"@type\":\"ListItem\",\"position\":1,\"name\":\"Home\",\"item\":\"https:\/\/www.voustensports.com\/de\/\"},{\"@type\":\"ListItem\",\"position\":2,\"name\":\"Shop\",\"item\":\"https:\/\/www.voustensports.com\/de\/shop\/\"},{\"@type\":\"ListItem\",\"position\":3,\"name\":\"STONE ISLAND &#8211; TECHNISCHE HOSE MIT KORDELB\u00dcNDCHEN ANTHRAZITGRAU (42588)\"}]},{\"@type\":\"WebSite\",\"@id\":\"https:\/\/www.voustensports.com\/nl\/#website\",\"url\":\"https:\/\/www.voustensports.com\/nl\/\",\"name\":\"Vousten Sports\",\"description\":\"\",\"potentialAction\":[{\"@type\":\"SearchAction\",\"target\":{\"@type\":\"EntryPoint\",\"urlTemplate\":\"https:\/\/www.voustensports.com\/nl\/?s={search_term_string}\"},\"query-input\":{\"@type\":\"PropertyValueSpecification\",\"valueRequired\":true,\"valueName\":\"search_term_string\"}}],\"inLanguage\":\"de-DE\"}]}<\/script>\n<!-- \/ Yoast SEO plugin. -->","yoast_head_json":{"title":"STONE ISLAND - TECHNISCHE HOSE MIT KORDELB\u00dcNDCHEN ANTHRAZITGRAU (42588) - Vousten Sports","robots":{"index":"index","follow":"follow","max-snippet":"max-snippet:-1","max-image-preview":"max-image-preview:large","max-video-preview":"max-video-preview:-1"},"canonical":"https:\/\/www.voustensports.com\/de\/stone-island-technische-hose-mit-kordelbundchen-anthrazitgrau-42588\/","og_locale":"de_DE","og_type":"article","og_title":"STONE ISLAND - TECHNISCHE HOSE MIT KORDELB\u00dcNDCHEN ANTHRAZITGRAU (42588) - Vousten Sports","og_description":"PRODUKTDETAILS Technische Hose aus recyceltem Stretch-Nylon mit Ges\u00e4\u00dftaschen mit Druckknopfverschluss sowie elastischem Bund und B\u00fcndchen mit Kordelzug. STIJL Vertikale Eingrifftaschen. Stone Island Sternstickerei hinten rechts. Abgerundete R\u00fcckenpasse mit Druckknopfverschluss, die die Balgtaschen abdeckt. Elastischer Kordelzug mit Stopper an den B\u00fcndchen. Innenliegender Kordelzug mit Stopper im elastischen Bund. Normale Passform MATERIAL 87 % Polyamid\/Nylon, 13 % [...]","og_url":"https:\/\/www.voustensports.com\/de\/stone-island-technische-hose-mit-kordelbundchen-anthrazitgrau-42588\/","og_site_name":"Vousten Sports","article_modified_time":"2026-02-14T08:33:10+00:00","og_image":[{"width":1365,"height":2048,"url":"https:\/\/www.voustensports.com\/wp-content\/uploads\/2023\/06\/TECHNICAL-TROUSERS-WITH-DRAWSTRING-CUFFS-CHARCOAL-GRAY-42588-3.jpg","type":"image\/jpeg"}],"twitter_card":"summary_large_image","schema":{"@context":"https:\/\/schema.org","@graph":[{"@type":"WebPage","@id":"https:\/\/www.voustensports.com\/de\/stone-island-technische-hose-mit-kordelbundchen-anthrazitgrau-42588\/","url":"https:\/\/www.voustensports.com\/de\/stone-island-technische-hose-mit-kordelbundchen-anthrazitgrau-42588\/","name":"STONE ISLAND - TECHNISCHE HOSE MIT KORDELB\u00dcNDCHEN ANTHRAZITGRAU (42588) - Vousten Sports","isPartOf":{"@id":"https:\/\/www.voustensports.com\/nl\/#website"},"primaryImageOfPage":{"@id":"https:\/\/www.voustensports.com\/de\/stone-island-technische-hose-mit-kordelbundchen-anthrazitgrau-42588\/#primaryimage"},"image":{"@id":"https:\/\/www.voustensports.com\/de\/stone-island-technische-hose-mit-kordelbundchen-anthrazitgrau-42588\/#primaryimage"},"thumbnailUrl":"https:\/\/www.voustensports.com\/wp-content\/uploads\/2023\/06\/TECHNICAL-TROUSERS-WITH-DRAWSTRING-CUFFS-CHARCOAL-GRAY-42588-3.jpg","datePublished":"2026-02-14T06:51:07+00:00","dateModified":"2026-02-14T08:33:10+00:00","breadcrumb":{"@id":"https:\/\/www.voustensports.com\/de\/stone-island-technische-hose-mit-kordelbundchen-anthrazitgrau-42588\/#breadcrumb"},"inLanguage":"de-DE","potentialAction":[{"@type":"ReadAction","target":["https:\/\/www.voustensports.com\/de\/stone-island-technische-hose-mit-kordelbundchen-anthrazitgrau-42588\/"]}]},{"@type":"ImageObject","inLanguage":"de-DE","@id":"https:\/\/www.voustensports.com\/de\/stone-island-technische-hose-mit-kordelbundchen-anthrazitgrau-42588\/#primaryimage","url":"https:\/\/www.voustensports.com\/wp-content\/uploads\/2023\/06\/TECHNICAL-TROUSERS-WITH-DRAWSTRING-CUFFS-CHARCOAL-GRAY-42588-3.jpg","contentUrl":"https:\/\/www.voustensports.com\/wp-content\/uploads\/2023\/06\/TECHNICAL-TROUSERS-WITH-DRAWSTRING-CUFFS-CHARCOAL-GRAY-42588-3.jpg","width":1365,"height":2048},{"@type":"BreadcrumbList","@id":"https:\/\/www.voustensports.com\/de\/stone-island-technische-hose-mit-kordelbundchen-anthrazitgrau-42588\/#breadcrumb","itemListElement":[{"@type":"ListItem","position":1,"name":"Home","item":"https:\/\/www.voustensports.com\/de\/"},{"@type":"ListItem","position":2,"name":"Shop","item":"https:\/\/www.voustensports.com\/de\/shop\/"},{"@type":"ListItem","position":3,"name":"STONE ISLAND &#8211; TECHNISCHE HOSE MIT KORDELB\u00dcNDCHEN ANTHRAZITGRAU (42588)"}]},{"@type":"WebSite","@id":"https:\/\/www.voustensports.com\/nl\/#website","url":"https:\/\/www.voustensports.com\/nl\/","name":"Vousten Sports","description":"","potentialAction":[{"@type":"SearchAction","target":{"@type":"EntryPoint","urlTemplate":"https:\/\/www.voustensports.com\/nl\/?s={search_term_string}"},"query-input":{"@type":"PropertyValueSpecification","valueRequired":true,"valueName":"search_term_string"}}],"inLanguage":"de-DE"}]}},"_links":{"self":[{"href":"https:\/\/www.voustensports.com\/de\/wp-json\/wp\/v2\/product\/220896","targetHints":{"allow":["GET"]}}],"collection":[{"href":"https:\/\/www.voustensports.com\/de\/wp-json\/wp\/v2\/product"}],"about":[{"href":"https:\/\/www.voustensports.com\/de\/wp-json\/wp\/v2\/types\/product"}],"replies":[{"embeddable":true,"href":"https:\/\/www.voustensports.com\/de\/wp-json\/wp\/v2\/comments?post=220896"}],"wp:featuredmedia":[{"embeddable":true,"href":"https:\/\/www.voustensports.com\/de\/wp-json\/wp\/v2\/media\/220884"}],"wp:attachment":[{"href":"https:\/\/www.voustensports.com\/de\/wp-json\/wp\/v2\/media?parent=220896"}],"wp:term":[{"taxonomy":"product_cat","embeddable":true,"href":"https:\/\/www.voustensports.com\/de\/wp-json\/wp\/v2\/product_cat?post=220896"},{"taxonomy":"product_tag","embeddable":true,"href":"https:\/\/www.voustensports.com\/de\/wp-json\/wp\/v2\/product_tag?post=220896"}],"curies":[{"name":"wp","href":"https:\/\/api.w.org\/{rel}","templated":true}]}}