{"id":220172,"date":"2026-02-08T17:33:07","date_gmt":"2026-02-08T16:33:07","guid":{"rendered":"https:\/\/www.voustensports.com\/jacob-cohen-resort-t-shirt-m4530-a00-42245-2\/"},"modified":"2026-04-16T11:51:20","modified_gmt":"2026-04-16T09:51:20","slug":"jacob-cohen-resort-t-shirt-m4530-a00-42245-2","status":"publish","type":"product","link":"https:\/\/www.voustensports.com\/de\/jacob-cohen-resort-t-shirt-m4530-a00-42245-2\/","title":{"rendered":"Jacob Coh\u00ebn &#8211; Resort T-Shirt M4530 A00 (42245)"},"content":{"rendered":"<div>\n<p><strong>Resort Capsule Kollektion!<\/strong><\/p>\n<p>Jeden Sommer bringt Jacob Coh\u00ebn eine Resort-Kollektion heraus, die von einem raffinierten Lebensstil erz\u00e4hlt und dazu einl\u00e4dt, die Sommersaison auf elegante Weise zu genie\u00dfen \u2013 in einer Welt, in der Glamour und Luxus von Sonnenaufgang bis Sonnenuntergang miteinander verschmelzen. Dieses Mal zelebriert Resort die Sommersaison in Palm Beach mit lebhaften Farben, Blumenmustern und raffinierten Mustern, die mit Stickereien verziert sind.<\/p>\n<\/div>\n<div>Es bietet hohen Tragekomfort und hat eine normale Passform.<\/div>\n<ul>\n<li>Der Print zeigt ein verwaschenes Jacob Coh\u00ebn Resort-Motiv mit einem gestickten Schnellboot und Palmen.<\/li>\n<li>Material: 100 % Baumwolle<\/li>\n<li>Dieses Jacob Coh\u00ebn T-Shirt wird in Venetien, Nordostitalien, handgefertigt.<\/li>\n<\/ul>\n<div><\/div>\n<div><\/div>\n","protected":false},"excerpt":{"rendered":"<p>Resort Capsule Kollektion! Jeden Sommer bringt Jacob Coh\u00ebn eine Resort-Kollektion heraus, die von einem raffinierten Lebensstil erz\u00e4hlt und dazu einl\u00e4dt, die Sommersaison auf elegante Weise zu genie\u00dfen \u2013 in einer Welt, in der Glamour und Luxus von Sonnenaufgang bis Sonnenuntergang miteinander verschmelzen. Dieses Mal zelebriert Resort die Sommersaison in Palm Beach mit lebhaften Farben, Blumenmustern [&#8230;]\n","protected":false},"featured_media":220162,"comment_status":"open","ping_status":"closed","template":"","meta":{"rank_math_lock_modified_date":false},"product_cat":[447,451,463,487,491,1017],"product_tag":[],"class_list":{"0":"post-220172","1":"product","2":"type-product","3":"status-publish","4":"has-post-thumbnail","6":"product_cat-kleding-de","7":"product_cat-heren-de","8":"product_cat-vousten-sports-de-2","9":"product_cat-shirt-de-2","10":"product_cat-t-shirts-de-2","11":"product_cat-jacob-cohen-de","13":"first","14":"instock","15":"taxable","16":"shipping-taxable","17":"purchasable","18":"product-type-variable"},"acf":[],"yoast_head":"<!-- This site is optimized with the Yoast SEO plugin v23.9 - https:\/\/yoast.com\/wordpress\/plugins\/seo\/ -->\n<title>Jacob Coh\u00ebn - Resort T-Shirt M4530 A00 (42245) - Vousten Sports<\/title>\n<meta name=\"robots\" content=\"index, follow, max-snippet:-1, max-image-preview:large, max-video-preview:-1\" \/>\n<link rel=\"canonical\" href=\"https:\/\/www.voustensports.com\/de\/jacob-cohen-resort-t-shirt-m4530-a00-42245-2\/\" \/>\n<meta property=\"og:locale\" content=\"de_DE\" \/>\n<meta property=\"og:type\" content=\"article\" \/>\n<meta property=\"og:title\" content=\"Jacob Coh\u00ebn - Resort T-Shirt M4530 A00 (42245) - Vousten Sports\" \/>\n<meta property=\"og:description\" content=\"Resort Capsule Kollektion! Jeden Sommer bringt Jacob Coh\u00ebn eine Resort-Kollektion heraus, die von einem raffinierten Lebensstil erz\u00e4hlt und dazu einl\u00e4dt, die Sommersaison auf elegante Weise zu genie\u00dfen \u2013 in einer Welt, in der Glamour und Luxus von Sonnenaufgang bis Sonnenuntergang miteinander verschmelzen. Dieses Mal zelebriert Resort die Sommersaison in Palm Beach mit lebhaften Farben, Blumenmustern [...]\" \/>\n<meta property=\"og:url\" content=\"https:\/\/www.voustensports.com\/de\/jacob-cohen-resort-t-shirt-m4530-a00-42245-2\/\" \/>\n<meta property=\"og:site_name\" content=\"Vousten Sports\" \/>\n<meta property=\"article:modified_time\" content=\"2026-04-16T09:51:20+00:00\" \/>\n<meta property=\"og:image\" content=\"https:\/\/www.voustensports.com\/wp-content\/uploads\/2023\/06\/Resort-T-shirt-M4530-A00-422451.jpg\" \/>\n\t<meta property=\"og:image:width\" content=\"1365\" \/>\n\t<meta property=\"og:image:height\" content=\"2048\" \/>\n\t<meta property=\"og:image:type\" content=\"image\/jpeg\" \/>\n<meta name=\"twitter:card\" content=\"summary_large_image\" \/>\n<meta name=\"twitter:label1\" content=\"Est. reading time\" \/>\n\t<meta name=\"twitter:data1\" content=\"1 Minute\" \/>\n<script type=\"application\/ld+json\" class=\"yoast-schema-graph\">{\"@context\":\"https:\/\/schema.org\",\"@graph\":[{\"@type\":\"WebPage\",\"@id\":\"https:\/\/www.voustensports.com\/de\/jacob-cohen-resort-t-shirt-m4530-a00-42245-2\/\",\"url\":\"https:\/\/www.voustensports.com\/de\/jacob-cohen-resort-t-shirt-m4530-a00-42245-2\/\",\"name\":\"Jacob Coh\u00ebn - Resort T-Shirt M4530 A00 (42245) - Vousten Sports\",\"isPartOf\":{\"@id\":\"https:\/\/www.voustensports.com\/nl\/#website\"},\"primaryImageOfPage\":{\"@id\":\"https:\/\/www.voustensports.com\/de\/jacob-cohen-resort-t-shirt-m4530-a00-42245-2\/#primaryimage\"},\"image\":{\"@id\":\"https:\/\/www.voustensports.com\/de\/jacob-cohen-resort-t-shirt-m4530-a00-42245-2\/#primaryimage\"},\"thumbnailUrl\":\"https:\/\/www.voustensports.com\/wp-content\/uploads\/2023\/06\/Resort-T-shirt-M4530-A00-422451.jpg\",\"datePublished\":\"2026-02-08T16:33:07+00:00\",\"dateModified\":\"2026-04-16T09:51:20+00:00\",\"breadcrumb\":{\"@id\":\"https:\/\/www.voustensports.com\/de\/jacob-cohen-resort-t-shirt-m4530-a00-42245-2\/#breadcrumb\"},\"inLanguage\":\"de-DE\",\"potentialAction\":[{\"@type\":\"ReadAction\",\"target\":[\"https:\/\/www.voustensports.com\/de\/jacob-cohen-resort-t-shirt-m4530-a00-42245-2\/\"]}]},{\"@type\":\"ImageObject\",\"inLanguage\":\"de-DE\",\"@id\":\"https:\/\/www.voustensports.com\/de\/jacob-cohen-resort-t-shirt-m4530-a00-42245-2\/#primaryimage\",\"url\":\"https:\/\/www.voustensports.com\/wp-content\/uploads\/2023\/06\/Resort-T-shirt-M4530-A00-422451.jpg\",\"contentUrl\":\"https:\/\/www.voustensports.com\/wp-content\/uploads\/2023\/06\/Resort-T-shirt-M4530-A00-422451.jpg\",\"width\":1365,\"height\":2048},{\"@type\":\"BreadcrumbList\",\"@id\":\"https:\/\/www.voustensports.com\/de\/jacob-cohen-resort-t-shirt-m4530-a00-42245-2\/#breadcrumb\",\"itemListElement\":[{\"@type\":\"ListItem\",\"position\":1,\"name\":\"Home\",\"item\":\"https:\/\/www.voustensports.com\/de\/\"},{\"@type\":\"ListItem\",\"position\":2,\"name\":\"Shop\",\"item\":\"https:\/\/www.voustensports.com\/de\/shop\/\"},{\"@type\":\"ListItem\",\"position\":3,\"name\":\"Jacob Coh\u00ebn &#8211; Resort T-Shirt M4530 A00 (42245)\"}]},{\"@type\":\"WebSite\",\"@id\":\"https:\/\/www.voustensports.com\/nl\/#website\",\"url\":\"https:\/\/www.voustensports.com\/nl\/\",\"name\":\"Vousten Sports\",\"description\":\"\",\"potentialAction\":[{\"@type\":\"SearchAction\",\"target\":{\"@type\":\"EntryPoint\",\"urlTemplate\":\"https:\/\/www.voustensports.com\/nl\/?s={search_term_string}\"},\"query-input\":{\"@type\":\"PropertyValueSpecification\",\"valueRequired\":true,\"valueName\":\"search_term_string\"}}],\"inLanguage\":\"de-DE\"}]}<\/script>\n<!-- \/ Yoast SEO plugin. -->","yoast_head_json":{"title":"Jacob Coh\u00ebn - Resort T-Shirt M4530 A00 (42245) - Vousten Sports","robots":{"index":"index","follow":"follow","max-snippet":"max-snippet:-1","max-image-preview":"max-image-preview:large","max-video-preview":"max-video-preview:-1"},"canonical":"https:\/\/www.voustensports.com\/de\/jacob-cohen-resort-t-shirt-m4530-a00-42245-2\/","og_locale":"de_DE","og_type":"article","og_title":"Jacob Coh\u00ebn - Resort T-Shirt M4530 A00 (42245) - Vousten Sports","og_description":"Resort Capsule Kollektion! Jeden Sommer bringt Jacob Coh\u00ebn eine Resort-Kollektion heraus, die von einem raffinierten Lebensstil erz\u00e4hlt und dazu einl\u00e4dt, die Sommersaison auf elegante Weise zu genie\u00dfen \u2013 in einer Welt, in der Glamour und Luxus von Sonnenaufgang bis Sonnenuntergang miteinander verschmelzen. Dieses Mal zelebriert Resort die Sommersaison in Palm Beach mit lebhaften Farben, Blumenmustern [...]","og_url":"https:\/\/www.voustensports.com\/de\/jacob-cohen-resort-t-shirt-m4530-a00-42245-2\/","og_site_name":"Vousten Sports","article_modified_time":"2026-04-16T09:51:20+00:00","og_image":[{"width":1365,"height":2048,"url":"https:\/\/www.voustensports.com\/wp-content\/uploads\/2023\/06\/Resort-T-shirt-M4530-A00-422451.jpg","type":"image\/jpeg"}],"twitter_card":"summary_large_image","twitter_misc":{"Est. reading time":"1 Minute"},"schema":{"@context":"https:\/\/schema.org","@graph":[{"@type":"WebPage","@id":"https:\/\/www.voustensports.com\/de\/jacob-cohen-resort-t-shirt-m4530-a00-42245-2\/","url":"https:\/\/www.voustensports.com\/de\/jacob-cohen-resort-t-shirt-m4530-a00-42245-2\/","name":"Jacob Coh\u00ebn - Resort T-Shirt M4530 A00 (42245) - Vousten Sports","isPartOf":{"@id":"https:\/\/www.voustensports.com\/nl\/#website"},"primaryImageOfPage":{"@id":"https:\/\/www.voustensports.com\/de\/jacob-cohen-resort-t-shirt-m4530-a00-42245-2\/#primaryimage"},"image":{"@id":"https:\/\/www.voustensports.com\/de\/jacob-cohen-resort-t-shirt-m4530-a00-42245-2\/#primaryimage"},"thumbnailUrl":"https:\/\/www.voustensports.com\/wp-content\/uploads\/2023\/06\/Resort-T-shirt-M4530-A00-422451.jpg","datePublished":"2026-02-08T16:33:07+00:00","dateModified":"2026-04-16T09:51:20+00:00","breadcrumb":{"@id":"https:\/\/www.voustensports.com\/de\/jacob-cohen-resort-t-shirt-m4530-a00-42245-2\/#breadcrumb"},"inLanguage":"de-DE","potentialAction":[{"@type":"ReadAction","target":["https:\/\/www.voustensports.com\/de\/jacob-cohen-resort-t-shirt-m4530-a00-42245-2\/"]}]},{"@type":"ImageObject","inLanguage":"de-DE","@id":"https:\/\/www.voustensports.com\/de\/jacob-cohen-resort-t-shirt-m4530-a00-42245-2\/#primaryimage","url":"https:\/\/www.voustensports.com\/wp-content\/uploads\/2023\/06\/Resort-T-shirt-M4530-A00-422451.jpg","contentUrl":"https:\/\/www.voustensports.com\/wp-content\/uploads\/2023\/06\/Resort-T-shirt-M4530-A00-422451.jpg","width":1365,"height":2048},{"@type":"BreadcrumbList","@id":"https:\/\/www.voustensports.com\/de\/jacob-cohen-resort-t-shirt-m4530-a00-42245-2\/#breadcrumb","itemListElement":[{"@type":"ListItem","position":1,"name":"Home","item":"https:\/\/www.voustensports.com\/de\/"},{"@type":"ListItem","position":2,"name":"Shop","item":"https:\/\/www.voustensports.com\/de\/shop\/"},{"@type":"ListItem","position":3,"name":"Jacob Coh\u00ebn &#8211; Resort T-Shirt M4530 A00 (42245)"}]},{"@type":"WebSite","@id":"https:\/\/www.voustensports.com\/nl\/#website","url":"https:\/\/www.voustensports.com\/nl\/","name":"Vousten Sports","description":"","potentialAction":[{"@type":"SearchAction","target":{"@type":"EntryPoint","urlTemplate":"https:\/\/www.voustensports.com\/nl\/?s={search_term_string}"},"query-input":{"@type":"PropertyValueSpecification","valueRequired":true,"valueName":"search_term_string"}}],"inLanguage":"de-DE"}]}},"_links":{"self":[{"href":"https:\/\/www.voustensports.com\/de\/wp-json\/wp\/v2\/product\/220172","targetHints":{"allow":["GET"]}}],"collection":[{"href":"https:\/\/www.voustensports.com\/de\/wp-json\/wp\/v2\/product"}],"about":[{"href":"https:\/\/www.voustensports.com\/de\/wp-json\/wp\/v2\/types\/product"}],"replies":[{"embeddable":true,"href":"https:\/\/www.voustensports.com\/de\/wp-json\/wp\/v2\/comments?post=220172"}],"wp:featuredmedia":[{"embeddable":true,"href":"https:\/\/www.voustensports.com\/de\/wp-json\/wp\/v2\/media\/220162"}],"wp:attachment":[{"href":"https:\/\/www.voustensports.com\/de\/wp-json\/wp\/v2\/media?parent=220172"}],"wp:term":[{"taxonomy":"product_cat","embeddable":true,"href":"https:\/\/www.voustensports.com\/de\/wp-json\/wp\/v2\/product_cat?post=220172"},{"taxonomy":"product_tag","embeddable":true,"href":"https:\/\/www.voustensports.com\/de\/wp-json\/wp\/v2\/product_tag?post=220172"}],"curies":[{"name":"wp","href":"https:\/\/api.w.org\/{rel}","templated":true}]}}