{"id":219036,"date":"2026-01-31T14:09:09","date_gmt":"2026-01-31T13:09:09","guid":{"rendered":"https:\/\/www.voustensports.com\/stone-island-sweatshirt-mit-halbem-reisverschluss-sand-42365\/"},"modified":"2026-02-05T12:41:48","modified_gmt":"2026-02-05T11:41:48","slug":"stone-island-sweatshirt-mit-halbem-reisverschluss-sand-42365","status":"publish","type":"product","link":"https:\/\/www.voustensports.com\/de\/stone-island-sweatshirt-mit-halbem-reisverschluss-sand-42365\/","title":{"rendered":"STONE ISLAND &#8211; SWEATSHIRT MIT HALBEM REI\u00dfVERSCHLUSS SAND (42365)"},"content":{"rendered":"<div>PRODUKTDETAILS<\/div>\n<div>Sweatshirt mit halbem Rei\u00dfverschluss aus Bio-Baumwollfleece. Mittelschwer. St\u00fcckgef\u00e4rbt.<\/div>\n<div><\/div>\n<div>STIL<\/div>\n<ul>\n<li>Stehkragen mit Rippstrickfutter.<\/li>\n<li>Halber Rei\u00dfverschluss.<\/li>\n<li>Verst\u00e4rkung unter dem Nackenbereich mit innenliegender Nahtverst\u00e4rkung.<\/li>\n<li>Stone Island Logo am linken \u00c4rmel.<\/li>\n<li>Gerippte B\u00fcndchen an \u00c4rmeln und Saum.<\/li>\n<li>Overlockn\u00e4hte an den N\u00e4hten.<\/li>\n<li>Normale Passform.<\/li>\n<\/ul>\n<div>MATERIAL<\/div>\n<ul>\n<li>Obermaterial: 100 % Baumwolle<\/li>\n<li>Rippstrick: 99 % Baumwolle, 1 % Elastan<\/li>\n<li>Stone Island Nr.: L1S156100070S0051V009A<\/li>\n<li>ID-Nr.: 42365<\/li>\n<\/ul>\n","protected":false},"excerpt":{"rendered":"<p>PRODUKTDETAILS Sweatshirt mit halbem Rei\u00dfverschluss aus Bio-Baumwollfleece. Mittelschwer. St\u00fcckgef\u00e4rbt. STIL Stehkragen mit Rippstrickfutter. Halber Rei\u00dfverschluss. Verst\u00e4rkung unter dem Nackenbereich mit innenliegender Nahtverst\u00e4rkung. Stone Island Logo am linken \u00c4rmel. Gerippte B\u00fcndchen an \u00c4rmeln und Saum. Overlockn\u00e4hte an den N\u00e4hten. Normale Passform. MATERIAL Obermaterial: 100 % Baumwolle Rippstrick: 99 % Baumwolle, 1 % Elastan Stone Island Nr.: [&#8230;]\n","protected":false},"featured_media":219024,"comment_status":"open","ping_status":"closed","template":"","meta":{"rank_math_lock_modified_date":false},"product_cat":[447,451,463,483,535,695,698],"product_tag":[],"class_list":{"0":"post-219036","1":"product","2":"type-product","3":"status-publish","4":"has-post-thumbnail","6":"product_cat-kleding-de","7":"product_cat-heren-de","8":"product_cat-vousten-sports-de-2","9":"product_cat-stone-island-de-2","10":"product_cat-truien-de-2","11":"product_cat-truien-vesten-de-2","12":"product_cat-sweaters-de-2","14":"first","15":"instock","16":"taxable","17":"shipping-taxable","18":"purchasable","19":"product-type-variable"},"acf":[],"yoast_head":"<!-- This site is optimized with the Yoast SEO plugin v23.9 - https:\/\/yoast.com\/wordpress\/plugins\/seo\/ -->\n<title>STONE ISLAND - SWEATSHIRT MIT HALBEM REI\u00dfVERSCHLUSS SAND (42365) - Vousten Sports<\/title>\n<meta name=\"robots\" content=\"index, follow, max-snippet:-1, max-image-preview:large, max-video-preview:-1\" \/>\n<link rel=\"canonical\" href=\"https:\/\/www.voustensports.com\/de\/stone-island-sweatshirt-mit-halbem-reisverschluss-sand-42365\/\" \/>\n<meta property=\"og:locale\" content=\"de_DE\" \/>\n<meta property=\"og:type\" content=\"article\" \/>\n<meta property=\"og:title\" content=\"STONE ISLAND - SWEATSHIRT MIT HALBEM REI\u00dfVERSCHLUSS SAND (42365) - Vousten Sports\" \/>\n<meta property=\"og:description\" content=\"PRODUKTDETAILS Sweatshirt mit halbem Rei\u00dfverschluss aus Bio-Baumwollfleece. Mittelschwer. St\u00fcckgef\u00e4rbt. STIL Stehkragen mit Rippstrickfutter. Halber Rei\u00dfverschluss. Verst\u00e4rkung unter dem Nackenbereich mit innenliegender Nahtverst\u00e4rkung. Stone Island Logo am linken \u00c4rmel. Gerippte B\u00fcndchen an \u00c4rmeln und Saum. Overlockn\u00e4hte an den N\u00e4hten. Normale Passform. MATERIAL Obermaterial: 100 % Baumwolle Rippstrick: 99 % Baumwolle, 1 % Elastan Stone Island Nr.: [...]\" \/>\n<meta property=\"og:url\" content=\"https:\/\/www.voustensports.com\/de\/stone-island-sweatshirt-mit-halbem-reisverschluss-sand-42365\/\" \/>\n<meta property=\"og:site_name\" content=\"Vousten Sports\" \/>\n<meta property=\"article:modified_time\" content=\"2026-02-05T11:41:48+00:00\" \/>\n<meta property=\"og:image\" content=\"https:\/\/www.voustensports.com\/wp-content\/uploads\/2023\/06\/HALF-ZIP-SWEATER-ZAND-423651.jpg\" \/>\n\t<meta property=\"og:image:width\" content=\"1560\" \/>\n\t<meta property=\"og:image:height\" content=\"2048\" \/>\n\t<meta property=\"og:image:type\" content=\"image\/jpeg\" \/>\n<meta name=\"twitter:card\" content=\"summary_large_image\" \/>\n<script type=\"application\/ld+json\" class=\"yoast-schema-graph\">{\"@context\":\"https:\/\/schema.org\",\"@graph\":[{\"@type\":\"WebPage\",\"@id\":\"https:\/\/www.voustensports.com\/de\/stone-island-sweatshirt-mit-halbem-reisverschluss-sand-42365\/\",\"url\":\"https:\/\/www.voustensports.com\/de\/stone-island-sweatshirt-mit-halbem-reisverschluss-sand-42365\/\",\"name\":\"STONE ISLAND - SWEATSHIRT MIT HALBEM REI\u00dfVERSCHLUSS SAND (42365) - Vousten Sports\",\"isPartOf\":{\"@id\":\"https:\/\/www.voustensports.com\/nl\/#website\"},\"primaryImageOfPage\":{\"@id\":\"https:\/\/www.voustensports.com\/de\/stone-island-sweatshirt-mit-halbem-reisverschluss-sand-42365\/#primaryimage\"},\"image\":{\"@id\":\"https:\/\/www.voustensports.com\/de\/stone-island-sweatshirt-mit-halbem-reisverschluss-sand-42365\/#primaryimage\"},\"thumbnailUrl\":\"https:\/\/www.voustensports.com\/wp-content\/uploads\/2023\/06\/HALF-ZIP-SWEATER-ZAND-423651.jpg\",\"datePublished\":\"2026-01-31T13:09:09+00:00\",\"dateModified\":\"2026-02-05T11:41:48+00:00\",\"breadcrumb\":{\"@id\":\"https:\/\/www.voustensports.com\/de\/stone-island-sweatshirt-mit-halbem-reisverschluss-sand-42365\/#breadcrumb\"},\"inLanguage\":\"de-DE\",\"potentialAction\":[{\"@type\":\"ReadAction\",\"target\":[\"https:\/\/www.voustensports.com\/de\/stone-island-sweatshirt-mit-halbem-reisverschluss-sand-42365\/\"]}]},{\"@type\":\"ImageObject\",\"inLanguage\":\"de-DE\",\"@id\":\"https:\/\/www.voustensports.com\/de\/stone-island-sweatshirt-mit-halbem-reisverschluss-sand-42365\/#primaryimage\",\"url\":\"https:\/\/www.voustensports.com\/wp-content\/uploads\/2023\/06\/HALF-ZIP-SWEATER-ZAND-423651.jpg\",\"contentUrl\":\"https:\/\/www.voustensports.com\/wp-content\/uploads\/2023\/06\/HALF-ZIP-SWEATER-ZAND-423651.jpg\",\"width\":1560,\"height\":2048},{\"@type\":\"BreadcrumbList\",\"@id\":\"https:\/\/www.voustensports.com\/de\/stone-island-sweatshirt-mit-halbem-reisverschluss-sand-42365\/#breadcrumb\",\"itemListElement\":[{\"@type\":\"ListItem\",\"position\":1,\"name\":\"Home\",\"item\":\"https:\/\/www.voustensports.com\/de\/\"},{\"@type\":\"ListItem\",\"position\":2,\"name\":\"Shop\",\"item\":\"https:\/\/www.voustensports.com\/de\/shop\/\"},{\"@type\":\"ListItem\",\"position\":3,\"name\":\"STONE ISLAND &#8211; SWEATSHIRT MIT HALBEM REI\u00dfVERSCHLUSS SAND (42365)\"}]},{\"@type\":\"WebSite\",\"@id\":\"https:\/\/www.voustensports.com\/nl\/#website\",\"url\":\"https:\/\/www.voustensports.com\/nl\/\",\"name\":\"Vousten Sports\",\"description\":\"\",\"potentialAction\":[{\"@type\":\"SearchAction\",\"target\":{\"@type\":\"EntryPoint\",\"urlTemplate\":\"https:\/\/www.voustensports.com\/nl\/?s={search_term_string}\"},\"query-input\":{\"@type\":\"PropertyValueSpecification\",\"valueRequired\":true,\"valueName\":\"search_term_string\"}}],\"inLanguage\":\"de-DE\"}]}<\/script>\n<!-- \/ Yoast SEO plugin. -->","yoast_head_json":{"title":"STONE ISLAND - SWEATSHIRT MIT HALBEM REI\u00dfVERSCHLUSS SAND (42365) - Vousten Sports","robots":{"index":"index","follow":"follow","max-snippet":"max-snippet:-1","max-image-preview":"max-image-preview:large","max-video-preview":"max-video-preview:-1"},"canonical":"https:\/\/www.voustensports.com\/de\/stone-island-sweatshirt-mit-halbem-reisverschluss-sand-42365\/","og_locale":"de_DE","og_type":"article","og_title":"STONE ISLAND - SWEATSHIRT MIT HALBEM REI\u00dfVERSCHLUSS SAND (42365) - Vousten Sports","og_description":"PRODUKTDETAILS Sweatshirt mit halbem Rei\u00dfverschluss aus Bio-Baumwollfleece. Mittelschwer. St\u00fcckgef\u00e4rbt. STIL Stehkragen mit Rippstrickfutter. Halber Rei\u00dfverschluss. Verst\u00e4rkung unter dem Nackenbereich mit innenliegender Nahtverst\u00e4rkung. Stone Island Logo am linken \u00c4rmel. Gerippte B\u00fcndchen an \u00c4rmeln und Saum. Overlockn\u00e4hte an den N\u00e4hten. Normale Passform. MATERIAL Obermaterial: 100 % Baumwolle Rippstrick: 99 % Baumwolle, 1 % Elastan Stone Island Nr.: [...]","og_url":"https:\/\/www.voustensports.com\/de\/stone-island-sweatshirt-mit-halbem-reisverschluss-sand-42365\/","og_site_name":"Vousten Sports","article_modified_time":"2026-02-05T11:41:48+00:00","og_image":[{"width":1560,"height":2048,"url":"https:\/\/www.voustensports.com\/wp-content\/uploads\/2023\/06\/HALF-ZIP-SWEATER-ZAND-423651.jpg","type":"image\/jpeg"}],"twitter_card":"summary_large_image","schema":{"@context":"https:\/\/schema.org","@graph":[{"@type":"WebPage","@id":"https:\/\/www.voustensports.com\/de\/stone-island-sweatshirt-mit-halbem-reisverschluss-sand-42365\/","url":"https:\/\/www.voustensports.com\/de\/stone-island-sweatshirt-mit-halbem-reisverschluss-sand-42365\/","name":"STONE ISLAND - SWEATSHIRT MIT HALBEM REI\u00dfVERSCHLUSS SAND (42365) - Vousten Sports","isPartOf":{"@id":"https:\/\/www.voustensports.com\/nl\/#website"},"primaryImageOfPage":{"@id":"https:\/\/www.voustensports.com\/de\/stone-island-sweatshirt-mit-halbem-reisverschluss-sand-42365\/#primaryimage"},"image":{"@id":"https:\/\/www.voustensports.com\/de\/stone-island-sweatshirt-mit-halbem-reisverschluss-sand-42365\/#primaryimage"},"thumbnailUrl":"https:\/\/www.voustensports.com\/wp-content\/uploads\/2023\/06\/HALF-ZIP-SWEATER-ZAND-423651.jpg","datePublished":"2026-01-31T13:09:09+00:00","dateModified":"2026-02-05T11:41:48+00:00","breadcrumb":{"@id":"https:\/\/www.voustensports.com\/de\/stone-island-sweatshirt-mit-halbem-reisverschluss-sand-42365\/#breadcrumb"},"inLanguage":"de-DE","potentialAction":[{"@type":"ReadAction","target":["https:\/\/www.voustensports.com\/de\/stone-island-sweatshirt-mit-halbem-reisverschluss-sand-42365\/"]}]},{"@type":"ImageObject","inLanguage":"de-DE","@id":"https:\/\/www.voustensports.com\/de\/stone-island-sweatshirt-mit-halbem-reisverschluss-sand-42365\/#primaryimage","url":"https:\/\/www.voustensports.com\/wp-content\/uploads\/2023\/06\/HALF-ZIP-SWEATER-ZAND-423651.jpg","contentUrl":"https:\/\/www.voustensports.com\/wp-content\/uploads\/2023\/06\/HALF-ZIP-SWEATER-ZAND-423651.jpg","width":1560,"height":2048},{"@type":"BreadcrumbList","@id":"https:\/\/www.voustensports.com\/de\/stone-island-sweatshirt-mit-halbem-reisverschluss-sand-42365\/#breadcrumb","itemListElement":[{"@type":"ListItem","position":1,"name":"Home","item":"https:\/\/www.voustensports.com\/de\/"},{"@type":"ListItem","position":2,"name":"Shop","item":"https:\/\/www.voustensports.com\/de\/shop\/"},{"@type":"ListItem","position":3,"name":"STONE ISLAND &#8211; SWEATSHIRT MIT HALBEM REI\u00dfVERSCHLUSS SAND (42365)"}]},{"@type":"WebSite","@id":"https:\/\/www.voustensports.com\/nl\/#website","url":"https:\/\/www.voustensports.com\/nl\/","name":"Vousten Sports","description":"","potentialAction":[{"@type":"SearchAction","target":{"@type":"EntryPoint","urlTemplate":"https:\/\/www.voustensports.com\/nl\/?s={search_term_string}"},"query-input":{"@type":"PropertyValueSpecification","valueRequired":true,"valueName":"search_term_string"}}],"inLanguage":"de-DE"}]}},"_links":{"self":[{"href":"https:\/\/www.voustensports.com\/de\/wp-json\/wp\/v2\/product\/219036","targetHints":{"allow":["GET"]}}],"collection":[{"href":"https:\/\/www.voustensports.com\/de\/wp-json\/wp\/v2\/product"}],"about":[{"href":"https:\/\/www.voustensports.com\/de\/wp-json\/wp\/v2\/types\/product"}],"replies":[{"embeddable":true,"href":"https:\/\/www.voustensports.com\/de\/wp-json\/wp\/v2\/comments?post=219036"}],"wp:featuredmedia":[{"embeddable":true,"href":"https:\/\/www.voustensports.com\/de\/wp-json\/wp\/v2\/media\/219024"}],"wp:attachment":[{"href":"https:\/\/www.voustensports.com\/de\/wp-json\/wp\/v2\/media?parent=219036"}],"wp:term":[{"taxonomy":"product_cat","embeddable":true,"href":"https:\/\/www.voustensports.com\/de\/wp-json\/wp\/v2\/product_cat?post=219036"},{"taxonomy":"product_tag","embeddable":true,"href":"https:\/\/www.voustensports.com\/de\/wp-json\/wp\/v2\/product_tag?post=219036"}],"curies":[{"name":"wp","href":"https:\/\/api.w.org\/{rel}","templated":true}]}}