{"id":218952,"date":"2026-01-29T15:19:05","date_gmt":"2026-01-29T14:19:05","guid":{"rendered":"https:\/\/www.voustensports.com\/genti-polo-shirt-mit-reisverschluss-beige-42504\/"},"modified":"2026-02-21T16:54:10","modified_gmt":"2026-02-21T15:54:10","slug":"genti-polo-shirt-mit-reisverschluss-beige-42504","status":"publish","type":"product","link":"https:\/\/www.voustensports.com\/de\/genti-polo-shirt-mit-reisverschluss-beige-42504\/","title":{"rendered":"GENTI &#8211; Polo-Shirt mit Rei\u00dfverschluss, beige (42504)"},"content":{"rendered":"<div>Sandfarbenes Polo-Shirt mit Rei\u00dfverschluss aus atmungsaktivem Funktionsmaterial mit Stretchanteil. Dieses Shirt bietet die optimale Balance zwischen Komfort, Atmungsaktivit\u00e4t und Formbest\u00e4ndigkeit. Eine dezente Stricktasche am \u00c4rmel rundet das Design ab.<\/div>\n<ul>\n<li>Atmungsaktiv<\/li>\n<li>Funktionelles Material<\/li>\n<li>Stretch<\/li>\n<li>65 % Viskose, 35 % Nylon<\/li>\n<li>Schmale Passform<\/li>\n<\/ul>\n","protected":false},"excerpt":{"rendered":"<p>Sandfarbenes Polo-Shirt mit Rei\u00dfverschluss aus atmungsaktivem Funktionsmaterial mit Stretchanteil. Dieses Shirt bietet die optimale Balance zwischen Komfort, Atmungsaktivit\u00e4t und Formbest\u00e4ndigkeit. Eine dezente Stricktasche am \u00c4rmel rundet das Design ab. Atmungsaktiv Funktionelles Material Stretch 65 % Viskose, 35 % Nylon Schmale Passform<\/p>\n","protected":false},"featured_media":218940,"comment_status":"open","ping_status":"closed","template":"","meta":{"rank_math_lock_modified_date":false},"product_cat":[447,451,463,479,535,695,711,881],"product_tag":[],"class_list":{"0":"post-218952","1":"product","2":"type-product","3":"status-publish","4":"has-post-thumbnail","6":"product_cat-kleding-de","7":"product_cat-heren-de","8":"product_cat-vousten-sports-de-2","9":"product_cat-polos-de-2","10":"product_cat-truien-de-2","11":"product_cat-truien-vesten-de-2","12":"product_cat-genti-de","13":"product_cat-merken-de-2","15":"first","16":"instock","17":"taxable","18":"shipping-taxable","19":"purchasable","20":"product-type-variable"},"acf":[],"yoast_head":"<!-- This site is optimized with the Yoast SEO plugin v23.9 - https:\/\/yoast.com\/wordpress\/plugins\/seo\/ -->\n<title>GENTI - Polo-Shirt mit Rei\u00dfverschluss, beige (42504) - Vousten Sports<\/title>\n<meta name=\"robots\" content=\"index, follow, max-snippet:-1, max-image-preview:large, max-video-preview:-1\" \/>\n<link rel=\"canonical\" href=\"https:\/\/www.voustensports.com\/de\/genti-polo-shirt-mit-reisverschluss-beige-42504\/\" \/>\n<meta property=\"og:locale\" content=\"de_DE\" \/>\n<meta property=\"og:type\" content=\"article\" \/>\n<meta property=\"og:title\" content=\"GENTI - Polo-Shirt mit Rei\u00dfverschluss, beige (42504) - Vousten Sports\" \/>\n<meta property=\"og:description\" content=\"Sandfarbenes Polo-Shirt mit Rei\u00dfverschluss aus atmungsaktivem Funktionsmaterial mit Stretchanteil. Dieses Shirt bietet die optimale Balance zwischen Komfort, Atmungsaktivit\u00e4t und Formbest\u00e4ndigkeit. Eine dezente Stricktasche am \u00c4rmel rundet das Design ab. Atmungsaktiv Funktionelles Material Stretch 65 % Viskose, 35 % Nylon Schmale Passform\" \/>\n<meta property=\"og:url\" content=\"https:\/\/www.voustensports.com\/de\/genti-polo-shirt-mit-reisverschluss-beige-42504\/\" \/>\n<meta property=\"og:site_name\" content=\"Vousten Sports\" \/>\n<meta property=\"article:modified_time\" content=\"2026-02-21T15:54:10+00:00\" \/>\n<meta property=\"og:image\" content=\"https:\/\/www.voustensports.com\/wp-content\/uploads\/2023\/06\/GENTI-Polo-zip-ls-beige-42504-1.jpg\" \/>\n\t<meta property=\"og:image:width\" content=\"1200\" \/>\n\t<meta property=\"og:image:height\" content=\"1800\" \/>\n\t<meta property=\"og:image:type\" content=\"image\/jpeg\" \/>\n<meta name=\"twitter:card\" content=\"summary_large_image\" \/>\n<script type=\"application\/ld+json\" class=\"yoast-schema-graph\">{\"@context\":\"https:\/\/schema.org\",\"@graph\":[{\"@type\":\"WebPage\",\"@id\":\"https:\/\/www.voustensports.com\/de\/genti-polo-shirt-mit-reisverschluss-beige-42504\/\",\"url\":\"https:\/\/www.voustensports.com\/de\/genti-polo-shirt-mit-reisverschluss-beige-42504\/\",\"name\":\"GENTI - Polo-Shirt mit Rei\u00dfverschluss, beige (42504) - Vousten Sports\",\"isPartOf\":{\"@id\":\"https:\/\/www.voustensports.com\/nl\/#website\"},\"primaryImageOfPage\":{\"@id\":\"https:\/\/www.voustensports.com\/de\/genti-polo-shirt-mit-reisverschluss-beige-42504\/#primaryimage\"},\"image\":{\"@id\":\"https:\/\/www.voustensports.com\/de\/genti-polo-shirt-mit-reisverschluss-beige-42504\/#primaryimage\"},\"thumbnailUrl\":\"https:\/\/www.voustensports.com\/wp-content\/uploads\/2023\/06\/GENTI-Polo-zip-ls-beige-42504-1.jpg\",\"datePublished\":\"2026-01-29T14:19:05+00:00\",\"dateModified\":\"2026-02-21T15:54:10+00:00\",\"breadcrumb\":{\"@id\":\"https:\/\/www.voustensports.com\/de\/genti-polo-shirt-mit-reisverschluss-beige-42504\/#breadcrumb\"},\"inLanguage\":\"de-DE\",\"potentialAction\":[{\"@type\":\"ReadAction\",\"target\":[\"https:\/\/www.voustensports.com\/de\/genti-polo-shirt-mit-reisverschluss-beige-42504\/\"]}]},{\"@type\":\"ImageObject\",\"inLanguage\":\"de-DE\",\"@id\":\"https:\/\/www.voustensports.com\/de\/genti-polo-shirt-mit-reisverschluss-beige-42504\/#primaryimage\",\"url\":\"https:\/\/www.voustensports.com\/wp-content\/uploads\/2023\/06\/GENTI-Polo-zip-ls-beige-42504-1.jpg\",\"contentUrl\":\"https:\/\/www.voustensports.com\/wp-content\/uploads\/2023\/06\/GENTI-Polo-zip-ls-beige-42504-1.jpg\",\"width\":1200,\"height\":1800},{\"@type\":\"BreadcrumbList\",\"@id\":\"https:\/\/www.voustensports.com\/de\/genti-polo-shirt-mit-reisverschluss-beige-42504\/#breadcrumb\",\"itemListElement\":[{\"@type\":\"ListItem\",\"position\":1,\"name\":\"Home\",\"item\":\"https:\/\/www.voustensports.com\/de\/\"},{\"@type\":\"ListItem\",\"position\":2,\"name\":\"Shop\",\"item\":\"https:\/\/www.voustensports.com\/de\/shop\/\"},{\"@type\":\"ListItem\",\"position\":3,\"name\":\"GENTI &#8211; Polo-Shirt mit Rei\u00dfverschluss, beige (42504)\"}]},{\"@type\":\"WebSite\",\"@id\":\"https:\/\/www.voustensports.com\/nl\/#website\",\"url\":\"https:\/\/www.voustensports.com\/nl\/\",\"name\":\"Vousten Sports\",\"description\":\"\",\"potentialAction\":[{\"@type\":\"SearchAction\",\"target\":{\"@type\":\"EntryPoint\",\"urlTemplate\":\"https:\/\/www.voustensports.com\/nl\/?s={search_term_string}\"},\"query-input\":{\"@type\":\"PropertyValueSpecification\",\"valueRequired\":true,\"valueName\":\"search_term_string\"}}],\"inLanguage\":\"de-DE\"}]}<\/script>\n<!-- \/ Yoast SEO plugin. -->","yoast_head_json":{"title":"GENTI - Polo-Shirt mit Rei\u00dfverschluss, beige (42504) - Vousten Sports","robots":{"index":"index","follow":"follow","max-snippet":"max-snippet:-1","max-image-preview":"max-image-preview:large","max-video-preview":"max-video-preview:-1"},"canonical":"https:\/\/www.voustensports.com\/de\/genti-polo-shirt-mit-reisverschluss-beige-42504\/","og_locale":"de_DE","og_type":"article","og_title":"GENTI - Polo-Shirt mit Rei\u00dfverschluss, beige (42504) - Vousten Sports","og_description":"Sandfarbenes Polo-Shirt mit Rei\u00dfverschluss aus atmungsaktivem Funktionsmaterial mit Stretchanteil. Dieses Shirt bietet die optimale Balance zwischen Komfort, Atmungsaktivit\u00e4t und Formbest\u00e4ndigkeit. Eine dezente Stricktasche am \u00c4rmel rundet das Design ab. Atmungsaktiv Funktionelles Material Stretch 65 % Viskose, 35 % Nylon Schmale Passform","og_url":"https:\/\/www.voustensports.com\/de\/genti-polo-shirt-mit-reisverschluss-beige-42504\/","og_site_name":"Vousten Sports","article_modified_time":"2026-02-21T15:54:10+00:00","og_image":[{"width":1200,"height":1800,"url":"https:\/\/www.voustensports.com\/wp-content\/uploads\/2023\/06\/GENTI-Polo-zip-ls-beige-42504-1.jpg","type":"image\/jpeg"}],"twitter_card":"summary_large_image","schema":{"@context":"https:\/\/schema.org","@graph":[{"@type":"WebPage","@id":"https:\/\/www.voustensports.com\/de\/genti-polo-shirt-mit-reisverschluss-beige-42504\/","url":"https:\/\/www.voustensports.com\/de\/genti-polo-shirt-mit-reisverschluss-beige-42504\/","name":"GENTI - Polo-Shirt mit Rei\u00dfverschluss, beige (42504) - Vousten Sports","isPartOf":{"@id":"https:\/\/www.voustensports.com\/nl\/#website"},"primaryImageOfPage":{"@id":"https:\/\/www.voustensports.com\/de\/genti-polo-shirt-mit-reisverschluss-beige-42504\/#primaryimage"},"image":{"@id":"https:\/\/www.voustensports.com\/de\/genti-polo-shirt-mit-reisverschluss-beige-42504\/#primaryimage"},"thumbnailUrl":"https:\/\/www.voustensports.com\/wp-content\/uploads\/2023\/06\/GENTI-Polo-zip-ls-beige-42504-1.jpg","datePublished":"2026-01-29T14:19:05+00:00","dateModified":"2026-02-21T15:54:10+00:00","breadcrumb":{"@id":"https:\/\/www.voustensports.com\/de\/genti-polo-shirt-mit-reisverschluss-beige-42504\/#breadcrumb"},"inLanguage":"de-DE","potentialAction":[{"@type":"ReadAction","target":["https:\/\/www.voustensports.com\/de\/genti-polo-shirt-mit-reisverschluss-beige-42504\/"]}]},{"@type":"ImageObject","inLanguage":"de-DE","@id":"https:\/\/www.voustensports.com\/de\/genti-polo-shirt-mit-reisverschluss-beige-42504\/#primaryimage","url":"https:\/\/www.voustensports.com\/wp-content\/uploads\/2023\/06\/GENTI-Polo-zip-ls-beige-42504-1.jpg","contentUrl":"https:\/\/www.voustensports.com\/wp-content\/uploads\/2023\/06\/GENTI-Polo-zip-ls-beige-42504-1.jpg","width":1200,"height":1800},{"@type":"BreadcrumbList","@id":"https:\/\/www.voustensports.com\/de\/genti-polo-shirt-mit-reisverschluss-beige-42504\/#breadcrumb","itemListElement":[{"@type":"ListItem","position":1,"name":"Home","item":"https:\/\/www.voustensports.com\/de\/"},{"@type":"ListItem","position":2,"name":"Shop","item":"https:\/\/www.voustensports.com\/de\/shop\/"},{"@type":"ListItem","position":3,"name":"GENTI &#8211; Polo-Shirt mit Rei\u00dfverschluss, beige (42504)"}]},{"@type":"WebSite","@id":"https:\/\/www.voustensports.com\/nl\/#website","url":"https:\/\/www.voustensports.com\/nl\/","name":"Vousten Sports","description":"","potentialAction":[{"@type":"SearchAction","target":{"@type":"EntryPoint","urlTemplate":"https:\/\/www.voustensports.com\/nl\/?s={search_term_string}"},"query-input":{"@type":"PropertyValueSpecification","valueRequired":true,"valueName":"search_term_string"}}],"inLanguage":"de-DE"}]}},"_links":{"self":[{"href":"https:\/\/www.voustensports.com\/de\/wp-json\/wp\/v2\/product\/218952","targetHints":{"allow":["GET"]}}],"collection":[{"href":"https:\/\/www.voustensports.com\/de\/wp-json\/wp\/v2\/product"}],"about":[{"href":"https:\/\/www.voustensports.com\/de\/wp-json\/wp\/v2\/types\/product"}],"replies":[{"embeddable":true,"href":"https:\/\/www.voustensports.com\/de\/wp-json\/wp\/v2\/comments?post=218952"}],"wp:featuredmedia":[{"embeddable":true,"href":"https:\/\/www.voustensports.com\/de\/wp-json\/wp\/v2\/media\/218940"}],"wp:attachment":[{"href":"https:\/\/www.voustensports.com\/de\/wp-json\/wp\/v2\/media?parent=218952"}],"wp:term":[{"taxonomy":"product_cat","embeddable":true,"href":"https:\/\/www.voustensports.com\/de\/wp-json\/wp\/v2\/product_cat?post=218952"},{"taxonomy":"product_tag","embeddable":true,"href":"https:\/\/www.voustensports.com\/de\/wp-json\/wp\/v2\/product_tag?post=218952"}],"curies":[{"name":"wp","href":"https:\/\/api.w.org\/{rel}","templated":true}]}}