{"id":218371,"date":"2026-01-17T15:12:07","date_gmt":"2026-01-17T14:12:07","guid":{"rendered":"https:\/\/www.voustensports.com\/stone-island-geripptes-langarm-poloshirt-beige-42340\/"},"modified":"2026-02-05T15:57:51","modified_gmt":"2026-02-05T14:57:51","slug":"stone-island-geripptes-langarm-poloshirt-beige-42340","status":"publish","type":"product","link":"https:\/\/www.voustensports.com\/de\/stone-island-geripptes-langarm-poloshirt-beige-42340\/","title":{"rendered":"STONE ISLAND &#8211; GERIPPTES LANGARM-POLOSHIRT BEIGE (42340)"},"content":{"rendered":"<div>PRODUKTDETAILS<\/div>\n<div>Lang\u00e4rmliges Strickpoloshirt aus weicher Bio-Baumwolle mit Mikrostrick. Maschenprobe 14.<\/div>\n<div><\/div>\n<div>\n<p>Das Model ist 180 cm gro\u00df, wiegt 80 kg und tr\u00e4gt Gr\u00f6\u00dfe M.<\/p>\n<\/div>\n<div><\/div>\n<div>STIL<\/div>\n<ul>\n<li>Gerippter Kragen mit Zweiknopfverschluss.<\/li>\n<li>Kontrastfarbenes Strickb\u00fcndchen an den Armausschnitten.<\/li>\n<li>Ziern\u00e4hte an den Schultern.<\/li>\n<li>Raglan\u00e4rmel.<\/li>\n<li>Stone Island Logo am linken \u00c4rmel.<\/li>\n<li>Gerippte B\u00fcndchen und Saum.<\/li>\n<li>Lockere Passform.<\/li>\n<\/ul>\n<div>MATERIAL<\/div>\n<ul>\n<li>100 % Baumwolle<\/li>\n<li>Stone Island: 5100024 01B2009<\/li>\n<li>Artikelnummer: 42340<\/li>\n<\/ul>\n","protected":false},"excerpt":{"rendered":"<p>PRODUKTDETAILS Lang\u00e4rmliges Strickpoloshirt aus weicher Bio-Baumwolle mit Mikrostrick. Maschenprobe 14. Das Model ist 180 cm gro\u00df, wiegt 80 kg und tr\u00e4gt Gr\u00f6\u00dfe M. STIL Gerippter Kragen mit Zweiknopfverschluss. Kontrastfarbenes Strickb\u00fcndchen an den Armausschnitten. Ziern\u00e4hte an den Schultern. Raglan\u00e4rmel. Stone Island Logo am linken \u00c4rmel. Gerippte B\u00fcndchen und Saum. Lockere Passform. MATERIAL 100 % Baumwolle Stone [&#8230;]\n","protected":false},"featured_media":218359,"comment_status":"open","ping_status":"closed","template":"","meta":{"rank_math_lock_modified_date":false},"product_cat":[479,483,535,539,695,698,1123,447,451,463],"product_tag":[],"class_list":{"0":"post-218371","1":"product","2":"type-product","3":"status-publish","4":"has-post-thumbnail","6":"product_cat-polos-de-2","7":"product_cat-stone-island-de-2","8":"product_cat-truien-de-2","9":"product_cat-knitwear-de","10":"product_cat-truien-vesten-de-2","11":"product_cat-sweaters-de-2","12":"product_cat-longsleeve-de","13":"product_cat-kleding-de","14":"product_cat-heren-de","15":"product_cat-vousten-sports-de-2","17":"first","18":"instock","19":"taxable","20":"shipping-taxable","21":"purchasable","22":"product-type-variable"},"acf":[],"yoast_head":"<!-- This site is optimized with the Yoast SEO plugin v23.9 - https:\/\/yoast.com\/wordpress\/plugins\/seo\/ -->\n<title>STONE ISLAND - GERIPPTES LANGARM-POLOSHIRT BEIGE (42340) - Vousten Sports<\/title>\n<meta name=\"robots\" content=\"index, follow, max-snippet:-1, max-image-preview:large, max-video-preview:-1\" \/>\n<link rel=\"canonical\" href=\"https:\/\/www.voustensports.com\/de\/stone-island-geripptes-langarm-poloshirt-beige-42340\/\" \/>\n<meta property=\"og:locale\" content=\"de_DE\" \/>\n<meta property=\"og:type\" content=\"article\" \/>\n<meta property=\"og:title\" content=\"STONE ISLAND - GERIPPTES LANGARM-POLOSHIRT BEIGE (42340) - Vousten Sports\" \/>\n<meta property=\"og:description\" content=\"PRODUKTDETAILS Lang\u00e4rmliges Strickpoloshirt aus weicher Bio-Baumwolle mit Mikrostrick. Maschenprobe 14. Das Model ist 180 cm gro\u00df, wiegt 80 kg und tr\u00e4gt Gr\u00f6\u00dfe M. STIL Gerippter Kragen mit Zweiknopfverschluss. Kontrastfarbenes Strickb\u00fcndchen an den Armausschnitten. Ziern\u00e4hte an den Schultern. Raglan\u00e4rmel. Stone Island Logo am linken \u00c4rmel. Gerippte B\u00fcndchen und Saum. Lockere Passform. MATERIAL 100 % Baumwolle Stone [...]\" \/>\n<meta property=\"og:url\" content=\"https:\/\/www.voustensports.com\/de\/stone-island-geripptes-langarm-poloshirt-beige-42340\/\" \/>\n<meta property=\"og:site_name\" content=\"Vousten Sports\" \/>\n<meta property=\"article:modified_time\" content=\"2026-02-05T14:57:51+00:00\" \/>\n<meta property=\"og:image\" content=\"https:\/\/www.voustensports.com\/wp-content\/uploads\/2023\/06\/RIBBED-KNIT-LONG-SLEEVE-POLO-BEIGE-423401.jpg\" \/>\n\t<meta property=\"og:image:width\" content=\"1365\" \/>\n\t<meta property=\"og:image:height\" content=\"2048\" \/>\n\t<meta property=\"og:image:type\" content=\"image\/jpeg\" \/>\n<meta name=\"twitter:card\" content=\"summary_large_image\" \/>\n<script type=\"application\/ld+json\" class=\"yoast-schema-graph\">{\"@context\":\"https:\/\/schema.org\",\"@graph\":[{\"@type\":\"WebPage\",\"@id\":\"https:\/\/www.voustensports.com\/de\/stone-island-geripptes-langarm-poloshirt-beige-42340\/\",\"url\":\"https:\/\/www.voustensports.com\/de\/stone-island-geripptes-langarm-poloshirt-beige-42340\/\",\"name\":\"STONE ISLAND - GERIPPTES LANGARM-POLOSHIRT BEIGE (42340) - Vousten Sports\",\"isPartOf\":{\"@id\":\"https:\/\/www.voustensports.com\/nl\/#website\"},\"primaryImageOfPage\":{\"@id\":\"https:\/\/www.voustensports.com\/de\/stone-island-geripptes-langarm-poloshirt-beige-42340\/#primaryimage\"},\"image\":{\"@id\":\"https:\/\/www.voustensports.com\/de\/stone-island-geripptes-langarm-poloshirt-beige-42340\/#primaryimage\"},\"thumbnailUrl\":\"https:\/\/www.voustensports.com\/wp-content\/uploads\/2023\/06\/RIBBED-KNIT-LONG-SLEEVE-POLO-BEIGE-423401.jpg\",\"datePublished\":\"2026-01-17T14:12:07+00:00\",\"dateModified\":\"2026-02-05T14:57:51+00:00\",\"breadcrumb\":{\"@id\":\"https:\/\/www.voustensports.com\/de\/stone-island-geripptes-langarm-poloshirt-beige-42340\/#breadcrumb\"},\"inLanguage\":\"de-DE\",\"potentialAction\":[{\"@type\":\"ReadAction\",\"target\":[\"https:\/\/www.voustensports.com\/de\/stone-island-geripptes-langarm-poloshirt-beige-42340\/\"]}]},{\"@type\":\"ImageObject\",\"inLanguage\":\"de-DE\",\"@id\":\"https:\/\/www.voustensports.com\/de\/stone-island-geripptes-langarm-poloshirt-beige-42340\/#primaryimage\",\"url\":\"https:\/\/www.voustensports.com\/wp-content\/uploads\/2023\/06\/RIBBED-KNIT-LONG-SLEEVE-POLO-BEIGE-423401.jpg\",\"contentUrl\":\"https:\/\/www.voustensports.com\/wp-content\/uploads\/2023\/06\/RIBBED-KNIT-LONG-SLEEVE-POLO-BEIGE-423401.jpg\",\"width\":1365,\"height\":2048},{\"@type\":\"BreadcrumbList\",\"@id\":\"https:\/\/www.voustensports.com\/de\/stone-island-geripptes-langarm-poloshirt-beige-42340\/#breadcrumb\",\"itemListElement\":[{\"@type\":\"ListItem\",\"position\":1,\"name\":\"Home\",\"item\":\"https:\/\/www.voustensports.com\/de\/\"},{\"@type\":\"ListItem\",\"position\":2,\"name\":\"Shop\",\"item\":\"https:\/\/www.voustensports.com\/de\/shop\/\"},{\"@type\":\"ListItem\",\"position\":3,\"name\":\"STONE ISLAND &#8211; GERIPPTES LANGARM-POLOSHIRT BEIGE (42340)\"}]},{\"@type\":\"WebSite\",\"@id\":\"https:\/\/www.voustensports.com\/nl\/#website\",\"url\":\"https:\/\/www.voustensports.com\/nl\/\",\"name\":\"Vousten Sports\",\"description\":\"\",\"potentialAction\":[{\"@type\":\"SearchAction\",\"target\":{\"@type\":\"EntryPoint\",\"urlTemplate\":\"https:\/\/www.voustensports.com\/nl\/?s={search_term_string}\"},\"query-input\":{\"@type\":\"PropertyValueSpecification\",\"valueRequired\":true,\"valueName\":\"search_term_string\"}}],\"inLanguage\":\"de-DE\"}]}<\/script>\n<!-- \/ Yoast SEO plugin. -->","yoast_head_json":{"title":"STONE ISLAND - GERIPPTES LANGARM-POLOSHIRT BEIGE (42340) - Vousten Sports","robots":{"index":"index","follow":"follow","max-snippet":"max-snippet:-1","max-image-preview":"max-image-preview:large","max-video-preview":"max-video-preview:-1"},"canonical":"https:\/\/www.voustensports.com\/de\/stone-island-geripptes-langarm-poloshirt-beige-42340\/","og_locale":"de_DE","og_type":"article","og_title":"STONE ISLAND - GERIPPTES LANGARM-POLOSHIRT BEIGE (42340) - Vousten Sports","og_description":"PRODUKTDETAILS Lang\u00e4rmliges Strickpoloshirt aus weicher Bio-Baumwolle mit Mikrostrick. Maschenprobe 14. Das Model ist 180 cm gro\u00df, wiegt 80 kg und tr\u00e4gt Gr\u00f6\u00dfe M. STIL Gerippter Kragen mit Zweiknopfverschluss. Kontrastfarbenes Strickb\u00fcndchen an den Armausschnitten. Ziern\u00e4hte an den Schultern. Raglan\u00e4rmel. Stone Island Logo am linken \u00c4rmel. Gerippte B\u00fcndchen und Saum. Lockere Passform. MATERIAL 100 % Baumwolle Stone [...]","og_url":"https:\/\/www.voustensports.com\/de\/stone-island-geripptes-langarm-poloshirt-beige-42340\/","og_site_name":"Vousten Sports","article_modified_time":"2026-02-05T14:57:51+00:00","og_image":[{"width":1365,"height":2048,"url":"https:\/\/www.voustensports.com\/wp-content\/uploads\/2023\/06\/RIBBED-KNIT-LONG-SLEEVE-POLO-BEIGE-423401.jpg","type":"image\/jpeg"}],"twitter_card":"summary_large_image","schema":{"@context":"https:\/\/schema.org","@graph":[{"@type":"WebPage","@id":"https:\/\/www.voustensports.com\/de\/stone-island-geripptes-langarm-poloshirt-beige-42340\/","url":"https:\/\/www.voustensports.com\/de\/stone-island-geripptes-langarm-poloshirt-beige-42340\/","name":"STONE ISLAND - GERIPPTES LANGARM-POLOSHIRT BEIGE (42340) - Vousten Sports","isPartOf":{"@id":"https:\/\/www.voustensports.com\/nl\/#website"},"primaryImageOfPage":{"@id":"https:\/\/www.voustensports.com\/de\/stone-island-geripptes-langarm-poloshirt-beige-42340\/#primaryimage"},"image":{"@id":"https:\/\/www.voustensports.com\/de\/stone-island-geripptes-langarm-poloshirt-beige-42340\/#primaryimage"},"thumbnailUrl":"https:\/\/www.voustensports.com\/wp-content\/uploads\/2023\/06\/RIBBED-KNIT-LONG-SLEEVE-POLO-BEIGE-423401.jpg","datePublished":"2026-01-17T14:12:07+00:00","dateModified":"2026-02-05T14:57:51+00:00","breadcrumb":{"@id":"https:\/\/www.voustensports.com\/de\/stone-island-geripptes-langarm-poloshirt-beige-42340\/#breadcrumb"},"inLanguage":"de-DE","potentialAction":[{"@type":"ReadAction","target":["https:\/\/www.voustensports.com\/de\/stone-island-geripptes-langarm-poloshirt-beige-42340\/"]}]},{"@type":"ImageObject","inLanguage":"de-DE","@id":"https:\/\/www.voustensports.com\/de\/stone-island-geripptes-langarm-poloshirt-beige-42340\/#primaryimage","url":"https:\/\/www.voustensports.com\/wp-content\/uploads\/2023\/06\/RIBBED-KNIT-LONG-SLEEVE-POLO-BEIGE-423401.jpg","contentUrl":"https:\/\/www.voustensports.com\/wp-content\/uploads\/2023\/06\/RIBBED-KNIT-LONG-SLEEVE-POLO-BEIGE-423401.jpg","width":1365,"height":2048},{"@type":"BreadcrumbList","@id":"https:\/\/www.voustensports.com\/de\/stone-island-geripptes-langarm-poloshirt-beige-42340\/#breadcrumb","itemListElement":[{"@type":"ListItem","position":1,"name":"Home","item":"https:\/\/www.voustensports.com\/de\/"},{"@type":"ListItem","position":2,"name":"Shop","item":"https:\/\/www.voustensports.com\/de\/shop\/"},{"@type":"ListItem","position":3,"name":"STONE ISLAND &#8211; GERIPPTES LANGARM-POLOSHIRT BEIGE (42340)"}]},{"@type":"WebSite","@id":"https:\/\/www.voustensports.com\/nl\/#website","url":"https:\/\/www.voustensports.com\/nl\/","name":"Vousten Sports","description":"","potentialAction":[{"@type":"SearchAction","target":{"@type":"EntryPoint","urlTemplate":"https:\/\/www.voustensports.com\/nl\/?s={search_term_string}"},"query-input":{"@type":"PropertyValueSpecification","valueRequired":true,"valueName":"search_term_string"}}],"inLanguage":"de-DE"}]}},"_links":{"self":[{"href":"https:\/\/www.voustensports.com\/de\/wp-json\/wp\/v2\/product\/218371","targetHints":{"allow":["GET"]}}],"collection":[{"href":"https:\/\/www.voustensports.com\/de\/wp-json\/wp\/v2\/product"}],"about":[{"href":"https:\/\/www.voustensports.com\/de\/wp-json\/wp\/v2\/types\/product"}],"replies":[{"embeddable":true,"href":"https:\/\/www.voustensports.com\/de\/wp-json\/wp\/v2\/comments?post=218371"}],"wp:featuredmedia":[{"embeddable":true,"href":"https:\/\/www.voustensports.com\/de\/wp-json\/wp\/v2\/media\/218359"}],"wp:attachment":[{"href":"https:\/\/www.voustensports.com\/de\/wp-json\/wp\/v2\/media?parent=218371"}],"wp:term":[{"taxonomy":"product_cat","embeddable":true,"href":"https:\/\/www.voustensports.com\/de\/wp-json\/wp\/v2\/product_cat?post=218371"},{"taxonomy":"product_tag","embeddable":true,"href":"https:\/\/www.voustensports.com\/de\/wp-json\/wp\/v2\/product_tag?post=218371"}],"curies":[{"name":"wp","href":"https:\/\/api.w.org\/{rel}","templated":true}]}}