{"id":218232,"date":"2026-01-16T21:15:09","date_gmt":"2026-01-16T20:15:09","guid":{"rendered":"https:\/\/www.voustensports.com\/stone-island-jacke-crinkle-reps-marineblau-42346\/"},"modified":"2026-04-14T08:15:06","modified_gmt":"2026-04-14T06:15:06","slug":"stone-island-jacke-crinkle-reps-marineblau-42346","status":"publish","type":"product","link":"https:\/\/www.voustensports.com\/de\/stone-island-jacke-crinkle-reps-marineblau-42346\/","title":{"rendered":"STONE ISLAND &#8211; JACKE CRINKLE-REPS MARINEBLAU (42346)"},"content":{"rendered":"<div>PRODUKTDETAILS<\/div>\n<div>Stehkragenjacke aus leichtem, recyceltem Nylon-Reps mit besonders dichter Webart. Die Harzbeschichtung auf der Innenseite macht sie windabweisend und leicht wasserabweisend. Durch die Harzbehandlung dringt die Farbe ungleichm\u00e4\u00dfig in das Material ein, wodurch die Oberfl\u00e4che einen knittrigen Look erh\u00e4lt. St\u00fcckgef\u00e4rbt mit einem speziellen Anti-Tropf-Mittel.<\/div>\n<div><\/div>\n<div>STIL<\/div>\n<ul>\n<li>Stehkragen mit Rippstrickfutter und Zierband am R\u00fccken.<\/li>\n<li>Schr\u00e4ge Eingrifftaschen mit Zierband und Druckknopf.<\/li>\n<li>R\u00fcckenpasse.<\/li>\n<li>Stone Island Logo am linken \u00c4rmel.<\/li>\n<li>Elastische B\u00fcndchen.<\/li>\n<li>Gerippter Saum.<\/li>\n<li>Zwei-Wege-Rei\u00dfverschluss.<\/li>\n<\/ul>\n<div>MATERIALZUSAMMENSETZUNG<\/div>\n<ul>\n<li>Obermaterial: 100 % Polyamid\/Nylon<\/li>\n<li>Beschichtung: 100 % Polyurethanharz<\/li>\n<li>Rippstrick: 95 % Polyamid\/Nylon, 5 % Elastan\/Spandex<\/li>\n<li>Futter: 100 % Polyamid\/Nylon<\/li>\n<li>Stone Island Nr.: L1S154100111S0A23V0020<\/li>\n<li>ID-Nr.: 42346<\/li>\n<\/ul>\n","protected":false},"excerpt":{"rendered":"<p>PRODUKTDETAILS Stehkragenjacke aus leichtem, recyceltem Nylon-Reps mit besonders dichter Webart. Die Harzbeschichtung auf der Innenseite macht sie windabweisend und leicht wasserabweisend. Durch die Harzbehandlung dringt die Farbe ungleichm\u00e4\u00dfig in das Material ein, wodurch die Oberfl\u00e4che einen knittrigen Look erh\u00e4lt. St\u00fcckgef\u00e4rbt mit einem speziellen Anti-Tropf-Mittel. STIL Stehkragen mit Rippstrickfutter und Zierband am R\u00fccken. Schr\u00e4ge Eingrifftaschen mit [&#8230;]\n","protected":false},"featured_media":218220,"comment_status":"open","ping_status":"closed","template":"","meta":{"rank_math_lock_modified_date":false},"product_cat":[447,451,463,483,543,702,706],"product_tag":[],"class_list":{"0":"post-218232","1":"product","2":"type-product","3":"status-publish","4":"has-post-thumbnail","6":"product_cat-kleding-de","7":"product_cat-heren-de","8":"product_cat-vousten-sports-de-2","9":"product_cat-stone-island-de-2","10":"product_cat-jassen-de","11":"product_cat-jackets-de","12":"product_cat-jassen-jacks-de","14":"first","15":"instock","16":"taxable","17":"shipping-taxable","18":"purchasable","19":"product-type-variable"},"acf":[],"yoast_head":"<!-- This site is optimized with the Yoast SEO plugin v23.9 - https:\/\/yoast.com\/wordpress\/plugins\/seo\/ -->\n<title>STONE ISLAND - JACKE CRINKLE-REPS MARINEBLAU (42346) - Vousten Sports<\/title>\n<meta name=\"robots\" content=\"index, follow, max-snippet:-1, max-image-preview:large, max-video-preview:-1\" \/>\n<link rel=\"canonical\" href=\"https:\/\/www.voustensports.com\/de\/stone-island-jacke-crinkle-reps-marineblau-42346\/\" \/>\n<meta property=\"og:locale\" content=\"de_DE\" \/>\n<meta property=\"og:type\" content=\"article\" \/>\n<meta property=\"og:title\" content=\"STONE ISLAND - JACKE CRINKLE-REPS MARINEBLAU (42346) - Vousten Sports\" \/>\n<meta property=\"og:description\" content=\"PRODUKTDETAILS Stehkragenjacke aus leichtem, recyceltem Nylon-Reps mit besonders dichter Webart. Die Harzbeschichtung auf der Innenseite macht sie windabweisend und leicht wasserabweisend. Durch die Harzbehandlung dringt die Farbe ungleichm\u00e4\u00dfig in das Material ein, wodurch die Oberfl\u00e4che einen knittrigen Look erh\u00e4lt. St\u00fcckgef\u00e4rbt mit einem speziellen Anti-Tropf-Mittel. STIL Stehkragen mit Rippstrickfutter und Zierband am R\u00fccken. Schr\u00e4ge Eingrifftaschen mit [...]\" \/>\n<meta property=\"og:url\" content=\"https:\/\/www.voustensports.com\/de\/stone-island-jacke-crinkle-reps-marineblau-42346\/\" \/>\n<meta property=\"og:site_name\" content=\"Vousten Sports\" \/>\n<meta property=\"article:modified_time\" content=\"2026-04-14T06:15:06+00:00\" \/>\n<meta property=\"og:image\" content=\"https:\/\/www.voustensports.com\/wp-content\/uploads\/2023\/06\/JACKET-CRINKLE-REPS-DONKERBLAUW-423461.jpg\" \/>\n\t<meta property=\"og:image:width\" content=\"1365\" \/>\n\t<meta property=\"og:image:height\" content=\"2048\" \/>\n\t<meta property=\"og:image:type\" content=\"image\/jpeg\" \/>\n<meta name=\"twitter:card\" content=\"summary_large_image\" \/>\n<meta name=\"twitter:label1\" content=\"Est. reading time\" \/>\n\t<meta name=\"twitter:data1\" content=\"1 Minute\" \/>\n<script type=\"application\/ld+json\" class=\"yoast-schema-graph\">{\"@context\":\"https:\/\/schema.org\",\"@graph\":[{\"@type\":\"WebPage\",\"@id\":\"https:\/\/www.voustensports.com\/de\/stone-island-jacke-crinkle-reps-marineblau-42346\/\",\"url\":\"https:\/\/www.voustensports.com\/de\/stone-island-jacke-crinkle-reps-marineblau-42346\/\",\"name\":\"STONE ISLAND - JACKE CRINKLE-REPS MARINEBLAU (42346) - Vousten Sports\",\"isPartOf\":{\"@id\":\"https:\/\/www.voustensports.com\/nl\/#website\"},\"primaryImageOfPage\":{\"@id\":\"https:\/\/www.voustensports.com\/de\/stone-island-jacke-crinkle-reps-marineblau-42346\/#primaryimage\"},\"image\":{\"@id\":\"https:\/\/www.voustensports.com\/de\/stone-island-jacke-crinkle-reps-marineblau-42346\/#primaryimage\"},\"thumbnailUrl\":\"https:\/\/www.voustensports.com\/wp-content\/uploads\/2023\/06\/JACKET-CRINKLE-REPS-DONKERBLAUW-423461.jpg\",\"datePublished\":\"2026-01-16T20:15:09+00:00\",\"dateModified\":\"2026-04-14T06:15:06+00:00\",\"breadcrumb\":{\"@id\":\"https:\/\/www.voustensports.com\/de\/stone-island-jacke-crinkle-reps-marineblau-42346\/#breadcrumb\"},\"inLanguage\":\"de-DE\",\"potentialAction\":[{\"@type\":\"ReadAction\",\"target\":[\"https:\/\/www.voustensports.com\/de\/stone-island-jacke-crinkle-reps-marineblau-42346\/\"]}]},{\"@type\":\"ImageObject\",\"inLanguage\":\"de-DE\",\"@id\":\"https:\/\/www.voustensports.com\/de\/stone-island-jacke-crinkle-reps-marineblau-42346\/#primaryimage\",\"url\":\"https:\/\/www.voustensports.com\/wp-content\/uploads\/2023\/06\/JACKET-CRINKLE-REPS-DONKERBLAUW-423461.jpg\",\"contentUrl\":\"https:\/\/www.voustensports.com\/wp-content\/uploads\/2023\/06\/JACKET-CRINKLE-REPS-DONKERBLAUW-423461.jpg\",\"width\":1365,\"height\":2048},{\"@type\":\"BreadcrumbList\",\"@id\":\"https:\/\/www.voustensports.com\/de\/stone-island-jacke-crinkle-reps-marineblau-42346\/#breadcrumb\",\"itemListElement\":[{\"@type\":\"ListItem\",\"position\":1,\"name\":\"Home\",\"item\":\"https:\/\/www.voustensports.com\/de\/\"},{\"@type\":\"ListItem\",\"position\":2,\"name\":\"Shop\",\"item\":\"https:\/\/www.voustensports.com\/de\/shop\/\"},{\"@type\":\"ListItem\",\"position\":3,\"name\":\"STONE ISLAND &#8211; JACKE CRINKLE-REPS MARINEBLAU (42346)\"}]},{\"@type\":\"WebSite\",\"@id\":\"https:\/\/www.voustensports.com\/nl\/#website\",\"url\":\"https:\/\/www.voustensports.com\/nl\/\",\"name\":\"Vousten Sports\",\"description\":\"\",\"potentialAction\":[{\"@type\":\"SearchAction\",\"target\":{\"@type\":\"EntryPoint\",\"urlTemplate\":\"https:\/\/www.voustensports.com\/nl\/?s={search_term_string}\"},\"query-input\":{\"@type\":\"PropertyValueSpecification\",\"valueRequired\":true,\"valueName\":\"search_term_string\"}}],\"inLanguage\":\"de-DE\"}]}<\/script>\n<!-- \/ Yoast SEO plugin. -->","yoast_head_json":{"title":"STONE ISLAND - JACKE CRINKLE-REPS MARINEBLAU (42346) - Vousten Sports","robots":{"index":"index","follow":"follow","max-snippet":"max-snippet:-1","max-image-preview":"max-image-preview:large","max-video-preview":"max-video-preview:-1"},"canonical":"https:\/\/www.voustensports.com\/de\/stone-island-jacke-crinkle-reps-marineblau-42346\/","og_locale":"de_DE","og_type":"article","og_title":"STONE ISLAND - JACKE CRINKLE-REPS MARINEBLAU (42346) - Vousten Sports","og_description":"PRODUKTDETAILS Stehkragenjacke aus leichtem, recyceltem Nylon-Reps mit besonders dichter Webart. Die Harzbeschichtung auf der Innenseite macht sie windabweisend und leicht wasserabweisend. Durch die Harzbehandlung dringt die Farbe ungleichm\u00e4\u00dfig in das Material ein, wodurch die Oberfl\u00e4che einen knittrigen Look erh\u00e4lt. St\u00fcckgef\u00e4rbt mit einem speziellen Anti-Tropf-Mittel. STIL Stehkragen mit Rippstrickfutter und Zierband am R\u00fccken. Schr\u00e4ge Eingrifftaschen mit [...]","og_url":"https:\/\/www.voustensports.com\/de\/stone-island-jacke-crinkle-reps-marineblau-42346\/","og_site_name":"Vousten Sports","article_modified_time":"2026-04-14T06:15:06+00:00","og_image":[{"width":1365,"height":2048,"url":"https:\/\/www.voustensports.com\/wp-content\/uploads\/2023\/06\/JACKET-CRINKLE-REPS-DONKERBLAUW-423461.jpg","type":"image\/jpeg"}],"twitter_card":"summary_large_image","twitter_misc":{"Est. reading time":"1 Minute"},"schema":{"@context":"https:\/\/schema.org","@graph":[{"@type":"WebPage","@id":"https:\/\/www.voustensports.com\/de\/stone-island-jacke-crinkle-reps-marineblau-42346\/","url":"https:\/\/www.voustensports.com\/de\/stone-island-jacke-crinkle-reps-marineblau-42346\/","name":"STONE ISLAND - JACKE CRINKLE-REPS MARINEBLAU (42346) - Vousten Sports","isPartOf":{"@id":"https:\/\/www.voustensports.com\/nl\/#website"},"primaryImageOfPage":{"@id":"https:\/\/www.voustensports.com\/de\/stone-island-jacke-crinkle-reps-marineblau-42346\/#primaryimage"},"image":{"@id":"https:\/\/www.voustensports.com\/de\/stone-island-jacke-crinkle-reps-marineblau-42346\/#primaryimage"},"thumbnailUrl":"https:\/\/www.voustensports.com\/wp-content\/uploads\/2023\/06\/JACKET-CRINKLE-REPS-DONKERBLAUW-423461.jpg","datePublished":"2026-01-16T20:15:09+00:00","dateModified":"2026-04-14T06:15:06+00:00","breadcrumb":{"@id":"https:\/\/www.voustensports.com\/de\/stone-island-jacke-crinkle-reps-marineblau-42346\/#breadcrumb"},"inLanguage":"de-DE","potentialAction":[{"@type":"ReadAction","target":["https:\/\/www.voustensports.com\/de\/stone-island-jacke-crinkle-reps-marineblau-42346\/"]}]},{"@type":"ImageObject","inLanguage":"de-DE","@id":"https:\/\/www.voustensports.com\/de\/stone-island-jacke-crinkle-reps-marineblau-42346\/#primaryimage","url":"https:\/\/www.voustensports.com\/wp-content\/uploads\/2023\/06\/JACKET-CRINKLE-REPS-DONKERBLAUW-423461.jpg","contentUrl":"https:\/\/www.voustensports.com\/wp-content\/uploads\/2023\/06\/JACKET-CRINKLE-REPS-DONKERBLAUW-423461.jpg","width":1365,"height":2048},{"@type":"BreadcrumbList","@id":"https:\/\/www.voustensports.com\/de\/stone-island-jacke-crinkle-reps-marineblau-42346\/#breadcrumb","itemListElement":[{"@type":"ListItem","position":1,"name":"Home","item":"https:\/\/www.voustensports.com\/de\/"},{"@type":"ListItem","position":2,"name":"Shop","item":"https:\/\/www.voustensports.com\/de\/shop\/"},{"@type":"ListItem","position":3,"name":"STONE ISLAND &#8211; JACKE CRINKLE-REPS MARINEBLAU (42346)"}]},{"@type":"WebSite","@id":"https:\/\/www.voustensports.com\/nl\/#website","url":"https:\/\/www.voustensports.com\/nl\/","name":"Vousten Sports","description":"","potentialAction":[{"@type":"SearchAction","target":{"@type":"EntryPoint","urlTemplate":"https:\/\/www.voustensports.com\/nl\/?s={search_term_string}"},"query-input":{"@type":"PropertyValueSpecification","valueRequired":true,"valueName":"search_term_string"}}],"inLanguage":"de-DE"}]}},"_links":{"self":[{"href":"https:\/\/www.voustensports.com\/de\/wp-json\/wp\/v2\/product\/218232","targetHints":{"allow":["GET"]}}],"collection":[{"href":"https:\/\/www.voustensports.com\/de\/wp-json\/wp\/v2\/product"}],"about":[{"href":"https:\/\/www.voustensports.com\/de\/wp-json\/wp\/v2\/types\/product"}],"replies":[{"embeddable":true,"href":"https:\/\/www.voustensports.com\/de\/wp-json\/wp\/v2\/comments?post=218232"}],"wp:featuredmedia":[{"embeddable":true,"href":"https:\/\/www.voustensports.com\/de\/wp-json\/wp\/v2\/media\/218220"}],"wp:attachment":[{"href":"https:\/\/www.voustensports.com\/de\/wp-json\/wp\/v2\/media?parent=218232"}],"wp:term":[{"taxonomy":"product_cat","embeddable":true,"href":"https:\/\/www.voustensports.com\/de\/wp-json\/wp\/v2\/product_cat?post=218232"},{"taxonomy":"product_tag","embeddable":true,"href":"https:\/\/www.voustensports.com\/de\/wp-json\/wp\/v2\/product_tag?post=218232"}],"curies":[{"name":"wp","href":"https:\/\/api.w.org\/{rel}","templated":true}]}}