{"id":218050,"date":"2026-01-10T22:33:08","date_gmt":"2026-01-10T21:33:08","guid":{"rendered":"https:\/\/www.voustensports.com\/stone-island-coach-overshirt-aus-baumwoll-canvas-bleigrau-42416\/"},"modified":"2026-02-05T12:41:58","modified_gmt":"2026-02-05T11:41:58","slug":"stone-island-coach-overshirt-aus-baumwoll-canvas-bleigrau-42416","status":"publish","type":"product","link":"https:\/\/www.voustensports.com\/de\/stone-island-coach-overshirt-aus-baumwoll-canvas-bleigrau-42416\/","title":{"rendered":"STONE ISLAND &#8211; COACH OVERSHIRT AUS BAUMWOLL-CANVAS BLEIGRAU (42416)"},"content":{"rendered":"<div>PRODUKTDETAILS<\/div>\n<div>Diese Coach-Jacke aus Canvas-Gewebe aus Bio-Baumwolle ist von Arbeitskleidung inspiriert. Die stark gezwirnten Garne verleihen dem Material Struktur und Strapazierf\u00e4higkeit. Mit einem speziellen wasserabweisenden Mittel behandelt.<\/div>\n<div><\/div>\n<div>\n<p>Das Model ist 180 cm gro\u00df, wiegt 80 kg und tr\u00e4gt Gr\u00f6\u00dfe M.<\/p>\n<\/div>\n<div><\/div>\n<div>STIL<\/div>\n<ul>\n<li>Druckknopfverschluss unter dem Kragen f\u00fcr bequemes Tragen im Stehen.<\/li>\n<li>Aufgesetzte Eingrifftaschen auf Taillenh\u00f6he.<\/li>\n<li>Vertikale Eingrifftaschen mit Zierband und verdecktem Druckknopf.<\/li>\n<li>Drei Innentaschen mit Eingriff; eine davon mit von au\u00dfen sichtbarem Druckknopfverschluss.<\/li>\n<li>Stone Island-Logo am linken \u00c4rmel.<\/li>\n<li>Verstellbare \u00c4rmelb\u00fcndchen mit Druckknopf.<\/li>\n<li>Druckknopfverschluss.<\/li>\n<\/ul>\n<div>MATERIAL<\/div>\n<ul>\n<li>100 % Baumwolle<\/li>\n<li>Stone Island Nr.: L1S154100076S0164V0065<\/li>\n<li>ID-Nr.: 42416<\/li>\n<\/ul>\n","protected":false},"excerpt":{"rendered":"<p>PRODUKTDETAILS Diese Coach-Jacke aus Canvas-Gewebe aus Bio-Baumwolle ist von Arbeitskleidung inspiriert. Die stark gezwirnten Garne verleihen dem Material Struktur und Strapazierf\u00e4higkeit. Mit einem speziellen wasserabweisenden Mittel behandelt. Das Model ist 180 cm gro\u00df, wiegt 80 kg und tr\u00e4gt Gr\u00f6\u00dfe M. STIL Druckknopfverschluss unter dem Kragen f\u00fcr bequemes Tragen im Stehen. Aufgesetzte Eingrifftaschen auf Taillenh\u00f6he. Vertikale [&#8230;]\n","protected":false},"featured_media":218038,"comment_status":"open","ping_status":"closed","template":"","meta":{"rank_math_lock_modified_date":false},"product_cat":[483,487,702,740,447,451,463],"product_tag":[],"class_list":{"0":"post-218050","1":"product","2":"type-product","3":"status-publish","4":"has-post-thumbnail","6":"product_cat-stone-island-de-2","7":"product_cat-shirt-de-2","8":"product_cat-jackets-de","9":"product_cat-overshirt-de-2","10":"product_cat-kleding-de","11":"product_cat-heren-de","12":"product_cat-vousten-sports-de-2","14":"first","15":"instock","16":"taxable","17":"shipping-taxable","18":"purchasable","19":"product-type-variable"},"acf":[],"yoast_head":"<!-- This site is optimized with the Yoast SEO plugin v23.9 - https:\/\/yoast.com\/wordpress\/plugins\/seo\/ -->\n<title>STONE ISLAND - COACH OVERSHIRT AUS BAUMWOLL-CANVAS BLEIGRAU (42416) - Vousten Sports<\/title>\n<meta name=\"robots\" content=\"index, follow, max-snippet:-1, max-image-preview:large, max-video-preview:-1\" \/>\n<link rel=\"canonical\" href=\"https:\/\/www.voustensports.com\/de\/stone-island-coach-overshirt-aus-baumwoll-canvas-bleigrau-42416\/\" \/>\n<meta property=\"og:locale\" content=\"de_DE\" \/>\n<meta property=\"og:type\" content=\"article\" \/>\n<meta property=\"og:title\" content=\"STONE ISLAND - COACH OVERSHIRT AUS BAUMWOLL-CANVAS BLEIGRAU (42416) - Vousten Sports\" \/>\n<meta property=\"og:description\" content=\"PRODUKTDETAILS Diese Coach-Jacke aus Canvas-Gewebe aus Bio-Baumwolle ist von Arbeitskleidung inspiriert. Die stark gezwirnten Garne verleihen dem Material Struktur und Strapazierf\u00e4higkeit. Mit einem speziellen wasserabweisenden Mittel behandelt. Das Model ist 180 cm gro\u00df, wiegt 80 kg und tr\u00e4gt Gr\u00f6\u00dfe M. STIL Druckknopfverschluss unter dem Kragen f\u00fcr bequemes Tragen im Stehen. Aufgesetzte Eingrifftaschen auf Taillenh\u00f6he. Vertikale [...]\" \/>\n<meta property=\"og:url\" content=\"https:\/\/www.voustensports.com\/de\/stone-island-coach-overshirt-aus-baumwoll-canvas-bleigrau-42416\/\" \/>\n<meta property=\"og:site_name\" content=\"Vousten Sports\" \/>\n<meta property=\"article:modified_time\" content=\"2026-02-05T11:41:58+00:00\" \/>\n<meta property=\"og:image\" content=\"https:\/\/www.voustensports.com\/wp-content\/uploads\/2023\/06\/COTTON-CANVAS-COACH-OVERSHIRT-LEAD-GRAY-424161.jpg\" \/>\n\t<meta property=\"og:image:width\" content=\"1365\" \/>\n\t<meta property=\"og:image:height\" content=\"2048\" \/>\n\t<meta property=\"og:image:type\" content=\"image\/jpeg\" \/>\n<meta name=\"twitter:card\" content=\"summary_large_image\" \/>\n<script type=\"application\/ld+json\" class=\"yoast-schema-graph\">{\"@context\":\"https:\/\/schema.org\",\"@graph\":[{\"@type\":\"WebPage\",\"@id\":\"https:\/\/www.voustensports.com\/de\/stone-island-coach-overshirt-aus-baumwoll-canvas-bleigrau-42416\/\",\"url\":\"https:\/\/www.voustensports.com\/de\/stone-island-coach-overshirt-aus-baumwoll-canvas-bleigrau-42416\/\",\"name\":\"STONE ISLAND - COACH OVERSHIRT AUS BAUMWOLL-CANVAS BLEIGRAU (42416) - Vousten Sports\",\"isPartOf\":{\"@id\":\"https:\/\/www.voustensports.com\/nl\/#website\"},\"primaryImageOfPage\":{\"@id\":\"https:\/\/www.voustensports.com\/de\/stone-island-coach-overshirt-aus-baumwoll-canvas-bleigrau-42416\/#primaryimage\"},\"image\":{\"@id\":\"https:\/\/www.voustensports.com\/de\/stone-island-coach-overshirt-aus-baumwoll-canvas-bleigrau-42416\/#primaryimage\"},\"thumbnailUrl\":\"https:\/\/www.voustensports.com\/wp-content\/uploads\/2023\/06\/COTTON-CANVAS-COACH-OVERSHIRT-LEAD-GRAY-424161.jpg\",\"datePublished\":\"2026-01-10T21:33:08+00:00\",\"dateModified\":\"2026-02-05T11:41:58+00:00\",\"breadcrumb\":{\"@id\":\"https:\/\/www.voustensports.com\/de\/stone-island-coach-overshirt-aus-baumwoll-canvas-bleigrau-42416\/#breadcrumb\"},\"inLanguage\":\"de-DE\",\"potentialAction\":[{\"@type\":\"ReadAction\",\"target\":[\"https:\/\/www.voustensports.com\/de\/stone-island-coach-overshirt-aus-baumwoll-canvas-bleigrau-42416\/\"]}]},{\"@type\":\"ImageObject\",\"inLanguage\":\"de-DE\",\"@id\":\"https:\/\/www.voustensports.com\/de\/stone-island-coach-overshirt-aus-baumwoll-canvas-bleigrau-42416\/#primaryimage\",\"url\":\"https:\/\/www.voustensports.com\/wp-content\/uploads\/2023\/06\/COTTON-CANVAS-COACH-OVERSHIRT-LEAD-GRAY-424161.jpg\",\"contentUrl\":\"https:\/\/www.voustensports.com\/wp-content\/uploads\/2023\/06\/COTTON-CANVAS-COACH-OVERSHIRT-LEAD-GRAY-424161.jpg\",\"width\":1365,\"height\":2048},{\"@type\":\"BreadcrumbList\",\"@id\":\"https:\/\/www.voustensports.com\/de\/stone-island-coach-overshirt-aus-baumwoll-canvas-bleigrau-42416\/#breadcrumb\",\"itemListElement\":[{\"@type\":\"ListItem\",\"position\":1,\"name\":\"Home\",\"item\":\"https:\/\/www.voustensports.com\/de\/\"},{\"@type\":\"ListItem\",\"position\":2,\"name\":\"Shop\",\"item\":\"https:\/\/www.voustensports.com\/de\/shop\/\"},{\"@type\":\"ListItem\",\"position\":3,\"name\":\"STONE ISLAND &#8211; COACH OVERSHIRT AUS BAUMWOLL-CANVAS BLEIGRAU (42416)\"}]},{\"@type\":\"WebSite\",\"@id\":\"https:\/\/www.voustensports.com\/nl\/#website\",\"url\":\"https:\/\/www.voustensports.com\/nl\/\",\"name\":\"Vousten Sports\",\"description\":\"\",\"potentialAction\":[{\"@type\":\"SearchAction\",\"target\":{\"@type\":\"EntryPoint\",\"urlTemplate\":\"https:\/\/www.voustensports.com\/nl\/?s={search_term_string}\"},\"query-input\":{\"@type\":\"PropertyValueSpecification\",\"valueRequired\":true,\"valueName\":\"search_term_string\"}}],\"inLanguage\":\"de-DE\"}]}<\/script>\n<!-- \/ Yoast SEO plugin. -->","yoast_head_json":{"title":"STONE ISLAND - COACH OVERSHIRT AUS BAUMWOLL-CANVAS BLEIGRAU (42416) - Vousten Sports","robots":{"index":"index","follow":"follow","max-snippet":"max-snippet:-1","max-image-preview":"max-image-preview:large","max-video-preview":"max-video-preview:-1"},"canonical":"https:\/\/www.voustensports.com\/de\/stone-island-coach-overshirt-aus-baumwoll-canvas-bleigrau-42416\/","og_locale":"de_DE","og_type":"article","og_title":"STONE ISLAND - COACH OVERSHIRT AUS BAUMWOLL-CANVAS BLEIGRAU (42416) - Vousten Sports","og_description":"PRODUKTDETAILS Diese Coach-Jacke aus Canvas-Gewebe aus Bio-Baumwolle ist von Arbeitskleidung inspiriert. Die stark gezwirnten Garne verleihen dem Material Struktur und Strapazierf\u00e4higkeit. Mit einem speziellen wasserabweisenden Mittel behandelt. Das Model ist 180 cm gro\u00df, wiegt 80 kg und tr\u00e4gt Gr\u00f6\u00dfe M. STIL Druckknopfverschluss unter dem Kragen f\u00fcr bequemes Tragen im Stehen. Aufgesetzte Eingrifftaschen auf Taillenh\u00f6he. Vertikale [...]","og_url":"https:\/\/www.voustensports.com\/de\/stone-island-coach-overshirt-aus-baumwoll-canvas-bleigrau-42416\/","og_site_name":"Vousten Sports","article_modified_time":"2026-02-05T11:41:58+00:00","og_image":[{"width":1365,"height":2048,"url":"https:\/\/www.voustensports.com\/wp-content\/uploads\/2023\/06\/COTTON-CANVAS-COACH-OVERSHIRT-LEAD-GRAY-424161.jpg","type":"image\/jpeg"}],"twitter_card":"summary_large_image","schema":{"@context":"https:\/\/schema.org","@graph":[{"@type":"WebPage","@id":"https:\/\/www.voustensports.com\/de\/stone-island-coach-overshirt-aus-baumwoll-canvas-bleigrau-42416\/","url":"https:\/\/www.voustensports.com\/de\/stone-island-coach-overshirt-aus-baumwoll-canvas-bleigrau-42416\/","name":"STONE ISLAND - COACH OVERSHIRT AUS BAUMWOLL-CANVAS BLEIGRAU (42416) - Vousten Sports","isPartOf":{"@id":"https:\/\/www.voustensports.com\/nl\/#website"},"primaryImageOfPage":{"@id":"https:\/\/www.voustensports.com\/de\/stone-island-coach-overshirt-aus-baumwoll-canvas-bleigrau-42416\/#primaryimage"},"image":{"@id":"https:\/\/www.voustensports.com\/de\/stone-island-coach-overshirt-aus-baumwoll-canvas-bleigrau-42416\/#primaryimage"},"thumbnailUrl":"https:\/\/www.voustensports.com\/wp-content\/uploads\/2023\/06\/COTTON-CANVAS-COACH-OVERSHIRT-LEAD-GRAY-424161.jpg","datePublished":"2026-01-10T21:33:08+00:00","dateModified":"2026-02-05T11:41:58+00:00","breadcrumb":{"@id":"https:\/\/www.voustensports.com\/de\/stone-island-coach-overshirt-aus-baumwoll-canvas-bleigrau-42416\/#breadcrumb"},"inLanguage":"de-DE","potentialAction":[{"@type":"ReadAction","target":["https:\/\/www.voustensports.com\/de\/stone-island-coach-overshirt-aus-baumwoll-canvas-bleigrau-42416\/"]}]},{"@type":"ImageObject","inLanguage":"de-DE","@id":"https:\/\/www.voustensports.com\/de\/stone-island-coach-overshirt-aus-baumwoll-canvas-bleigrau-42416\/#primaryimage","url":"https:\/\/www.voustensports.com\/wp-content\/uploads\/2023\/06\/COTTON-CANVAS-COACH-OVERSHIRT-LEAD-GRAY-424161.jpg","contentUrl":"https:\/\/www.voustensports.com\/wp-content\/uploads\/2023\/06\/COTTON-CANVAS-COACH-OVERSHIRT-LEAD-GRAY-424161.jpg","width":1365,"height":2048},{"@type":"BreadcrumbList","@id":"https:\/\/www.voustensports.com\/de\/stone-island-coach-overshirt-aus-baumwoll-canvas-bleigrau-42416\/#breadcrumb","itemListElement":[{"@type":"ListItem","position":1,"name":"Home","item":"https:\/\/www.voustensports.com\/de\/"},{"@type":"ListItem","position":2,"name":"Shop","item":"https:\/\/www.voustensports.com\/de\/shop\/"},{"@type":"ListItem","position":3,"name":"STONE ISLAND &#8211; COACH OVERSHIRT AUS BAUMWOLL-CANVAS BLEIGRAU (42416)"}]},{"@type":"WebSite","@id":"https:\/\/www.voustensports.com\/nl\/#website","url":"https:\/\/www.voustensports.com\/nl\/","name":"Vousten Sports","description":"","potentialAction":[{"@type":"SearchAction","target":{"@type":"EntryPoint","urlTemplate":"https:\/\/www.voustensports.com\/nl\/?s={search_term_string}"},"query-input":{"@type":"PropertyValueSpecification","valueRequired":true,"valueName":"search_term_string"}}],"inLanguage":"de-DE"}]}},"_links":{"self":[{"href":"https:\/\/www.voustensports.com\/de\/wp-json\/wp\/v2\/product\/218050","targetHints":{"allow":["GET"]}}],"collection":[{"href":"https:\/\/www.voustensports.com\/de\/wp-json\/wp\/v2\/product"}],"about":[{"href":"https:\/\/www.voustensports.com\/de\/wp-json\/wp\/v2\/types\/product"}],"replies":[{"embeddable":true,"href":"https:\/\/www.voustensports.com\/de\/wp-json\/wp\/v2\/comments?post=218050"}],"wp:featuredmedia":[{"embeddable":true,"href":"https:\/\/www.voustensports.com\/de\/wp-json\/wp\/v2\/media\/218038"}],"wp:attachment":[{"href":"https:\/\/www.voustensports.com\/de\/wp-json\/wp\/v2\/media?parent=218050"}],"wp:term":[{"taxonomy":"product_cat","embeddable":true,"href":"https:\/\/www.voustensports.com\/de\/wp-json\/wp\/v2\/product_cat?post=218050"},{"taxonomy":"product_tag","embeddable":true,"href":"https:\/\/www.voustensports.com\/de\/wp-json\/wp\/v2\/product_tag?post=218050"}],"curies":[{"name":"wp","href":"https:\/\/api.w.org\/{rel}","templated":true}]}}