{"id":217460,"date":"2026-01-06T16:17:07","date_gmt":"2026-01-06T15:17:07","guid":{"rendered":"https:\/\/www.voustensports.com\/hogan-h-stripes-sneaker-beige-blau-42335\/"},"modified":"2026-04-14T07:12:07","modified_gmt":"2026-04-14T05:12:07","slug":"hogan-h-stripes-sneaker-beige-blau-42335","status":"publish","type":"product","link":"https:\/\/www.voustensports.com\/de\/hogan-h-stripes-sneaker-beige-blau-42335\/","title":{"rendered":"HOGAN &#8211; H-Stripes Sneaker beige \/ blau (42335)"},"content":{"rendered":"<p>Die sportlich-vielseitigen H-Stripes Sneaker bestechen durch ihre elegante Linienf\u00fchrung und eine extraleichte Sohle mit vertikalen Streifen. Das Obermaterial mit seinem kompakten und ausgewogenen Design zeichnet sich durch das seitlich verlaufende H aus. Die Ziern\u00e4hte am Fersenpatch sind weich gepolstert. Diese Version ist aus genarbtem Leder und Veloursleder gefertigt und verf\u00fcgt \u00fcber eine Memory-Schaum-Innensohle f\u00fcr optimalen Tragekomfort.<\/p>\n<ul>\n<li>Hogan H-Stripes Sneaker f\u00fcr Herren<\/li>\n<li>Hergestellt in Italien<\/li>\n<li>Obermaterial: Leder<\/li>\n<li>H-Logo und Eins\u00e4tze aus Veloursleder an der Seite<\/li>\n<li>Details aus Nappaleder<\/li>\n<li>8 mm Memory-Schaum-Innensohle<\/li>\n<li>EVA-Au\u00dfensohle<\/li>\n<li>H\u00f6he: 4,8 cm<\/li>\n<li>Pflegehinweise inklusive<\/li>\n<li>Stoffbeutel inklusive<\/li>\n<li>Zus\u00e4tzliche Schn\u00fcrsenkel inklusive<\/li>\n<\/ul>\n","protected":false},"excerpt":{"rendered":"<p>Die sportlich-vielseitigen H-Stripes Sneaker bestechen durch ihre elegante Linienf\u00fchrung und eine extraleichte Sohle mit vertikalen Streifen. Das Obermaterial mit seinem kompakten und ausgewogenen Design zeichnet sich durch das seitlich verlaufende H aus. Die Ziern\u00e4hte am Fersenpatch sind weich gepolstert. Diese Version ist aus genarbtem Leder und Veloursleder gefertigt und verf\u00fcgt \u00fcber eine Memory-Schaum-Innensohle f\u00fcr optimalen [&#8230;]\n","protected":false},"featured_media":217444,"comment_status":"open","ping_status":"closed","template":"","meta":{"rank_math_lock_modified_date":false},"product_cat":[523,527,531,917,451,463,519],"product_tag":[],"class_list":{"0":"post-217460","1":"product","2":"type-product","3":"status-publish","4":"has-post-thumbnail","6":"product_cat-schoenen-de-2","7":"product_cat-sneakers-de-2","8":"product_cat-herenschoenen-de","9":"product_cat-veterschoenen-de","10":"product_cat-heren-de","11":"product_cat-vousten-sports-de-2","12":"product_cat-hogan-de","14":"first","15":"instock","16":"taxable","17":"shipping-taxable","18":"purchasable","19":"product-type-variable"},"acf":[],"yoast_head":"<!-- This site is optimized with the Yoast SEO plugin v23.9 - https:\/\/yoast.com\/wordpress\/plugins\/seo\/ -->\n<title>HOGAN - H-Stripes Sneaker beige \/ blau (42335) - Vousten Sports<\/title>\n<meta name=\"robots\" content=\"index, follow, max-snippet:-1, max-image-preview:large, max-video-preview:-1\" \/>\n<link rel=\"canonical\" href=\"https:\/\/www.voustensports.com\/de\/hogan-h-stripes-sneaker-beige-blau-42335\/\" \/>\n<meta property=\"og:locale\" content=\"de_DE\" \/>\n<meta property=\"og:type\" content=\"article\" \/>\n<meta property=\"og:title\" content=\"HOGAN - H-Stripes Sneaker beige \/ blau (42335) - Vousten Sports\" \/>\n<meta property=\"og:description\" content=\"Die sportlich-vielseitigen H-Stripes Sneaker bestechen durch ihre elegante Linienf\u00fchrung und eine extraleichte Sohle mit vertikalen Streifen. Das Obermaterial mit seinem kompakten und ausgewogenen Design zeichnet sich durch das seitlich verlaufende H aus. Die Ziern\u00e4hte am Fersenpatch sind weich gepolstert. Diese Version ist aus genarbtem Leder und Veloursleder gefertigt und verf\u00fcgt \u00fcber eine Memory-Schaum-Innensohle f\u00fcr optimalen [...]\" \/>\n<meta property=\"og:url\" content=\"https:\/\/www.voustensports.com\/de\/hogan-h-stripes-sneaker-beige-blau-42335\/\" \/>\n<meta property=\"og:site_name\" content=\"Vousten Sports\" \/>\n<meta property=\"article:modified_time\" content=\"2026-04-14T05:12:07+00:00\" \/>\n<meta property=\"og:image\" content=\"https:\/\/www.voustensports.com\/wp-content\/uploads\/2023\/06\/HOGAN-Sneakers-H-Stripes-blauw-wit-42335.png\" \/>\n\t<meta property=\"og:image:width\" content=\"1365\" \/>\n\t<meta property=\"og:image:height\" content=\"1365\" \/>\n\t<meta property=\"og:image:type\" content=\"image\/png\" \/>\n<meta name=\"twitter:card\" content=\"summary_large_image\" \/>\n<script type=\"application\/ld+json\" class=\"yoast-schema-graph\">{\"@context\":\"https:\/\/schema.org\",\"@graph\":[{\"@type\":\"WebPage\",\"@id\":\"https:\/\/www.voustensports.com\/de\/hogan-h-stripes-sneaker-beige-blau-42335\/\",\"url\":\"https:\/\/www.voustensports.com\/de\/hogan-h-stripes-sneaker-beige-blau-42335\/\",\"name\":\"HOGAN - H-Stripes Sneaker beige \/ blau (42335) - Vousten Sports\",\"isPartOf\":{\"@id\":\"https:\/\/www.voustensports.com\/nl\/#website\"},\"primaryImageOfPage\":{\"@id\":\"https:\/\/www.voustensports.com\/de\/hogan-h-stripes-sneaker-beige-blau-42335\/#primaryimage\"},\"image\":{\"@id\":\"https:\/\/www.voustensports.com\/de\/hogan-h-stripes-sneaker-beige-blau-42335\/#primaryimage\"},\"thumbnailUrl\":\"https:\/\/www.voustensports.com\/wp-content\/uploads\/2023\/06\/HOGAN-Sneakers-H-Stripes-blauw-wit-42335.png\",\"datePublished\":\"2026-01-06T15:17:07+00:00\",\"dateModified\":\"2026-04-14T05:12:07+00:00\",\"breadcrumb\":{\"@id\":\"https:\/\/www.voustensports.com\/de\/hogan-h-stripes-sneaker-beige-blau-42335\/#breadcrumb\"},\"inLanguage\":\"de-DE\",\"potentialAction\":[{\"@type\":\"ReadAction\",\"target\":[\"https:\/\/www.voustensports.com\/de\/hogan-h-stripes-sneaker-beige-blau-42335\/\"]}]},{\"@type\":\"ImageObject\",\"inLanguage\":\"de-DE\",\"@id\":\"https:\/\/www.voustensports.com\/de\/hogan-h-stripes-sneaker-beige-blau-42335\/#primaryimage\",\"url\":\"https:\/\/www.voustensports.com\/wp-content\/uploads\/2023\/06\/HOGAN-Sneakers-H-Stripes-blauw-wit-42335.png\",\"contentUrl\":\"https:\/\/www.voustensports.com\/wp-content\/uploads\/2023\/06\/HOGAN-Sneakers-H-Stripes-blauw-wit-42335.png\",\"width\":1365,\"height\":1365},{\"@type\":\"BreadcrumbList\",\"@id\":\"https:\/\/www.voustensports.com\/de\/hogan-h-stripes-sneaker-beige-blau-42335\/#breadcrumb\",\"itemListElement\":[{\"@type\":\"ListItem\",\"position\":1,\"name\":\"Home\",\"item\":\"https:\/\/www.voustensports.com\/de\/\"},{\"@type\":\"ListItem\",\"position\":2,\"name\":\"Shop\",\"item\":\"https:\/\/www.voustensports.com\/de\/shop\/\"},{\"@type\":\"ListItem\",\"position\":3,\"name\":\"HOGAN &#8211; H-Stripes Sneaker beige \/ blau (42335)\"}]},{\"@type\":\"WebSite\",\"@id\":\"https:\/\/www.voustensports.com\/nl\/#website\",\"url\":\"https:\/\/www.voustensports.com\/nl\/\",\"name\":\"Vousten Sports\",\"description\":\"\",\"potentialAction\":[{\"@type\":\"SearchAction\",\"target\":{\"@type\":\"EntryPoint\",\"urlTemplate\":\"https:\/\/www.voustensports.com\/nl\/?s={search_term_string}\"},\"query-input\":{\"@type\":\"PropertyValueSpecification\",\"valueRequired\":true,\"valueName\":\"search_term_string\"}}],\"inLanguage\":\"de-DE\"}]}<\/script>\n<!-- \/ Yoast SEO plugin. -->","yoast_head_json":{"title":"HOGAN - H-Stripes Sneaker beige \/ blau (42335) - Vousten Sports","robots":{"index":"index","follow":"follow","max-snippet":"max-snippet:-1","max-image-preview":"max-image-preview:large","max-video-preview":"max-video-preview:-1"},"canonical":"https:\/\/www.voustensports.com\/de\/hogan-h-stripes-sneaker-beige-blau-42335\/","og_locale":"de_DE","og_type":"article","og_title":"HOGAN - H-Stripes Sneaker beige \/ blau (42335) - Vousten Sports","og_description":"Die sportlich-vielseitigen H-Stripes Sneaker bestechen durch ihre elegante Linienf\u00fchrung und eine extraleichte Sohle mit vertikalen Streifen. Das Obermaterial mit seinem kompakten und ausgewogenen Design zeichnet sich durch das seitlich verlaufende H aus. Die Ziern\u00e4hte am Fersenpatch sind weich gepolstert. Diese Version ist aus genarbtem Leder und Veloursleder gefertigt und verf\u00fcgt \u00fcber eine Memory-Schaum-Innensohle f\u00fcr optimalen [...]","og_url":"https:\/\/www.voustensports.com\/de\/hogan-h-stripes-sneaker-beige-blau-42335\/","og_site_name":"Vousten Sports","article_modified_time":"2026-04-14T05:12:07+00:00","og_image":[{"width":1365,"height":1365,"url":"https:\/\/www.voustensports.com\/wp-content\/uploads\/2023\/06\/HOGAN-Sneakers-H-Stripes-blauw-wit-42335.png","type":"image\/png"}],"twitter_card":"summary_large_image","schema":{"@context":"https:\/\/schema.org","@graph":[{"@type":"WebPage","@id":"https:\/\/www.voustensports.com\/de\/hogan-h-stripes-sneaker-beige-blau-42335\/","url":"https:\/\/www.voustensports.com\/de\/hogan-h-stripes-sneaker-beige-blau-42335\/","name":"HOGAN - H-Stripes Sneaker beige \/ blau (42335) - Vousten Sports","isPartOf":{"@id":"https:\/\/www.voustensports.com\/nl\/#website"},"primaryImageOfPage":{"@id":"https:\/\/www.voustensports.com\/de\/hogan-h-stripes-sneaker-beige-blau-42335\/#primaryimage"},"image":{"@id":"https:\/\/www.voustensports.com\/de\/hogan-h-stripes-sneaker-beige-blau-42335\/#primaryimage"},"thumbnailUrl":"https:\/\/www.voustensports.com\/wp-content\/uploads\/2023\/06\/HOGAN-Sneakers-H-Stripes-blauw-wit-42335.png","datePublished":"2026-01-06T15:17:07+00:00","dateModified":"2026-04-14T05:12:07+00:00","breadcrumb":{"@id":"https:\/\/www.voustensports.com\/de\/hogan-h-stripes-sneaker-beige-blau-42335\/#breadcrumb"},"inLanguage":"de-DE","potentialAction":[{"@type":"ReadAction","target":["https:\/\/www.voustensports.com\/de\/hogan-h-stripes-sneaker-beige-blau-42335\/"]}]},{"@type":"ImageObject","inLanguage":"de-DE","@id":"https:\/\/www.voustensports.com\/de\/hogan-h-stripes-sneaker-beige-blau-42335\/#primaryimage","url":"https:\/\/www.voustensports.com\/wp-content\/uploads\/2023\/06\/HOGAN-Sneakers-H-Stripes-blauw-wit-42335.png","contentUrl":"https:\/\/www.voustensports.com\/wp-content\/uploads\/2023\/06\/HOGAN-Sneakers-H-Stripes-blauw-wit-42335.png","width":1365,"height":1365},{"@type":"BreadcrumbList","@id":"https:\/\/www.voustensports.com\/de\/hogan-h-stripes-sneaker-beige-blau-42335\/#breadcrumb","itemListElement":[{"@type":"ListItem","position":1,"name":"Home","item":"https:\/\/www.voustensports.com\/de\/"},{"@type":"ListItem","position":2,"name":"Shop","item":"https:\/\/www.voustensports.com\/de\/shop\/"},{"@type":"ListItem","position":3,"name":"HOGAN &#8211; H-Stripes Sneaker beige \/ blau (42335)"}]},{"@type":"WebSite","@id":"https:\/\/www.voustensports.com\/nl\/#website","url":"https:\/\/www.voustensports.com\/nl\/","name":"Vousten Sports","description":"","potentialAction":[{"@type":"SearchAction","target":{"@type":"EntryPoint","urlTemplate":"https:\/\/www.voustensports.com\/nl\/?s={search_term_string}"},"query-input":{"@type":"PropertyValueSpecification","valueRequired":true,"valueName":"search_term_string"}}],"inLanguage":"de-DE"}]}},"_links":{"self":[{"href":"https:\/\/www.voustensports.com\/de\/wp-json\/wp\/v2\/product\/217460","targetHints":{"allow":["GET"]}}],"collection":[{"href":"https:\/\/www.voustensports.com\/de\/wp-json\/wp\/v2\/product"}],"about":[{"href":"https:\/\/www.voustensports.com\/de\/wp-json\/wp\/v2\/types\/product"}],"replies":[{"embeddable":true,"href":"https:\/\/www.voustensports.com\/de\/wp-json\/wp\/v2\/comments?post=217460"}],"wp:featuredmedia":[{"embeddable":true,"href":"https:\/\/www.voustensports.com\/de\/wp-json\/wp\/v2\/media\/217444"}],"wp:attachment":[{"href":"https:\/\/www.voustensports.com\/de\/wp-json\/wp\/v2\/media?parent=217460"}],"wp:term":[{"taxonomy":"product_cat","embeddable":true,"href":"https:\/\/www.voustensports.com\/de\/wp-json\/wp\/v2\/product_cat?post=217460"},{"taxonomy":"product_tag","embeddable":true,"href":"https:\/\/www.voustensports.com\/de\/wp-json\/wp\/v2\/product_tag?post=217460"}],"curies":[{"name":"wp","href":"https:\/\/api.w.org\/{rel}","templated":true}]}}