{"id":216881,"date":"2025-12-08T15:42:11","date_gmt":"2025-12-08T14:42:11","guid":{"rendered":"https:\/\/www.voustensports.com\/santoni-rethink-niedrig-dunkelblau-33413\/"},"modified":"2026-02-05T11:50:45","modified_gmt":"2026-02-05T10:50:45","slug":"santoni-rethink-niedrig-dunkelblau-33413-2","status":"publish","type":"product","link":"https:\/\/www.voustensports.com\/de\/santoni-rethink-niedrig-dunkelblau-33413-2\/","title":{"rendered":"Santoni Rethink niedrig dunkelblau  (33413)"},"content":{"rendered":"<p>Ist ein niedriger Sneaker aus Leder mit Nylon und hat einen sportlichen Look. Hergestellt mit den neuesten Techniken und Materialien.<\/p>\n<ul>\n<li>Breite: Standard bis ger\u00e4umig<\/li>\n<li>Verschluss: Spitze<\/li>\n<li>Au\u00dfen: Leder und Hightech-Nylon<\/li>\n<li>Innen: Leder<\/li>\n<li>Sohlenkonstruktion: Gummi<\/li>\n<li>Standardgr\u00f6\u00dfe<\/li>\n<li>Passender G\u00fcrtel m\u00f6glich<\/li>\n<li>Diese Santoni Schuhe werden in Italien handgefertigt<\/li>\n<\/ul>\n<p>Lieferung in der Originalverpackung von Santoni, recycelte Staubbeutel.<\/p>\n<p>Die Schn\u00fcrsenkel bestehen aus recycelter Baumwolle und die Spitzenringe aus recycelter Getr\u00e4nkedose. Das seitliche Nylon besteht aus Ozeanplastik. Die Gummisohle besteht aus recycelten Autoreifen und das Leder wird ebenfalls recycelt. Der Schuh\u00fcberzug besteht aus recycelten Plastikflaschen. Der gesamte Schuh wird bei niedriger Temperatur und mit einem Minimum an CO2-Emissionen hergestellt. Der Schuhkarton besteht zu 100% aus gr\u00fcner Energie, zu 90% aus Recyclingpapier und die restlichen 10% stammen aus Abf\u00e4llen aus der Herstellung des Schuhs, der normalerweise als Abfall entsorgt wird.<\/p>\n","protected":false},"excerpt":{"rendered":"<p>Ist ein niedriger Sneaker aus Leder mit Nylon und hat einen sportlichen Look. Hergestellt mit den neuesten Techniken und Materialien. Breite: Standard bis ger\u00e4umig Verschluss: Spitze Au\u00dfen: Leder und Hightech-Nylon Innen: Leder Sohlenkonstruktion: Gummi Standardgr\u00f6\u00dfe Passender G\u00fcrtel m\u00f6glich Diese Santoni Schuhe werden in Italien handgefertigt Lieferung in der Originalverpackung von Santoni, recycelte Staubbeutel. Die Schn\u00fcrsenkel [&#8230;]\n","protected":false},"featured_media":15906,"comment_status":"open","ping_status":"closed","template":"","meta":{"rank_math_lock_modified_date":false},"product_cat":[928,451,463,523,527,649,657,748],"product_tag":[],"class_list":{"0":"post-216881","1":"product","2":"type-product","3":"status-publish","4":"has-post-thumbnail","6":"product_cat-lage-sneakers-de","7":"product_cat-heren-de","8":"product_cat-vousten-sports-de-2","9":"product_cat-schoenen-de-2","10":"product_cat-sneakers-de-2","11":"product_cat-santoni-de-2","12":"product_cat-rethink-de-2","13":"product_cat-lage-santoni-sneakers-de","15":"first","16":"instock","17":"taxable","18":"shipping-taxable","19":"purchasable","20":"product-type-variable"},"acf":[],"yoast_head":"<!-- This site is optimized with the Yoast SEO plugin v23.9 - https:\/\/yoast.com\/wordpress\/plugins\/seo\/ -->\n<title>Santoni Rethink niedrig dunkelblau (33413) - Vousten Sports<\/title>\n<meta name=\"robots\" content=\"index, follow, max-snippet:-1, max-image-preview:large, max-video-preview:-1\" \/>\n<link rel=\"canonical\" href=\"https:\/\/www.voustensports.com\/de\/santoni-rethink-niedrig-dunkelblau-33413-2\/\" \/>\n<meta property=\"og:locale\" content=\"de_DE\" \/>\n<meta property=\"og:type\" content=\"article\" \/>\n<meta property=\"og:title\" content=\"Santoni Rethink niedrig dunkelblau (33413) - Vousten Sports\" \/>\n<meta property=\"og:description\" content=\"Ist ein niedriger Sneaker aus Leder mit Nylon und hat einen sportlichen Look. Hergestellt mit den neuesten Techniken und Materialien. Breite: Standard bis ger\u00e4umig Verschluss: Spitze Au\u00dfen: Leder und Hightech-Nylon Innen: Leder Sohlenkonstruktion: Gummi Standardgr\u00f6\u00dfe Passender G\u00fcrtel m\u00f6glich Diese Santoni Schuhe werden in Italien handgefertigt Lieferung in der Originalverpackung von Santoni, recycelte Staubbeutel. Die Schn\u00fcrsenkel [...]\" \/>\n<meta property=\"og:url\" content=\"https:\/\/www.voustensports.com\/de\/santoni-rethink-niedrig-dunkelblau-33413-2\/\" \/>\n<meta property=\"og:site_name\" content=\"Vousten Sports\" \/>\n<meta property=\"article:modified_time\" content=\"2026-02-05T10:50:45+00:00\" \/>\n<meta property=\"og:image\" content=\"https:\/\/www.voustensports.com\/wp-content\/uploads\/2023\/03\/santoni_rethink_33413_laag_2_1_van_7.jpg\" \/>\n\t<meta property=\"og:image:width\" content=\"2000\" \/>\n\t<meta property=\"og:image:height\" content=\"2000\" \/>\n\t<meta property=\"og:image:type\" content=\"image\/jpeg\" \/>\n<meta name=\"twitter:card\" content=\"summary_large_image\" \/>\n<meta name=\"twitter:label1\" content=\"Est. reading time\" \/>\n\t<meta name=\"twitter:data1\" content=\"1 Minute\" \/>\n<script type=\"application\/ld+json\" class=\"yoast-schema-graph\">{\"@context\":\"https:\/\/schema.org\",\"@graph\":[{\"@type\":\"WebPage\",\"@id\":\"https:\/\/www.voustensports.com\/de\/santoni-rethink-niedrig-dunkelblau-33413-2\/\",\"url\":\"https:\/\/www.voustensports.com\/de\/santoni-rethink-niedrig-dunkelblau-33413-2\/\",\"name\":\"Santoni Rethink niedrig dunkelblau (33413) - Vousten Sports\",\"isPartOf\":{\"@id\":\"https:\/\/www.voustensports.com\/nl\/#website\"},\"primaryImageOfPage\":{\"@id\":\"https:\/\/www.voustensports.com\/de\/santoni-rethink-niedrig-dunkelblau-33413-2\/#primaryimage\"},\"image\":{\"@id\":\"https:\/\/www.voustensports.com\/de\/santoni-rethink-niedrig-dunkelblau-33413-2\/#primaryimage\"},\"thumbnailUrl\":\"https:\/\/www.voustensports.com\/wp-content\/uploads\/2023\/03\/santoni_rethink_33413_laag_2_1_van_7.jpg\",\"datePublished\":\"2025-12-08T14:42:11+00:00\",\"dateModified\":\"2026-02-05T10:50:45+00:00\",\"breadcrumb\":{\"@id\":\"https:\/\/www.voustensports.com\/de\/santoni-rethink-niedrig-dunkelblau-33413-2\/#breadcrumb\"},\"inLanguage\":\"de-DE\",\"potentialAction\":[{\"@type\":\"ReadAction\",\"target\":[\"https:\/\/www.voustensports.com\/de\/santoni-rethink-niedrig-dunkelblau-33413-2\/\"]}]},{\"@type\":\"ImageObject\",\"inLanguage\":\"de-DE\",\"@id\":\"https:\/\/www.voustensports.com\/de\/santoni-rethink-niedrig-dunkelblau-33413-2\/#primaryimage\",\"url\":\"https:\/\/www.voustensports.com\/wp-content\/uploads\/2023\/03\/santoni_rethink_33413_laag_2_1_van_7.jpg\",\"contentUrl\":\"https:\/\/www.voustensports.com\/wp-content\/uploads\/2023\/03\/santoni_rethink_33413_laag_2_1_van_7.jpg\",\"width\":2000,\"height\":2000},{\"@type\":\"BreadcrumbList\",\"@id\":\"https:\/\/www.voustensports.com\/de\/santoni-rethink-niedrig-dunkelblau-33413-2\/#breadcrumb\",\"itemListElement\":[{\"@type\":\"ListItem\",\"position\":1,\"name\":\"Home\",\"item\":\"https:\/\/www.voustensports.com\/de\/\"},{\"@type\":\"ListItem\",\"position\":2,\"name\":\"Shop\",\"item\":\"https:\/\/www.voustensports.com\/de\/shop\/\"},{\"@type\":\"ListItem\",\"position\":3,\"name\":\"Santoni Rethink niedrig dunkelblau (33413)\"}]},{\"@type\":\"WebSite\",\"@id\":\"https:\/\/www.voustensports.com\/nl\/#website\",\"url\":\"https:\/\/www.voustensports.com\/nl\/\",\"name\":\"Vousten Sports\",\"description\":\"\",\"potentialAction\":[{\"@type\":\"SearchAction\",\"target\":{\"@type\":\"EntryPoint\",\"urlTemplate\":\"https:\/\/www.voustensports.com\/nl\/?s={search_term_string}\"},\"query-input\":{\"@type\":\"PropertyValueSpecification\",\"valueRequired\":true,\"valueName\":\"search_term_string\"}}],\"inLanguage\":\"de-DE\"}]}<\/script>\n<!-- \/ Yoast SEO plugin. -->","yoast_head_json":{"title":"Santoni Rethink niedrig dunkelblau (33413) - Vousten Sports","robots":{"index":"index","follow":"follow","max-snippet":"max-snippet:-1","max-image-preview":"max-image-preview:large","max-video-preview":"max-video-preview:-1"},"canonical":"https:\/\/www.voustensports.com\/de\/santoni-rethink-niedrig-dunkelblau-33413-2\/","og_locale":"de_DE","og_type":"article","og_title":"Santoni Rethink niedrig dunkelblau (33413) - Vousten Sports","og_description":"Ist ein niedriger Sneaker aus Leder mit Nylon und hat einen sportlichen Look. Hergestellt mit den neuesten Techniken und Materialien. Breite: Standard bis ger\u00e4umig Verschluss: Spitze Au\u00dfen: Leder und Hightech-Nylon Innen: Leder Sohlenkonstruktion: Gummi Standardgr\u00f6\u00dfe Passender G\u00fcrtel m\u00f6glich Diese Santoni Schuhe werden in Italien handgefertigt Lieferung in der Originalverpackung von Santoni, recycelte Staubbeutel. Die Schn\u00fcrsenkel [...]","og_url":"https:\/\/www.voustensports.com\/de\/santoni-rethink-niedrig-dunkelblau-33413-2\/","og_site_name":"Vousten Sports","article_modified_time":"2026-02-05T10:50:45+00:00","og_image":[{"width":2000,"height":2000,"url":"https:\/\/www.voustensports.com\/wp-content\/uploads\/2023\/03\/santoni_rethink_33413_laag_2_1_van_7.jpg","type":"image\/jpeg"}],"twitter_card":"summary_large_image","twitter_misc":{"Est. reading time":"1 Minute"},"schema":{"@context":"https:\/\/schema.org","@graph":[{"@type":"WebPage","@id":"https:\/\/www.voustensports.com\/de\/santoni-rethink-niedrig-dunkelblau-33413-2\/","url":"https:\/\/www.voustensports.com\/de\/santoni-rethink-niedrig-dunkelblau-33413-2\/","name":"Santoni Rethink niedrig dunkelblau (33413) - Vousten Sports","isPartOf":{"@id":"https:\/\/www.voustensports.com\/nl\/#website"},"primaryImageOfPage":{"@id":"https:\/\/www.voustensports.com\/de\/santoni-rethink-niedrig-dunkelblau-33413-2\/#primaryimage"},"image":{"@id":"https:\/\/www.voustensports.com\/de\/santoni-rethink-niedrig-dunkelblau-33413-2\/#primaryimage"},"thumbnailUrl":"https:\/\/www.voustensports.com\/wp-content\/uploads\/2023\/03\/santoni_rethink_33413_laag_2_1_van_7.jpg","datePublished":"2025-12-08T14:42:11+00:00","dateModified":"2026-02-05T10:50:45+00:00","breadcrumb":{"@id":"https:\/\/www.voustensports.com\/de\/santoni-rethink-niedrig-dunkelblau-33413-2\/#breadcrumb"},"inLanguage":"de-DE","potentialAction":[{"@type":"ReadAction","target":["https:\/\/www.voustensports.com\/de\/santoni-rethink-niedrig-dunkelblau-33413-2\/"]}]},{"@type":"ImageObject","inLanguage":"de-DE","@id":"https:\/\/www.voustensports.com\/de\/santoni-rethink-niedrig-dunkelblau-33413-2\/#primaryimage","url":"https:\/\/www.voustensports.com\/wp-content\/uploads\/2023\/03\/santoni_rethink_33413_laag_2_1_van_7.jpg","contentUrl":"https:\/\/www.voustensports.com\/wp-content\/uploads\/2023\/03\/santoni_rethink_33413_laag_2_1_van_7.jpg","width":2000,"height":2000},{"@type":"BreadcrumbList","@id":"https:\/\/www.voustensports.com\/de\/santoni-rethink-niedrig-dunkelblau-33413-2\/#breadcrumb","itemListElement":[{"@type":"ListItem","position":1,"name":"Home","item":"https:\/\/www.voustensports.com\/de\/"},{"@type":"ListItem","position":2,"name":"Shop","item":"https:\/\/www.voustensports.com\/de\/shop\/"},{"@type":"ListItem","position":3,"name":"Santoni Rethink niedrig dunkelblau (33413)"}]},{"@type":"WebSite","@id":"https:\/\/www.voustensports.com\/nl\/#website","url":"https:\/\/www.voustensports.com\/nl\/","name":"Vousten Sports","description":"","potentialAction":[{"@type":"SearchAction","target":{"@type":"EntryPoint","urlTemplate":"https:\/\/www.voustensports.com\/nl\/?s={search_term_string}"},"query-input":{"@type":"PropertyValueSpecification","valueRequired":true,"valueName":"search_term_string"}}],"inLanguage":"de-DE"}]}},"_links":{"self":[{"href":"https:\/\/www.voustensports.com\/de\/wp-json\/wp\/v2\/product\/216881","targetHints":{"allow":["GET"]}}],"collection":[{"href":"https:\/\/www.voustensports.com\/de\/wp-json\/wp\/v2\/product"}],"about":[{"href":"https:\/\/www.voustensports.com\/de\/wp-json\/wp\/v2\/types\/product"}],"replies":[{"embeddable":true,"href":"https:\/\/www.voustensports.com\/de\/wp-json\/wp\/v2\/comments?post=216881"}],"wp:featuredmedia":[{"embeddable":true,"href":"https:\/\/www.voustensports.com\/de\/wp-json\/wp\/v2\/media\/15906"}],"wp:attachment":[{"href":"https:\/\/www.voustensports.com\/de\/wp-json\/wp\/v2\/media?parent=216881"}],"wp:term":[{"taxonomy":"product_cat","embeddable":true,"href":"https:\/\/www.voustensports.com\/de\/wp-json\/wp\/v2\/product_cat?post=216881"},{"taxonomy":"product_tag","embeddable":true,"href":"https:\/\/www.voustensports.com\/de\/wp-json\/wp\/v2\/product_tag?post=216881"}],"curies":[{"name":"wp","href":"https:\/\/api.w.org\/{rel}","templated":true}]}}