{"id":21685,"date":"2023-06-08T16:56:30","date_gmt":"2023-06-08T14:56:30","guid":{"rendered":"https:\/\/www.voustensports.com\/product\/santoni-santoni-innova-grau-35237\/"},"modified":"2026-02-05T11:54:51","modified_gmt":"2026-02-05T10:54:51","slug":"santoni-santoni-innova-grau-35237","status":"publish","type":"product","link":"https:\/\/www.voustensports.com\/de\/santoni-santoni-innova-grau-35237\/","title":{"rendered":"Santoni Innova grau (35237)"},"content":{"rendered":"<p>Ist ein halb hoge\u00a0Sneaker und hat einen sportlichen Look. Hergestellt mit den neuesten Techniken und Materialien. Dieser Schuh verf\u00fcgt \u00fcber ein Obermaterial aus Stretchgewebe und eine robuste Au\u00dfensohle f\u00fcr einen unterst\u00fctzenden Schritt. Abgerundet mit einem Logodetail aus Leder an der Ferse als Symbol des unverwechselbaren Santoni-Stils.<\/p>\n<ul>\n<li>Breite: Standard bis breit<\/li>\n<li>Verschluss: Spitze<\/li>\n<li>Au\u00dfen: Leder und Hightech-Nylon<\/li>\n<li>Innen: Leder<\/li>\n<li>Sohlenkonstruktion: Gummi<\/li>\n<li>Standardgr\u00f6\u00dfe<\/li>\n<li>Diese Santoni-Schuhe werden in Italien handgefertigt<\/li>\n<\/ul>\n<p>Lieferung in der original Santoni-Box, mit passenden Staubbeuteln.<\/p>\n","protected":false},"excerpt":{"rendered":"<p>Ist ein halb hoge\u00a0Sneaker und hat einen sportlichen Look. Hergestellt mit den neuesten Techniken und Materialien. Dieser Schuh verf\u00fcgt \u00fcber ein Obermaterial aus Stretchgewebe und eine robuste Au\u00dfensohle f\u00fcr einen unterst\u00fctzenden Schritt. Abgerundet mit einem Logodetail aus Leder an der Ferse als Symbol des unverwechselbaren Santoni-Stils. Breite: Standard bis breit Verschluss: Spitze Au\u00dfen: Leder und [&#8230;]\n","protected":false},"featured_media":177500,"comment_status":"open","ping_status":"closed","template":"","meta":{"rank_math_lock_modified_date":false},"product_cat":[451,523,527,649,723,935],"product_tag":[],"class_list":{"0":"post-21685","1":"product","2":"type-product","3":"status-publish","4":"has-post-thumbnail","6":"product_cat-heren-de","7":"product_cat-schoenen-de-2","8":"product_cat-sneakers-de-2","9":"product_cat-santoni-de-2","10":"product_cat-hoge-santoni-sneakers-de","11":"product_cat-hoge-sneakers-de","13":"first","14":"instock","15":"taxable","16":"shipping-taxable","17":"purchasable","18":"product-type-variable"},"acf":[],"yoast_head":"<!-- This site is optimized with the Yoast SEO plugin v23.9 - https:\/\/yoast.com\/wordpress\/plugins\/seo\/ -->\n<title>Santoni Innova grau (35237) - Vousten Sports<\/title>\n<meta name=\"robots\" content=\"index, follow, max-snippet:-1, max-image-preview:large, max-video-preview:-1\" \/>\n<link rel=\"canonical\" href=\"https:\/\/www.voustensports.com\/de\/santoni-santoni-innova-grau-35237\/\" \/>\n<meta property=\"og:locale\" content=\"de_DE\" \/>\n<meta property=\"og:type\" content=\"article\" \/>\n<meta property=\"og:title\" content=\"Santoni Innova grau (35237) - Vousten Sports\" \/>\n<meta property=\"og:description\" content=\"Ist ein halb hoge\u00a0Sneaker und hat einen sportlichen Look. Hergestellt mit den neuesten Techniken und Materialien. Dieser Schuh verf\u00fcgt \u00fcber ein Obermaterial aus Stretchgewebe und eine robuste Au\u00dfensohle f\u00fcr einen unterst\u00fctzenden Schritt. Abgerundet mit einem Logodetail aus Leder an der Ferse als Symbol des unverwechselbaren Santoni-Stils. Breite: Standard bis breit Verschluss: Spitze Au\u00dfen: Leder und [...]\" \/>\n<meta property=\"og:url\" content=\"https:\/\/www.voustensports.com\/de\/santoni-santoni-innova-grau-35237\/\" \/>\n<meta property=\"og:site_name\" content=\"Vousten Sports\" \/>\n<meta property=\"article:modified_time\" content=\"2026-02-05T10:54:51+00:00\" \/>\n<meta property=\"og:image\" content=\"https:\/\/www.voustensports.com\/wp-content\/uploads\/2023\/06\/sok_schoen_8_van_15.jpg\" \/>\n\t<meta property=\"og:image:width\" content=\"2000\" \/>\n\t<meta property=\"og:image:height\" content=\"2000\" \/>\n\t<meta property=\"og:image:type\" content=\"image\/jpeg\" \/>\n<meta name=\"twitter:card\" content=\"summary_large_image\" \/>\n<script type=\"application\/ld+json\" class=\"yoast-schema-graph\">{\"@context\":\"https:\/\/schema.org\",\"@graph\":[{\"@type\":\"WebPage\",\"@id\":\"https:\/\/www.voustensports.com\/de\/santoni-santoni-innova-grau-35237\/\",\"url\":\"https:\/\/www.voustensports.com\/de\/santoni-santoni-innova-grau-35237\/\",\"name\":\"Santoni Innova grau (35237) - Vousten Sports\",\"isPartOf\":{\"@id\":\"https:\/\/www.voustensports.com\/nl\/#website\"},\"primaryImageOfPage\":{\"@id\":\"https:\/\/www.voustensports.com\/de\/santoni-santoni-innova-grau-35237\/#primaryimage\"},\"image\":{\"@id\":\"https:\/\/www.voustensports.com\/de\/santoni-santoni-innova-grau-35237\/#primaryimage\"},\"thumbnailUrl\":\"https:\/\/www.voustensports.com\/wp-content\/uploads\/2023\/06\/sok_schoen_8_van_15.jpg\",\"datePublished\":\"2023-06-08T14:56:30+00:00\",\"dateModified\":\"2026-02-05T10:54:51+00:00\",\"breadcrumb\":{\"@id\":\"https:\/\/www.voustensports.com\/de\/santoni-santoni-innova-grau-35237\/#breadcrumb\"},\"inLanguage\":\"de-DE\",\"potentialAction\":[{\"@type\":\"ReadAction\",\"target\":[\"https:\/\/www.voustensports.com\/de\/santoni-santoni-innova-grau-35237\/\"]}]},{\"@type\":\"ImageObject\",\"inLanguage\":\"de-DE\",\"@id\":\"https:\/\/www.voustensports.com\/de\/santoni-santoni-innova-grau-35237\/#primaryimage\",\"url\":\"https:\/\/www.voustensports.com\/wp-content\/uploads\/2023\/06\/sok_schoen_8_van_15.jpg\",\"contentUrl\":\"https:\/\/www.voustensports.com\/wp-content\/uploads\/2023\/06\/sok_schoen_8_van_15.jpg\",\"width\":2000,\"height\":2000},{\"@type\":\"BreadcrumbList\",\"@id\":\"https:\/\/www.voustensports.com\/de\/santoni-santoni-innova-grau-35237\/#breadcrumb\",\"itemListElement\":[{\"@type\":\"ListItem\",\"position\":1,\"name\":\"Home\",\"item\":\"https:\/\/www.voustensports.com\/de\/\"},{\"@type\":\"ListItem\",\"position\":2,\"name\":\"Shop\",\"item\":\"https:\/\/www.voustensports.com\/de\/shop\/\"},{\"@type\":\"ListItem\",\"position\":3,\"name\":\"Santoni Innova grau (35237)\"}]},{\"@type\":\"WebSite\",\"@id\":\"https:\/\/www.voustensports.com\/nl\/#website\",\"url\":\"https:\/\/www.voustensports.com\/nl\/\",\"name\":\"Vousten Sports\",\"description\":\"\",\"potentialAction\":[{\"@type\":\"SearchAction\",\"target\":{\"@type\":\"EntryPoint\",\"urlTemplate\":\"https:\/\/www.voustensports.com\/nl\/?s={search_term_string}\"},\"query-input\":{\"@type\":\"PropertyValueSpecification\",\"valueRequired\":true,\"valueName\":\"search_term_string\"}}],\"inLanguage\":\"de-DE\"}]}<\/script>\n<!-- \/ Yoast SEO plugin. -->","yoast_head_json":{"title":"Santoni Innova grau (35237) - Vousten Sports","robots":{"index":"index","follow":"follow","max-snippet":"max-snippet:-1","max-image-preview":"max-image-preview:large","max-video-preview":"max-video-preview:-1"},"canonical":"https:\/\/www.voustensports.com\/de\/santoni-santoni-innova-grau-35237\/","og_locale":"de_DE","og_type":"article","og_title":"Santoni Innova grau (35237) - Vousten Sports","og_description":"Ist ein halb hoge\u00a0Sneaker und hat einen sportlichen Look. Hergestellt mit den neuesten Techniken und Materialien. Dieser Schuh verf\u00fcgt \u00fcber ein Obermaterial aus Stretchgewebe und eine robuste Au\u00dfensohle f\u00fcr einen unterst\u00fctzenden Schritt. Abgerundet mit einem Logodetail aus Leder an der Ferse als Symbol des unverwechselbaren Santoni-Stils. Breite: Standard bis breit Verschluss: Spitze Au\u00dfen: Leder und [...]","og_url":"https:\/\/www.voustensports.com\/de\/santoni-santoni-innova-grau-35237\/","og_site_name":"Vousten Sports","article_modified_time":"2026-02-05T10:54:51+00:00","og_image":[{"width":2000,"height":2000,"url":"https:\/\/www.voustensports.com\/wp-content\/uploads\/2023\/06\/sok_schoen_8_van_15.jpg","type":"image\/jpeg"}],"twitter_card":"summary_large_image","schema":{"@context":"https:\/\/schema.org","@graph":[{"@type":"WebPage","@id":"https:\/\/www.voustensports.com\/de\/santoni-santoni-innova-grau-35237\/","url":"https:\/\/www.voustensports.com\/de\/santoni-santoni-innova-grau-35237\/","name":"Santoni Innova grau (35237) - Vousten Sports","isPartOf":{"@id":"https:\/\/www.voustensports.com\/nl\/#website"},"primaryImageOfPage":{"@id":"https:\/\/www.voustensports.com\/de\/santoni-santoni-innova-grau-35237\/#primaryimage"},"image":{"@id":"https:\/\/www.voustensports.com\/de\/santoni-santoni-innova-grau-35237\/#primaryimage"},"thumbnailUrl":"https:\/\/www.voustensports.com\/wp-content\/uploads\/2023\/06\/sok_schoen_8_van_15.jpg","datePublished":"2023-06-08T14:56:30+00:00","dateModified":"2026-02-05T10:54:51+00:00","breadcrumb":{"@id":"https:\/\/www.voustensports.com\/de\/santoni-santoni-innova-grau-35237\/#breadcrumb"},"inLanguage":"de-DE","potentialAction":[{"@type":"ReadAction","target":["https:\/\/www.voustensports.com\/de\/santoni-santoni-innova-grau-35237\/"]}]},{"@type":"ImageObject","inLanguage":"de-DE","@id":"https:\/\/www.voustensports.com\/de\/santoni-santoni-innova-grau-35237\/#primaryimage","url":"https:\/\/www.voustensports.com\/wp-content\/uploads\/2023\/06\/sok_schoen_8_van_15.jpg","contentUrl":"https:\/\/www.voustensports.com\/wp-content\/uploads\/2023\/06\/sok_schoen_8_van_15.jpg","width":2000,"height":2000},{"@type":"BreadcrumbList","@id":"https:\/\/www.voustensports.com\/de\/santoni-santoni-innova-grau-35237\/#breadcrumb","itemListElement":[{"@type":"ListItem","position":1,"name":"Home","item":"https:\/\/www.voustensports.com\/de\/"},{"@type":"ListItem","position":2,"name":"Shop","item":"https:\/\/www.voustensports.com\/de\/shop\/"},{"@type":"ListItem","position":3,"name":"Santoni Innova grau (35237)"}]},{"@type":"WebSite","@id":"https:\/\/www.voustensports.com\/nl\/#website","url":"https:\/\/www.voustensports.com\/nl\/","name":"Vousten Sports","description":"","potentialAction":[{"@type":"SearchAction","target":{"@type":"EntryPoint","urlTemplate":"https:\/\/www.voustensports.com\/nl\/?s={search_term_string}"},"query-input":{"@type":"PropertyValueSpecification","valueRequired":true,"valueName":"search_term_string"}}],"inLanguage":"de-DE"}]}},"_links":{"self":[{"href":"https:\/\/www.voustensports.com\/de\/wp-json\/wp\/v2\/product\/21685","targetHints":{"allow":["GET"]}}],"collection":[{"href":"https:\/\/www.voustensports.com\/de\/wp-json\/wp\/v2\/product"}],"about":[{"href":"https:\/\/www.voustensports.com\/de\/wp-json\/wp\/v2\/types\/product"}],"replies":[{"embeddable":true,"href":"https:\/\/www.voustensports.com\/de\/wp-json\/wp\/v2\/comments?post=21685"}],"wp:featuredmedia":[{"embeddable":true,"href":"https:\/\/www.voustensports.com\/de\/wp-json\/wp\/v2\/media\/177500"}],"wp:attachment":[{"href":"https:\/\/www.voustensports.com\/de\/wp-json\/wp\/v2\/media?parent=21685"}],"wp:term":[{"taxonomy":"product_cat","embeddable":true,"href":"https:\/\/www.voustensports.com\/de\/wp-json\/wp\/v2\/product_cat?post=21685"},{"taxonomy":"product_tag","embeddable":true,"href":"https:\/\/www.voustensports.com\/de\/wp-json\/wp\/v2\/product_tag?post=21685"}],"curies":[{"name":"wp","href":"https:\/\/api.w.org\/{rel}","templated":true}]}}