{"id":216836,"date":"2025-11-29T16:39:18","date_gmt":"2025-11-29T15:39:18","guid":{"rendered":"https:\/\/www.voustensports.com\/stone-island-overshirt-mit-brusttasche-dunkelblau-41547\/"},"modified":"2026-02-05T12:36:51","modified_gmt":"2026-02-05T11:36:51","slug":"stone-island-overshirt-mit-brusttasche-dunkelblau-41547","status":"publish","type":"product","link":"https:\/\/www.voustensports.com\/de\/stone-island-overshirt-mit-brusttasche-dunkelblau-41547\/","title":{"rendered":"STONE ISLAND &#8211; OVERSHIRT MIT BRUSTTASCHE DUNKELBLAU (41547)"},"content":{"rendered":"<div>PRODUKTDETAILS<\/div>\n<div>Overshirt aus robustem Baumwoll-Moleskin. Die spezielle F\u00e4rbung verleiht dem Kleidungsst\u00fcck eine einzigartige Optik.<\/div>\n<div><\/div>\n<div>STIL<\/div>\n<ul>\n<li>Aufgesetzte Brusttasche mit schr\u00e4gem Eingriff und Druckknopf sowie kleinere Innentasche mit Druckknopf.<\/li>\n<li>R\u00fcckenpasse.<\/li>\n<li>Stone Island Logo am linken \u00c4rmel.<\/li>\n<li>Verstellbare Druckkn\u00f6pfe an den \u00c4rmelb\u00fcndchen.<\/li>\n<li>Abgerundeter Saum.<\/li>\n<li>Druckknopfverschluss.<\/li>\n<li>Bequeme Passform.<\/li>\n<\/ul>\n<div>MATERIAL<\/div>\n<div>100 % Baumwolle<\/div>\n<div>Stone Island Nr.: 1200019 0020<\/div>\n<div>ID-Nr.: 41547<\/div>\n","protected":false},"excerpt":{"rendered":"<p>PRODUKTDETAILS Overshirt aus robustem Baumwoll-Moleskin. Die spezielle F\u00e4rbung verleiht dem Kleidungsst\u00fcck eine einzigartige Optik. STIL Aufgesetzte Brusttasche mit schr\u00e4gem Eingriff und Druckknopf sowie kleinere Innentasche mit Druckknopf. R\u00fcckenpasse. Stone Island Logo am linken \u00c4rmel. Verstellbare Druckkn\u00f6pfe an den \u00c4rmelb\u00fcndchen. Abgerundeter Saum. Druckknopfverschluss. Bequeme Passform. MATERIAL 100 % Baumwolle Stone Island Nr.: 1200019 0020 ID-Nr.: 41547<\/p>\n","protected":false},"featured_media":216824,"comment_status":"open","ping_status":"closed","template":"","meta":{"rank_math_lock_modified_date":false},"product_cat":[483,487,740,447,451,463],"product_tag":[],"class_list":{"0":"post-216836","1":"product","2":"type-product","3":"status-publish","4":"has-post-thumbnail","6":"product_cat-stone-island-de-2","7":"product_cat-shirt-de-2","8":"product_cat-overshirt-de-2","9":"product_cat-kleding-de","10":"product_cat-heren-de","11":"product_cat-vousten-sports-de-2","13":"first","14":"instock","15":"taxable","16":"shipping-taxable","17":"purchasable","18":"product-type-variable"},"acf":[],"yoast_head":"<!-- This site is optimized with the Yoast SEO plugin v23.9 - https:\/\/yoast.com\/wordpress\/plugins\/seo\/ -->\n<title>STONE ISLAND - OVERSHIRT MIT BRUSTTASCHE DUNKELBLAU (41547) - Vousten Sports<\/title>\n<meta name=\"robots\" content=\"index, follow, max-snippet:-1, max-image-preview:large, max-video-preview:-1\" \/>\n<link rel=\"canonical\" href=\"https:\/\/www.voustensports.com\/de\/stone-island-overshirt-mit-brusttasche-dunkelblau-41547\/\" \/>\n<meta property=\"og:locale\" content=\"de_DE\" \/>\n<meta property=\"og:type\" content=\"article\" \/>\n<meta property=\"og:title\" content=\"STONE ISLAND - OVERSHIRT MIT BRUSTTASCHE DUNKELBLAU (41547) - Vousten Sports\" \/>\n<meta property=\"og:description\" content=\"PRODUKTDETAILS Overshirt aus robustem Baumwoll-Moleskin. Die spezielle F\u00e4rbung verleiht dem Kleidungsst\u00fcck eine einzigartige Optik. STIL Aufgesetzte Brusttasche mit schr\u00e4gem Eingriff und Druckknopf sowie kleinere Innentasche mit Druckknopf. R\u00fcckenpasse. Stone Island Logo am linken \u00c4rmel. Verstellbare Druckkn\u00f6pfe an den \u00c4rmelb\u00fcndchen. Abgerundeter Saum. Druckknopfverschluss. Bequeme Passform. MATERIAL 100 % Baumwolle Stone Island Nr.: 1200019 0020 ID-Nr.: 41547\" \/>\n<meta property=\"og:url\" content=\"https:\/\/www.voustensports.com\/de\/stone-island-overshirt-mit-brusttasche-dunkelblau-41547\/\" \/>\n<meta property=\"og:site_name\" content=\"Vousten Sports\" \/>\n<meta property=\"article:modified_time\" content=\"2026-02-05T11:36:51+00:00\" \/>\n<meta property=\"og:image\" content=\"https:\/\/www.voustensports.com\/wp-content\/uploads\/2023\/06\/OVERSHIRT-MET-BORSTZAK-DONKERBLAUW-415471.jpg\" \/>\n\t<meta property=\"og:image:width\" content=\"1365\" \/>\n\t<meta property=\"og:image:height\" content=\"2048\" \/>\n\t<meta property=\"og:image:type\" content=\"image\/jpeg\" \/>\n<meta name=\"twitter:card\" content=\"summary_large_image\" \/>\n<script type=\"application\/ld+json\" class=\"yoast-schema-graph\">{\"@context\":\"https:\/\/schema.org\",\"@graph\":[{\"@type\":\"WebPage\",\"@id\":\"https:\/\/www.voustensports.com\/de\/stone-island-overshirt-mit-brusttasche-dunkelblau-41547\/\",\"url\":\"https:\/\/www.voustensports.com\/de\/stone-island-overshirt-mit-brusttasche-dunkelblau-41547\/\",\"name\":\"STONE ISLAND - OVERSHIRT MIT BRUSTTASCHE DUNKELBLAU (41547) - Vousten Sports\",\"isPartOf\":{\"@id\":\"https:\/\/www.voustensports.com\/nl\/#website\"},\"primaryImageOfPage\":{\"@id\":\"https:\/\/www.voustensports.com\/de\/stone-island-overshirt-mit-brusttasche-dunkelblau-41547\/#primaryimage\"},\"image\":{\"@id\":\"https:\/\/www.voustensports.com\/de\/stone-island-overshirt-mit-brusttasche-dunkelblau-41547\/#primaryimage\"},\"thumbnailUrl\":\"https:\/\/www.voustensports.com\/wp-content\/uploads\/2023\/06\/OVERSHIRT-MET-BORSTZAK-DONKERBLAUW-415471.jpg\",\"datePublished\":\"2025-11-29T15:39:18+00:00\",\"dateModified\":\"2026-02-05T11:36:51+00:00\",\"breadcrumb\":{\"@id\":\"https:\/\/www.voustensports.com\/de\/stone-island-overshirt-mit-brusttasche-dunkelblau-41547\/#breadcrumb\"},\"inLanguage\":\"de-DE\",\"potentialAction\":[{\"@type\":\"ReadAction\",\"target\":[\"https:\/\/www.voustensports.com\/de\/stone-island-overshirt-mit-brusttasche-dunkelblau-41547\/\"]}]},{\"@type\":\"ImageObject\",\"inLanguage\":\"de-DE\",\"@id\":\"https:\/\/www.voustensports.com\/de\/stone-island-overshirt-mit-brusttasche-dunkelblau-41547\/#primaryimage\",\"url\":\"https:\/\/www.voustensports.com\/wp-content\/uploads\/2023\/06\/OVERSHIRT-MET-BORSTZAK-DONKERBLAUW-415471.jpg\",\"contentUrl\":\"https:\/\/www.voustensports.com\/wp-content\/uploads\/2023\/06\/OVERSHIRT-MET-BORSTZAK-DONKERBLAUW-415471.jpg\",\"width\":1365,\"height\":2048},{\"@type\":\"BreadcrumbList\",\"@id\":\"https:\/\/www.voustensports.com\/de\/stone-island-overshirt-mit-brusttasche-dunkelblau-41547\/#breadcrumb\",\"itemListElement\":[{\"@type\":\"ListItem\",\"position\":1,\"name\":\"Home\",\"item\":\"https:\/\/www.voustensports.com\/de\/\"},{\"@type\":\"ListItem\",\"position\":2,\"name\":\"Shop\",\"item\":\"https:\/\/www.voustensports.com\/de\/shop\/\"},{\"@type\":\"ListItem\",\"position\":3,\"name\":\"STONE ISLAND &#8211; OVERSHIRT MIT BRUSTTASCHE DUNKELBLAU (41547)\"}]},{\"@type\":\"WebSite\",\"@id\":\"https:\/\/www.voustensports.com\/nl\/#website\",\"url\":\"https:\/\/www.voustensports.com\/nl\/\",\"name\":\"Vousten Sports\",\"description\":\"\",\"potentialAction\":[{\"@type\":\"SearchAction\",\"target\":{\"@type\":\"EntryPoint\",\"urlTemplate\":\"https:\/\/www.voustensports.com\/nl\/?s={search_term_string}\"},\"query-input\":{\"@type\":\"PropertyValueSpecification\",\"valueRequired\":true,\"valueName\":\"search_term_string\"}}],\"inLanguage\":\"de-DE\"}]}<\/script>\n<!-- \/ Yoast SEO plugin. -->","yoast_head_json":{"title":"STONE ISLAND - OVERSHIRT MIT BRUSTTASCHE DUNKELBLAU (41547) - Vousten Sports","robots":{"index":"index","follow":"follow","max-snippet":"max-snippet:-1","max-image-preview":"max-image-preview:large","max-video-preview":"max-video-preview:-1"},"canonical":"https:\/\/www.voustensports.com\/de\/stone-island-overshirt-mit-brusttasche-dunkelblau-41547\/","og_locale":"de_DE","og_type":"article","og_title":"STONE ISLAND - OVERSHIRT MIT BRUSTTASCHE DUNKELBLAU (41547) - Vousten Sports","og_description":"PRODUKTDETAILS Overshirt aus robustem Baumwoll-Moleskin. Die spezielle F\u00e4rbung verleiht dem Kleidungsst\u00fcck eine einzigartige Optik. STIL Aufgesetzte Brusttasche mit schr\u00e4gem Eingriff und Druckknopf sowie kleinere Innentasche mit Druckknopf. R\u00fcckenpasse. Stone Island Logo am linken \u00c4rmel. Verstellbare Druckkn\u00f6pfe an den \u00c4rmelb\u00fcndchen. Abgerundeter Saum. Druckknopfverschluss. Bequeme Passform. MATERIAL 100 % Baumwolle Stone Island Nr.: 1200019 0020 ID-Nr.: 41547","og_url":"https:\/\/www.voustensports.com\/de\/stone-island-overshirt-mit-brusttasche-dunkelblau-41547\/","og_site_name":"Vousten Sports","article_modified_time":"2026-02-05T11:36:51+00:00","og_image":[{"width":1365,"height":2048,"url":"https:\/\/www.voustensports.com\/wp-content\/uploads\/2023\/06\/OVERSHIRT-MET-BORSTZAK-DONKERBLAUW-415471.jpg","type":"image\/jpeg"}],"twitter_card":"summary_large_image","schema":{"@context":"https:\/\/schema.org","@graph":[{"@type":"WebPage","@id":"https:\/\/www.voustensports.com\/de\/stone-island-overshirt-mit-brusttasche-dunkelblau-41547\/","url":"https:\/\/www.voustensports.com\/de\/stone-island-overshirt-mit-brusttasche-dunkelblau-41547\/","name":"STONE ISLAND - OVERSHIRT MIT BRUSTTASCHE DUNKELBLAU (41547) - Vousten Sports","isPartOf":{"@id":"https:\/\/www.voustensports.com\/nl\/#website"},"primaryImageOfPage":{"@id":"https:\/\/www.voustensports.com\/de\/stone-island-overshirt-mit-brusttasche-dunkelblau-41547\/#primaryimage"},"image":{"@id":"https:\/\/www.voustensports.com\/de\/stone-island-overshirt-mit-brusttasche-dunkelblau-41547\/#primaryimage"},"thumbnailUrl":"https:\/\/www.voustensports.com\/wp-content\/uploads\/2023\/06\/OVERSHIRT-MET-BORSTZAK-DONKERBLAUW-415471.jpg","datePublished":"2025-11-29T15:39:18+00:00","dateModified":"2026-02-05T11:36:51+00:00","breadcrumb":{"@id":"https:\/\/www.voustensports.com\/de\/stone-island-overshirt-mit-brusttasche-dunkelblau-41547\/#breadcrumb"},"inLanguage":"de-DE","potentialAction":[{"@type":"ReadAction","target":["https:\/\/www.voustensports.com\/de\/stone-island-overshirt-mit-brusttasche-dunkelblau-41547\/"]}]},{"@type":"ImageObject","inLanguage":"de-DE","@id":"https:\/\/www.voustensports.com\/de\/stone-island-overshirt-mit-brusttasche-dunkelblau-41547\/#primaryimage","url":"https:\/\/www.voustensports.com\/wp-content\/uploads\/2023\/06\/OVERSHIRT-MET-BORSTZAK-DONKERBLAUW-415471.jpg","contentUrl":"https:\/\/www.voustensports.com\/wp-content\/uploads\/2023\/06\/OVERSHIRT-MET-BORSTZAK-DONKERBLAUW-415471.jpg","width":1365,"height":2048},{"@type":"BreadcrumbList","@id":"https:\/\/www.voustensports.com\/de\/stone-island-overshirt-mit-brusttasche-dunkelblau-41547\/#breadcrumb","itemListElement":[{"@type":"ListItem","position":1,"name":"Home","item":"https:\/\/www.voustensports.com\/de\/"},{"@type":"ListItem","position":2,"name":"Shop","item":"https:\/\/www.voustensports.com\/de\/shop\/"},{"@type":"ListItem","position":3,"name":"STONE ISLAND &#8211; OVERSHIRT MIT BRUSTTASCHE DUNKELBLAU (41547)"}]},{"@type":"WebSite","@id":"https:\/\/www.voustensports.com\/nl\/#website","url":"https:\/\/www.voustensports.com\/nl\/","name":"Vousten Sports","description":"","potentialAction":[{"@type":"SearchAction","target":{"@type":"EntryPoint","urlTemplate":"https:\/\/www.voustensports.com\/nl\/?s={search_term_string}"},"query-input":{"@type":"PropertyValueSpecification","valueRequired":true,"valueName":"search_term_string"}}],"inLanguage":"de-DE"}]}},"_links":{"self":[{"href":"https:\/\/www.voustensports.com\/de\/wp-json\/wp\/v2\/product\/216836","targetHints":{"allow":["GET"]}}],"collection":[{"href":"https:\/\/www.voustensports.com\/de\/wp-json\/wp\/v2\/product"}],"about":[{"href":"https:\/\/www.voustensports.com\/de\/wp-json\/wp\/v2\/types\/product"}],"replies":[{"embeddable":true,"href":"https:\/\/www.voustensports.com\/de\/wp-json\/wp\/v2\/comments?post=216836"}],"wp:featuredmedia":[{"embeddable":true,"href":"https:\/\/www.voustensports.com\/de\/wp-json\/wp\/v2\/media\/216824"}],"wp:attachment":[{"href":"https:\/\/www.voustensports.com\/de\/wp-json\/wp\/v2\/media?parent=216836"}],"wp:term":[{"taxonomy":"product_cat","embeddable":true,"href":"https:\/\/www.voustensports.com\/de\/wp-json\/wp\/v2\/product_cat?post=216836"},{"taxonomy":"product_tag","embeddable":true,"href":"https:\/\/www.voustensports.com\/de\/wp-json\/wp\/v2\/product_tag?post=216836"}],"curies":[{"name":"wp","href":"https:\/\/api.w.org\/{rel}","templated":true}]}}