{"id":215802,"date":"2025-11-01T17:39:16","date_gmt":"2025-11-01T16:39:16","guid":{"rendered":"https:\/\/www.voustensports.com\/c-p-company-daunenjacke-dunkelblau-41742\/"},"modified":"2026-02-05T12:39:24","modified_gmt":"2026-02-05T11:39:24","slug":"c-p-company-daunenjacke-dunkelblau-41742","status":"publish","type":"product","link":"https:\/\/www.voustensports.com\/de\/c-p-company-daunenjacke-dunkelblau-41742\/","title":{"rendered":"C.P. Company &#8211; Daunenjacke dunkelblau (41742)"},"content":{"rendered":"<div>PRODUKTDETAILS<\/div>\n<div>Diese Daunenjacke im Goggle-Stil ist aus Chrome-R gefertigt, einem gl\u00e4nzenden Multifilament-Nylon aus 100 % recyceltem Material. Hergestellt aus Produktionsresten, die zu einer neuen, nach dem Global Recycled Standard (GRS) zertifizierten Faser verarbeitet werden. Die Jacke verf\u00fcgt \u00fcber die ikonische Goggle-Kapuze von C.P. Company, einen durchgehenden Zwei-Wege-Rei\u00dfverschluss und seitliche Rei\u00dfverschlusstaschen. Elastische B\u00fcndchen und ein verstellbarer Kordelzug am Saum sorgen f\u00fcr zus\u00e4tzlichen Tragekomfort. Die Jacke ist st\u00fcckgef\u00e4rbt und wasserabweisend behandelt. Normale Passform.<\/div>\n<div><\/div>\n<div>STIL<\/div>\n<ul>\n<li>Verstellbare Goggle-Kapuze<\/li>\n<li>Durchgehender Zwei-Wege-Rei\u00dfverschluss<\/li>\n<li>Seitliche Rei\u00dfverschlusstaschen<\/li>\n<li>Elastische B\u00fcndchen<\/li>\n<li>Verstellbarer Kordelzug am Saum<\/li>\n<li>St\u00fcckgef\u00e4rbt<\/li>\n<li>Normale Passform<\/li>\n<\/ul>\n<div>MATERIALGEBIETE<\/div>\n<ul>\n<li>Obermaterial: 100 % Polyamid\/Nylon<\/li>\n<li>Futter: 100 % Polyamid\/Nylon<\/li>\n<li>Wattierung (Faser): 100 % Polyester<\/li>\n<li>Wattierung (Federn): [237 g] &#8211; 81% ] 90% wei\u00dfe Entendaunen, 10% Federn<\/li>\n<\/ul>\n","protected":false},"excerpt":{"rendered":"<p>PRODUKTDETAILS Diese Daunenjacke im Goggle-Stil ist aus Chrome-R gefertigt, einem gl\u00e4nzenden Multifilament-Nylon aus 100 % recyceltem Material. Hergestellt aus Produktionsresten, die zu einer neuen, nach dem Global Recycled Standard (GRS) zertifizierten Faser verarbeitet werden. Die Jacke verf\u00fcgt \u00fcber die ikonische Goggle-Kapuze von C.P. Company, einen durchgehenden Zwei-Wege-Rei\u00dfverschluss und seitliche Rei\u00dfverschlusstaschen. Elastische B\u00fcndchen und ein verstellbarer [&#8230;]\n","protected":false},"featured_media":215782,"comment_status":"open","ping_status":"closed","template":"","meta":{"rank_math_lock_modified_date":false},"product_cat":[439,447,451,463,543,702,706],"product_tag":[],"class_list":{"0":"post-215802","1":"product","2":"type-product","3":"status-publish","4":"has-post-thumbnail","6":"product_cat-cp-company-de","7":"product_cat-kleding-de","8":"product_cat-heren-de","9":"product_cat-vousten-sports-de-2","10":"product_cat-jassen-de","11":"product_cat-jackets-de","12":"product_cat-jassen-jacks-de","14":"first","15":"instock","16":"taxable","17":"shipping-taxable","18":"purchasable","19":"product-type-variable"},"acf":[],"yoast_head":"<!-- This site is optimized with the Yoast SEO plugin v23.9 - https:\/\/yoast.com\/wordpress\/plugins\/seo\/ -->\n<title>C.P. Company - Daunenjacke dunkelblau (41742) - Vousten Sports<\/title>\n<meta name=\"robots\" content=\"index, follow, max-snippet:-1, max-image-preview:large, max-video-preview:-1\" \/>\n<link rel=\"canonical\" href=\"https:\/\/www.voustensports.com\/de\/c-p-company-daunenjacke-dunkelblau-41742\/\" \/>\n<meta property=\"og:locale\" content=\"de_DE\" \/>\n<meta property=\"og:type\" content=\"article\" \/>\n<meta property=\"og:title\" content=\"C.P. Company - Daunenjacke dunkelblau (41742) - Vousten Sports\" \/>\n<meta property=\"og:description\" content=\"PRODUKTDETAILS Diese Daunenjacke im Goggle-Stil ist aus Chrome-R gefertigt, einem gl\u00e4nzenden Multifilament-Nylon aus 100 % recyceltem Material. Hergestellt aus Produktionsresten, die zu einer neuen, nach dem Global Recycled Standard (GRS) zertifizierten Faser verarbeitet werden. Die Jacke verf\u00fcgt \u00fcber die ikonische Goggle-Kapuze von C.P. Company, einen durchgehenden Zwei-Wege-Rei\u00dfverschluss und seitliche Rei\u00dfverschlusstaschen. Elastische B\u00fcndchen und ein verstellbarer [...]\" \/>\n<meta property=\"og:url\" content=\"https:\/\/www.voustensports.com\/de\/c-p-company-daunenjacke-dunkelblau-41742\/\" \/>\n<meta property=\"og:site_name\" content=\"Vousten Sports\" \/>\n<meta property=\"article:modified_time\" content=\"2026-02-05T11:39:24+00:00\" \/>\n<meta property=\"og:image\" content=\"https:\/\/www.voustensports.com\/wp-content\/uploads\/2023\/06\/Down-Jacket-donkerblauw-417421.jpg\" \/>\n\t<meta property=\"og:image:width\" content=\"1638\" \/>\n\t<meta property=\"og:image:height\" content=\"2048\" \/>\n\t<meta property=\"og:image:type\" content=\"image\/jpeg\" \/>\n<meta name=\"twitter:card\" content=\"summary_large_image\" \/>\n<meta name=\"twitter:label1\" content=\"Est. reading time\" \/>\n\t<meta name=\"twitter:data1\" content=\"1 Minute\" \/>\n<script type=\"application\/ld+json\" class=\"yoast-schema-graph\">{\"@context\":\"https:\/\/schema.org\",\"@graph\":[{\"@type\":\"WebPage\",\"@id\":\"https:\/\/www.voustensports.com\/de\/c-p-company-daunenjacke-dunkelblau-41742\/\",\"url\":\"https:\/\/www.voustensports.com\/de\/c-p-company-daunenjacke-dunkelblau-41742\/\",\"name\":\"C.P. Company - Daunenjacke dunkelblau (41742) - Vousten Sports\",\"isPartOf\":{\"@id\":\"https:\/\/www.voustensports.com\/nl\/#website\"},\"primaryImageOfPage\":{\"@id\":\"https:\/\/www.voustensports.com\/de\/c-p-company-daunenjacke-dunkelblau-41742\/#primaryimage\"},\"image\":{\"@id\":\"https:\/\/www.voustensports.com\/de\/c-p-company-daunenjacke-dunkelblau-41742\/#primaryimage\"},\"thumbnailUrl\":\"https:\/\/www.voustensports.com\/wp-content\/uploads\/2023\/06\/Down-Jacket-donkerblauw-417421.jpg\",\"datePublished\":\"2025-11-01T16:39:16+00:00\",\"dateModified\":\"2026-02-05T11:39:24+00:00\",\"breadcrumb\":{\"@id\":\"https:\/\/www.voustensports.com\/de\/c-p-company-daunenjacke-dunkelblau-41742\/#breadcrumb\"},\"inLanguage\":\"de-DE\",\"potentialAction\":[{\"@type\":\"ReadAction\",\"target\":[\"https:\/\/www.voustensports.com\/de\/c-p-company-daunenjacke-dunkelblau-41742\/\"]}]},{\"@type\":\"ImageObject\",\"inLanguage\":\"de-DE\",\"@id\":\"https:\/\/www.voustensports.com\/de\/c-p-company-daunenjacke-dunkelblau-41742\/#primaryimage\",\"url\":\"https:\/\/www.voustensports.com\/wp-content\/uploads\/2023\/06\/Down-Jacket-donkerblauw-417421.jpg\",\"contentUrl\":\"https:\/\/www.voustensports.com\/wp-content\/uploads\/2023\/06\/Down-Jacket-donkerblauw-417421.jpg\",\"width\":1638,\"height\":2048},{\"@type\":\"BreadcrumbList\",\"@id\":\"https:\/\/www.voustensports.com\/de\/c-p-company-daunenjacke-dunkelblau-41742\/#breadcrumb\",\"itemListElement\":[{\"@type\":\"ListItem\",\"position\":1,\"name\":\"Home\",\"item\":\"https:\/\/www.voustensports.com\/de\/\"},{\"@type\":\"ListItem\",\"position\":2,\"name\":\"Shop\",\"item\":\"https:\/\/www.voustensports.com\/de\/shop\/\"},{\"@type\":\"ListItem\",\"position\":3,\"name\":\"C.P. Company &#8211; Daunenjacke dunkelblau (41742)\"}]},{\"@type\":\"WebSite\",\"@id\":\"https:\/\/www.voustensports.com\/nl\/#website\",\"url\":\"https:\/\/www.voustensports.com\/nl\/\",\"name\":\"Vousten Sports\",\"description\":\"\",\"potentialAction\":[{\"@type\":\"SearchAction\",\"target\":{\"@type\":\"EntryPoint\",\"urlTemplate\":\"https:\/\/www.voustensports.com\/nl\/?s={search_term_string}\"},\"query-input\":{\"@type\":\"PropertyValueSpecification\",\"valueRequired\":true,\"valueName\":\"search_term_string\"}}],\"inLanguage\":\"de-DE\"}]}<\/script>\n<!-- \/ Yoast SEO plugin. -->","yoast_head_json":{"title":"C.P. Company - Daunenjacke dunkelblau (41742) - Vousten Sports","robots":{"index":"index","follow":"follow","max-snippet":"max-snippet:-1","max-image-preview":"max-image-preview:large","max-video-preview":"max-video-preview:-1"},"canonical":"https:\/\/www.voustensports.com\/de\/c-p-company-daunenjacke-dunkelblau-41742\/","og_locale":"de_DE","og_type":"article","og_title":"C.P. Company - Daunenjacke dunkelblau (41742) - Vousten Sports","og_description":"PRODUKTDETAILS Diese Daunenjacke im Goggle-Stil ist aus Chrome-R gefertigt, einem gl\u00e4nzenden Multifilament-Nylon aus 100 % recyceltem Material. Hergestellt aus Produktionsresten, die zu einer neuen, nach dem Global Recycled Standard (GRS) zertifizierten Faser verarbeitet werden. Die Jacke verf\u00fcgt \u00fcber die ikonische Goggle-Kapuze von C.P. Company, einen durchgehenden Zwei-Wege-Rei\u00dfverschluss und seitliche Rei\u00dfverschlusstaschen. Elastische B\u00fcndchen und ein verstellbarer [...]","og_url":"https:\/\/www.voustensports.com\/de\/c-p-company-daunenjacke-dunkelblau-41742\/","og_site_name":"Vousten Sports","article_modified_time":"2026-02-05T11:39:24+00:00","og_image":[{"width":1638,"height":2048,"url":"https:\/\/www.voustensports.com\/wp-content\/uploads\/2023\/06\/Down-Jacket-donkerblauw-417421.jpg","type":"image\/jpeg"}],"twitter_card":"summary_large_image","twitter_misc":{"Est. reading time":"1 Minute"},"schema":{"@context":"https:\/\/schema.org","@graph":[{"@type":"WebPage","@id":"https:\/\/www.voustensports.com\/de\/c-p-company-daunenjacke-dunkelblau-41742\/","url":"https:\/\/www.voustensports.com\/de\/c-p-company-daunenjacke-dunkelblau-41742\/","name":"C.P. Company - Daunenjacke dunkelblau (41742) - Vousten Sports","isPartOf":{"@id":"https:\/\/www.voustensports.com\/nl\/#website"},"primaryImageOfPage":{"@id":"https:\/\/www.voustensports.com\/de\/c-p-company-daunenjacke-dunkelblau-41742\/#primaryimage"},"image":{"@id":"https:\/\/www.voustensports.com\/de\/c-p-company-daunenjacke-dunkelblau-41742\/#primaryimage"},"thumbnailUrl":"https:\/\/www.voustensports.com\/wp-content\/uploads\/2023\/06\/Down-Jacket-donkerblauw-417421.jpg","datePublished":"2025-11-01T16:39:16+00:00","dateModified":"2026-02-05T11:39:24+00:00","breadcrumb":{"@id":"https:\/\/www.voustensports.com\/de\/c-p-company-daunenjacke-dunkelblau-41742\/#breadcrumb"},"inLanguage":"de-DE","potentialAction":[{"@type":"ReadAction","target":["https:\/\/www.voustensports.com\/de\/c-p-company-daunenjacke-dunkelblau-41742\/"]}]},{"@type":"ImageObject","inLanguage":"de-DE","@id":"https:\/\/www.voustensports.com\/de\/c-p-company-daunenjacke-dunkelblau-41742\/#primaryimage","url":"https:\/\/www.voustensports.com\/wp-content\/uploads\/2023\/06\/Down-Jacket-donkerblauw-417421.jpg","contentUrl":"https:\/\/www.voustensports.com\/wp-content\/uploads\/2023\/06\/Down-Jacket-donkerblauw-417421.jpg","width":1638,"height":2048},{"@type":"BreadcrumbList","@id":"https:\/\/www.voustensports.com\/de\/c-p-company-daunenjacke-dunkelblau-41742\/#breadcrumb","itemListElement":[{"@type":"ListItem","position":1,"name":"Home","item":"https:\/\/www.voustensports.com\/de\/"},{"@type":"ListItem","position":2,"name":"Shop","item":"https:\/\/www.voustensports.com\/de\/shop\/"},{"@type":"ListItem","position":3,"name":"C.P. Company &#8211; Daunenjacke dunkelblau (41742)"}]},{"@type":"WebSite","@id":"https:\/\/www.voustensports.com\/nl\/#website","url":"https:\/\/www.voustensports.com\/nl\/","name":"Vousten Sports","description":"","potentialAction":[{"@type":"SearchAction","target":{"@type":"EntryPoint","urlTemplate":"https:\/\/www.voustensports.com\/nl\/?s={search_term_string}"},"query-input":{"@type":"PropertyValueSpecification","valueRequired":true,"valueName":"search_term_string"}}],"inLanguage":"de-DE"}]}},"_links":{"self":[{"href":"https:\/\/www.voustensports.com\/de\/wp-json\/wp\/v2\/product\/215802","targetHints":{"allow":["GET"]}}],"collection":[{"href":"https:\/\/www.voustensports.com\/de\/wp-json\/wp\/v2\/product"}],"about":[{"href":"https:\/\/www.voustensports.com\/de\/wp-json\/wp\/v2\/types\/product"}],"replies":[{"embeddable":true,"href":"https:\/\/www.voustensports.com\/de\/wp-json\/wp\/v2\/comments?post=215802"}],"wp:featuredmedia":[{"embeddable":true,"href":"https:\/\/www.voustensports.com\/de\/wp-json\/wp\/v2\/media\/215782"}],"wp:attachment":[{"href":"https:\/\/www.voustensports.com\/de\/wp-json\/wp\/v2\/media?parent=215802"}],"wp:term":[{"taxonomy":"product_cat","embeddable":true,"href":"https:\/\/www.voustensports.com\/de\/wp-json\/wp\/v2\/product_cat?post=215802"},{"taxonomy":"product_tag","embeddable":true,"href":"https:\/\/www.voustensports.com\/de\/wp-json\/wp\/v2\/product_tag?post=215802"}],"curies":[{"name":"wp","href":"https:\/\/api.w.org\/{rel}","templated":true}]}}