{"id":213103,"date":"2025-10-13T16:15:13","date_gmt":"2025-10-13T14:15:13","guid":{"rendered":"https:\/\/www.voustensports.com\/c-p-company-rundhalspullover-olivgrun-41786\/"},"modified":"2026-04-07T07:30:09","modified_gmt":"2026-04-07T05:30:09","slug":"c-p-company-rundhalspullover-olivgrun-41786","status":"publish","type":"product","link":"https:\/\/www.voustensports.com\/de\/c-p-company-rundhalspullover-olivgrun-41786\/","title":{"rendered":"C.P. Company &#8211; Rundhalspullover olivgr\u00fcn (41786)"},"content":{"rendered":"<div>PRODUKTDETAILS<\/div>\n<div>Rundhalspullover aus Diagonal Raised Fleece, einer mittelschweren, geb\u00fcrsteten, diagonal gewebten Baumwolle. Der weiche Stoff sorgt f\u00fcr Tragekomfort und Bewegungsfreiheit. Das Sweatshirt verf\u00fcgt \u00fcber ein gesticktes Logodetail im Nacken, die ikonische Linse von C.P. Company sowie gerippte B\u00fcndchen und Saum. Normale Passform.<\/div>\n<div><\/div>\n<div>STIL<\/div>\n<ul>\n<li>Gerippter Rundhalsausschnitt mit gesticktem Logodetail auf der R\u00fcckseite<\/li>\n<li>Linsendetail<\/li>\n<li>Gerippte B\u00fcndchen und Saum<\/li>\n<li>Normale Passform<\/li>\n<\/ul>\n<div>ZUSAMMENSETZUNG<\/div>\n<ul>\n<li>Au\u00dfenmaterial: 100 % Baumwolle<\/li>\n<\/ul>\n","protected":false},"excerpt":{"rendered":"<p>PRODUKTDETAILS Rundhalspullover aus Diagonal Raised Fleece, einer mittelschweren, geb\u00fcrsteten, diagonal gewebten Baumwolle. Der weiche Stoff sorgt f\u00fcr Tragekomfort und Bewegungsfreiheit. Das Sweatshirt verf\u00fcgt \u00fcber ein gesticktes Logodetail im Nacken, die ikonische Linse von C.P. Company sowie gerippte B\u00fcndchen und Saum. Normale Passform. STIL Gerippter Rundhalsausschnitt mit gesticktem Logodetail auf der R\u00fcckseite Linsendetail Gerippte B\u00fcndchen und [&#8230;]\n","protected":false},"featured_media":213087,"comment_status":"open","ping_status":"closed","template":"","meta":{"rank_math_lock_modified_date":false},"product_cat":[439,447,451,463,535,695,698],"product_tag":[],"class_list":{"0":"post-213103","1":"product","2":"type-product","3":"status-publish","4":"has-post-thumbnail","6":"product_cat-cp-company-de","7":"product_cat-kleding-de","8":"product_cat-heren-de","9":"product_cat-vousten-sports-de-2","10":"product_cat-truien-de-2","11":"product_cat-truien-vesten-de-2","12":"product_cat-sweaters-de-2","14":"first","15":"outofstock","16":"taxable","17":"shipping-taxable","18":"purchasable","19":"product-type-variable"},"acf":[],"yoast_head":"<!-- This site is optimized with the Yoast SEO plugin v23.9 - https:\/\/yoast.com\/wordpress\/plugins\/seo\/ -->\n<title>C.P. Company - Rundhalspullover olivgr\u00fcn (41786) - Vousten Sports<\/title>\n<meta name=\"robots\" content=\"index, follow, max-snippet:-1, max-image-preview:large, max-video-preview:-1\" \/>\n<link rel=\"canonical\" href=\"https:\/\/www.voustensports.com\/de\/c-p-company-rundhalspullover-olivgrun-41786\/\" \/>\n<meta property=\"og:locale\" content=\"de_DE\" \/>\n<meta property=\"og:type\" content=\"article\" \/>\n<meta property=\"og:title\" content=\"C.P. Company - Rundhalspullover olivgr\u00fcn (41786) - Vousten Sports\" \/>\n<meta property=\"og:description\" content=\"PRODUKTDETAILS Rundhalspullover aus Diagonal Raised Fleece, einer mittelschweren, geb\u00fcrsteten, diagonal gewebten Baumwolle. Der weiche Stoff sorgt f\u00fcr Tragekomfort und Bewegungsfreiheit. Das Sweatshirt verf\u00fcgt \u00fcber ein gesticktes Logodetail im Nacken, die ikonische Linse von C.P. Company sowie gerippte B\u00fcndchen und Saum. Normale Passform. STIL Gerippter Rundhalsausschnitt mit gesticktem Logodetail auf der R\u00fcckseite Linsendetail Gerippte B\u00fcndchen und [...]\" \/>\n<meta property=\"og:url\" content=\"https:\/\/www.voustensports.com\/de\/c-p-company-rundhalspullover-olivgrun-41786\/\" \/>\n<meta property=\"og:site_name\" content=\"Vousten Sports\" \/>\n<meta property=\"article:modified_time\" content=\"2026-04-07T05:30:09+00:00\" \/>\n<meta property=\"og:image\" content=\"https:\/\/www.voustensports.com\/wp-content\/uploads\/2023\/06\/Crewneck-Sweater-olijfgroen-417861.jpg\" \/>\n\t<meta property=\"og:image:width\" content=\"1638\" \/>\n\t<meta property=\"og:image:height\" content=\"2048\" \/>\n\t<meta property=\"og:image:type\" content=\"image\/jpeg\" \/>\n<meta name=\"twitter:card\" content=\"summary_large_image\" \/>\n<script type=\"application\/ld+json\" class=\"yoast-schema-graph\">{\"@context\":\"https:\/\/schema.org\",\"@graph\":[{\"@type\":\"WebPage\",\"@id\":\"https:\/\/www.voustensports.com\/de\/c-p-company-rundhalspullover-olivgrun-41786\/\",\"url\":\"https:\/\/www.voustensports.com\/de\/c-p-company-rundhalspullover-olivgrun-41786\/\",\"name\":\"C.P. Company - Rundhalspullover olivgr\u00fcn (41786) - Vousten Sports\",\"isPartOf\":{\"@id\":\"https:\/\/www.voustensports.com\/nl\/#website\"},\"primaryImageOfPage\":{\"@id\":\"https:\/\/www.voustensports.com\/de\/c-p-company-rundhalspullover-olivgrun-41786\/#primaryimage\"},\"image\":{\"@id\":\"https:\/\/www.voustensports.com\/de\/c-p-company-rundhalspullover-olivgrun-41786\/#primaryimage\"},\"thumbnailUrl\":\"https:\/\/www.voustensports.com\/wp-content\/uploads\/2023\/06\/Crewneck-Sweater-olijfgroen-417861.jpg\",\"datePublished\":\"2025-10-13T14:15:13+00:00\",\"dateModified\":\"2026-04-07T05:30:09+00:00\",\"breadcrumb\":{\"@id\":\"https:\/\/www.voustensports.com\/de\/c-p-company-rundhalspullover-olivgrun-41786\/#breadcrumb\"},\"inLanguage\":\"de-DE\",\"potentialAction\":[{\"@type\":\"ReadAction\",\"target\":[\"https:\/\/www.voustensports.com\/de\/c-p-company-rundhalspullover-olivgrun-41786\/\"]}]},{\"@type\":\"ImageObject\",\"inLanguage\":\"de-DE\",\"@id\":\"https:\/\/www.voustensports.com\/de\/c-p-company-rundhalspullover-olivgrun-41786\/#primaryimage\",\"url\":\"https:\/\/www.voustensports.com\/wp-content\/uploads\/2023\/06\/Crewneck-Sweater-olijfgroen-417861.jpg\",\"contentUrl\":\"https:\/\/www.voustensports.com\/wp-content\/uploads\/2023\/06\/Crewneck-Sweater-olijfgroen-417861.jpg\",\"width\":1638,\"height\":2048},{\"@type\":\"BreadcrumbList\",\"@id\":\"https:\/\/www.voustensports.com\/de\/c-p-company-rundhalspullover-olivgrun-41786\/#breadcrumb\",\"itemListElement\":[{\"@type\":\"ListItem\",\"position\":1,\"name\":\"Home\",\"item\":\"https:\/\/www.voustensports.com\/de\/\"},{\"@type\":\"ListItem\",\"position\":2,\"name\":\"Shop\",\"item\":\"https:\/\/www.voustensports.com\/de\/shop\/\"},{\"@type\":\"ListItem\",\"position\":3,\"name\":\"C.P. Company &#8211; Rundhalspullover olivgr\u00fcn (41786)\"}]},{\"@type\":\"WebSite\",\"@id\":\"https:\/\/www.voustensports.com\/nl\/#website\",\"url\":\"https:\/\/www.voustensports.com\/nl\/\",\"name\":\"Vousten Sports\",\"description\":\"\",\"potentialAction\":[{\"@type\":\"SearchAction\",\"target\":{\"@type\":\"EntryPoint\",\"urlTemplate\":\"https:\/\/www.voustensports.com\/nl\/?s={search_term_string}\"},\"query-input\":{\"@type\":\"PropertyValueSpecification\",\"valueRequired\":true,\"valueName\":\"search_term_string\"}}],\"inLanguage\":\"de-DE\"}]}<\/script>\n<!-- \/ Yoast SEO plugin. -->","yoast_head_json":{"title":"C.P. Company - Rundhalspullover olivgr\u00fcn (41786) - Vousten Sports","robots":{"index":"index","follow":"follow","max-snippet":"max-snippet:-1","max-image-preview":"max-image-preview:large","max-video-preview":"max-video-preview:-1"},"canonical":"https:\/\/www.voustensports.com\/de\/c-p-company-rundhalspullover-olivgrun-41786\/","og_locale":"de_DE","og_type":"article","og_title":"C.P. Company - Rundhalspullover olivgr\u00fcn (41786) - Vousten Sports","og_description":"PRODUKTDETAILS Rundhalspullover aus Diagonal Raised Fleece, einer mittelschweren, geb\u00fcrsteten, diagonal gewebten Baumwolle. Der weiche Stoff sorgt f\u00fcr Tragekomfort und Bewegungsfreiheit. Das Sweatshirt verf\u00fcgt \u00fcber ein gesticktes Logodetail im Nacken, die ikonische Linse von C.P. Company sowie gerippte B\u00fcndchen und Saum. Normale Passform. STIL Gerippter Rundhalsausschnitt mit gesticktem Logodetail auf der R\u00fcckseite Linsendetail Gerippte B\u00fcndchen und [...]","og_url":"https:\/\/www.voustensports.com\/de\/c-p-company-rundhalspullover-olivgrun-41786\/","og_site_name":"Vousten Sports","article_modified_time":"2026-04-07T05:30:09+00:00","og_image":[{"width":1638,"height":2048,"url":"https:\/\/www.voustensports.com\/wp-content\/uploads\/2023\/06\/Crewneck-Sweater-olijfgroen-417861.jpg","type":"image\/jpeg"}],"twitter_card":"summary_large_image","schema":{"@context":"https:\/\/schema.org","@graph":[{"@type":"WebPage","@id":"https:\/\/www.voustensports.com\/de\/c-p-company-rundhalspullover-olivgrun-41786\/","url":"https:\/\/www.voustensports.com\/de\/c-p-company-rundhalspullover-olivgrun-41786\/","name":"C.P. Company - Rundhalspullover olivgr\u00fcn (41786) - Vousten Sports","isPartOf":{"@id":"https:\/\/www.voustensports.com\/nl\/#website"},"primaryImageOfPage":{"@id":"https:\/\/www.voustensports.com\/de\/c-p-company-rundhalspullover-olivgrun-41786\/#primaryimage"},"image":{"@id":"https:\/\/www.voustensports.com\/de\/c-p-company-rundhalspullover-olivgrun-41786\/#primaryimage"},"thumbnailUrl":"https:\/\/www.voustensports.com\/wp-content\/uploads\/2023\/06\/Crewneck-Sweater-olijfgroen-417861.jpg","datePublished":"2025-10-13T14:15:13+00:00","dateModified":"2026-04-07T05:30:09+00:00","breadcrumb":{"@id":"https:\/\/www.voustensports.com\/de\/c-p-company-rundhalspullover-olivgrun-41786\/#breadcrumb"},"inLanguage":"de-DE","potentialAction":[{"@type":"ReadAction","target":["https:\/\/www.voustensports.com\/de\/c-p-company-rundhalspullover-olivgrun-41786\/"]}]},{"@type":"ImageObject","inLanguage":"de-DE","@id":"https:\/\/www.voustensports.com\/de\/c-p-company-rundhalspullover-olivgrun-41786\/#primaryimage","url":"https:\/\/www.voustensports.com\/wp-content\/uploads\/2023\/06\/Crewneck-Sweater-olijfgroen-417861.jpg","contentUrl":"https:\/\/www.voustensports.com\/wp-content\/uploads\/2023\/06\/Crewneck-Sweater-olijfgroen-417861.jpg","width":1638,"height":2048},{"@type":"BreadcrumbList","@id":"https:\/\/www.voustensports.com\/de\/c-p-company-rundhalspullover-olivgrun-41786\/#breadcrumb","itemListElement":[{"@type":"ListItem","position":1,"name":"Home","item":"https:\/\/www.voustensports.com\/de\/"},{"@type":"ListItem","position":2,"name":"Shop","item":"https:\/\/www.voustensports.com\/de\/shop\/"},{"@type":"ListItem","position":3,"name":"C.P. Company &#8211; Rundhalspullover olivgr\u00fcn (41786)"}]},{"@type":"WebSite","@id":"https:\/\/www.voustensports.com\/nl\/#website","url":"https:\/\/www.voustensports.com\/nl\/","name":"Vousten Sports","description":"","potentialAction":[{"@type":"SearchAction","target":{"@type":"EntryPoint","urlTemplate":"https:\/\/www.voustensports.com\/nl\/?s={search_term_string}"},"query-input":{"@type":"PropertyValueSpecification","valueRequired":true,"valueName":"search_term_string"}}],"inLanguage":"de-DE"}]}},"_links":{"self":[{"href":"https:\/\/www.voustensports.com\/de\/wp-json\/wp\/v2\/product\/213103","targetHints":{"allow":["GET"]}}],"collection":[{"href":"https:\/\/www.voustensports.com\/de\/wp-json\/wp\/v2\/product"}],"about":[{"href":"https:\/\/www.voustensports.com\/de\/wp-json\/wp\/v2\/types\/product"}],"replies":[{"embeddable":true,"href":"https:\/\/www.voustensports.com\/de\/wp-json\/wp\/v2\/comments?post=213103"}],"wp:featuredmedia":[{"embeddable":true,"href":"https:\/\/www.voustensports.com\/de\/wp-json\/wp\/v2\/media\/213087"}],"wp:attachment":[{"href":"https:\/\/www.voustensports.com\/de\/wp-json\/wp\/v2\/media?parent=213103"}],"wp:term":[{"taxonomy":"product_cat","embeddable":true,"href":"https:\/\/www.voustensports.com\/de\/wp-json\/wp\/v2\/product_cat?post=213103"},{"taxonomy":"product_tag","embeddable":true,"href":"https:\/\/www.voustensports.com\/de\/wp-json\/wp\/v2\/product_tag?post=213103"}],"curies":[{"name":"wp","href":"https:\/\/api.w.org\/{rel}","templated":true}]}}